{"id":2108,"date":"2018-06-05T17:29:33","date_gmt":"2018-06-05T15:29:33","guid":{"rendered":"https:\/\/hotelmanzoni.com\/cookie-policy\/"},"modified":"2018-06-06T09:35:06","modified_gmt":"2018-06-06T07:35:06","slug":"cookie-policy","status":"publish","type":"page","link":"https:\/\/hotelmanzoni.com\/ru\/cookie-policy\/","title":{"rendered":"Cookie policy"},"content":{"rendered":"<p style=\"text-align: center;\"><strong style=\"font-weight: bold;\">1) CHI RACCOGLIE E TRATTA I DATI<\/strong><br \/>\nLa presente Cookie Policy, resa da Giaveco S.R.L., in qualit\u00e0 di Titolare, ha lo scopo di illustrare le tipologie e le finalit\u00e0 dei cookie utilizzati sul presente sito e di consentire la consapevole e corretta modalit\u00e0 di manifestazione delle preferenze in merito all\u2019uso dei cookie.<br \/>\nPer qualsiasi domanda, commento o dubbio relativo alla presente Cookie Policy contattare la Societ\u00e0 ai seguenti indirizzi:<br \/>\nvia posta, a Giaveco S.R.L. con sede in Via Santo Spirito, 20 &#8212; 20121 Milano, Italia<br \/>\n<strong style=\"font-weight: bold;\">2) COSA SONO I COOKIE<\/strong><br \/>\nI cookie sono file di testo di dimensioni ridotte che i siti visitati dagli utenti inviano ai loro terminali o dispositivi, in cui vengono memorizzati, per essere trasmessi nuovamente agli stessi siti in occasione di visite successive. I cookie (e\/o tecnologie similari come ad esempio le tecnologie SDK per il mondo mobile) possono essere memorizzati in modo permanente (cookie persistenti) sul Suo dispositivo o avere un durata variabile; possono infatti cancellarsi con la chiusura del browser o avere una durata limitata alla singola sessione (cookie di sessione). I cookie possono essere installati dal Titolare (cookie di prima parte) o da altri siti web e\/o societ\u00e0 (cookie di terze parti).<br \/>\nI cookie sono utilizzati per diverse finalit\u00e0 come meglio specificato al successivo punto 2 della presente informativa.<br \/>\nPer le attivit\u00e0 di marketing e profilazione, i dati personali raccolti tramite cookie sono trattati per un periodo massimo, rispettivamente, di 24 e 12 mesi dal momento in cui viene prestato il consenso al trattamento.<br \/>\nDi seguito trover\u00e0 tutte le informazioni sui cookie installati attraverso il sito e\/o relative applicazioni e le indicazioni necessarie su come gestire le Sue preferenze riguardo ad essi.<\/p>\n<p><strong style=\"font-weight: bold;\">3) QUALI COOKIE SONO PRESENTI SUL SITO<\/strong><br \/>\n<strong style=\"font-weight: bold;\">2.1. Cookie di prima parte e relative finalit\u00e0<\/strong><br \/>\nLe finalit\u00e0 principali dei cookie installati dal Titolare sono:<br \/>\na) <strong style=\"font-weight: bold;\">tecniche<\/strong>, vengono cio\u00e8 utilizzati per finalit\u00e0 connesse all\u2019erogazione del servizio e per consentire o migliorare la navigazione sul sito del Titolare o memorizzare le ricerche. Tali cookie sono indispensabili per garantire alla nostra piattaforma un corretto funzionamento.<br \/>\nb) <strong style=\"font-weight: bold;\">analitiche<\/strong>, per raccogliere informazioni statistiche sull\u2019utilizzo del servizio da parte degli utenti (e.g. numero visitatori, pagine visitate, \u2026). Utilizziamo questi cookie per analizzare il traffico sulle nostre pagine in modo anonimo, senza memorizzare dati personali.<br \/>\n<strong style=\"font-weight: bold;\">2.2. Cookie di terza parte e relative finalit\u00e0<\/strong><br \/>\nLe finalit\u00e0 principali dei cookie installati da terze parti sono:<br \/>\na) <strong style=\"font-weight: bold;\">analitiche:<\/strong> per raccogliere informazioni statistiche sull\u2019utilizzo del servizio da parte degli utenti (e.g. numero visitatori, pagine visitate, \u2026). Questi cookie sono utilizzati per analizzare il traffico sulle nostre pagine in modo anonimo, senza memorizzare dati personali.<br \/>\nTerze parti: Google, Youtube, Facebook<br \/>\nb) <strong style=\"font-weight: bold;\">di performance:<\/strong> tramite questi cookie \u00e8 possibile sviluppare ed implementare il servizio, migliorando la Sua esperienza di navigazione e quindi la fruizione dello stesso.<br \/>\nTerze parti: Google<br \/>\nc) <strong style=\"font-weight: bold;\">di profilazione &#8212; marketing<\/strong>: analizziamo le Sue azioni online cos\u00ec da poterLe fornire, tramite partner terzi, contenuti ed offerte commerciali in linea con i Suoi interessi anche in base alla Sua precedente esperienza di navigazione. Queste informazioni vengono gestite separatamente dai dati identificativi in possesso del Titolare.<br \/>\nTerze parti: Google, Youtube, Facebook<\/p>\n<p><strong style=\"font-weight: bold;\">4) COME VIENE PRESTATO IL CONSENSO (OPT-IN) ALL\u2019UTILIZZO DEI COOKIE<\/strong><br \/>\nIl consenso all\u2019utilizzo dei cookie di profilazione viene prestato dall\u2019utente cliccando sul relativo pulsante di accettazione, posizionato nel banner contenente l\u2019informativa breve, o manifestando in qualsiasi altro modo, esplicito e valido, la sua volont\u00e0 ad acconsentirne l\u2019installazione. Il consenso prestato pu\u00f2 essere revocato in ogni momento.<br \/>\nI cookie tecnici non richiedono consenso, pertanto vengono installati automaticamente a seguito dell\u2019accesso al sito o al servizio.<\/p>\n<p><strong style=\"font-weight: bold;\">5) COME REVOCARE (OPT-OUT) IL CONSENSO ALL\u2019UTILIZZO DEI COOKIE<\/strong><br \/>\nI cookie possono essere completamente disattivati dal browser utilizzando l\u2019apposita funzione prevista nella maggior parte dei programmi di navigazione.<br \/>\n\u00c8 bene sapere per\u00f2 che disattivando i cookie alcune delle funzionalit\u00e0 del sito potrebbero non essere utilizzabili.<br \/>\nLe procedure per modificare le impostazioni e i cookie differiscono da browser a browser. Se necessario, utilizzate la funzione di guida del browser o fate clic su uno dei seguenti collegamenti per accedere direttamente al manuale dell&#8217;utente del browser.<br \/>\n<a href=\"https:\/\/support.microsoft.com\/en-in\/help\/278835\/how-to-delete-cookie-files-in-internet-explorer\" target=\"_blank\" rel=\"noopener\">Internet Explorer<\/a><br \/>\n<a href=\"https:\/\/support.mozilla.org\/en-US\/kb\/delete-cookies-remove-info-websites-stored\" target=\"_blank\" rel=\"noopener\">Mozilla Firefox<\/a><br \/>\n<a href=\"https:\/\/support.google.com\/chrome\/answer\/95647?co=GENIE.Platform%3DDesktop&amp;hl=en\" target=\"_blank\" rel=\"noopener\">Google Chrome<\/a><br \/>\n<a href=\"https:\/\/support.apple.com\/kb\/ph21411?locale=en_US\" target=\"_blank\" rel=\"noopener\">Safari<\/a><br \/>\n<a href=\"http:\/\/www.opera.com\/help\/tutorials\/security\/privacy\/\" target=\"_blank\" rel=\"noopener\">Opera<\/a><br \/>\nPer disattivare singolarmente i cookie di performance e di profilazione di terza parte clicchi sui link all\u2019informativa delle terze parti espressamente indicati al precedente punto 2 della presente policy sui cookie.<\/p>\n","protected":false},"excerpt":{"rendered":"<p>1) CHI RACCOGLIE E TRATTA I DATI La presente Cookie Policy, resa da Giaveco S.R.L., in qualit\u00e0 di Titolare, ha lo scopo di illustrare le tipologie e le finalit\u00e0 dei cookie utilizzati sul presente sito e di consentire la consapevole e corretta modalit\u00e0 di manifestazione delle preferenze in merito all\u2019uso dei cookie. Per qualsiasi domanda, [&hellip;]<\/p>\n","protected":false},"author":4,"featured_media":0,"parent":0,"menu_order":0,"comment_status":"closed","ping_status":"closed","template":"page-privacy.php","meta":{"_acf_changed":false,"footnotes":""},"class_list":["post-2108","page","type-page","status-publish","hentry"],"acf":false,"yoast_head":"<!-- This site is optimized with the Yoast SEO plugin v24.9 - https:\/\/yoast.com\/wordpress\/plugins\/seo\/ -->\r\n<title>Cookie policy - Hotel Manzoni<\/title>\r\n<meta name=\"robots\" content=\"index, follow, max-snippet:-1, max-image-preview:large, max-video-preview:-1\" \/>\r\n<link rel=\"canonical\" href=\"https:\/\/hotelmanzoni.com\/ru\/cookie-policy\/\" \/>\r\n<meta property=\"og:locale\" content=\"ru_RU\" \/>\r\n<meta property=\"og:type\" content=\"article\" \/>\r\n<meta property=\"og:title\" content=\"Cookie policy - Hotel Manzoni\" \/>\r\n<meta property=\"og:description\" content=\"1) CHI RACCOGLIE E TRATTA I DATI La presente Cookie Policy, resa da Giaveco S.R.L., in qualit\u00e0 di Titolare, ha lo scopo di illustrare le tipologie e le finalit\u00e0 dei cookie utilizzati sul presente sito e di consentire la consapevole e corretta modalit\u00e0 di manifestazione delle preferenze in merito all\u2019uso dei cookie. Per qualsiasi domanda, [&hellip;]\" \/>\r\n<meta property=\"og:url\" content=\"https:\/\/hotelmanzoni.com\/ru\/cookie-policy\/\" \/>\r\n<meta property=\"og:site_name\" content=\"Hotel Manzoni\" \/>\r\n<meta property=\"article:modified_time\" content=\"2018-06-06T07:35:06+00:00\" \/>\r\n<meta name=\"twitter:card\" content=\"summary_large_image\" \/>\r\n<meta name=\"twitter:label1\" content=\"\u041f\u0440\u0438\u043c\u0435\u0440\u043d\u043e\u0435 \u0432\u0440\u0435\u043c\u044f \u0434\u043b\u044f \u0447\u0442\u0435\u043d\u0438\u044f\" \/>\n\t<meta name=\"twitter:data1\" content=\"4 \u043c\u0438\u043d\u0443\u0442\u044b\" \/>\r\n<script type=\"application\/ld+json\" class=\"yoast-schema-graph\">{\"@context\":\"https:\/\/schema.org\",\"@graph\":[{\"@type\":\"WebPage\",\"@id\":\"https:\/\/hotelmanzoni.com\/ru\/cookie-policy\/\",\"url\":\"https:\/\/hotelmanzoni.com\/ru\/cookie-policy\/\",\"name\":\"Cookie policy - Hotel Manzoni\",\"isPartOf\":{\"@id\":\"https:\/\/hotelmanzoni.com\/ru\/#website\"},\"datePublished\":\"2018-06-05T15:29:33+00:00\",\"dateModified\":\"2018-06-06T07:35:06+00:00\",\"breadcrumb\":{\"@id\":\"https:\/\/hotelmanzoni.com\/ru\/cookie-policy\/#breadcrumb\"},\"inLanguage\":\"ru-RU\",\"potentialAction\":[{\"@type\":\"ReadAction\",\"target\":[\"https:\/\/hotelmanzoni.com\/ru\/cookie-policy\/\"]}]},{\"@type\":\"BreadcrumbList\",\"@id\":\"https:\/\/hotelmanzoni.com\/ru\/cookie-policy\/#breadcrumb\",\"itemListElement\":[{\"@type\":\"ListItem\",\"position\":1,\"name\":\"Home\",\"item\":\"https:\/\/hotelmanzoni.com\/ru\/\"},{\"@type\":\"ListItem\",\"position\":2,\"name\":\"Cookie policy\"}]},{\"@type\":\"WebSite\",\"@id\":\"https:\/\/hotelmanzoni.com\/ru\/#website\",\"url\":\"https:\/\/hotelmanzoni.com\/ru\/\",\"name\":\"Hotel Manzoni Milano\",\"description\":\"Hotel vicino a Via Monte Napoleone Milano\",\"publisher\":{\"@id\":\"https:\/\/hotelmanzoni.com\/ru\/#organization\"},\"potentialAction\":[{\"@type\":\"SearchAction\",\"target\":{\"@type\":\"EntryPoint\",\"urlTemplate\":\"https:\/\/hotelmanzoni.com\/ru\/?s={search_term_string}\"},\"query-input\":{\"@type\":\"PropertyValueSpecification\",\"valueRequired\":true,\"valueName\":\"search_term_string\"}}],\"inLanguage\":\"ru-RU\"},{\"@type\":\"Organization\",\"@id\":\"https:\/\/hotelmanzoni.com\/ru\/#organization\",\"name\":\"Hotel Manzoni Milano\",\"url\":\"https:\/\/hotelmanzoni.com\/ru\/\",\"logo\":{\"@type\":\"ImageObject\",\"inLanguage\":\"ru-RU\",\"@id\":\"https:\/\/hotelmanzoni.com\/ru\/#\/schema\/logo\/image\/\",\"url\":\"https:\/\/hotelmanzoni.com\/wp-content\/uploads\/2021\/06\/logomanzoni-1.png\",\"contentUrl\":\"https:\/\/hotelmanzoni.com\/wp-content\/uploads\/2021\/06\/logomanzoni-1.png\",\"width\":594,\"height\":498,\"caption\":\"Hotel Manzoni Milano\"},\"image\":{\"@id\":\"https:\/\/hotelmanzoni.com\/ru\/#\/schema\/logo\/image\/\"}}]}<\/script>\r\n<!-- \/ Yoast SEO plugin. -->","yoast_head_json":{"title":"Cookie policy - Hotel Manzoni","robots":{"index":"index","follow":"follow","max-snippet":"max-snippet:-1","max-image-preview":"max-image-preview:large","max-video-preview":"max-video-preview:-1"},"canonical":"https:\/\/hotelmanzoni.com\/ru\/cookie-policy\/","og_locale":"ru_RU","og_type":"article","og_title":"Cookie policy - Hotel Manzoni","og_description":"1) CHI RACCOGLIE E TRATTA I DATI La presente Cookie Policy, resa da Giaveco S.R.L., in qualit\u00e0 di Titolare, ha lo scopo di illustrare le tipologie e le finalit\u00e0 dei cookie utilizzati sul presente sito e di consentire la consapevole e corretta modalit\u00e0 di manifestazione delle preferenze in merito all\u2019uso dei cookie. Per qualsiasi domanda, [&hellip;]","og_url":"https:\/\/hotelmanzoni.com\/ru\/cookie-policy\/","og_site_name":"Hotel Manzoni","article_modified_time":"2018-06-06T07:35:06+00:00","twitter_card":"summary_large_image","twitter_misc":{"\u041f\u0440\u0438\u043c\u0435\u0440\u043d\u043e\u0435 \u0432\u0440\u0435\u043c\u044f \u0434\u043b\u044f \u0447\u0442\u0435\u043d\u0438\u044f":"4 \u043c\u0438\u043d\u0443\u0442\u044b"},"schema":{"@context":"https:\/\/schema.org","@graph":[{"@type":"WebPage","@id":"https:\/\/hotelmanzoni.com\/ru\/cookie-policy\/","url":"https:\/\/hotelmanzoni.com\/ru\/cookie-policy\/","name":"Cookie policy - Hotel Manzoni","isPartOf":{"@id":"https:\/\/hotelmanzoni.com\/ru\/#website"},"datePublished":"2018-06-05T15:29:33+00:00","dateModified":"2018-06-06T07:35:06+00:00","breadcrumb":{"@id":"https:\/\/hotelmanzoni.com\/ru\/cookie-policy\/#breadcrumb"},"inLanguage":"ru-RU","potentialAction":[{"@type":"ReadAction","target":["https:\/\/hotelmanzoni.com\/ru\/cookie-policy\/"]}]},{"@type":"BreadcrumbList","@id":"https:\/\/hotelmanzoni.com\/ru\/cookie-policy\/#breadcrumb","itemListElement":[{"@type":"ListItem","position":1,"name":"Home","item":"https:\/\/hotelmanzoni.com\/ru\/"},{"@type":"ListItem","position":2,"name":"Cookie policy"}]},{"@type":"WebSite","@id":"https:\/\/hotelmanzoni.com\/ru\/#website","url":"https:\/\/hotelmanzoni.com\/ru\/","name":"Hotel Manzoni Milano","description":"Hotel vicino a Via Monte Napoleone Milano","publisher":{"@id":"https:\/\/hotelmanzoni.com\/ru\/#organization"},"potentialAction":[{"@type":"SearchAction","target":{"@type":"EntryPoint","urlTemplate":"https:\/\/hotelmanzoni.com\/ru\/?s={search_term_string}"},"query-input":{"@type":"PropertyValueSpecification","valueRequired":true,"valueName":"search_term_string"}}],"inLanguage":"ru-RU"},{"@type":"Organization","@id":"https:\/\/hotelmanzoni.com\/ru\/#organization","name":"Hotel Manzoni Milano","url":"https:\/\/hotelmanzoni.com\/ru\/","logo":{"@type":"ImageObject","inLanguage":"ru-RU","@id":"https:\/\/hotelmanzoni.com\/ru\/#\/schema\/logo\/image\/","url":"https:\/\/hotelmanzoni.com\/wp-content\/uploads\/2021\/06\/logomanzoni-1.png","contentUrl":"https:\/\/hotelmanzoni.com\/wp-content\/uploads\/2021\/06\/logomanzoni-1.png","width":594,"height":498,"caption":"Hotel Manzoni Milano"},"image":{"@id":"https:\/\/hotelmanzoni.com\/ru\/#\/schema\/logo\/image\/"}}]}},"_links":{"self":[{"href":"https:\/\/hotelmanzoni.com\/ru\/wp-json\/wp\/v2\/pages\/2108","targetHints":{"allow":["GET"]}}],"collection":[{"href":"https:\/\/hotelmanzoni.com\/ru\/wp-json\/wp\/v2\/pages"}],"about":[{"href":"https:\/\/hotelmanzoni.com\/ru\/wp-json\/wp\/v2\/types\/page"}],"author":[{"embeddable":true,"href":"https:\/\/hotelmanzoni.com\/ru\/wp-json\/wp\/v2\/users\/4"}],"replies":[{"embeddable":true,"href":"https:\/\/hotelmanzoni.com\/ru\/wp-json\/wp\/v2\/comments?post=2108"}],"version-history":[{"count":2,"href":"https:\/\/hotelmanzoni.com\/ru\/wp-json\/wp\/v2\/pages\/2108\/revisions"}],"predecessor-version":[{"id":2120,"href":"https:\/\/hotelmanzoni.com\/ru\/wp-json\/wp\/v2\/pages\/2108\/revisions\/2120"}],"wp:attachment":[{"href":"https:\/\/hotelmanzoni.com\/ru\/wp-json\/wp\/v2\/media?parent=2108"}],"curies":[{"name":"wp","href":"https:\/\/api.w.org\/{rel}","templated":true}]}}