{"id":993,"date":"2018-03-08T13:03:36","date_gmt":"2018-03-08T12:03:36","guid":{"rendered":"https:\/\/hotelmanzoni.com\/?page_id=993"},"modified":"2021-08-07T11:53:04","modified_gmt":"2021-08-07T09:53:04","slug":"hotel-charmoso-proximo-ao-teatro-scala","status":"publish","type":"page","link":"https:\/\/hotelmanzoni.com\/pt-pt\/hotel-charmoso-proximo-ao-teatro-scala\/","title":{"rendered":"A Manzoni Experience PT"},"content":{"rendered":"<p>Hospedagem de classe, discreta e atenta \u00e0s necessidades de quem vem a Mil\u00e3o \u00e0 neg\u00f3cios ou para explorar a cidade, h\u00f3spede de um hotel no quarteir\u00e3o da moda de Mil\u00e3o, com um Wine Bar elegante e discreto, salas de reuni\u00f5es acolhedoras e uma \u00e1rea fitness.<\/p>\n","protected":false},"excerpt":{"rendered":"<p>Hospedagem de classe, discreta e atenta \u00e0s necessidades de quem vem a Mil\u00e3o \u00e0 neg\u00f3cios ou para explorar a cidade, h\u00f3spede de um hotel no quarteir\u00e3o da moda de Mil\u00e3o, com um Wine Bar elegante e discreto, salas de reuni\u00f5es acolhedoras e uma \u00e1rea fitness.<\/p>\n","protected":false},"author":4,"featured_media":437,"parent":0,"menu_order":0,"comment_status":"closed","ping_status":"closed","template":"page-manzoni.php","meta":{"_acf_changed":false,"footnotes":""},"class_list":["post-993","page","type-page","status-publish","has-post-thumbnail","hentry"],"acf":{"slider_visual":[{"ID":3728,"id":3728,"title":"hotel manzoni milano","filename":"manzoni-hotel-spazi-comuni.jpg","filesize":358937,"url":"https:\/\/hotelmanzoni.com\/wp-content\/uploads\/2018\/02\/manzoni-hotel-spazi-comuni.jpg","link":"https:\/\/hotelmanzoni.com\/pt-pt\/hotel-charmoso-proximo-ao-teatro-scala\/manzoni-hotel-spazi-comuni-2\/","alt":"","author":"4","description":"","caption":"","name":"manzoni-hotel-spazi-comuni-2","status":"inherit","uploaded_to":993,"date":"2018-02-23 13:31:37","modified":"2021-08-07 09:56:41","menu_order":0,"mime_type":"image\/jpeg","type":"image","subtype":"jpeg","icon":"https:\/\/hotelmanzoni.com\/wp-includes\/images\/media\/default.png","width":1600,"height":1061,"sizes":{"thumbnail":"https:\/\/hotelmanzoni.com\/wp-content\/uploads\/2018\/02\/manzoni-hotel-spazi-comuni-150x150.jpg","thumbnail-width":150,"thumbnail-height":150,"medium":"https:\/\/hotelmanzoni.com\/wp-content\/uploads\/2018\/02\/manzoni-hotel-spazi-comuni-300x199.jpg","medium-width":300,"medium-height":199,"medium_large":"https:\/\/hotelmanzoni.com\/wp-content\/uploads\/2018\/02\/manzoni-hotel-spazi-comuni-768x509.jpg","medium_large-width":640,"medium_large-height":424,"large":"https:\/\/hotelmanzoni.com\/wp-content\/uploads\/2018\/02\/manzoni-hotel-spazi-comuni-1024x679.jpg","large-width":640,"large-height":424,"1536x1536":"https:\/\/hotelmanzoni.com\/wp-content\/uploads\/2018\/02\/manzoni-hotel-spazi-comuni.jpg","1536x1536-width":1536,"1536x1536-height":1019,"2048x2048":"https:\/\/hotelmanzoni.com\/wp-content\/uploads\/2018\/02\/manzoni-hotel-spazi-comuni.jpg","2048x2048-width":1600,"2048x2048-height":1061}},{"ID":3665,"id":3665,"title":"Charming hotel near Teatro Alla Scala","filename":"Charming-hotel-near-Teatro-Alla-Scala-.jpg","filesize":383899,"url":"https:\/\/hotelmanzoni.com\/wp-content\/uploads\/2018\/02\/Charming-hotel-near-Teatro-Alla-Scala-.jpg","link":"https:\/\/hotelmanzoni.com\/pt-pt\/hotel-charmoso-proximo-ao-teatro-scala\/charming-hotel-near-teatro-alla-scala-2\/","alt":"","author":"4","description":"","caption":"","name":"charming-hotel-near-teatro-alla-scala-2","status":"inherit","uploaded_to":993,"date":"2018-02-23 10:07:01","modified":"2021-08-07 09:56:57","menu_order":0,"mime_type":"image\/jpeg","type":"image","subtype":"jpeg","icon":"https:\/\/hotelmanzoni.com\/wp-includes\/images\/media\/default.png","width":1600,"height":1067,"sizes":{"thumbnail":"https:\/\/hotelmanzoni.com\/wp-content\/uploads\/2018\/02\/Charming-hotel-near-Teatro-Alla-Scala--150x150.jpg","thumbnail-width":150,"thumbnail-height":150,"medium":"https:\/\/hotelmanzoni.com\/wp-content\/uploads\/2018\/02\/Charming-hotel-near-Teatro-Alla-Scala--300x200.jpg","medium-width":300,"medium-height":200,"medium_large":"https:\/\/hotelmanzoni.com\/wp-content\/uploads\/2018\/02\/Charming-hotel-near-Teatro-Alla-Scala--768x512.jpg","medium_large-width":640,"medium_large-height":427,"large":"https:\/\/hotelmanzoni.com\/wp-content\/uploads\/2018\/02\/Charming-hotel-near-Teatro-Alla-Scala--1024x683.jpg","large-width":640,"large-height":427,"1536x1536":"https:\/\/hotelmanzoni.com\/wp-content\/uploads\/2018\/02\/Charming-hotel-near-Teatro-Alla-Scala-.jpg","1536x1536-width":1536,"1536x1536-height":1024,"2048x2048":"https:\/\/hotelmanzoni.com\/wp-content\/uploads\/2018\/02\/Charming-hotel-near-Teatro-Alla-Scala-.jpg","2048x2048-width":1600,"2048x2048-height":1067}},{"ID":3938,"id":3938,"title":"Manzoni experience milano","filename":"Manzoni-exp-slider3.jpg","filesize":131643,"url":"https:\/\/hotelmanzoni.com\/wp-content\/uploads\/2018\/03\/Manzoni-exp-slider3.jpg","link":"https:\/\/hotelmanzoni.com\/pt-pt\/hotel-charmoso-proximo-ao-teatro-scala\/manzoni-exp-slider3-2\/","alt":"","author":"4","description":"","caption":"","name":"manzoni-exp-slider3-2","status":"inherit","uploaded_to":993,"date":"2018-03-06 15:15:07","modified":"2021-08-07 09:51:58","menu_order":0,"mime_type":"image\/jpeg","type":"image","subtype":"jpeg","icon":"https:\/\/hotelmanzoni.com\/wp-includes\/images\/media\/default.png","width":1600,"height":999,"sizes":{"thumbnail":"https:\/\/hotelmanzoni.com\/wp-content\/uploads\/2018\/03\/Manzoni-exp-slider3-150x150.jpg","thumbnail-width":150,"thumbnail-height":150,"medium":"https:\/\/hotelmanzoni.com\/wp-content\/uploads\/2018\/03\/Manzoni-exp-slider3-300x187.jpg","medium-width":300,"medium-height":187,"medium_large":"https:\/\/hotelmanzoni.com\/wp-content\/uploads\/2018\/03\/Manzoni-exp-slider3-768x480.jpg","medium_large-width":640,"medium_large-height":400,"large":"https:\/\/hotelmanzoni.com\/wp-content\/uploads\/2018\/03\/Manzoni-exp-slider3-1024x639.jpg","large-width":640,"large-height":399,"1536x1536":"https:\/\/hotelmanzoni.com\/wp-content\/uploads\/2018\/03\/Manzoni-exp-slider3.jpg","1536x1536-width":1536,"1536x1536-height":959,"2048x2048":"https:\/\/hotelmanzoni.com\/wp-content\/uploads\/2018\/03\/Manzoni-exp-slider3.jpg","2048x2048-width":1600,"2048x2048-height":999}},{"ID":3280,"id":3280,"title":"sauna hotel manzoni milano","filename":"sauna.jpg","filesize":208237,"url":"https:\/\/hotelmanzoni.com\/wp-content\/uploads\/2018\/02\/sauna.jpg","link":"https:\/\/hotelmanzoni.com\/pt-pt\/hotel-charmoso-proximo-ao-teatro-scala\/sauna-2\/","alt":"","author":"4","description":"","caption":"","name":"sauna-2","status":"inherit","uploaded_to":993,"date":"2018-02-20 14:42:40","modified":"2021-08-07 09:57:12","menu_order":0,"mime_type":"image\/jpeg","type":"image","subtype":"jpeg","icon":"https:\/\/hotelmanzoni.com\/wp-includes\/images\/media\/default.png","width":1600,"height":1052,"sizes":{"thumbnail":"https:\/\/hotelmanzoni.com\/wp-content\/uploads\/2018\/02\/sauna-150x150.jpg","thumbnail-width":150,"thumbnail-height":150,"medium":"https:\/\/hotelmanzoni.com\/wp-content\/uploads\/2018\/02\/sauna-300x197.jpg","medium-width":300,"medium-height":197,"medium_large":"https:\/\/hotelmanzoni.com\/wp-content\/uploads\/2018\/02\/sauna-768x505.jpg","medium_large-width":640,"medium_large-height":421,"large":"https:\/\/hotelmanzoni.com\/wp-content\/uploads\/2018\/02\/sauna-1024x673.jpg","large-width":640,"large-height":421,"1536x1536":"https:\/\/hotelmanzoni.com\/wp-content\/uploads\/2018\/02\/sauna.jpg","1536x1536-width":1536,"1536x1536-height":1010,"2048x2048":"https:\/\/hotelmanzoni.com\/wp-content\/uploads\/2018\/02\/sauna.jpg","2048x2048-width":1600,"2048x2048-height":1052}}],"testo_visual":"A Manzoni Experience","immagine_prima_sezione":"https:\/\/hotelmanzoni.com\/wp-content\/uploads\/2018\/02\/maznoni-experience-e1519382380550.jpg","titolo_h1":"Charmoso hotel pr\u00f3ximo ao Teatro alla Scala","testo_principale":"<p>Hospedagem de classe, discreta e atenta \u00e0s necessidades de quem vem a Mil\u00e3o \u00e0 neg\u00f3cios ou para explorar a cidade, h\u00f3spede de um hotel no quarteir\u00e3o da moda de Mil\u00e3o, com um restaurante elegante e discreto, salas de reuni\u00f5es acolhedoras e uma \u00e1rea fitness.<\/p>\n","slider_seconda_sezione":[{"ID":3294,"id":3294,"title":"hotel manzoni reception milan downtown","filename":"BM3A7369.jpg","filesize":292191,"url":"https:\/\/hotelmanzoni.com\/wp-content\/uploads\/2018\/02\/BM3A7369.jpg","link":"https:\/\/hotelmanzoni.com\/pt-pt\/hotel-charmoso-proximo-ao-teatro-scala\/bm3a7369-3\/","alt":"","author":"4","description":"","caption":"","name":"bm3a7369-3","status":"inherit","uploaded_to":993,"date":"2018-02-20 14:48:33","modified":"2021-08-07 09:54:35","menu_order":0,"mime_type":"image\/jpeg","type":"image","subtype":"jpeg","icon":"https:\/\/hotelmanzoni.com\/wp-includes\/images\/media\/default.png","width":1600,"height":1067,"sizes":{"thumbnail":"https:\/\/hotelmanzoni.com\/wp-content\/uploads\/2018\/02\/BM3A7369-150x150.jpg","thumbnail-width":150,"thumbnail-height":150,"medium":"https:\/\/hotelmanzoni.com\/wp-content\/uploads\/2018\/02\/BM3A7369-300x200.jpg","medium-width":300,"medium-height":200,"medium_large":"https:\/\/hotelmanzoni.com\/wp-content\/uploads\/2018\/02\/BM3A7369-768x512.jpg","medium_large-width":640,"medium_large-height":427,"large":"https:\/\/hotelmanzoni.com\/wp-content\/uploads\/2018\/02\/BM3A7369-1024x683.jpg","large-width":640,"large-height":427,"1536x1536":"https:\/\/hotelmanzoni.com\/wp-content\/uploads\/2018\/02\/BM3A7369.jpg","1536x1536-width":1536,"1536x1536-height":1024,"2048x2048":"https:\/\/hotelmanzoni.com\/wp-content\/uploads\/2018\/02\/BM3A7369.jpg","2048x2048-width":1600,"2048x2048-height":1067}},{"ID":3301,"id":3301,"title":"garden hotel manzoni","filename":"BM3A9624.jpg","filesize":359520,"url":"https:\/\/hotelmanzoni.com\/wp-content\/uploads\/2018\/02\/BM3A9624.jpg","link":"https:\/\/hotelmanzoni.com\/pt-pt\/hotel-charmoso-proximo-ao-teatro-scala\/bm3a9624-2\/","alt":"","author":"4","description":"","caption":"","name":"bm3a9624-2","status":"inherit","uploaded_to":993,"date":"2018-02-20 14:51:22","modified":"2021-08-07 09:54:46","menu_order":0,"mime_type":"image\/jpeg","type":"image","subtype":"jpeg","icon":"https:\/\/hotelmanzoni.com\/wp-includes\/images\/media\/default.png","width":1600,"height":969,"sizes":{"thumbnail":"https:\/\/hotelmanzoni.com\/wp-content\/uploads\/2018\/02\/BM3A9624-150x150.jpg","thumbnail-width":150,"thumbnail-height":150,"medium":"https:\/\/hotelmanzoni.com\/wp-content\/uploads\/2018\/02\/BM3A9624-300x182.jpg","medium-width":300,"medium-height":182,"medium_large":"https:\/\/hotelmanzoni.com\/wp-content\/uploads\/2018\/02\/BM3A9624-768x465.jpg","medium_large-width":640,"medium_large-height":388,"large":"https:\/\/hotelmanzoni.com\/wp-content\/uploads\/2018\/02\/BM3A9624-1024x620.jpg","large-width":640,"large-height":388,"1536x1536":"https:\/\/hotelmanzoni.com\/wp-content\/uploads\/2018\/02\/BM3A9624.jpg","1536x1536-width":1536,"1536x1536-height":930,"2048x2048":"https:\/\/hotelmanzoni.com\/wp-content\/uploads\/2018\/02\/BM3A9624.jpg","2048x2048-width":1600,"2048x2048-height":969}},{"ID":3308,"id":3308,"title":"hotel manzoni milano","filename":"MG_0671.jpg","filesize":291338,"url":"https:\/\/hotelmanzoni.com\/wp-content\/uploads\/2018\/02\/MG_0671.jpg","link":"https:\/\/hotelmanzoni.com\/pt-pt\/hotel-charmoso-proximo-ao-teatro-scala\/_mg_0671-2\/","alt":"","author":"4","description":"","caption":"","name":"_mg_0671-2","status":"inherit","uploaded_to":993,"date":"2018-02-20 14:52:07","modified":"2021-08-07 09:57:47","menu_order":0,"mime_type":"image\/jpeg","type":"image","subtype":"jpeg","icon":"https:\/\/hotelmanzoni.com\/wp-includes\/images\/media\/default.png","width":1600,"height":1068,"sizes":{"thumbnail":"https:\/\/hotelmanzoni.com\/wp-content\/uploads\/2018\/02\/MG_0671-150x150.jpg","thumbnail-width":150,"thumbnail-height":150,"medium":"https:\/\/hotelmanzoni.com\/wp-content\/uploads\/2018\/02\/MG_0671-300x200.jpg","medium-width":300,"medium-height":200,"medium_large":"https:\/\/hotelmanzoni.com\/wp-content\/uploads\/2018\/02\/MG_0671-768x513.jpg","medium_large-width":640,"medium_large-height":428,"large":"https:\/\/hotelmanzoni.com\/wp-content\/uploads\/2018\/02\/MG_0671-1024x684.jpg","large-width":640,"large-height":428,"1536x1536":"https:\/\/hotelmanzoni.com\/wp-content\/uploads\/2018\/02\/MG_0671.jpg","1536x1536-width":1536,"1536x1536-height":1025,"2048x2048":"https:\/\/hotelmanzoni.com\/wp-content\/uploads\/2018\/02\/MG_0671.jpg","2048x2048-width":1600,"2048x2048-height":1068}}],"titolo_seconda_sezione":"Hospitalidade italiana","testo_seconda_sezione":"<p>Um servi\u00e7o de concierge atencioso e exclusivo. Todas as comodidades modernas se unem a uma atmosfera de ambientes \u00edntimos e discretos, decorados com elementos elegantes do melhor estilo Made in Italy. <\/p>\n","titolo_servizi":"Os servi\u00e7os do nosso hotel","lista_servizi":[{"immagine":"https:\/\/hotelmanzoni.com\/wp-content\/uploads\/2018\/02\/restaurant.png","testo":"Wine Bar & Bistrot"},{"immagine":"https:\/\/hotelmanzoni.com\/wp-content\/uploads\/2018\/02\/wifi.png","testo":"Internet wi-fi gr\u00e1tis"},{"immagine":"https:\/\/hotelmanzoni.com\/wp-content\/uploads\/2018\/03\/laundry.png","testo":"Servi\u00e7o de lavanderia"},{"immagine":"https:\/\/hotelmanzoni.com\/wp-content\/uploads\/2018\/02\/Valet-parking.png","testo":"Servi\u00e7o de manobristas"},{"immagine":"https:\/\/hotelmanzoni.com\/wp-content\/uploads\/2018\/02\/concierge.png","testo":"Concierge"},{"immagine":"https:\/\/hotelmanzoni.com\/wp-content\/uploads\/2018\/03\/trasnfer.png","testo":"Servi\u00e7o de Transfer "}],"immagine_sinistra_terza_sezione":"https:\/\/hotelmanzoni.com\/wp-content\/uploads\/2018\/03\/manzoni-business--e1522396792122.jpg","titolo_terza_sezione":"Hotel Manzoni Neg\u00f3cios","testo_terza_sezione":"<p>Quando a viagem \u00e9 de neg\u00f3cios, nada pode ser deixado ao acaso. A sala de reuni\u00f5es Sforza e a sala Hall s\u00e3o confort\u00e1veis e refinadas, com toda a tecnologia necess\u00e1ria para reuni\u00f5es de neg\u00f3cios, cursos de forma\u00e7\u00e3o, salas de exposi\u00e7\u00f5es e pequenas confer\u00eancias. <\/p>\n","testo_contattaci_terza_sezione":"Escreva-nos para organizar o seu evento de neg\u00f3cios","link_contattaci_terza_sezione":"","titolo_prima_lista_terza_sezione":"Equipamento","prima_lista_terza_sezione":[{"testo":"Televis\u00e3o "},{"testo":"Cavalete com folhas "},{"testo":"Wi-fi"}],"titolo_seconda_lista_terza_sezione":"Capacidade Hall","seconda_lista_terza_sezione":[{"testo":"Capacidade do teatro at\u00e9 20+2 lugares"},{"testo":"Mesa \u00fanica para at\u00e9 14 pessoas"},{"testo":"Bancadas para at\u00e9 14 pessoas"}],"slider_terza_sezione":false,"slider_quarta_sezione":false,"titolo_prima_lista_quarta_sezione":"Bem-Estar","prima_lista_quarta_sezione":[{"testo":"Banho turco"},{"testo":"Hidromassagem"},{"testo":"Sala de relax "}],"titolo_seconda_lista_quarta_sezione":"Fitness","seconda_lista_quarta_sezione":[{"testo":"Centro Fitness "},{"testo":"Cardiofitness"},{"testo":"For\u00e7a"},{"testo":"Movimento"}],"titolo_quarta_sezione":"Bem-estar e Relax","testo_quarta_sezione":"<p>Um pequeno centro de fitness, banho turco, sala de relaxamento e outras comodidades para regenerar-se e manter-se em forma, em uma atmosfera elegante e confort\u00e1vel. Um momento de bem-estar merecido depois de um dia em Mil\u00e3o.  <\/p>\n"},"yoast_head":"<!-- This site is optimized with the Yoast SEO plugin v24.9 - https:\/\/yoast.com\/wordpress\/plugins\/seo\/ -->\r\n<title>Charmoso hotel pr\u00f3ximo ao Teatro alla Scala | Hotel Manzoni Mil\u00e3o<\/title>\r\n<meta name=\"description\" content=\"O prazer de uma hospedagem de classe no centro de Mil\u00e3o. Descubra o nosso charmoso hotel pr\u00f3ximo ao Teatro alla Scala, com restaurante e salas de reuni\u00f5es.\" \/>\r\n<meta name=\"robots\" content=\"index, follow, max-snippet:-1, max-image-preview:large, max-video-preview:-1\" \/>\r\n<link rel=\"canonical\" href=\"https:\/\/hotelmanzoni.com\/pt-pt\/hotel-charmoso-proximo-ao-teatro-scala\/\" \/>\r\n<meta property=\"og:locale\" content=\"pt_PT\" \/>\r\n<meta property=\"og:type\" content=\"article\" \/>\r\n<meta property=\"og:title\" content=\"Charmoso hotel pr\u00f3ximo ao Teatro alla Scala | Hotel Manzoni Mil\u00e3o\" \/>\r\n<meta property=\"og:description\" content=\"O prazer de uma hospedagem de classe no centro de Mil\u00e3o. Descubra o nosso charmoso hotel pr\u00f3ximo ao Teatro alla Scala, com restaurante e salas de reuni\u00f5es.\" \/>\r\n<meta property=\"og:url\" content=\"https:\/\/hotelmanzoni.com\/pt-pt\/hotel-charmoso-proximo-ao-teatro-scala\/\" \/>\r\n<meta property=\"og:site_name\" content=\"Hotel Manzoni\" \/>\r\n<meta property=\"article:modified_time\" content=\"2021-08-07T09:53:04+00:00\" \/>\r\n<meta property=\"og:image\" content=\"https:\/\/hotelmanzoni.com\/wp-content\/uploads\/2018\/02\/Charming-hotel-near-Teatro-Alla-Scala-.jpg\" \/>\r\n\t<meta property=\"og:image:width\" content=\"1600\" \/>\r\n\t<meta property=\"og:image:height\" content=\"1067\" \/>\r\n\t<meta property=\"og:image:type\" content=\"image\/jpeg\" \/>\r\n<meta name=\"twitter:card\" content=\"summary_large_image\" \/>\r\n<script type=\"application\/ld+json\" class=\"yoast-schema-graph\">{\"@context\":\"https:\/\/schema.org\",\"@graph\":[{\"@type\":\"WebPage\",\"@id\":\"https:\/\/hotelmanzoni.com\/pt-pt\/hotel-charmoso-proximo-ao-teatro-scala\/\",\"url\":\"https:\/\/hotelmanzoni.com\/pt-pt\/hotel-charmoso-proximo-ao-teatro-scala\/\",\"name\":\"Charmoso hotel pr\u00f3ximo ao Teatro alla Scala | Hotel Manzoni Mil\u00e3o\",\"isPartOf\":{\"@id\":\"https:\/\/hotelmanzoni.com\/pt-pt\/#website\"},\"primaryImageOfPage\":{\"@id\":\"https:\/\/hotelmanzoni.com\/pt-pt\/hotel-charmoso-proximo-ao-teatro-scala\/#primaryimage\"},\"image\":{\"@id\":\"https:\/\/hotelmanzoni.com\/pt-pt\/hotel-charmoso-proximo-ao-teatro-scala\/#primaryimage\"},\"thumbnailUrl\":\"https:\/\/hotelmanzoni.com\/wp-content\/uploads\/2018\/02\/Charming-hotel-near-Teatro-Alla-Scala-.jpg\",\"datePublished\":\"2018-03-08T12:03:36+00:00\",\"dateModified\":\"2021-08-07T09:53:04+00:00\",\"description\":\"O prazer de uma hospedagem de classe no centro de Mil\u00e3o. Descubra o nosso charmoso hotel pr\u00f3ximo ao Teatro alla Scala, com restaurante e salas de reuni\u00f5es.\",\"breadcrumb\":{\"@id\":\"https:\/\/hotelmanzoni.com\/pt-pt\/hotel-charmoso-proximo-ao-teatro-scala\/#breadcrumb\"},\"inLanguage\":\"pt-PT\",\"potentialAction\":[{\"@type\":\"ReadAction\",\"target\":[\"https:\/\/hotelmanzoni.com\/pt-pt\/hotel-charmoso-proximo-ao-teatro-scala\/\"]}]},{\"@type\":\"ImageObject\",\"inLanguage\":\"pt-PT\",\"@id\":\"https:\/\/hotelmanzoni.com\/pt-pt\/hotel-charmoso-proximo-ao-teatro-scala\/#primaryimage\",\"url\":\"https:\/\/hotelmanzoni.com\/wp-content\/uploads\/2018\/02\/Charming-hotel-near-Teatro-Alla-Scala-.jpg\",\"contentUrl\":\"https:\/\/hotelmanzoni.com\/wp-content\/uploads\/2018\/02\/Charming-hotel-near-Teatro-Alla-Scala-.jpg\",\"width\":1600,\"height\":1067,\"caption\":\"Charming hotel near Teatro Alla Scala\"},{\"@type\":\"BreadcrumbList\",\"@id\":\"https:\/\/hotelmanzoni.com\/pt-pt\/hotel-charmoso-proximo-ao-teatro-scala\/#breadcrumb\",\"itemListElement\":[{\"@type\":\"ListItem\",\"position\":1,\"name\":\"Home\",\"item\":\"https:\/\/hotelmanzoni.com\/pt-pt\/\"},{\"@type\":\"ListItem\",\"position\":2,\"name\":\"A Manzoni Experience PT\"}]},{\"@type\":\"WebSite\",\"@id\":\"https:\/\/hotelmanzoni.com\/pt-pt\/#website\",\"url\":\"https:\/\/hotelmanzoni.com\/pt-pt\/\",\"name\":\"Hotel Manzoni Milano\",\"description\":\"Hotel vicino a Via Monte Napoleone Milano\",\"publisher\":{\"@id\":\"https:\/\/hotelmanzoni.com\/pt-pt\/#organization\"},\"potentialAction\":[{\"@type\":\"SearchAction\",\"target\":{\"@type\":\"EntryPoint\",\"urlTemplate\":\"https:\/\/hotelmanzoni.com\/pt-pt\/?s={search_term_string}\"},\"query-input\":{\"@type\":\"PropertyValueSpecification\",\"valueRequired\":true,\"valueName\":\"search_term_string\"}}],\"inLanguage\":\"pt-PT\"},{\"@type\":\"Organization\",\"@id\":\"https:\/\/hotelmanzoni.com\/pt-pt\/#organization\",\"name\":\"Hotel Manzoni Milano\",\"url\":\"https:\/\/hotelmanzoni.com\/pt-pt\/\",\"logo\":{\"@type\":\"ImageObject\",\"inLanguage\":\"pt-PT\",\"@id\":\"https:\/\/hotelmanzoni.com\/pt-pt\/#\/schema\/logo\/image\/\",\"url\":\"https:\/\/hotelmanzoni.com\/wp-content\/uploads\/2021\/06\/logomanzoni-1.png\",\"contentUrl\":\"https:\/\/hotelmanzoni.com\/wp-content\/uploads\/2021\/06\/logomanzoni-1.png\",\"width\":594,\"height\":498,\"caption\":\"Hotel Manzoni Milano\"},\"image\":{\"@id\":\"https:\/\/hotelmanzoni.com\/pt-pt\/#\/schema\/logo\/image\/\"}}]}<\/script>\r\n<!-- \/ Yoast SEO plugin. -->","yoast_head_json":{"title":"Charmoso hotel pr\u00f3ximo ao Teatro alla Scala | Hotel Manzoni Mil\u00e3o","description":"O prazer de uma hospedagem de classe no centro de Mil\u00e3o. Descubra o nosso charmoso hotel pr\u00f3ximo ao Teatro alla Scala, com restaurante e salas de reuni\u00f5es.","robots":{"index":"index","follow":"follow","max-snippet":"max-snippet:-1","max-image-preview":"max-image-preview:large","max-video-preview":"max-video-preview:-1"},"canonical":"https:\/\/hotelmanzoni.com\/pt-pt\/hotel-charmoso-proximo-ao-teatro-scala\/","og_locale":"pt_PT","og_type":"article","og_title":"Charmoso hotel pr\u00f3ximo ao Teatro alla Scala | Hotel Manzoni Mil\u00e3o","og_description":"O prazer de uma hospedagem de classe no centro de Mil\u00e3o. Descubra o nosso charmoso hotel pr\u00f3ximo ao Teatro alla Scala, com restaurante e salas de reuni\u00f5es.","og_url":"https:\/\/hotelmanzoni.com\/pt-pt\/hotel-charmoso-proximo-ao-teatro-scala\/","og_site_name":"Hotel Manzoni","article_modified_time":"2021-08-07T09:53:04+00:00","og_image":[{"width":1600,"height":1067,"url":"https:\/\/hotelmanzoni.com\/wp-content\/uploads\/2018\/02\/Charming-hotel-near-Teatro-Alla-Scala-.jpg","type":"image\/jpeg"}],"twitter_card":"summary_large_image","schema":{"@context":"https:\/\/schema.org","@graph":[{"@type":"WebPage","@id":"https:\/\/hotelmanzoni.com\/pt-pt\/hotel-charmoso-proximo-ao-teatro-scala\/","url":"https:\/\/hotelmanzoni.com\/pt-pt\/hotel-charmoso-proximo-ao-teatro-scala\/","name":"Charmoso hotel pr\u00f3ximo ao Teatro alla Scala | Hotel Manzoni Mil\u00e3o","isPartOf":{"@id":"https:\/\/hotelmanzoni.com\/pt-pt\/#website"},"primaryImageOfPage":{"@id":"https:\/\/hotelmanzoni.com\/pt-pt\/hotel-charmoso-proximo-ao-teatro-scala\/#primaryimage"},"image":{"@id":"https:\/\/hotelmanzoni.com\/pt-pt\/hotel-charmoso-proximo-ao-teatro-scala\/#primaryimage"},"thumbnailUrl":"https:\/\/hotelmanzoni.com\/wp-content\/uploads\/2018\/02\/Charming-hotel-near-Teatro-Alla-Scala-.jpg","datePublished":"2018-03-08T12:03:36+00:00","dateModified":"2021-08-07T09:53:04+00:00","description":"O prazer de uma hospedagem de classe no centro de Mil\u00e3o. Descubra o nosso charmoso hotel pr\u00f3ximo ao Teatro alla Scala, com restaurante e salas de reuni\u00f5es.","breadcrumb":{"@id":"https:\/\/hotelmanzoni.com\/pt-pt\/hotel-charmoso-proximo-ao-teatro-scala\/#breadcrumb"},"inLanguage":"pt-PT","potentialAction":[{"@type":"ReadAction","target":["https:\/\/hotelmanzoni.com\/pt-pt\/hotel-charmoso-proximo-ao-teatro-scala\/"]}]},{"@type":"ImageObject","inLanguage":"pt-PT","@id":"https:\/\/hotelmanzoni.com\/pt-pt\/hotel-charmoso-proximo-ao-teatro-scala\/#primaryimage","url":"https:\/\/hotelmanzoni.com\/wp-content\/uploads\/2018\/02\/Charming-hotel-near-Teatro-Alla-Scala-.jpg","contentUrl":"https:\/\/hotelmanzoni.com\/wp-content\/uploads\/2018\/02\/Charming-hotel-near-Teatro-Alla-Scala-.jpg","width":1600,"height":1067,"caption":"Charming hotel near Teatro Alla Scala"},{"@type":"BreadcrumbList","@id":"https:\/\/hotelmanzoni.com\/pt-pt\/hotel-charmoso-proximo-ao-teatro-scala\/#breadcrumb","itemListElement":[{"@type":"ListItem","position":1,"name":"Home","item":"https:\/\/hotelmanzoni.com\/pt-pt\/"},{"@type":"ListItem","position":2,"name":"A Manzoni Experience PT"}]},{"@type":"WebSite","@id":"https:\/\/hotelmanzoni.com\/pt-pt\/#website","url":"https:\/\/hotelmanzoni.com\/pt-pt\/","name":"Hotel Manzoni Milano","description":"Hotel vicino a Via Monte Napoleone Milano","publisher":{"@id":"https:\/\/hotelmanzoni.com\/pt-pt\/#organization"},"potentialAction":[{"@type":"SearchAction","target":{"@type":"EntryPoint","urlTemplate":"https:\/\/hotelmanzoni.com\/pt-pt\/?s={search_term_string}"},"query-input":{"@type":"PropertyValueSpecification","valueRequired":true,"valueName":"search_term_string"}}],"inLanguage":"pt-PT"},{"@type":"Organization","@id":"https:\/\/hotelmanzoni.com\/pt-pt\/#organization","name":"Hotel Manzoni Milano","url":"https:\/\/hotelmanzoni.com\/pt-pt\/","logo":{"@type":"ImageObject","inLanguage":"pt-PT","@id":"https:\/\/hotelmanzoni.com\/pt-pt\/#\/schema\/logo\/image\/","url":"https:\/\/hotelmanzoni.com\/wp-content\/uploads\/2021\/06\/logomanzoni-1.png","contentUrl":"https:\/\/hotelmanzoni.com\/wp-content\/uploads\/2021\/06\/logomanzoni-1.png","width":594,"height":498,"caption":"Hotel Manzoni Milano"},"image":{"@id":"https:\/\/hotelmanzoni.com\/pt-pt\/#\/schema\/logo\/image\/"}}]}},"_links":{"self":[{"href":"https:\/\/hotelmanzoni.com\/pt-pt\/wp-json\/wp\/v2\/pages\/993","targetHints":{"allow":["GET"]}}],"collection":[{"href":"https:\/\/hotelmanzoni.com\/pt-pt\/wp-json\/wp\/v2\/pages"}],"about":[{"href":"https:\/\/hotelmanzoni.com\/pt-pt\/wp-json\/wp\/v2\/types\/page"}],"author":[{"embeddable":true,"href":"https:\/\/hotelmanzoni.com\/pt-pt\/wp-json\/wp\/v2\/users\/4"}],"replies":[{"embeddable":true,"href":"https:\/\/hotelmanzoni.com\/pt-pt\/wp-json\/wp\/v2\/comments?post=993"}],"version-history":[{"count":7,"href":"https:\/\/hotelmanzoni.com\/pt-pt\/wp-json\/wp\/v2\/pages\/993\/revisions"}],"predecessor-version":[{"id":6507,"href":"https:\/\/hotelmanzoni.com\/pt-pt\/wp-json\/wp\/v2\/pages\/993\/revisions\/6507"}],"wp:featuredmedia":[{"embeddable":true,"href":"https:\/\/hotelmanzoni.com\/pt-pt\/wp-json\/wp\/v2\/media\/437"}],"wp:attachment":[{"href":"https:\/\/hotelmanzoni.com\/pt-pt\/wp-json\/wp\/v2\/media?parent=993"}],"curies":[{"name":"wp","href":"https:\/\/api.w.org\/{rel}","templated":true}]}}