{"id":987,"date":"2018-03-08T12:32:54","date_gmt":"2018-03-08T11:32:54","guid":{"rendered":"https:\/\/hotelmanzoni.com\/?page_id=987"},"modified":"2019-08-07T15:58:16","modified_gmt":"2019-08-07T13:58:16","slug":"homepage","status":"publish","type":"page","link":"https:\/\/hotelmanzoni.com\/pt-pt\/","title":{"rendered":"Homepage"},"content":{"rendered":"<p>O estilo sempre viveu na via Montenapoleone, onde o Hotel Manzoni, em Mil\u00e3o \u00e9 uma resid\u00eancia dedicada \u00e0queles que desejam sentir-se em casa a poucos passos do Duomo de Mil\u00e3o e no cora\u00e7\u00e3o do quarteir\u00e3o da moda.<\/p>\n","protected":false},"excerpt":{"rendered":"<p>O estilo sempre viveu na via Montenapoleone, onde o Hotel Manzoni, em Mil\u00e3o \u00e9 uma resid\u00eancia dedicada \u00e0queles que desejam sentir-se em casa a poucos passos do Duomo de Mil\u00e3o e no cora\u00e7\u00e3o do quarteir\u00e3o da moda.<\/p>\n","protected":false},"author":4,"featured_media":239,"parent":0,"menu_order":0,"comment_status":"closed","ping_status":"closed","template":"page-home.php","meta":{"_acf_changed":false,"footnotes":""},"class_list":["post-987","page","type-page","status-publish","has-post-thumbnail","hentry"],"acf":{"slider_visual":[{"ID":3182,"id":3182,"title":"Hotel via Monte Napoleone in Milan","filename":"manzoni_homepage.jpg","filesize":326458,"url":"https:\/\/hotelmanzoni.com\/wp-content\/uploads\/2018\/02\/manzoni_homepage.jpg","link":"https:\/\/hotelmanzoni.com\/pt-pt\/homepage\/manzoni_homepage-2\/","alt":"","author":"4","description":"","caption":"","name":"manzoni_homepage-2","status":"inherit","uploaded_to":987,"date":"2018-02-20 14:05:57","modified":"2018-02-20 14:05:57","menu_order":0,"mime_type":"image\/jpeg","type":"image","subtype":"jpeg","icon":"https:\/\/hotelmanzoni.com\/wp-includes\/images\/media\/default.png","width":1600,"height":1067,"sizes":{"thumbnail":"https:\/\/hotelmanzoni.com\/wp-content\/uploads\/2018\/02\/manzoni_homepage-150x150.jpg","thumbnail-width":150,"thumbnail-height":150,"medium":"https:\/\/hotelmanzoni.com\/wp-content\/uploads\/2018\/02\/manzoni_homepage-300x200.jpg","medium-width":300,"medium-height":200,"medium_large":"https:\/\/hotelmanzoni.com\/wp-content\/uploads\/2018\/02\/manzoni_homepage-768x512.jpg","medium_large-width":640,"medium_large-height":427,"large":"https:\/\/hotelmanzoni.com\/wp-content\/uploads\/2018\/02\/manzoni_homepage-1024x683.jpg","large-width":640,"large-height":427,"1536x1536":"https:\/\/hotelmanzoni.com\/wp-content\/uploads\/2018\/02\/manzoni_homepage.jpg","1536x1536-width":1536,"1536x1536-height":1024,"2048x2048":"https:\/\/hotelmanzoni.com\/wp-content\/uploads\/2018\/02\/manzoni_homepage.jpg","2048x2048-width":1600,"2048x2048-height":1067}},{"ID":3189,"id":3189,"title":"hotel a milano wi-fi gratuito","filename":"MG_0625.jpg","filesize":298246,"url":"https:\/\/hotelmanzoni.com\/wp-content\/uploads\/2018\/02\/MG_0625.jpg","link":"https:\/\/hotelmanzoni.com\/pt-pt\/homepage\/_mg_0625-2\/","alt":"","author":"4","description":"","caption":"","name":"_mg_0625-2","status":"inherit","uploaded_to":987,"date":"2018-02-20 14:08:00","modified":"2018-02-20 14:08:00","menu_order":0,"mime_type":"image\/jpeg","type":"image","subtype":"jpeg","icon":"https:\/\/hotelmanzoni.com\/wp-includes\/images\/media\/default.png","width":1600,"height":1067,"sizes":{"thumbnail":"https:\/\/hotelmanzoni.com\/wp-content\/uploads\/2018\/02\/MG_0625-150x150.jpg","thumbnail-width":150,"thumbnail-height":150,"medium":"https:\/\/hotelmanzoni.com\/wp-content\/uploads\/2018\/02\/MG_0625-300x200.jpg","medium-width":300,"medium-height":200,"medium_large":"https:\/\/hotelmanzoni.com\/wp-content\/uploads\/2018\/02\/MG_0625-768x512.jpg","medium_large-width":640,"medium_large-height":427,"large":"https:\/\/hotelmanzoni.com\/wp-content\/uploads\/2018\/02\/MG_0625-1024x683.jpg","large-width":640,"large-height":427,"1536x1536":"https:\/\/hotelmanzoni.com\/wp-content\/uploads\/2018\/02\/MG_0625.jpg","1536x1536-width":1536,"1536x1536-height":1024,"2048x2048":"https:\/\/hotelmanzoni.com\/wp-content\/uploads\/2018\/02\/MG_0625.jpg","2048x2048-width":1600,"2048x2048-height":1067}},{"ID":3196,"id":3196,"title":"hotel manzoni milano","filename":"BM3A7776.jpg","filesize":306529,"url":"https:\/\/hotelmanzoni.com\/wp-content\/uploads\/2018\/02\/BM3A7776.jpg","link":"https:\/\/hotelmanzoni.com\/pt-pt\/homepage\/bm3a7776-3\/","alt":"","author":"4","description":"","caption":"","name":"bm3a7776-3","status":"inherit","uploaded_to":987,"date":"2018-02-20 14:10:37","modified":"2018-02-20 14:10:37","menu_order":0,"mime_type":"image\/jpeg","type":"image","subtype":"jpeg","icon":"https:\/\/hotelmanzoni.com\/wp-includes\/images\/media\/default.png","width":1600,"height":1014,"sizes":{"thumbnail":"https:\/\/hotelmanzoni.com\/wp-content\/uploads\/2018\/02\/BM3A7776-150x150.jpg","thumbnail-width":150,"thumbnail-height":150,"medium":"https:\/\/hotelmanzoni.com\/wp-content\/uploads\/2018\/02\/BM3A7776-300x190.jpg","medium-width":300,"medium-height":190,"medium_large":"https:\/\/hotelmanzoni.com\/wp-content\/uploads\/2018\/02\/BM3A7776-768x487.jpg","medium_large-width":640,"medium_large-height":406,"large":"https:\/\/hotelmanzoni.com\/wp-content\/uploads\/2018\/02\/BM3A7776-1024x649.jpg","large-width":640,"large-height":406,"1536x1536":"https:\/\/hotelmanzoni.com\/wp-content\/uploads\/2018\/02\/BM3A7776.jpg","1536x1536-width":1536,"1536x1536-height":973,"2048x2048":"https:\/\/hotelmanzoni.com\/wp-content\/uploads\/2018\/02\/BM3A7776.jpg","2048x2048-width":1600,"2048x2048-height":1014}}],"testo_visual":"","immagine_prima_sezione":"https:\/\/hotelmanzoni.com\/wp-content\/uploads\/2018\/02\/manzoni_homepage3.jpg","titolo_h1":"Hotel via Montenapoleone em Mil\u00e3o ","testo_principale":"<p>O estilo sempre viveu na via Montenapoleone, onde o Hotel Manzoni, em Mil\u00e3o \u00e9 uma resid\u00eancia dedicada \u00e0queles que desejam sentir-se em casa a poucos passos do Duomo de Mil\u00e3o e no cora\u00e7\u00e3o do quarteir\u00e3o da moda.<\/p>\n","immagine_location":"https:\/\/hotelmanzoni.com\/wp-content\/uploads\/2018\/02\/manzoni_homepage2.jpg","testo_location":"A Manzoni Experience","camere":[{"immagine":"https:\/\/hotelmanzoni.com\/wp-content\/uploads\/2018\/02\/BM3A0575.jpg","titolo":"Quartos Classic","testo":"<p>Conforto e eleg\u00e2ncia, pisos de parquet e aten\u00e7\u00e3o aos detalhes. Solu\u00e7\u00e3o de prest\u00edgio para dormir no centro de Mil\u00e3o. <\/p>\n"},{"immagine":"https:\/\/hotelmanzoni.com\/wp-content\/uploads\/2018\/02\/deluxe.jpg","titolo":"Quartos Deluxe","testo":"<p>Quarto amplo com conforto e servi\u00e7os de luxo. Um ambiente acolhedor, relaxante e rejuvenescedor, no cora\u00e7\u00e3o de Mil\u00e3o. <\/p>\n"},{"immagine":"https:\/\/hotelmanzoni.com\/wp-content\/uploads\/2018\/02\/js.jpg","titolo":"SU\u00cdTE J\u00daNIOR","testo":"<p>Solu\u00e7\u00e3o elegante e acolhedora para se hospedar em Mil\u00e3o. Sala de estar, quarto e espl\u00eandido banheiro em m\u00e1rmore.<\/p>\n"},{"immagine":"https:\/\/hotelmanzoni.com\/wp-content\/uploads\/2018\/02\/suites.jpg","titolo":"SU\u00cdTE","testo":"<p>Situada no \u00faltimo andar, espa\u00e7osa e iluminada. Sala de estar, quarto, closet e banheiro em m\u00e1rmore refinado. <\/p>\n"}],"titolo_recensioni":"OS COMENT\u00c1RIOS","sottotitolo_recensioni":"A opini\u00e3o dos h\u00f3spedes","immagine_sinistra_recensioni":"https:\/\/hotelmanzoni.com\/wp-content\/uploads\/2018\/03\/Manzoni-Hotel-Milano-recensioni.jpg","immagine_destra_recensioni":"https:\/\/hotelmanzoni.com\/wp-content\/uploads\/2018\/02\/Manzoni-esterna.jpg","recensioni":[{"testo":"<p>&#8220;This hotel is in a great location, central Manzoni in the fashion district. Quite a boutique vibe with traditional classic interiors. I found this stay very comfortable with friendly staff and the free Venchi chocolates are the best! All enjoyed with a very nice Cognac!&#8221; (dan g)<\/p>\n"},{"testo":"<p>&#8220;Everyone was just thrilled with this beautiful hotel with its stylish rooms, comfy bed and bedding, gorgeous common areas and great breakfast.&#8221; (KathrynandTim, Los Angeles)<\/p>\n"},{"testo":"<p>&#8220;Wonderful experience even though we are old Milan veterans and we knew the hotel but had never stayed there. We will probably stay there on every single future visit. Location is second to none, service and amenities are excellent.&#8221; (aladdinelafifi, Cairo, Egypt)<\/p>\n"},{"testo":"<p>&#8220;First of all the location of this hotel is very good. Especially if you come to Milan for shopping. Rooms are very comfortable, clean and nicely decorated. Staff at the reception are very helpful and friendly.&#8221; (Marina T)<\/p>\n"},{"testo":"<p>&#8220;Our home in Milano from home, very nice rooms, classic, very clean, very friendly staff, safe parking and great location, in the heart of Milano shopping. Only a short walk from the Duomo, a Metro-Station and great food!&#8221; (peterhU8855DU)<\/p>\n"},{"testo":"<p>&#8220;In my opinion, the hotel is exceptional. The front desk staff were pleasant and welcoming and recommended a great lunch spot for me when I first arrived and was jet-lagged and starving. The hotel is spotless which is really important to me.&#8221; (Paul, NY)<\/p>\n"},{"testo":"<p>&#8220;Our home in Milano from home, very nice rooms, classic, very clean, very friendly staff, safe parking and great location, in the heart of Milano shopping. Only a short walk from the Duomo, a Metro-Station and great food!&#8221; (peterhU8855DU)<\/p>\n"},{"testo":"<p>&#8220;In my opinion, the hotel is exceptional. The front desk staff were pleasant and welcoming and recommended a great lunch spot for me when I first arrived and was jet-lagged and starving. The hotel is spotless which is really important to me.&#8221; (Paul, NY)<\/p>\n"}],"link_scopri_camere":"https:\/\/hotelmanzoni.com\/pt-pt\/suite-quartos-luxo-centro-milao\/","testo_link_camere":"DESCUBRA OS QUARTOS ","link_manzoni":"https:\/\/hotelmanzoni.com\/pt-pt\/hotel-charmoso-proximo-ao-teatro-scala\/","link_milano":"https:\/\/hotelmanzoni.com\/pt-pt\/hotel-quarteirao-moda-milao\/","testo_milano":"Milano","testo_experience":"Experience"},"yoast_head":"<!-- This site is optimized with the Yoast SEO plugin v24.9 - https:\/\/yoast.com\/wordpress\/plugins\/seo\/ -->\r\n<title>Hotel via Montenapoleone Mil\u00e3o | Hotel Manzoni Site Oficial<\/title>\r\n<meta name=\"description\" content=\"Bem-vindos ao site oficial do Hotel Manzoni, em Mil\u00e3o, na via Montenapoleone. Estilo, privacidade e conforto para uma hospedagem italiana de alta classe.\" \/>\r\n<meta name=\"robots\" content=\"index, follow, max-snippet:-1, max-image-preview:large, max-video-preview:-1\" \/>\r\n<link rel=\"canonical\" href=\"https:\/\/hotelmanzoni.com\/pt-pt\/\" \/>\r\n<meta property=\"og:locale\" content=\"pt_PT\" \/>\r\n<meta property=\"og:type\" content=\"article\" \/>\r\n<meta property=\"og:title\" content=\"Hotel via Montenapoleone Mil\u00e3o | Hotel Manzoni Site Oficial\" \/>\r\n<meta property=\"og:description\" content=\"Bem-vindos ao site oficial do Hotel Manzoni, em Mil\u00e3o, na via Montenapoleone. Estilo, privacidade e conforto para uma hospedagem italiana de alta classe.\" \/>\r\n<meta property=\"og:url\" content=\"https:\/\/hotelmanzoni.com\/pt-pt\/\" \/>\r\n<meta property=\"og:site_name\" content=\"Hotel Manzoni\" \/>\r\n<meta property=\"article:modified_time\" content=\"2019-08-07T13:58:16+00:00\" \/>\r\n<meta property=\"og:image\" content=\"https:\/\/hotelmanzoni.com\/wp-content\/uploads\/2018\/02\/manzoni_homepage.jpg\" \/>\r\n\t<meta property=\"og:image:width\" content=\"1600\" \/>\r\n\t<meta property=\"og:image:height\" content=\"1067\" \/>\r\n\t<meta property=\"og:image:type\" content=\"image\/jpeg\" \/>\r\n<meta name=\"twitter:card\" content=\"summary_large_image\" \/>\r\n<script type=\"application\/ld+json\" class=\"yoast-schema-graph\">{\"@context\":\"https:\/\/schema.org\",\"@graph\":[{\"@type\":\"WebPage\",\"@id\":\"https:\/\/hotelmanzoni.com\/pt-pt\/\",\"url\":\"https:\/\/hotelmanzoni.com\/pt-pt\/\",\"name\":\"Hotel via Montenapoleone Mil\u00e3o | Hotel Manzoni Site Oficial\",\"isPartOf\":{\"@id\":\"https:\/\/hotelmanzoni.com\/pt-pt\/#website\"},\"primaryImageOfPage\":{\"@id\":\"https:\/\/hotelmanzoni.com\/pt-pt\/#primaryimage\"},\"image\":{\"@id\":\"https:\/\/hotelmanzoni.com\/pt-pt\/#primaryimage\"},\"thumbnailUrl\":\"https:\/\/hotelmanzoni.com\/wp-content\/uploads\/2018\/02\/manzoni_homepage.jpg\",\"datePublished\":\"2018-03-08T11:32:54+00:00\",\"dateModified\":\"2019-08-07T13:58:16+00:00\",\"description\":\"Bem-vindos ao site oficial do Hotel Manzoni, em Mil\u00e3o, na via Montenapoleone. Estilo, privacidade e conforto para uma hospedagem italiana de alta classe.\",\"breadcrumb\":{\"@id\":\"https:\/\/hotelmanzoni.com\/pt-pt\/#breadcrumb\"},\"inLanguage\":\"pt-PT\",\"potentialAction\":[{\"@type\":\"ReadAction\",\"target\":[\"https:\/\/hotelmanzoni.com\/pt-pt\/\"]}]},{\"@type\":\"ImageObject\",\"inLanguage\":\"pt-PT\",\"@id\":\"https:\/\/hotelmanzoni.com\/pt-pt\/#primaryimage\",\"url\":\"https:\/\/hotelmanzoni.com\/wp-content\/uploads\/2018\/02\/manzoni_homepage.jpg\",\"contentUrl\":\"https:\/\/hotelmanzoni.com\/wp-content\/uploads\/2018\/02\/manzoni_homepage.jpg\",\"width\":1600,\"height\":1067,\"caption\":\"Hotel via montenapoleone Milan\"},{\"@type\":\"BreadcrumbList\",\"@id\":\"https:\/\/hotelmanzoni.com\/pt-pt\/#breadcrumb\",\"itemListElement\":[{\"@type\":\"ListItem\",\"position\":1,\"name\":\"Home\",\"item\":\"https:\/\/hotelmanzoni.com\/pt-pt\/\"},{\"@type\":\"ListItem\",\"position\":2,\"name\":\"Homepage\"}]},{\"@type\":\"WebSite\",\"@id\":\"https:\/\/hotelmanzoni.com\/pt-pt\/#website\",\"url\":\"https:\/\/hotelmanzoni.com\/pt-pt\/\",\"name\":\"Hotel Manzoni Milano\",\"description\":\"Hotel vicino a Via Monte Napoleone Milano\",\"publisher\":{\"@id\":\"https:\/\/hotelmanzoni.com\/pt-pt\/#organization\"},\"potentialAction\":[{\"@type\":\"SearchAction\",\"target\":{\"@type\":\"EntryPoint\",\"urlTemplate\":\"https:\/\/hotelmanzoni.com\/pt-pt\/?s={search_term_string}\"},\"query-input\":{\"@type\":\"PropertyValueSpecification\",\"valueRequired\":true,\"valueName\":\"search_term_string\"}}],\"inLanguage\":\"pt-PT\"},{\"@type\":\"Organization\",\"@id\":\"https:\/\/hotelmanzoni.com\/pt-pt\/#organization\",\"name\":\"Hotel Manzoni Milano\",\"url\":\"https:\/\/hotelmanzoni.com\/pt-pt\/\",\"logo\":{\"@type\":\"ImageObject\",\"inLanguage\":\"pt-PT\",\"@id\":\"https:\/\/hotelmanzoni.com\/pt-pt\/#\/schema\/logo\/image\/\",\"url\":\"https:\/\/hotelmanzoni.com\/wp-content\/uploads\/2021\/06\/logomanzoni-1.png\",\"contentUrl\":\"https:\/\/hotelmanzoni.com\/wp-content\/uploads\/2021\/06\/logomanzoni-1.png\",\"width\":594,\"height\":498,\"caption\":\"Hotel Manzoni Milano\"},\"image\":{\"@id\":\"https:\/\/hotelmanzoni.com\/pt-pt\/#\/schema\/logo\/image\/\"}}]}<\/script>\r\n<!-- \/ Yoast SEO plugin. -->","yoast_head_json":{"title":"Hotel via Montenapoleone Mil\u00e3o | Hotel Manzoni Site Oficial","description":"Bem-vindos ao site oficial do Hotel Manzoni, em Mil\u00e3o, na via Montenapoleone. Estilo, privacidade e conforto para uma hospedagem italiana de alta classe.","robots":{"index":"index","follow":"follow","max-snippet":"max-snippet:-1","max-image-preview":"max-image-preview:large","max-video-preview":"max-video-preview:-1"},"canonical":"https:\/\/hotelmanzoni.com\/pt-pt\/","og_locale":"pt_PT","og_type":"article","og_title":"Hotel via Montenapoleone Mil\u00e3o | Hotel Manzoni Site Oficial","og_description":"Bem-vindos ao site oficial do Hotel Manzoni, em Mil\u00e3o, na via Montenapoleone. Estilo, privacidade e conforto para uma hospedagem italiana de alta classe.","og_url":"https:\/\/hotelmanzoni.com\/pt-pt\/","og_site_name":"Hotel Manzoni","article_modified_time":"2019-08-07T13:58:16+00:00","og_image":[{"width":1600,"height":1067,"url":"https:\/\/hotelmanzoni.com\/wp-content\/uploads\/2018\/02\/manzoni_homepage.jpg","type":"image\/jpeg"}],"twitter_card":"summary_large_image","schema":{"@context":"https:\/\/schema.org","@graph":[{"@type":"WebPage","@id":"https:\/\/hotelmanzoni.com\/pt-pt\/","url":"https:\/\/hotelmanzoni.com\/pt-pt\/","name":"Hotel via Montenapoleone Mil\u00e3o | Hotel Manzoni Site Oficial","isPartOf":{"@id":"https:\/\/hotelmanzoni.com\/pt-pt\/#website"},"primaryImageOfPage":{"@id":"https:\/\/hotelmanzoni.com\/pt-pt\/#primaryimage"},"image":{"@id":"https:\/\/hotelmanzoni.com\/pt-pt\/#primaryimage"},"thumbnailUrl":"https:\/\/hotelmanzoni.com\/wp-content\/uploads\/2018\/02\/manzoni_homepage.jpg","datePublished":"2018-03-08T11:32:54+00:00","dateModified":"2019-08-07T13:58:16+00:00","description":"Bem-vindos ao site oficial do Hotel Manzoni, em Mil\u00e3o, na via Montenapoleone. Estilo, privacidade e conforto para uma hospedagem italiana de alta classe.","breadcrumb":{"@id":"https:\/\/hotelmanzoni.com\/pt-pt\/#breadcrumb"},"inLanguage":"pt-PT","potentialAction":[{"@type":"ReadAction","target":["https:\/\/hotelmanzoni.com\/pt-pt\/"]}]},{"@type":"ImageObject","inLanguage":"pt-PT","@id":"https:\/\/hotelmanzoni.com\/pt-pt\/#primaryimage","url":"https:\/\/hotelmanzoni.com\/wp-content\/uploads\/2018\/02\/manzoni_homepage.jpg","contentUrl":"https:\/\/hotelmanzoni.com\/wp-content\/uploads\/2018\/02\/manzoni_homepage.jpg","width":1600,"height":1067,"caption":"Hotel via montenapoleone Milan"},{"@type":"BreadcrumbList","@id":"https:\/\/hotelmanzoni.com\/pt-pt\/#breadcrumb","itemListElement":[{"@type":"ListItem","position":1,"name":"Home","item":"https:\/\/hotelmanzoni.com\/pt-pt\/"},{"@type":"ListItem","position":2,"name":"Homepage"}]},{"@type":"WebSite","@id":"https:\/\/hotelmanzoni.com\/pt-pt\/#website","url":"https:\/\/hotelmanzoni.com\/pt-pt\/","name":"Hotel Manzoni Milano","description":"Hotel vicino a Via Monte Napoleone Milano","publisher":{"@id":"https:\/\/hotelmanzoni.com\/pt-pt\/#organization"},"potentialAction":[{"@type":"SearchAction","target":{"@type":"EntryPoint","urlTemplate":"https:\/\/hotelmanzoni.com\/pt-pt\/?s={search_term_string}"},"query-input":{"@type":"PropertyValueSpecification","valueRequired":true,"valueName":"search_term_string"}}],"inLanguage":"pt-PT"},{"@type":"Organization","@id":"https:\/\/hotelmanzoni.com\/pt-pt\/#organization","name":"Hotel Manzoni Milano","url":"https:\/\/hotelmanzoni.com\/pt-pt\/","logo":{"@type":"ImageObject","inLanguage":"pt-PT","@id":"https:\/\/hotelmanzoni.com\/pt-pt\/#\/schema\/logo\/image\/","url":"https:\/\/hotelmanzoni.com\/wp-content\/uploads\/2021\/06\/logomanzoni-1.png","contentUrl":"https:\/\/hotelmanzoni.com\/wp-content\/uploads\/2021\/06\/logomanzoni-1.png","width":594,"height":498,"caption":"Hotel Manzoni Milano"},"image":{"@id":"https:\/\/hotelmanzoni.com\/pt-pt\/#\/schema\/logo\/image\/"}}]}},"_links":{"self":[{"href":"https:\/\/hotelmanzoni.com\/pt-pt\/wp-json\/wp\/v2\/pages\/987","targetHints":{"allow":["GET"]}}],"collection":[{"href":"https:\/\/hotelmanzoni.com\/pt-pt\/wp-json\/wp\/v2\/pages"}],"about":[{"href":"https:\/\/hotelmanzoni.com\/pt-pt\/wp-json\/wp\/v2\/types\/page"}],"author":[{"embeddable":true,"href":"https:\/\/hotelmanzoni.com\/pt-pt\/wp-json\/wp\/v2\/users\/4"}],"replies":[{"embeddable":true,"href":"https:\/\/hotelmanzoni.com\/pt-pt\/wp-json\/wp\/v2\/comments?post=987"}],"version-history":[{"count":9,"href":"https:\/\/hotelmanzoni.com\/pt-pt\/wp-json\/wp\/v2\/pages\/987\/revisions"}],"predecessor-version":[{"id":2981,"href":"https:\/\/hotelmanzoni.com\/pt-pt\/wp-json\/wp\/v2\/pages\/987\/revisions\/2981"}],"wp:featuredmedia":[{"embeddable":true,"href":"https:\/\/hotelmanzoni.com\/pt-pt\/wp-json\/wp\/v2\/media\/239"}],"wp:attachment":[{"href":"https:\/\/hotelmanzoni.com\/pt-pt\/wp-json\/wp\/v2\/media?parent=987"}],"curies":[{"name":"wp","href":"https:\/\/api.w.org\/{rel}","templated":true}]}}