{"id":978,"date":"2018-03-08T12:24:49","date_gmt":"2018-03-08T11:24:49","guid":{"rendered":"https:\/\/hotelmanzoni.com\/?page_id=978"},"modified":"2018-04-05T15:25:10","modified_gmt":"2018-04-05T13:25:10","slug":"descubra-lado-mais-exclusivo-milao","status":"publish","type":"page","link":"https:\/\/hotelmanzoni.com\/pt-pt\/descubra-lado-mais-exclusivo-milao\/","title":{"rendered":"Dintorni PT"},"content":{"rendered":"<p>O Hotel Manzoni est\u00e1 localizado no cora\u00e7\u00e3o de Mil\u00e3o, na via Santo Spirito, a apenas 10 minutos a p\u00e9 do Duomo, do Teatro Alla Scala, da Pinacoteca Brera e da Galleria Vittorio Emanuele II. A proximidade com a Via Montenapoleone e a Via della Spiga oferece a cada h\u00f3spede a oportunidade de fazer compras em um ambiente realmente exclusivo. <\/p>\n","protected":false},"excerpt":{"rendered":"<p>O Hotel Manzoni est\u00e1 localizado no cora\u00e7\u00e3o de Mil\u00e3o, na via Santo Spirito, a apenas 10 minutos a p\u00e9 do Duomo, do Teatro Alla Scala, da Pinacoteca Brera e da Galleria Vittorio Emanuele II. A proximidade com a Via Montenapoleone e a Via della Spiga oferece a cada h\u00f3spede a oportunidade de fazer compras em [&hellip;]<\/p>\n","protected":false},"author":4,"featured_media":0,"parent":0,"menu_order":0,"comment_status":"closed","ping_status":"closed","template":"page-dintorni.php","meta":{"_acf_changed":false,"footnotes":""},"class_list":["post-978","page","type-page","status-publish","hentry"],"acf":{"slider_visual":[{"ID":3462,"id":3462,"title":"teatro alla scala milano","filename":"20110725_Milano_La_Scala_5507.jpg","filesize":282415,"url":"https:\/\/hotelmanzoni.com\/wp-content\/uploads\/2018\/02\/20110725_Milano_La_Scala_5507.jpg","link":"https:\/\/hotelmanzoni.com\/pt-pt\/descubra-lado-mais-exclusivo-milao\/20110725_milano_la_scala_5507-2\/","alt":"","author":"4","description":"","caption":"","name":"20110725_milano_la_scala_5507-2","status":"inherit","uploaded_to":978,"date":"2018-02-21 09:11:21","modified":"2018-02-21 09:11:21","menu_order":0,"mime_type":"image\/jpeg","type":"image","subtype":"jpeg","icon":"https:\/\/hotelmanzoni.com\/wp-includes\/images\/media\/default.png","width":1599,"height":832,"sizes":{"thumbnail":"https:\/\/hotelmanzoni.com\/wp-content\/uploads\/2018\/02\/20110725_Milano_La_Scala_5507-150x150.jpg","thumbnail-width":150,"thumbnail-height":150,"medium":"https:\/\/hotelmanzoni.com\/wp-content\/uploads\/2018\/02\/20110725_Milano_La_Scala_5507-300x156.jpg","medium-width":300,"medium-height":156,"medium_large":"https:\/\/hotelmanzoni.com\/wp-content\/uploads\/2018\/02\/20110725_Milano_La_Scala_5507-768x400.jpg","medium_large-width":640,"medium_large-height":333,"large":"https:\/\/hotelmanzoni.com\/wp-content\/uploads\/2018\/02\/20110725_Milano_La_Scala_5507-1024x533.jpg","large-width":640,"large-height":333,"1536x1536":"https:\/\/hotelmanzoni.com\/wp-content\/uploads\/2018\/02\/20110725_Milano_La_Scala_5507.jpg","1536x1536-width":1536,"1536x1536-height":799,"2048x2048":"https:\/\/hotelmanzoni.com\/wp-content\/uploads\/2018\/02\/20110725_Milano_La_Scala_5507.jpg","2048x2048-width":1599,"2048x2048-height":832}},{"ID":3777,"id":3777,"title":"Milano-Brera-Pinacoteca","filename":"Milano-Brera-Pinacoteca.jpg","filesize":283043,"url":"https:\/\/hotelmanzoni.com\/wp-content\/uploads\/2018\/02\/Milano-Brera-Pinacoteca.jpg","link":"https:\/\/hotelmanzoni.com\/pt-pt\/descubra-lado-mais-exclusivo-milao\/milano-brera-pinacoteca-2\/","alt":"","author":"4","description":"","caption":"","name":"milano-brera-pinacoteca-2","status":"inherit","uploaded_to":978,"date":"2018-02-26 16:16:43","modified":"2018-02-26 16:16:43","menu_order":0,"mime_type":"image\/jpeg","type":"image","subtype":"jpeg","icon":"https:\/\/hotelmanzoni.com\/wp-includes\/images\/media\/default.png","width":1600,"height":1064,"sizes":{"thumbnail":"https:\/\/hotelmanzoni.com\/wp-content\/uploads\/2018\/02\/Milano-Brera-Pinacoteca-150x150.jpg","thumbnail-width":150,"thumbnail-height":150,"medium":"https:\/\/hotelmanzoni.com\/wp-content\/uploads\/2018\/02\/Milano-Brera-Pinacoteca-300x200.jpg","medium-width":300,"medium-height":200,"medium_large":"https:\/\/hotelmanzoni.com\/wp-content\/uploads\/2018\/02\/Milano-Brera-Pinacoteca-768x511.jpg","medium_large-width":640,"medium_large-height":426,"large":"https:\/\/hotelmanzoni.com\/wp-content\/uploads\/2018\/02\/Milano-Brera-Pinacoteca-1024x681.jpg","large-width":640,"large-height":426,"1536x1536":"https:\/\/hotelmanzoni.com\/wp-content\/uploads\/2018\/02\/Milano-Brera-Pinacoteca.jpg","1536x1536-width":1536,"1536x1536-height":1021,"2048x2048":"https:\/\/hotelmanzoni.com\/wp-content\/uploads\/2018\/02\/Milano-Brera-Pinacoteca.jpg","2048x2048-width":1600,"2048x2048-height":1064}},{"ID":4057,"id":4057,"title":"arco della pace","filename":"arco-pace.jpg","filesize":162082,"url":"https:\/\/hotelmanzoni.com\/wp-content\/uploads\/2018\/03\/arco-pace.jpg","link":"https:\/\/hotelmanzoni.com\/pt-pt\/descubra-lado-mais-exclusivo-milao\/arco-pace-2\/","alt":"","author":"4","description":"","caption":"","name":"arco-pace-2","status":"inherit","uploaded_to":978,"date":"2018-03-12 13:56:13","modified":"2018-03-12 13:56:13","menu_order":0,"mime_type":"image\/jpeg","type":"image","subtype":"jpeg","icon":"https:\/\/hotelmanzoni.com\/wp-includes\/images\/media\/default.png","width":1600,"height":844,"sizes":{"thumbnail":"https:\/\/hotelmanzoni.com\/wp-content\/uploads\/2018\/03\/arco-pace-150x150.jpg","thumbnail-width":150,"thumbnail-height":150,"medium":"https:\/\/hotelmanzoni.com\/wp-content\/uploads\/2018\/03\/arco-pace-300x158.jpg","medium-width":300,"medium-height":158,"medium_large":"https:\/\/hotelmanzoni.com\/wp-content\/uploads\/2018\/03\/arco-pace-768x405.jpg","medium_large-width":640,"medium_large-height":338,"large":"https:\/\/hotelmanzoni.com\/wp-content\/uploads\/2018\/03\/arco-pace-1024x540.jpg","large-width":640,"large-height":338,"1536x1536":"https:\/\/hotelmanzoni.com\/wp-content\/uploads\/2018\/03\/arco-pace.jpg","1536x1536-width":1536,"1536x1536-height":810,"2048x2048":"https:\/\/hotelmanzoni.com\/wp-content\/uploads\/2018\/03\/arco-pace.jpg","2048x2048-width":1600,"2048x2048-height":844}}],"testo_visual":"Nos arredores do Hotel Manzoni","immagine_prima_sezione":"https:\/\/hotelmanzoni.com\/wp-content\/uploads\/2018\/03\/Milano-panorama.jpg","titolo_h1":"Descobrindo o lado mais exclusivo de Mil\u00e3o! ","testo_principale":"<p>O Hotel Manzoni est\u00e1 localizado no cora\u00e7\u00e3o de Mil\u00e3o, na via Santo Spirito, a apenas 10 minutos a p\u00e9 do Duomo, do Teatro Alla Scala, da Pinacoteca Brera e da Galleria Vittorio Emanuele II. A proximidade com a Via Montenapoleone e a Via della Spiga oferece a cada h\u00f3spede a oportunidade de fazer compras em um ambiente realmente exclusivo. <\/p>\n"},"yoast_head":"<!-- This site is optimized with the Yoast SEO plugin v24.9 - https:\/\/yoast.com\/wordpress\/plugins\/seo\/ -->\r\n<title>Descubra o lado mais exclusivo de Mil\u00e3o | Hotel Manzoni Mil\u00e3o centro<\/title>\r\n<meta name=\"description\" content=\"Descubra o lado mais exclusivo de Mil\u00e3o nos arredores do Hotel Manzoni: museus, arte e lojas de luxo em uma \u00e1rea elegante e exclusiva, pr\u00f3ximo ao metr\u00f4.\" \/>\r\n<meta name=\"robots\" content=\"index, follow, max-snippet:-1, max-image-preview:large, max-video-preview:-1\" \/>\r\n<link rel=\"canonical\" href=\"https:\/\/hotelmanzoni.com\/pt-pt\/descubra-lado-mais-exclusivo-milao\/\" \/>\r\n<meta property=\"og:locale\" content=\"pt_PT\" \/>\r\n<meta property=\"og:type\" content=\"article\" \/>\r\n<meta property=\"og:title\" content=\"Descubra o lado mais exclusivo de Mil\u00e3o | Hotel Manzoni Mil\u00e3o centro\" \/>\r\n<meta property=\"og:description\" content=\"Descubra o lado mais exclusivo de Mil\u00e3o nos arredores do Hotel Manzoni: museus, arte e lojas de luxo em uma \u00e1rea elegante e exclusiva, pr\u00f3ximo ao metr\u00f4.\" \/>\r\n<meta property=\"og:url\" content=\"https:\/\/hotelmanzoni.com\/pt-pt\/descubra-lado-mais-exclusivo-milao\/\" \/>\r\n<meta property=\"og:site_name\" content=\"Hotel Manzoni\" \/>\r\n<meta property=\"article:modified_time\" content=\"2018-04-05T13:25:10+00:00\" \/>\r\n<meta name=\"twitter:card\" content=\"summary_large_image\" \/>\r\n<script type=\"application\/ld+json\" class=\"yoast-schema-graph\">{\"@context\":\"https:\/\/schema.org\",\"@graph\":[{\"@type\":\"WebPage\",\"@id\":\"https:\/\/hotelmanzoni.com\/pt-pt\/descubra-lado-mais-exclusivo-milao\/\",\"url\":\"https:\/\/hotelmanzoni.com\/pt-pt\/descubra-lado-mais-exclusivo-milao\/\",\"name\":\"Descubra o lado mais exclusivo de Mil\u00e3o | Hotel Manzoni Mil\u00e3o centro\",\"isPartOf\":{\"@id\":\"https:\/\/hotelmanzoni.com\/pt-pt\/#website\"},\"datePublished\":\"2018-03-08T11:24:49+00:00\",\"dateModified\":\"2018-04-05T13:25:10+00:00\",\"description\":\"Descubra o lado mais exclusivo de Mil\u00e3o nos arredores do Hotel Manzoni: museus, arte e lojas de luxo em uma \u00e1rea elegante e exclusiva, pr\u00f3ximo ao metr\u00f4.\",\"breadcrumb\":{\"@id\":\"https:\/\/hotelmanzoni.com\/pt-pt\/descubra-lado-mais-exclusivo-milao\/#breadcrumb\"},\"inLanguage\":\"pt-PT\",\"potentialAction\":[{\"@type\":\"ReadAction\",\"target\":[\"https:\/\/hotelmanzoni.com\/pt-pt\/descubra-lado-mais-exclusivo-milao\/\"]}]},{\"@type\":\"BreadcrumbList\",\"@id\":\"https:\/\/hotelmanzoni.com\/pt-pt\/descubra-lado-mais-exclusivo-milao\/#breadcrumb\",\"itemListElement\":[{\"@type\":\"ListItem\",\"position\":1,\"name\":\"Home\",\"item\":\"https:\/\/hotelmanzoni.com\/pt-pt\/\"},{\"@type\":\"ListItem\",\"position\":2,\"name\":\"Dintorni PT\"}]},{\"@type\":\"WebSite\",\"@id\":\"https:\/\/hotelmanzoni.com\/pt-pt\/#website\",\"url\":\"https:\/\/hotelmanzoni.com\/pt-pt\/\",\"name\":\"Hotel Manzoni Milano\",\"description\":\"Hotel vicino a Via Monte Napoleone Milano\",\"publisher\":{\"@id\":\"https:\/\/hotelmanzoni.com\/pt-pt\/#organization\"},\"potentialAction\":[{\"@type\":\"SearchAction\",\"target\":{\"@type\":\"EntryPoint\",\"urlTemplate\":\"https:\/\/hotelmanzoni.com\/pt-pt\/?s={search_term_string}\"},\"query-input\":{\"@type\":\"PropertyValueSpecification\",\"valueRequired\":true,\"valueName\":\"search_term_string\"}}],\"inLanguage\":\"pt-PT\"},{\"@type\":\"Organization\",\"@id\":\"https:\/\/hotelmanzoni.com\/pt-pt\/#organization\",\"name\":\"Hotel Manzoni Milano\",\"url\":\"https:\/\/hotelmanzoni.com\/pt-pt\/\",\"logo\":{\"@type\":\"ImageObject\",\"inLanguage\":\"pt-PT\",\"@id\":\"https:\/\/hotelmanzoni.com\/pt-pt\/#\/schema\/logo\/image\/\",\"url\":\"https:\/\/hotelmanzoni.com\/wp-content\/uploads\/2021\/06\/logomanzoni-1.png\",\"contentUrl\":\"https:\/\/hotelmanzoni.com\/wp-content\/uploads\/2021\/06\/logomanzoni-1.png\",\"width\":594,\"height\":498,\"caption\":\"Hotel Manzoni Milano\"},\"image\":{\"@id\":\"https:\/\/hotelmanzoni.com\/pt-pt\/#\/schema\/logo\/image\/\"}}]}<\/script>\r\n<!-- \/ Yoast SEO plugin. -->","yoast_head_json":{"title":"Descubra o lado mais exclusivo de Mil\u00e3o | Hotel Manzoni Mil\u00e3o centro","description":"Descubra o lado mais exclusivo de Mil\u00e3o nos arredores do Hotel Manzoni: museus, arte e lojas de luxo em uma \u00e1rea elegante e exclusiva, pr\u00f3ximo ao metr\u00f4.","robots":{"index":"index","follow":"follow","max-snippet":"max-snippet:-1","max-image-preview":"max-image-preview:large","max-video-preview":"max-video-preview:-1"},"canonical":"https:\/\/hotelmanzoni.com\/pt-pt\/descubra-lado-mais-exclusivo-milao\/","og_locale":"pt_PT","og_type":"article","og_title":"Descubra o lado mais exclusivo de Mil\u00e3o | Hotel Manzoni Mil\u00e3o centro","og_description":"Descubra o lado mais exclusivo de Mil\u00e3o nos arredores do Hotel Manzoni: museus, arte e lojas de luxo em uma \u00e1rea elegante e exclusiva, pr\u00f3ximo ao metr\u00f4.","og_url":"https:\/\/hotelmanzoni.com\/pt-pt\/descubra-lado-mais-exclusivo-milao\/","og_site_name":"Hotel Manzoni","article_modified_time":"2018-04-05T13:25:10+00:00","twitter_card":"summary_large_image","schema":{"@context":"https:\/\/schema.org","@graph":[{"@type":"WebPage","@id":"https:\/\/hotelmanzoni.com\/pt-pt\/descubra-lado-mais-exclusivo-milao\/","url":"https:\/\/hotelmanzoni.com\/pt-pt\/descubra-lado-mais-exclusivo-milao\/","name":"Descubra o lado mais exclusivo de Mil\u00e3o | Hotel Manzoni Mil\u00e3o centro","isPartOf":{"@id":"https:\/\/hotelmanzoni.com\/pt-pt\/#website"},"datePublished":"2018-03-08T11:24:49+00:00","dateModified":"2018-04-05T13:25:10+00:00","description":"Descubra o lado mais exclusivo de Mil\u00e3o nos arredores do Hotel Manzoni: museus, arte e lojas de luxo em uma \u00e1rea elegante e exclusiva, pr\u00f3ximo ao metr\u00f4.","breadcrumb":{"@id":"https:\/\/hotelmanzoni.com\/pt-pt\/descubra-lado-mais-exclusivo-milao\/#breadcrumb"},"inLanguage":"pt-PT","potentialAction":[{"@type":"ReadAction","target":["https:\/\/hotelmanzoni.com\/pt-pt\/descubra-lado-mais-exclusivo-milao\/"]}]},{"@type":"BreadcrumbList","@id":"https:\/\/hotelmanzoni.com\/pt-pt\/descubra-lado-mais-exclusivo-milao\/#breadcrumb","itemListElement":[{"@type":"ListItem","position":1,"name":"Home","item":"https:\/\/hotelmanzoni.com\/pt-pt\/"},{"@type":"ListItem","position":2,"name":"Dintorni PT"}]},{"@type":"WebSite","@id":"https:\/\/hotelmanzoni.com\/pt-pt\/#website","url":"https:\/\/hotelmanzoni.com\/pt-pt\/","name":"Hotel Manzoni Milano","description":"Hotel vicino a Via Monte Napoleone Milano","publisher":{"@id":"https:\/\/hotelmanzoni.com\/pt-pt\/#organization"},"potentialAction":[{"@type":"SearchAction","target":{"@type":"EntryPoint","urlTemplate":"https:\/\/hotelmanzoni.com\/pt-pt\/?s={search_term_string}"},"query-input":{"@type":"PropertyValueSpecification","valueRequired":true,"valueName":"search_term_string"}}],"inLanguage":"pt-PT"},{"@type":"Organization","@id":"https:\/\/hotelmanzoni.com\/pt-pt\/#organization","name":"Hotel Manzoni Milano","url":"https:\/\/hotelmanzoni.com\/pt-pt\/","logo":{"@type":"ImageObject","inLanguage":"pt-PT","@id":"https:\/\/hotelmanzoni.com\/pt-pt\/#\/schema\/logo\/image\/","url":"https:\/\/hotelmanzoni.com\/wp-content\/uploads\/2021\/06\/logomanzoni-1.png","contentUrl":"https:\/\/hotelmanzoni.com\/wp-content\/uploads\/2021\/06\/logomanzoni-1.png","width":594,"height":498,"caption":"Hotel Manzoni Milano"},"image":{"@id":"https:\/\/hotelmanzoni.com\/pt-pt\/#\/schema\/logo\/image\/"}}]}},"_links":{"self":[{"href":"https:\/\/hotelmanzoni.com\/pt-pt\/wp-json\/wp\/v2\/pages\/978","targetHints":{"allow":["GET"]}}],"collection":[{"href":"https:\/\/hotelmanzoni.com\/pt-pt\/wp-json\/wp\/v2\/pages"}],"about":[{"href":"https:\/\/hotelmanzoni.com\/pt-pt\/wp-json\/wp\/v2\/types\/page"}],"author":[{"embeddable":true,"href":"https:\/\/hotelmanzoni.com\/pt-pt\/wp-json\/wp\/v2\/users\/4"}],"replies":[{"embeddable":true,"href":"https:\/\/hotelmanzoni.com\/pt-pt\/wp-json\/wp\/v2\/comments?post=978"}],"version-history":[{"count":6,"href":"https:\/\/hotelmanzoni.com\/pt-pt\/wp-json\/wp\/v2\/pages\/978\/revisions"}],"predecessor-version":[{"id":1431,"href":"https:\/\/hotelmanzoni.com\/pt-pt\/wp-json\/wp\/v2\/pages\/978\/revisions\/1431"}],"wp:attachment":[{"href":"https:\/\/hotelmanzoni.com\/pt-pt\/wp-json\/wp\/v2\/media?parent=978"}],"curies":[{"name":"wp","href":"https:\/\/api.w.org\/{rel}","templated":true}]}}