{"id":974,"date":"2018-03-08T12:19:08","date_gmt":"2018-03-08T11:19:08","guid":{"rendered":"https:\/\/hotelmanzoni.com\/?page_id=974"},"modified":"2018-04-20T10:59:36","modified_gmt":"2018-04-20T08:59:36","slug":"suite-quartos-luxo-centro-milao","status":"publish","type":"page","link":"https:\/\/hotelmanzoni.com\/pt-pt\/suite-quartos-luxo-centro-milao\/","title":{"rendered":"Camere PT"},"content":{"rendered":"<p>Dormir no centro da hist\u00f3ria e da moda de Mil\u00e3o, em um ambiente de classe, entre tecidos, boiserie e mobili\u00e1rio Made in Italy. Acomoda\u00e7\u00f5es \u00edntimas e confort\u00e1veis que lhe fazem sentir-se em casa, do quarto Classic a Su\u00edte, no centro de Mil\u00e3o.<\/p>\n","protected":false},"excerpt":{"rendered":"<p>Dormir no centro da hist\u00f3ria e da moda de Mil\u00e3o, em um ambiente de classe, entre tecidos, boiserie e mobili\u00e1rio Made in Italy. Acomoda\u00e7\u00f5es \u00edntimas e confort\u00e1veis que lhe fazem sentir-se em casa, do quarto Classic a Su\u00edte, no centro de Mil\u00e3o.<\/p>\n","protected":false},"author":4,"featured_media":314,"parent":0,"menu_order":0,"comment_status":"closed","ping_status":"closed","template":"page-rooms.php","meta":{"_acf_changed":false,"footnotes":""},"class_list":["post-974","page","type-page","status-publish","has-post-thumbnail","hentry"],"acf":{"slider_visual":[{"ID":3231,"id":3231,"title":"suite milan downtown","filename":"js.jpg","filesize":311385,"url":"https:\/\/hotelmanzoni.com\/wp-content\/uploads\/2018\/02\/js.jpg","link":"https:\/\/hotelmanzoni.com\/pt-pt\/homepage\/js-2\/","alt":"","author":"4","description":"","caption":"","name":"js-2","status":"inherit","uploaded_to":987,"date":"2018-02-20 14:19:39","modified":"2018-02-20 14:19:39","menu_order":0,"mime_type":"image\/jpeg","type":"image","subtype":"jpeg","icon":"https:\/\/hotelmanzoni.com\/wp-includes\/images\/media\/default.png","width":1600,"height":1061,"sizes":{"thumbnail":"https:\/\/hotelmanzoni.com\/wp-content\/uploads\/2018\/02\/js-150x150.jpg","thumbnail-width":150,"thumbnail-height":150,"medium":"https:\/\/hotelmanzoni.com\/wp-content\/uploads\/2018\/02\/js-300x199.jpg","medium-width":300,"medium-height":199,"medium_large":"https:\/\/hotelmanzoni.com\/wp-content\/uploads\/2018\/02\/js-768x509.jpg","medium_large-width":640,"medium_large-height":424,"large":"https:\/\/hotelmanzoni.com\/wp-content\/uploads\/2018\/02\/js-1024x679.jpg","large-width":640,"large-height":424,"1536x1536":"https:\/\/hotelmanzoni.com\/wp-content\/uploads\/2018\/02\/js.jpg","1536x1536-width":1536,"1536x1536-height":1019,"2048x2048":"https:\/\/hotelmanzoni.com\/wp-content\/uploads\/2018\/02\/js.jpg","2048x2048-width":1600,"2048x2048-height":1061}},{"ID":3406,"id":3406,"title":"suite hotel manzoni","filename":"BM3A0575.jpg","filesize":301862,"url":"https:\/\/hotelmanzoni.com\/wp-content\/uploads\/2018\/02\/BM3A0575.jpg","link":"https:\/\/hotelmanzoni.com\/pt-pt\/suite-quartos-luxo-centro-milao\/bm3a0575-3\/","alt":"","author":"4","description":"","caption":"","name":"bm3a0575-3","status":"inherit","uploaded_to":974,"date":"2018-02-21 08:10:32","modified":"2018-02-21 08:10:32","menu_order":0,"mime_type":"image\/jpeg","type":"image","subtype":"jpeg","icon":"https:\/\/hotelmanzoni.com\/wp-includes\/images\/media\/default.png","width":1600,"height":1058,"sizes":{"thumbnail":"https:\/\/hotelmanzoni.com\/wp-content\/uploads\/2018\/02\/BM3A0575-150x150.jpg","thumbnail-width":150,"thumbnail-height":150,"medium":"https:\/\/hotelmanzoni.com\/wp-content\/uploads\/2018\/02\/BM3A0575-300x198.jpg","medium-width":300,"medium-height":198,"medium_large":"https:\/\/hotelmanzoni.com\/wp-content\/uploads\/2018\/02\/BM3A0575-768x508.jpg","medium_large-width":640,"medium_large-height":423,"large":"https:\/\/hotelmanzoni.com\/wp-content\/uploads\/2018\/02\/BM3A0575-1024x677.jpg","large-width":640,"large-height":423,"1536x1536":"https:\/\/hotelmanzoni.com\/wp-content\/uploads\/2018\/02\/BM3A0575.jpg","1536x1536-width":1536,"1536x1536-height":1016,"2048x2048":"https:\/\/hotelmanzoni.com\/wp-content\/uploads\/2018\/02\/BM3A0575.jpg","2048x2048-width":1600,"2048x2048-height":1058}},{"ID":3413,"id":3413,"title":"suite & rooms hotel in milan","filename":"BM3A8771.jpg","filesize":281016,"url":"https:\/\/hotelmanzoni.com\/wp-content\/uploads\/2018\/02\/BM3A8771.jpg","link":"https:\/\/hotelmanzoni.com\/pt-pt\/suite-quartos-luxo-centro-milao\/bm3a8771-3\/","alt":"","author":"4","description":"","caption":"","name":"bm3a8771-3","status":"inherit","uploaded_to":974,"date":"2018-02-21 08:11:53","modified":"2018-02-21 08:11:53","menu_order":0,"mime_type":"image\/jpeg","type":"image","subtype":"jpeg","icon":"https:\/\/hotelmanzoni.com\/wp-includes\/images\/media\/default.png","width":1600,"height":1022,"sizes":{"thumbnail":"https:\/\/hotelmanzoni.com\/wp-content\/uploads\/2018\/02\/BM3A8771-150x150.jpg","thumbnail-width":150,"thumbnail-height":150,"medium":"https:\/\/hotelmanzoni.com\/wp-content\/uploads\/2018\/02\/BM3A8771-300x192.jpg","medium-width":300,"medium-height":192,"medium_large":"https:\/\/hotelmanzoni.com\/wp-content\/uploads\/2018\/02\/BM3A8771-768x491.jpg","medium_large-width":640,"medium_large-height":409,"large":"https:\/\/hotelmanzoni.com\/wp-content\/uploads\/2018\/02\/BM3A8771-1024x654.jpg","large-width":640,"large-height":409,"1536x1536":"https:\/\/hotelmanzoni.com\/wp-content\/uploads\/2018\/02\/BM3A8771.jpg","1536x1536-width":1536,"1536x1536-height":981,"2048x2048":"https:\/\/hotelmanzoni.com\/wp-content\/uploads\/2018\/02\/BM3A8771.jpg","2048x2048-width":1600,"2048x2048-height":1022}},{"ID":3945,"id":3945,"title":"Hotel manzoni milano suites","filename":"Manzoni-slider-camere-3.jpg","filesize":204156,"url":"https:\/\/hotelmanzoni.com\/wp-content\/uploads\/2018\/03\/Manzoni-slider-camere-3.jpg","link":"https:\/\/hotelmanzoni.com\/pt-pt\/suite-quartos-luxo-centro-milao\/manzoni-slider-camere-3-2\/","alt":"","author":"4","description":"","caption":"","name":"manzoni-slider-camere-3-2","status":"inherit","uploaded_to":974,"date":"2018-03-06 15:19:06","modified":"2018-03-06 15:19:06","menu_order":0,"mime_type":"image\/jpeg","type":"image","subtype":"jpeg","icon":"https:\/\/hotelmanzoni.com\/wp-includes\/images\/media\/default.png","width":1600,"height":1067,"sizes":{"thumbnail":"https:\/\/hotelmanzoni.com\/wp-content\/uploads\/2018\/03\/Manzoni-slider-camere-3-150x150.jpg","thumbnail-width":150,"thumbnail-height":150,"medium":"https:\/\/hotelmanzoni.com\/wp-content\/uploads\/2018\/03\/Manzoni-slider-camere-3-300x200.jpg","medium-width":300,"medium-height":200,"medium_large":"https:\/\/hotelmanzoni.com\/wp-content\/uploads\/2018\/03\/Manzoni-slider-camere-3-768x512.jpg","medium_large-width":640,"medium_large-height":427,"large":"https:\/\/hotelmanzoni.com\/wp-content\/uploads\/2018\/03\/Manzoni-slider-camere-3-1024x683.jpg","large-width":640,"large-height":427,"1536x1536":"https:\/\/hotelmanzoni.com\/wp-content\/uploads\/2018\/03\/Manzoni-slider-camere-3.jpg","1536x1536-width":1536,"1536x1536-height":1024,"2048x2048":"https:\/\/hotelmanzoni.com\/wp-content\/uploads\/2018\/03\/Manzoni-slider-camere-3.jpg","2048x2048-width":1600,"2048x2048-height":1067}}],"testo_visual":"Quartos e Su\u00edtes","immagine_prima_sezione":"https:\/\/hotelmanzoni.com\/wp-content\/uploads\/2018\/02\/BM3A8771.jpg","titolo_h1":"Su\u00edtes e quartos de luxo no centro de Mil\u00e3o ","testo_principale":"<p>Dormir no centro da hist\u00f3ria e da moda de Mil\u00e3o, em um ambiente de classe, entre tecidos, boiserie e mobili\u00e1rio Made in Italy. Acomoda\u00e7\u00f5es \u00edntimas e confort\u00e1veis que lhe fazem sentir-se em casa, do quarto Classic a Su\u00edte, no centro de Mil\u00e3o. <\/p>\n","titolo_servizi_camere":"Os servi\u00e7os dos nossos quartos","lista_servizi_camere":[{"immagine":"https:\/\/hotelmanzoni.com\/wp-content\/uploads\/2018\/02\/wifi.png","testo":"Wi-fi r\u00e1pido"},{"immagine":"https:\/\/hotelmanzoni.com\/wp-content\/uploads\/2018\/02\/courtseykit.png","testo":"Kit de cortesia"},{"immagine":"https:\/\/hotelmanzoni.com\/wp-content\/uploads\/2018\/02\/riasettocamera.png","testo":"Couverture"},{"immagine":"https:\/\/hotelmanzoni.com\/wp-content\/uploads\/2018\/02\/bottleofwater.png","testo":"\u00c1gua mineral"},{"immagine":"https:\/\/hotelmanzoni.com\/wp-content\/uploads\/2018\/02\/cassaforte.png","testo":"Cofre"},{"immagine":"https:\/\/hotelmanzoni.com\/wp-content\/uploads\/2018\/02\/Ironingboard.png","testo":"T\u00e1bua de passar"}]},"yoast_head":"<!-- This site is optimized with the Yoast SEO plugin v24.9 - https:\/\/yoast.com\/wordpress\/plugins\/seo\/ -->\r\n<title>Su\u00edtes e quartos de luxo no centro de Mil\u00e3o | Hotel Manzoni<\/title>\r\n<meta name=\"description\" content=\"O Hotel Manzoni oferece elegantes su\u00edtes e quartos de luxo no centro de Mil\u00e3o, para uma estadia de classe em ambientes \u00edntimos e confort\u00e1veis.\" \/>\r\n<meta name=\"robots\" content=\"index, follow, max-snippet:-1, max-image-preview:large, max-video-preview:-1\" \/>\r\n<link rel=\"canonical\" href=\"https:\/\/hotelmanzoni.com\/pt-pt\/suite-quartos-luxo-centro-milao\/\" \/>\r\n<meta property=\"og:locale\" content=\"pt_PT\" \/>\r\n<meta property=\"og:type\" content=\"article\" \/>\r\n<meta property=\"og:title\" content=\"Su\u00edtes e quartos de luxo no centro de Mil\u00e3o | Hotel Manzoni\" \/>\r\n<meta property=\"og:description\" content=\"O Hotel Manzoni oferece elegantes su\u00edtes e quartos de luxo no centro de Mil\u00e3o, para uma estadia de classe em ambientes \u00edntimos e confort\u00e1veis.\" \/>\r\n<meta property=\"og:url\" content=\"https:\/\/hotelmanzoni.com\/pt-pt\/suite-quartos-luxo-centro-milao\/\" \/>\r\n<meta property=\"og:site_name\" content=\"Hotel Manzoni\" \/>\r\n<meta property=\"article:modified_time\" content=\"2018-04-20T08:59:36+00:00\" \/>\r\n<meta property=\"og:image\" content=\"https:\/\/hotelmanzoni.com\/wp-content\/uploads\/2018\/02\/BM3A0575.jpg\" \/>\r\n\t<meta property=\"og:image:width\" content=\"1600\" \/>\r\n\t<meta property=\"og:image:height\" content=\"1058\" \/>\r\n\t<meta property=\"og:image:type\" content=\"image\/jpeg\" \/>\r\n<meta name=\"twitter:card\" content=\"summary_large_image\" \/>\r\n<script type=\"application\/ld+json\" class=\"yoast-schema-graph\">{\"@context\":\"https:\/\/schema.org\",\"@graph\":[{\"@type\":\"WebPage\",\"@id\":\"https:\/\/hotelmanzoni.com\/pt-pt\/suite-quartos-luxo-centro-milao\/\",\"url\":\"https:\/\/hotelmanzoni.com\/pt-pt\/suite-quartos-luxo-centro-milao\/\",\"name\":\"Su\u00edtes e quartos de luxo no centro de Mil\u00e3o | Hotel Manzoni\",\"isPartOf\":{\"@id\":\"https:\/\/hotelmanzoni.com\/pt-pt\/#website\"},\"primaryImageOfPage\":{\"@id\":\"https:\/\/hotelmanzoni.com\/pt-pt\/suite-quartos-luxo-centro-milao\/#primaryimage\"},\"image\":{\"@id\":\"https:\/\/hotelmanzoni.com\/pt-pt\/suite-quartos-luxo-centro-milao\/#primaryimage\"},\"thumbnailUrl\":\"https:\/\/hotelmanzoni.com\/wp-content\/uploads\/2018\/02\/BM3A0575.jpg\",\"datePublished\":\"2018-03-08T11:19:08+00:00\",\"dateModified\":\"2018-04-20T08:59:36+00:00\",\"description\":\"O Hotel Manzoni oferece elegantes su\u00edtes e quartos de luxo no centro de Mil\u00e3o, para uma estadia de classe em ambientes \u00edntimos e confort\u00e1veis.\",\"breadcrumb\":{\"@id\":\"https:\/\/hotelmanzoni.com\/pt-pt\/suite-quartos-luxo-centro-milao\/#breadcrumb\"},\"inLanguage\":\"pt-PT\",\"potentialAction\":[{\"@type\":\"ReadAction\",\"target\":[\"https:\/\/hotelmanzoni.com\/pt-pt\/suite-quartos-luxo-centro-milao\/\"]}]},{\"@type\":\"ImageObject\",\"inLanguage\":\"pt-PT\",\"@id\":\"https:\/\/hotelmanzoni.com\/pt-pt\/suite-quartos-luxo-centro-milao\/#primaryimage\",\"url\":\"https:\/\/hotelmanzoni.com\/wp-content\/uploads\/2018\/02\/BM3A0575.jpg\",\"contentUrl\":\"https:\/\/hotelmanzoni.com\/wp-content\/uploads\/2018\/02\/BM3A0575.jpg\",\"width\":1600,\"height\":1058,\"caption\":\"suite di lusso milano centro\"},{\"@type\":\"BreadcrumbList\",\"@id\":\"https:\/\/hotelmanzoni.com\/pt-pt\/suite-quartos-luxo-centro-milao\/#breadcrumb\",\"itemListElement\":[{\"@type\":\"ListItem\",\"position\":1,\"name\":\"Home\",\"item\":\"https:\/\/hotelmanzoni.com\/pt-pt\/\"},{\"@type\":\"ListItem\",\"position\":2,\"name\":\"Camere PT\"}]},{\"@type\":\"WebSite\",\"@id\":\"https:\/\/hotelmanzoni.com\/pt-pt\/#website\",\"url\":\"https:\/\/hotelmanzoni.com\/pt-pt\/\",\"name\":\"Hotel Manzoni Milano\",\"description\":\"Hotel vicino a Via Monte Napoleone Milano\",\"publisher\":{\"@id\":\"https:\/\/hotelmanzoni.com\/pt-pt\/#organization\"},\"potentialAction\":[{\"@type\":\"SearchAction\",\"target\":{\"@type\":\"EntryPoint\",\"urlTemplate\":\"https:\/\/hotelmanzoni.com\/pt-pt\/?s={search_term_string}\"},\"query-input\":{\"@type\":\"PropertyValueSpecification\",\"valueRequired\":true,\"valueName\":\"search_term_string\"}}],\"inLanguage\":\"pt-PT\"},{\"@type\":\"Organization\",\"@id\":\"https:\/\/hotelmanzoni.com\/pt-pt\/#organization\",\"name\":\"Hotel Manzoni Milano\",\"url\":\"https:\/\/hotelmanzoni.com\/pt-pt\/\",\"logo\":{\"@type\":\"ImageObject\",\"inLanguage\":\"pt-PT\",\"@id\":\"https:\/\/hotelmanzoni.com\/pt-pt\/#\/schema\/logo\/image\/\",\"url\":\"https:\/\/hotelmanzoni.com\/wp-content\/uploads\/2021\/06\/logomanzoni-1.png\",\"contentUrl\":\"https:\/\/hotelmanzoni.com\/wp-content\/uploads\/2021\/06\/logomanzoni-1.png\",\"width\":594,\"height\":498,\"caption\":\"Hotel Manzoni Milano\"},\"image\":{\"@id\":\"https:\/\/hotelmanzoni.com\/pt-pt\/#\/schema\/logo\/image\/\"}}]}<\/script>\r\n<!-- \/ Yoast SEO plugin. -->","yoast_head_json":{"title":"Su\u00edtes e quartos de luxo no centro de Mil\u00e3o | Hotel Manzoni","description":"O Hotel Manzoni oferece elegantes su\u00edtes e quartos de luxo no centro de Mil\u00e3o, para uma estadia de classe em ambientes \u00edntimos e confort\u00e1veis.","robots":{"index":"index","follow":"follow","max-snippet":"max-snippet:-1","max-image-preview":"max-image-preview:large","max-video-preview":"max-video-preview:-1"},"canonical":"https:\/\/hotelmanzoni.com\/pt-pt\/suite-quartos-luxo-centro-milao\/","og_locale":"pt_PT","og_type":"article","og_title":"Su\u00edtes e quartos de luxo no centro de Mil\u00e3o | Hotel Manzoni","og_description":"O Hotel Manzoni oferece elegantes su\u00edtes e quartos de luxo no centro de Mil\u00e3o, para uma estadia de classe em ambientes \u00edntimos e confort\u00e1veis.","og_url":"https:\/\/hotelmanzoni.com\/pt-pt\/suite-quartos-luxo-centro-milao\/","og_site_name":"Hotel Manzoni","article_modified_time":"2018-04-20T08:59:36+00:00","og_image":[{"width":1600,"height":1058,"url":"https:\/\/hotelmanzoni.com\/wp-content\/uploads\/2018\/02\/BM3A0575.jpg","type":"image\/jpeg"}],"twitter_card":"summary_large_image","schema":{"@context":"https:\/\/schema.org","@graph":[{"@type":"WebPage","@id":"https:\/\/hotelmanzoni.com\/pt-pt\/suite-quartos-luxo-centro-milao\/","url":"https:\/\/hotelmanzoni.com\/pt-pt\/suite-quartos-luxo-centro-milao\/","name":"Su\u00edtes e quartos de luxo no centro de Mil\u00e3o | Hotel Manzoni","isPartOf":{"@id":"https:\/\/hotelmanzoni.com\/pt-pt\/#website"},"primaryImageOfPage":{"@id":"https:\/\/hotelmanzoni.com\/pt-pt\/suite-quartos-luxo-centro-milao\/#primaryimage"},"image":{"@id":"https:\/\/hotelmanzoni.com\/pt-pt\/suite-quartos-luxo-centro-milao\/#primaryimage"},"thumbnailUrl":"https:\/\/hotelmanzoni.com\/wp-content\/uploads\/2018\/02\/BM3A0575.jpg","datePublished":"2018-03-08T11:19:08+00:00","dateModified":"2018-04-20T08:59:36+00:00","description":"O Hotel Manzoni oferece elegantes su\u00edtes e quartos de luxo no centro de Mil\u00e3o, para uma estadia de classe em ambientes \u00edntimos e confort\u00e1veis.","breadcrumb":{"@id":"https:\/\/hotelmanzoni.com\/pt-pt\/suite-quartos-luxo-centro-milao\/#breadcrumb"},"inLanguage":"pt-PT","potentialAction":[{"@type":"ReadAction","target":["https:\/\/hotelmanzoni.com\/pt-pt\/suite-quartos-luxo-centro-milao\/"]}]},{"@type":"ImageObject","inLanguage":"pt-PT","@id":"https:\/\/hotelmanzoni.com\/pt-pt\/suite-quartos-luxo-centro-milao\/#primaryimage","url":"https:\/\/hotelmanzoni.com\/wp-content\/uploads\/2018\/02\/BM3A0575.jpg","contentUrl":"https:\/\/hotelmanzoni.com\/wp-content\/uploads\/2018\/02\/BM3A0575.jpg","width":1600,"height":1058,"caption":"suite di lusso milano centro"},{"@type":"BreadcrumbList","@id":"https:\/\/hotelmanzoni.com\/pt-pt\/suite-quartos-luxo-centro-milao\/#breadcrumb","itemListElement":[{"@type":"ListItem","position":1,"name":"Home","item":"https:\/\/hotelmanzoni.com\/pt-pt\/"},{"@type":"ListItem","position":2,"name":"Camere PT"}]},{"@type":"WebSite","@id":"https:\/\/hotelmanzoni.com\/pt-pt\/#website","url":"https:\/\/hotelmanzoni.com\/pt-pt\/","name":"Hotel Manzoni Milano","description":"Hotel vicino a Via Monte Napoleone Milano","publisher":{"@id":"https:\/\/hotelmanzoni.com\/pt-pt\/#organization"},"potentialAction":[{"@type":"SearchAction","target":{"@type":"EntryPoint","urlTemplate":"https:\/\/hotelmanzoni.com\/pt-pt\/?s={search_term_string}"},"query-input":{"@type":"PropertyValueSpecification","valueRequired":true,"valueName":"search_term_string"}}],"inLanguage":"pt-PT"},{"@type":"Organization","@id":"https:\/\/hotelmanzoni.com\/pt-pt\/#organization","name":"Hotel Manzoni Milano","url":"https:\/\/hotelmanzoni.com\/pt-pt\/","logo":{"@type":"ImageObject","inLanguage":"pt-PT","@id":"https:\/\/hotelmanzoni.com\/pt-pt\/#\/schema\/logo\/image\/","url":"https:\/\/hotelmanzoni.com\/wp-content\/uploads\/2021\/06\/logomanzoni-1.png","contentUrl":"https:\/\/hotelmanzoni.com\/wp-content\/uploads\/2021\/06\/logomanzoni-1.png","width":594,"height":498,"caption":"Hotel Manzoni Milano"},"image":{"@id":"https:\/\/hotelmanzoni.com\/pt-pt\/#\/schema\/logo\/image\/"}}]}},"_links":{"self":[{"href":"https:\/\/hotelmanzoni.com\/pt-pt\/wp-json\/wp\/v2\/pages\/974","targetHints":{"allow":["GET"]}}],"collection":[{"href":"https:\/\/hotelmanzoni.com\/pt-pt\/wp-json\/wp\/v2\/pages"}],"about":[{"href":"https:\/\/hotelmanzoni.com\/pt-pt\/wp-json\/wp\/v2\/types\/page"}],"author":[{"embeddable":true,"href":"https:\/\/hotelmanzoni.com\/pt-pt\/wp-json\/wp\/v2\/users\/4"}],"replies":[{"embeddable":true,"href":"https:\/\/hotelmanzoni.com\/pt-pt\/wp-json\/wp\/v2\/comments?post=974"}],"version-history":[{"count":4,"href":"https:\/\/hotelmanzoni.com\/pt-pt\/wp-json\/wp\/v2\/pages\/974\/revisions"}],"predecessor-version":[{"id":1725,"href":"https:\/\/hotelmanzoni.com\/pt-pt\/wp-json\/wp\/v2\/pages\/974\/revisions\/1725"}],"wp:featuredmedia":[{"embeddable":true,"href":"https:\/\/hotelmanzoni.com\/pt-pt\/wp-json\/wp\/v2\/media\/314"}],"wp:attachment":[{"href":"https:\/\/hotelmanzoni.com\/pt-pt\/wp-json\/wp\/v2\/media?parent=974"}],"curies":[{"name":"wp","href":"https:\/\/api.w.org\/{rel}","templated":true}]}}