{"id":970,"date":"2018-03-08T12:14:35","date_gmt":"2018-03-08T11:14:35","guid":{"rendered":"https:\/\/hotelmanzoni.com\/?page_id=970"},"modified":"2018-04-05T15:27:46","modified_gmt":"2018-04-05T13:27:46","slug":"milao-blog-living-milan-lifestyle","status":"publish","type":"page","link":"https:\/\/hotelmanzoni.com\/pt-pt\/milao-blog-living-milan-lifestyle\/","title":{"rendered":"Blog PT"},"content":{"rendered":"<p>Descrevendo Mil\u00e3o atrav\u00e9s do Hotel Manzoni. Uma ideia que nasce da paix\u00e3o e do amor por tudo que isso representa. Um espa\u00e7o para descrev\u00ea-la e vivenciar a cidade, com palavras de quem considera Mil\u00e3o como a sua pr\u00f3pria casa. Leia no nosso blog tudo sobre Mil\u00e3o, suas hist\u00f3rias, curiosidades e segredos, bem como o que acontece e o que visitar durante uma estadia em Mil\u00e3o!  <\/p>\n","protected":false},"excerpt":{"rendered":"<p>Descrevendo Mil\u00e3o atrav\u00e9s do Hotel Manzoni. Uma ideia que nasce da paix\u00e3o e do amor por tudo que isso representa. Um espa\u00e7o para descrev\u00ea-la e vivenciar a cidade, com palavras de quem considera Mil\u00e3o como a sua pr\u00f3pria casa. Leia no nosso blog tudo sobre Mil\u00e3o, suas hist\u00f3rias, curiosidades e segredos, bem como o que [&hellip;]<\/p>\n","protected":false},"author":4,"featured_media":240,"parent":0,"menu_order":0,"comment_status":"closed","ping_status":"closed","template":"page-blog.php","meta":{"_acf_changed":false,"footnotes":""},"class_list":["post-970","page","type-page","status-publish","has-post-thumbnail","hentry"],"acf":{"slider_visual":[{"ID":3189,"id":3189,"title":"hotel a milano wi-fi gratuito","filename":"MG_0625.jpg","filesize":298246,"url":"https:\/\/hotelmanzoni.com\/wp-content\/uploads\/2018\/02\/MG_0625.jpg","link":"https:\/\/hotelmanzoni.com\/pt-pt\/homepage\/_mg_0625-2\/","alt":"","author":"4","description":"","caption":"","name":"_mg_0625-2","status":"inherit","uploaded_to":987,"date":"2018-02-20 14:08:00","modified":"2018-02-20 14:08:00","menu_order":0,"mime_type":"image\/jpeg","type":"image","subtype":"jpeg","icon":"https:\/\/hotelmanzoni.com\/wp-includes\/images\/media\/default.png","width":1600,"height":1067,"sizes":{"thumbnail":"https:\/\/hotelmanzoni.com\/wp-content\/uploads\/2018\/02\/MG_0625-150x150.jpg","thumbnail-width":150,"thumbnail-height":150,"medium":"https:\/\/hotelmanzoni.com\/wp-content\/uploads\/2018\/02\/MG_0625-300x200.jpg","medium-width":300,"medium-height":200,"medium_large":"https:\/\/hotelmanzoni.com\/wp-content\/uploads\/2018\/02\/MG_0625-768x512.jpg","medium_large-width":640,"medium_large-height":427,"large":"https:\/\/hotelmanzoni.com\/wp-content\/uploads\/2018\/02\/MG_0625-1024x683.jpg","large-width":640,"large-height":427,"1536x1536":"https:\/\/hotelmanzoni.com\/wp-content\/uploads\/2018\/02\/MG_0625.jpg","1536x1536-width":1536,"1536x1536-height":1024,"2048x2048":"https:\/\/hotelmanzoni.com\/wp-content\/uploads\/2018\/02\/MG_0625.jpg","2048x2048-width":1600,"2048x2048-height":1067}},{"ID":3469,"id":3469,"title":"living milan lifestyle blog","filename":"blog.jpg","filesize":284995,"url":"https:\/\/hotelmanzoni.com\/wp-content\/uploads\/2018\/02\/blog.jpg","link":"https:\/\/hotelmanzoni.com\/pt-pt\/milao-blog-living-milan-lifestyle\/blog-2-2-2\/","alt":"","author":"4","description":"","caption":"","name":"blog-2-2-2","status":"inherit","uploaded_to":970,"date":"2018-02-21 09:42:27","modified":"2018-02-21 09:42:27","menu_order":0,"mime_type":"image\/jpeg","type":"image","subtype":"jpeg","icon":"https:\/\/hotelmanzoni.com\/wp-includes\/images\/media\/default.png","width":1600,"height":969,"sizes":{"thumbnail":"https:\/\/hotelmanzoni.com\/wp-content\/uploads\/2018\/02\/blog-150x150.jpg","thumbnail-width":150,"thumbnail-height":150,"medium":"https:\/\/hotelmanzoni.com\/wp-content\/uploads\/2018\/02\/blog-300x182.jpg","medium-width":300,"medium-height":182,"medium_large":"https:\/\/hotelmanzoni.com\/wp-content\/uploads\/2018\/02\/blog-768x465.jpg","medium_large-width":640,"medium_large-height":388,"large":"https:\/\/hotelmanzoni.com\/wp-content\/uploads\/2018\/02\/blog-1024x620.jpg","large-width":640,"large-height":388,"1536x1536":"https:\/\/hotelmanzoni.com\/wp-content\/uploads\/2018\/02\/blog.jpg","1536x1536-width":1536,"1536x1536-height":930,"2048x2048":"https:\/\/hotelmanzoni.com\/wp-content\/uploads\/2018\/02\/blog.jpg","2048x2048-width":1600,"2048x2048-height":969}},{"ID":3476,"id":3476,"title":"suite e camere a milano via monte napoleone","filename":"BM3A8514.jpg","filesize":297606,"url":"https:\/\/hotelmanzoni.com\/wp-content\/uploads\/2018\/02\/BM3A8514.jpg","link":"https:\/\/hotelmanzoni.com\/pt-pt\/milao-blog-living-milan-lifestyle\/bm3a8514-2\/","alt":"","author":"4","description":"","caption":"","name":"bm3a8514-2","status":"inherit","uploaded_to":970,"date":"2018-02-21 09:43:55","modified":"2018-02-21 09:43:55","menu_order":0,"mime_type":"image\/jpeg","type":"image","subtype":"jpeg","icon":"https:\/\/hotelmanzoni.com\/wp-includes\/images\/media\/default.png","width":1600,"height":1067,"sizes":{"thumbnail":"https:\/\/hotelmanzoni.com\/wp-content\/uploads\/2018\/02\/BM3A8514-150x150.jpg","thumbnail-width":150,"thumbnail-height":150,"medium":"https:\/\/hotelmanzoni.com\/wp-content\/uploads\/2018\/02\/BM3A8514-300x200.jpg","medium-width":300,"medium-height":200,"medium_large":"https:\/\/hotelmanzoni.com\/wp-content\/uploads\/2018\/02\/BM3A8514-768x512.jpg","medium_large-width":640,"medium_large-height":427,"large":"https:\/\/hotelmanzoni.com\/wp-content\/uploads\/2018\/02\/BM3A8514-1024x683.jpg","large-width":640,"large-height":427,"1536x1536":"https:\/\/hotelmanzoni.com\/wp-content\/uploads\/2018\/02\/BM3A8514.jpg","1536x1536-width":1536,"1536x1536-height":1024,"2048x2048":"https:\/\/hotelmanzoni.com\/wp-content\/uploads\/2018\/02\/BM3A8514.jpg","2048x2048-width":1600,"2048x2048-height":1067}}],"testo_visual":"Living Milan Lifestyle","immagine_prima_sezione":"https:\/\/hotelmanzoni.com\/wp-content\/uploads\/2018\/02\/hotel-manzoni-milano-blog.jpg","titolo_h1":" Nosso blog sobre Mil\u00e3o!","testo_prima_sezione":"<p>Descrevendo Mil\u00e3o atrav\u00e9s do Hotel Manzoni. Uma ideia que nasce da paix\u00e3o e do amor por tudo que isso representa. Um espa\u00e7o para descrev\u00ea-la e vivenciar a cidade, com palavras de quem considera Mil\u00e3o como a sua pr\u00f3pria casa. Leia no nosso blog tudo sobre Mil\u00e3o, suas hist\u00f3rias, curiosidades e segredos, bem como o que acontece e o que visitar durante uma estadia em Mil\u00e3o!  <\/p>\n"},"yoast_head":"<!-- This site is optimized with the Yoast SEO plugin v24.9 - https:\/\/yoast.com\/wordpress\/plugins\/seo\/ -->\r\n<title>Living Milan lifestyle| Blog sobre Mil\u00e3o do Hotel Manzoni<\/title>\r\n<meta name=\"description\" content=\"Living Milan lifestyle \u00e9 o blog sobre Mil\u00e3o mantido sob os cuidados do Hotel Manzoni! Leia sobre o que acontece na cidade: curiosidades, culin\u00e1ria, moda, arte e hist\u00f3ria para voc\u00ea!\" \/>\r\n<meta name=\"robots\" content=\"index, follow, max-snippet:-1, max-image-preview:large, max-video-preview:-1\" \/>\r\n<link rel=\"canonical\" href=\"https:\/\/hotelmanzoni.com\/pt-pt\/milao-blog-living-milan-lifestyle\/\" \/>\r\n<meta property=\"og:locale\" content=\"pt_PT\" \/>\r\n<meta property=\"og:type\" content=\"article\" \/>\r\n<meta property=\"og:title\" content=\"Living Milan lifestyle| Blog sobre Mil\u00e3o do Hotel Manzoni\" \/>\r\n<meta property=\"og:description\" content=\"Living Milan lifestyle \u00e9 o blog sobre Mil\u00e3o mantido sob os cuidados do Hotel Manzoni! Leia sobre o que acontece na cidade: curiosidades, culin\u00e1ria, moda, arte e hist\u00f3ria para voc\u00ea!\" \/>\r\n<meta property=\"og:url\" content=\"https:\/\/hotelmanzoni.com\/pt-pt\/milao-blog-living-milan-lifestyle\/\" \/>\r\n<meta property=\"og:site_name\" content=\"Hotel Manzoni\" \/>\r\n<meta property=\"article:modified_time\" content=\"2018-04-05T13:27:46+00:00\" \/>\r\n<meta property=\"og:image\" content=\"https:\/\/hotelmanzoni.com\/wp-content\/uploads\/2018\/02\/MG_0625.jpg\" \/>\r\n\t<meta property=\"og:image:width\" content=\"1600\" \/>\r\n\t<meta property=\"og:image:height\" content=\"1067\" \/>\r\n\t<meta property=\"og:image:type\" content=\"image\/jpeg\" \/>\r\n<meta name=\"twitter:card\" content=\"summary_large_image\" \/>\r\n<script type=\"application\/ld+json\" class=\"yoast-schema-graph\">{\"@context\":\"https:\/\/schema.org\",\"@graph\":[{\"@type\":\"WebPage\",\"@id\":\"https:\/\/hotelmanzoni.com\/pt-pt\/milao-blog-living-milan-lifestyle\/\",\"url\":\"https:\/\/hotelmanzoni.com\/pt-pt\/milao-blog-living-milan-lifestyle\/\",\"name\":\"Living Milan lifestyle| Blog sobre Mil\u00e3o do Hotel Manzoni\",\"isPartOf\":{\"@id\":\"https:\/\/hotelmanzoni.com\/pt-pt\/#website\"},\"primaryImageOfPage\":{\"@id\":\"https:\/\/hotelmanzoni.com\/pt-pt\/milao-blog-living-milan-lifestyle\/#primaryimage\"},\"image\":{\"@id\":\"https:\/\/hotelmanzoni.com\/pt-pt\/milao-blog-living-milan-lifestyle\/#primaryimage\"},\"thumbnailUrl\":\"https:\/\/hotelmanzoni.com\/wp-content\/uploads\/2018\/02\/MG_0625.jpg\",\"datePublished\":\"2018-03-08T11:14:35+00:00\",\"dateModified\":\"2018-04-05T13:27:46+00:00\",\"description\":\"Living Milan lifestyle \u00e9 o blog sobre Mil\u00e3o mantido sob os cuidados do Hotel Manzoni! Leia sobre o que acontece na cidade: curiosidades, culin\u00e1ria, moda, arte e hist\u00f3ria para voc\u00ea!\",\"breadcrumb\":{\"@id\":\"https:\/\/hotelmanzoni.com\/pt-pt\/milao-blog-living-milan-lifestyle\/#breadcrumb\"},\"inLanguage\":\"pt-PT\",\"potentialAction\":[{\"@type\":\"ReadAction\",\"target\":[\"https:\/\/hotelmanzoni.com\/pt-pt\/milao-blog-living-milan-lifestyle\/\"]}]},{\"@type\":\"ImageObject\",\"inLanguage\":\"pt-PT\",\"@id\":\"https:\/\/hotelmanzoni.com\/pt-pt\/milao-blog-living-milan-lifestyle\/#primaryimage\",\"url\":\"https:\/\/hotelmanzoni.com\/wp-content\/uploads\/2018\/02\/MG_0625.jpg\",\"contentUrl\":\"https:\/\/hotelmanzoni.com\/wp-content\/uploads\/2018\/02\/MG_0625.jpg\",\"width\":1600,\"height\":1067,\"caption\":\"hotel di milano con wi-fi gratuito\"},{\"@type\":\"BreadcrumbList\",\"@id\":\"https:\/\/hotelmanzoni.com\/pt-pt\/milao-blog-living-milan-lifestyle\/#breadcrumb\",\"itemListElement\":[{\"@type\":\"ListItem\",\"position\":1,\"name\":\"Home\",\"item\":\"https:\/\/hotelmanzoni.com\/pt-pt\/\"},{\"@type\":\"ListItem\",\"position\":2,\"name\":\"Blog PT\"}]},{\"@type\":\"WebSite\",\"@id\":\"https:\/\/hotelmanzoni.com\/pt-pt\/#website\",\"url\":\"https:\/\/hotelmanzoni.com\/pt-pt\/\",\"name\":\"Hotel Manzoni Milano\",\"description\":\"Hotel vicino a Via Monte Napoleone Milano\",\"publisher\":{\"@id\":\"https:\/\/hotelmanzoni.com\/pt-pt\/#organization\"},\"potentialAction\":[{\"@type\":\"SearchAction\",\"target\":{\"@type\":\"EntryPoint\",\"urlTemplate\":\"https:\/\/hotelmanzoni.com\/pt-pt\/?s={search_term_string}\"},\"query-input\":{\"@type\":\"PropertyValueSpecification\",\"valueRequired\":true,\"valueName\":\"search_term_string\"}}],\"inLanguage\":\"pt-PT\"},{\"@type\":\"Organization\",\"@id\":\"https:\/\/hotelmanzoni.com\/pt-pt\/#organization\",\"name\":\"Hotel Manzoni Milano\",\"url\":\"https:\/\/hotelmanzoni.com\/pt-pt\/\",\"logo\":{\"@type\":\"ImageObject\",\"inLanguage\":\"pt-PT\",\"@id\":\"https:\/\/hotelmanzoni.com\/pt-pt\/#\/schema\/logo\/image\/\",\"url\":\"https:\/\/hotelmanzoni.com\/wp-content\/uploads\/2021\/06\/logomanzoni-1.png\",\"contentUrl\":\"https:\/\/hotelmanzoni.com\/wp-content\/uploads\/2021\/06\/logomanzoni-1.png\",\"width\":594,\"height\":498,\"caption\":\"Hotel Manzoni Milano\"},\"image\":{\"@id\":\"https:\/\/hotelmanzoni.com\/pt-pt\/#\/schema\/logo\/image\/\"}}]}<\/script>\r\n<!-- \/ Yoast SEO plugin. -->","yoast_head_json":{"title":"Living Milan lifestyle| Blog sobre Mil\u00e3o do Hotel Manzoni","description":"Living Milan lifestyle \u00e9 o blog sobre Mil\u00e3o mantido sob os cuidados do Hotel Manzoni! Leia sobre o que acontece na cidade: curiosidades, culin\u00e1ria, moda, arte e hist\u00f3ria para voc\u00ea!","robots":{"index":"index","follow":"follow","max-snippet":"max-snippet:-1","max-image-preview":"max-image-preview:large","max-video-preview":"max-video-preview:-1"},"canonical":"https:\/\/hotelmanzoni.com\/pt-pt\/milao-blog-living-milan-lifestyle\/","og_locale":"pt_PT","og_type":"article","og_title":"Living Milan lifestyle| Blog sobre Mil\u00e3o do Hotel Manzoni","og_description":"Living Milan lifestyle \u00e9 o blog sobre Mil\u00e3o mantido sob os cuidados do Hotel Manzoni! Leia sobre o que acontece na cidade: curiosidades, culin\u00e1ria, moda, arte e hist\u00f3ria para voc\u00ea!","og_url":"https:\/\/hotelmanzoni.com\/pt-pt\/milao-blog-living-milan-lifestyle\/","og_site_name":"Hotel Manzoni","article_modified_time":"2018-04-05T13:27:46+00:00","og_image":[{"width":1600,"height":1067,"url":"https:\/\/hotelmanzoni.com\/wp-content\/uploads\/2018\/02\/MG_0625.jpg","type":"image\/jpeg"}],"twitter_card":"summary_large_image","schema":{"@context":"https:\/\/schema.org","@graph":[{"@type":"WebPage","@id":"https:\/\/hotelmanzoni.com\/pt-pt\/milao-blog-living-milan-lifestyle\/","url":"https:\/\/hotelmanzoni.com\/pt-pt\/milao-blog-living-milan-lifestyle\/","name":"Living Milan lifestyle| Blog sobre Mil\u00e3o do Hotel Manzoni","isPartOf":{"@id":"https:\/\/hotelmanzoni.com\/pt-pt\/#website"},"primaryImageOfPage":{"@id":"https:\/\/hotelmanzoni.com\/pt-pt\/milao-blog-living-milan-lifestyle\/#primaryimage"},"image":{"@id":"https:\/\/hotelmanzoni.com\/pt-pt\/milao-blog-living-milan-lifestyle\/#primaryimage"},"thumbnailUrl":"https:\/\/hotelmanzoni.com\/wp-content\/uploads\/2018\/02\/MG_0625.jpg","datePublished":"2018-03-08T11:14:35+00:00","dateModified":"2018-04-05T13:27:46+00:00","description":"Living Milan lifestyle \u00e9 o blog sobre Mil\u00e3o mantido sob os cuidados do Hotel Manzoni! Leia sobre o que acontece na cidade: curiosidades, culin\u00e1ria, moda, arte e hist\u00f3ria para voc\u00ea!","breadcrumb":{"@id":"https:\/\/hotelmanzoni.com\/pt-pt\/milao-blog-living-milan-lifestyle\/#breadcrumb"},"inLanguage":"pt-PT","potentialAction":[{"@type":"ReadAction","target":["https:\/\/hotelmanzoni.com\/pt-pt\/milao-blog-living-milan-lifestyle\/"]}]},{"@type":"ImageObject","inLanguage":"pt-PT","@id":"https:\/\/hotelmanzoni.com\/pt-pt\/milao-blog-living-milan-lifestyle\/#primaryimage","url":"https:\/\/hotelmanzoni.com\/wp-content\/uploads\/2018\/02\/MG_0625.jpg","contentUrl":"https:\/\/hotelmanzoni.com\/wp-content\/uploads\/2018\/02\/MG_0625.jpg","width":1600,"height":1067,"caption":"hotel di milano con wi-fi gratuito"},{"@type":"BreadcrumbList","@id":"https:\/\/hotelmanzoni.com\/pt-pt\/milao-blog-living-milan-lifestyle\/#breadcrumb","itemListElement":[{"@type":"ListItem","position":1,"name":"Home","item":"https:\/\/hotelmanzoni.com\/pt-pt\/"},{"@type":"ListItem","position":2,"name":"Blog PT"}]},{"@type":"WebSite","@id":"https:\/\/hotelmanzoni.com\/pt-pt\/#website","url":"https:\/\/hotelmanzoni.com\/pt-pt\/","name":"Hotel Manzoni Milano","description":"Hotel vicino a Via Monte Napoleone Milano","publisher":{"@id":"https:\/\/hotelmanzoni.com\/pt-pt\/#organization"},"potentialAction":[{"@type":"SearchAction","target":{"@type":"EntryPoint","urlTemplate":"https:\/\/hotelmanzoni.com\/pt-pt\/?s={search_term_string}"},"query-input":{"@type":"PropertyValueSpecification","valueRequired":true,"valueName":"search_term_string"}}],"inLanguage":"pt-PT"},{"@type":"Organization","@id":"https:\/\/hotelmanzoni.com\/pt-pt\/#organization","name":"Hotel Manzoni Milano","url":"https:\/\/hotelmanzoni.com\/pt-pt\/","logo":{"@type":"ImageObject","inLanguage":"pt-PT","@id":"https:\/\/hotelmanzoni.com\/pt-pt\/#\/schema\/logo\/image\/","url":"https:\/\/hotelmanzoni.com\/wp-content\/uploads\/2021\/06\/logomanzoni-1.png","contentUrl":"https:\/\/hotelmanzoni.com\/wp-content\/uploads\/2021\/06\/logomanzoni-1.png","width":594,"height":498,"caption":"Hotel Manzoni Milano"},"image":{"@id":"https:\/\/hotelmanzoni.com\/pt-pt\/#\/schema\/logo\/image\/"}}]}},"_links":{"self":[{"href":"https:\/\/hotelmanzoni.com\/pt-pt\/wp-json\/wp\/v2\/pages\/970","targetHints":{"allow":["GET"]}}],"collection":[{"href":"https:\/\/hotelmanzoni.com\/pt-pt\/wp-json\/wp\/v2\/pages"}],"about":[{"href":"https:\/\/hotelmanzoni.com\/pt-pt\/wp-json\/wp\/v2\/types\/page"}],"author":[{"embeddable":true,"href":"https:\/\/hotelmanzoni.com\/pt-pt\/wp-json\/wp\/v2\/users\/4"}],"replies":[{"embeddable":true,"href":"https:\/\/hotelmanzoni.com\/pt-pt\/wp-json\/wp\/v2\/comments?post=970"}],"version-history":[{"count":3,"href":"https:\/\/hotelmanzoni.com\/pt-pt\/wp-json\/wp\/v2\/pages\/970\/revisions"}],"predecessor-version":[{"id":973,"href":"https:\/\/hotelmanzoni.com\/pt-pt\/wp-json\/wp\/v2\/pages\/970\/revisions\/973"}],"wp:featuredmedia":[{"embeddable":true,"href":"https:\/\/hotelmanzoni.com\/pt-pt\/wp-json\/wp\/v2\/media\/240"}],"wp:attachment":[{"href":"https:\/\/hotelmanzoni.com\/pt-pt\/wp-json\/wp\/v2\/media?parent=970"}],"curies":[{"name":"wp","href":"https:\/\/api.w.org\/{rel}","templated":true}]}}