{"id":685,"date":"2018-02-27T15:50:42","date_gmt":"2018-02-27T14:50:42","guid":{"rendered":"https:\/\/hotelmanzoni.com\/?page_id=685"},"modified":"2019-06-25T11:47:07","modified_gmt":"2019-06-25T09:47:07","slug":"privacy","status":"publish","type":"page","link":"https:\/\/hotelmanzoni.com\/it\/privacy\/","title":{"rendered":"Privacy"},"content":{"rendered":"<p><strong>INFORMAZIONI SUL TRATTAMENTO DEI DATI PERSONALI<\/strong><br \/>\n<strong>degli utenti che consultano il sito web dell\u2019Hotel Manzoni<\/strong><\/p>\n<p><strong>ai sensi dell&#8217;articolo 13 del Regolamento (UE) 2016\/679<\/strong><\/p>\n<p>In questa pagina si descrivono le modalit\u00e0 di gestione del sito in riferimento al trattamento dei dati personali degli utenti che lo consultano ed alla loro riservatezza. Si tratta di un\u2019informativa che \u00e8 resa anche ai sensi dell&#8217;art. 13 del D. Lgs. n. 196\/2003 e del Regolamento Europeo 679\/2016 \u2013 normativa in materia di Protezione dei Dati Personali, a coloro che interagiscono con i servizi web dell\u2019Hotel Manzoni, accessibili per via telematica a partire dall\u2019indirizzo:<\/p>\n<p><strong>\u00a0<\/strong><\/p>\n<blockquote class=\"wp-embedded-content\" data-secret=\"Nw0jUd95Ni\"><p><a href=\"https:\/\/hotelmanzoni.com\/it\/\">Homepage<\/a><\/p><\/blockquote>\n<p><iframe loading=\"lazy\" class=\"wp-embedded-content\" sandbox=\"allow-scripts\" security=\"restricted\" style=\"position: absolute; visibility: hidden;\" title=\"&#8220;Homepage&#8221; &#8212; Hotel Manzoni\" src=\"https:\/\/hotelmanzoni.com\/it\/embed\/#?secret=LwH1MDZ5pZ#?secret=Nw0jUd95Ni\" data-secret=\"Nw0jUd95Ni\" width=\"600\" height=\"338\" frameborder=\"0\" marginwidth=\"0\" marginheight=\"0\" scrolling=\"no\"><\/iframe><\/p>\n<p>&nbsp;<\/p>\n<p>corrispondente alla pagina iniziale del sito ufficiale di Hotel Manzoni di Via Santo Spirito, 20 \u2013 20121 Milano. L\u2019informativa \u00e8 resa solo per il presente sito e non anche per altri siti web eventualmente consultati dall\u2019utente tramite link.<\/p>\n<p>IL \u201cTITOLARE\u201d DEL TRATTAMENTO<\/p>\n<p>A seguito della consultazione di questo sito possono essere trattati dati relativi a persone identificate o identificabili. &#8220;Titolare&#8221; del trattamento dei dati personali eventualmente trattati a seguito della consultazione del nostro sito e di ogni altro dato utilizzato per la fornitura dei nostri servizi, \u00e8 Giaveco Srl, Via Santo Spirito, 20 \u2013 20121 Milano, contattabile all\u2019indirizzo direzione@hotelmanzoni.com.<\/p>\n<p>LUOGO DI TRATTAMENTO DEI DATI<\/p>\n<p>I trattamenti connessi ai servizi web di questo sito [fisicamente posto &#8220;in hosting&#8221; presso la Media Temple con server in Los Angeles &#8211; USA (&#8220;https:\/\/mediatemple.net&#8221;)] hanno luogo presso la predetta sede e sono curati solo da personale tecnico dell\u2019Ufficio incaricato del trattamento, oppure da eventuali incaricati di occasionali operazioni di manutenzione.<\/p>\n<p>&nbsp;<\/p>\n<p>I dati personali forniti dagli utenti che inoltrano richieste di prenotazione alberghiera o invio di materiale informativo (informazioni, newsletter, registrazioni, ecc.) sono utilizzati al solo fine di eseguire il servizio o la prestazione richiesta e non sono comunicati a terzi, tranne i seguenti possibili casi:<\/p>\n<ul>\n<li>partners commerciali di Hotel Manzoni ai quali lo stesso comunica i dati esclusivamente per evadere le prenotazioni on line, tra cui la ErmesHotels (www.ermeshotels.com);<\/li>\n<li>persone societ\u00e0 o studi professionali che prestino attivit\u00e0 di assistenza e consulenza a Giaveco Srl in materia contabile, amministrativa, legale, tributaria e finanziaria;<\/li>\n<li>soggetti cui la facolt\u00e0 di accedere ai dati sia riconosciuta da disposizioni di legge o da ordini delle autorit\u00e0;<\/li>\n<\/ul>\n<p>TIPI DI DATI TRATTATI<\/p>\n<h1><strong>Dati di navigazione<\/strong><\/h1>\n<p>I sistemi informatici e le procedure software preposte al funzionamento di questo sito web acquisiscono, nel corso del loro normale esercizio, alcuni dati personali la cui trasmissione \u00e8 implicita nell\u2019uso dei protocolli di comunicazione di Internet. Si tratta di informazioni che non sono raccolte per essere associate a interessati identificati, ma che per loro stessa natura potrebbero, attraverso elaborazioni ed associazioni con dati detenuti da terzi, permettere di identificare gli utenti. In questa categoria di dati rientrano gli indirizzi IP o i nomi a dominio dei computer utilizzati dagli utenti che si connettono al sito, gli indirizzi in notazione URI (Uniform Resource Identifier) delle risorse richieste, l\u2019orario della richiesta, il metodo utilizzato nel sottoporre la richiesta al server, la dimensione del file ottenuto in risposta, il codice numerico indicante lo stato della risposta data dal server (buon fine, errore, ecc.) ed altri parametri relativi al sistema operativo e all\u2019ambiente informatico dell\u2019utente.Questi dati vengono utilizzati al solo fine di ricavare informazioni statistiche anonime sull\u2019uso del sito e per controllarne il corretto funzionamento e vengono cancellati immediatamente dopo l\u2019elaborazione. I dati potrebbero essere utilizzati per l\u2019accertamento di responsabilit\u00e0 in caso di ipotetici reati informatici ai danni del sito: salva questa eventualit\u00e0, allo stato i dati sui contatti web non persistono per pi\u00f9 di sette giorni.<\/p>\n<h1><strong>Dati forniti volontariamente dall\u2019utente<\/strong><\/h1>\n<p>L\u2019invio facoltativo, esplicito e volontario di posta elettronica agli indirizzi indicati su questo sito comporta la successiva acquisizione dell\u2019indirizzo del mittente, necessario per rispondere alle richieste, nonch\u00e9 degli eventuali altri dati personali inseriti nella missiva. Specifiche informative di sintesi verranno progressivamente riportate o visualizzate nelle pagine del sito predisposte per particolari servizi a richiesta.<\/p>\n<p>Non si raccolgono n\u00e9 utilizzano le informazioni personali relative a chi visita il sito Web. I visitatori rimangono anonimi. L&#8217;unica eccezione riguarda le informazioni per l&#8217;identificazione personale necessarie per ottemperare agli obblighi contrattuali di prenotazione nei confronti dell&#8217;utente.<\/p>\n<h1><strong>Prenotazioni<\/strong><\/h1>\n<p>In caso di prenotazione sul sito Web, l&#8217;utente \u00e8 tenuto a fornire il proprio nome, indirizzo per la fatturazione, indirizzo e-mail e informazioni sulle modalit\u00e0 di pagamento e sulla carta di credito.\u00a0 Giaveco Srl utilizzer\u00e0 tali informazioni soltanto per l&#8217;elaborazione della prenotazione e per inviare informazioni specifiche rilevanti per la conferma della stessa, come la ricevuta, il codice di prenotazione e le condizioni.<\/p>\n<p>Le informazioni fornite non verranno utilizzate a fini commerciali e non verranno vendute, trasmesse, concesse in licenza o inoltrate a terzi in altro modo, ad eccezione del nostro fornitore di servizi di prenotazione ErmesHotels per esclusive finalit\u00e0 di prenotazione.<\/p>\n<p>In ogni caso l\u2019amministratore del sito assicura l\u2019adozione di scrupolose procedure per proteggere i dati di navigazione e l\u2019utilizzo di particolari cure per proteggere i dati relativi alla carta di credito forniti in occasione delle prenotazioni on line.<\/p>\n<h1><strong>Gestione Dati Personali Raccolti da Curriculum Vitae Personali <\/strong><\/h1>\n<p>La societ\u00e0 Giaveco Srl accetta i Curriculum Vitae personali di eventuali candidati anche via mail. L\u2019invio spontaneo e volontario del Curriculum sar\u00e0 considerato implicitamente quale consenso informato dalla presente rilasciato dall\u2019interessato alla ricezione ed al trattamento dei dati personali ivi riportati seguendo esclusivamente la finalit\u00e0 legata alla selezione dei potenziali candidati.<\/p>\n<p>I dati trattati al fine della selezione dei candidati sono di tipo personale utile alla ricerca del particolare profilo richiesto. In generale la natura dei dati personali \u00e8 di tipo normale, tranne in alcuni eventuali casi ove si possono indicare dati sensibili necessari all\u2019individuazione di particolari requisiti previsti dalle normative in vigore, come l\u2019indicazione a particolari categorie protette, l\u2019idoneit\u00e0 a determinati lavori e\/o avviamenti obbligatori, nel rispetto dei limiti indicati dalle Autorizzazioni Generali del Garante n. 1 e 2 del 15 dicembre 2016 (Reg. Provv. n. 523 del 15 dicembre 2016 Pubblicato sulla Gazzetta Ufficiale n. 303 del 29 dicembre 2016);<\/p>\n<p>Il conferimento dei dati relativo alla selezione dei candidati \u00e8 obbligatorio. L&#8217;eventuale rifiuto di fornire tali dati comporta l\u2019impossibilit\u00e0 di effettuare una regolare attivit\u00e0 di selezione e la eventuale assunzione. I dati in argomento non saranno comunicati a nessuno.<\/p>\n<h1><strong>Norme Generali per l\u2019invio del Curriculum Vitae\u00a0 <\/strong><\/h1>\n<p>Gli eventuali Curriculum Vitae ricevuti spontaneamente, in risposta ad un annuncio oppure ad una Nostra richiesta verranno archiviati direttamente da appositi incaricati del trattamento dati personali secondo le direttive di sicurezza dei dati personali adottate nel rispetto delle misure di sicurezza di cui al Capo IV Sez 2 del RGPD 679\/2016. Questi verranno stampati solo in occasione di un incontro e colloquio con l\u2019interessato. Dopo il colloquio di lavoro, se il candidato non sar\u00e0 selezionato, il CV sar\u00e0 cancellato e\/o distrutto.<\/p>\n<p>In tutti gli altri casi, trascorso un periodo di tempo breve e dopo aver effettuato i colloqui ed aver superato il periodo di prova, (60 gg )\u00a0 i C.V. vengono cancellati dal computer e se gi\u00e0 stampati vengono distrutti.<\/p>\n<p>Per l\u2019invio dei Curriculum Vitae utilizzare solo i seguenti indirizzi mail: Giaveco Srl, Via Santo Spirito, 20 \u2013 20121 Milano, c.a. Responsabile del personale, E-mail: info@hotelmanzoni.com<\/p>\n<p>PERIODO DI CONSERVAZIONE DEI DATI O CRITERI PER DETERMINARE IL PERIODO<\/p>\n<p>Nel rispetto di quanto previsto dall\u2019art. 5 comma 1 lett. e) del Reg. UE 2016\/679 i dati personali raccolti verranno conservati in una forma che consenta l\u2019identificazione degli interessati per un arco di tempo non superiore al conseguimento delle finalit\u00e0 per le quali i dati personali sono trattati.<\/p>\n<p>I tempi di conservazione dei dati di natura personale forniti tramite il sito web dipendono dalla finalit\u00e0 del trattamento effettuato, in particolare:<\/p>\n<ul>\n<li>finalit\u00e0 relative ai dati tecnici di navigazione per il corretto funzionamento del sito web: conservazione solo per la relativa sessione, al termine della quale i dati vengono cancellati;<\/li>\n<li>finalit\u00e0 di riscontro alla richiesta di informazioni\/fornitura di servizi richiesti (massimo 12 mesi per richiesta di contatto; 10 anni per la eventuale documentazione amministrativo\/contabile\/finanziaria relativa alla fornitura di un servizio);<\/li>\n<li>raccolta dati per selezione del personale (massimo 24 mesi);<\/li>\n<li>newsletter, marketing o comunicazioni promozionali in genere via e-mail (massimo 24 mesi);<\/li>\n<li>finalit\u00e0 di gestione amministrativa-contabile: 10 anni come da termini di legge per la conservazione della documentazione amministrativo\/contabile\/finanziaria.<\/li>\n<\/ul>\n","protected":false},"excerpt":{"rendered":"<p>INFORMAZIONI SUL TRATTAMENTO DEI DATI PERSONALI degli utenti che consultano il sito web dell\u2019Hotel Manzoni ai sensi dell&#8217;articolo 13 del Regolamento (UE) 2016\/679 In questa pagina si descrivono le modalit\u00e0 di gestione del sito in riferimento al trattamento dei dati personali degli utenti che lo consultano ed alla loro riservatezza. Si tratta di un\u2019informativa che [&hellip;]<\/p>\n","protected":false},"author":5,"featured_media":340,"parent":0,"menu_order":0,"comment_status":"closed","ping_status":"closed","template":"page-privacy.php","meta":{"_acf_changed":false,"footnotes":""},"class_list":["post-685","page","type-page","status-publish","has-post-thumbnail","hentry"],"acf":false,"yoast_head":"<!-- This site is optimized with the Yoast SEO plugin v24.9 - https:\/\/yoast.com\/wordpress\/plugins\/seo\/ -->\r\n<title>Privacy - Hotel Manzoni<\/title>\r\n<meta name=\"robots\" content=\"index, follow, max-snippet:-1, max-image-preview:large, max-video-preview:-1\" \/>\r\n<link rel=\"canonical\" href=\"https:\/\/hotelmanzoni.com\/it\/privacy\/\" \/>\r\n<meta property=\"og:locale\" content=\"it_IT\" \/>\r\n<meta property=\"og:type\" content=\"article\" \/>\r\n<meta property=\"og:title\" content=\"Privacy - Hotel Manzoni\" \/>\r\n<meta property=\"og:description\" content=\"INFORMAZIONI SUL TRATTAMENTO DEI DATI PERSONALI degli utenti che consultano il sito web dell\u2019Hotel Manzoni ai sensi dell&#8217;articolo 13 del Regolamento (UE) 2016\/679 In questa pagina si descrivono le modalit\u00e0 di gestione del sito in riferimento al trattamento dei dati personali degli utenti che lo consultano ed alla loro riservatezza. Si tratta di un\u2019informativa che [&hellip;]\" \/>\r\n<meta property=\"og:url\" content=\"https:\/\/hotelmanzoni.com\/it\/privacy\/\" \/>\r\n<meta property=\"og:site_name\" content=\"Hotel Manzoni\" \/>\r\n<meta property=\"article:modified_time\" content=\"2019-06-25T09:47:07+00:00\" \/>\r\n<meta property=\"og:image\" content=\"https:\/\/hotelmanzoni.com\/wp-content\/uploads\/2018\/02\/BM3A7543.jpg\" \/>\r\n\t<meta property=\"og:image:width\" content=\"1600\" \/>\r\n\t<meta property=\"og:image:height\" content=\"1067\" \/>\r\n\t<meta property=\"og:image:type\" content=\"image\/jpeg\" \/>\r\n<meta name=\"twitter:card\" content=\"summary_large_image\" \/>\r\n<meta name=\"twitter:label1\" content=\"Tempo di lettura stimato\" \/>\n\t<meta name=\"twitter:data1\" content=\"7 minuti\" \/>\r\n<script type=\"application\/ld+json\" class=\"yoast-schema-graph\">{\"@context\":\"https:\/\/schema.org\",\"@graph\":[{\"@type\":\"WebPage\",\"@id\":\"https:\/\/hotelmanzoni.com\/it\/privacy\/\",\"url\":\"https:\/\/hotelmanzoni.com\/it\/privacy\/\",\"name\":\"Privacy - Hotel Manzoni\",\"isPartOf\":{\"@id\":\"https:\/\/hotelmanzoni.com\/it\/#website\"},\"primaryImageOfPage\":{\"@id\":\"https:\/\/hotelmanzoni.com\/it\/privacy\/#primaryimage\"},\"image\":{\"@id\":\"https:\/\/hotelmanzoni.com\/it\/privacy\/#primaryimage\"},\"thumbnailUrl\":\"https:\/\/hotelmanzoni.com\/wp-content\/uploads\/2018\/02\/BM3A7543.jpg\",\"datePublished\":\"2018-02-27T14:50:42+00:00\",\"dateModified\":\"2019-06-25T09:47:07+00:00\",\"breadcrumb\":{\"@id\":\"https:\/\/hotelmanzoni.com\/it\/privacy\/#breadcrumb\"},\"inLanguage\":\"it-IT\",\"potentialAction\":[{\"@type\":\"ReadAction\",\"target\":[\"https:\/\/hotelmanzoni.com\/it\/privacy\/\"]}]},{\"@type\":\"ImageObject\",\"inLanguage\":\"it-IT\",\"@id\":\"https:\/\/hotelmanzoni.com\/it\/privacy\/#primaryimage\",\"url\":\"https:\/\/hotelmanzoni.com\/wp-content\/uploads\/2018\/02\/BM3A7543.jpg\",\"contentUrl\":\"https:\/\/hotelmanzoni.com\/wp-content\/uploads\/2018\/02\/BM3A7543.jpg\",\"width\":1600,\"height\":1067,\"caption\":\"hotel milano centro\"},{\"@type\":\"BreadcrumbList\",\"@id\":\"https:\/\/hotelmanzoni.com\/it\/privacy\/#breadcrumb\",\"itemListElement\":[{\"@type\":\"ListItem\",\"position\":1,\"name\":\"Home\",\"item\":\"https:\/\/hotelmanzoni.com\/it\/\"},{\"@type\":\"ListItem\",\"position\":2,\"name\":\"Privacy\"}]},{\"@type\":\"WebSite\",\"@id\":\"https:\/\/hotelmanzoni.com\/it\/#website\",\"url\":\"https:\/\/hotelmanzoni.com\/it\/\",\"name\":\"Hotel Manzoni Milano\",\"description\":\"Hotel vicino a Via Monte Napoleone Milano\",\"publisher\":{\"@id\":\"https:\/\/hotelmanzoni.com\/it\/#organization\"},\"potentialAction\":[{\"@type\":\"SearchAction\",\"target\":{\"@type\":\"EntryPoint\",\"urlTemplate\":\"https:\/\/hotelmanzoni.com\/it\/?s={search_term_string}\"},\"query-input\":{\"@type\":\"PropertyValueSpecification\",\"valueRequired\":true,\"valueName\":\"search_term_string\"}}],\"inLanguage\":\"it-IT\"},{\"@type\":\"Organization\",\"@id\":\"https:\/\/hotelmanzoni.com\/it\/#organization\",\"name\":\"Hotel Manzoni Milano\",\"url\":\"https:\/\/hotelmanzoni.com\/it\/\",\"logo\":{\"@type\":\"ImageObject\",\"inLanguage\":\"it-IT\",\"@id\":\"https:\/\/hotelmanzoni.com\/it\/#\/schema\/logo\/image\/\",\"url\":\"https:\/\/hotelmanzoni.com\/wp-content\/uploads\/2021\/06\/logomanzoni-1.png\",\"contentUrl\":\"https:\/\/hotelmanzoni.com\/wp-content\/uploads\/2021\/06\/logomanzoni-1.png\",\"width\":594,\"height\":498,\"caption\":\"Hotel Manzoni Milano\"},\"image\":{\"@id\":\"https:\/\/hotelmanzoni.com\/it\/#\/schema\/logo\/image\/\"}}]}<\/script>\r\n<!-- \/ Yoast SEO plugin. -->","yoast_head_json":{"title":"Privacy - Hotel Manzoni","robots":{"index":"index","follow":"follow","max-snippet":"max-snippet:-1","max-image-preview":"max-image-preview:large","max-video-preview":"max-video-preview:-1"},"canonical":"https:\/\/hotelmanzoni.com\/it\/privacy\/","og_locale":"it_IT","og_type":"article","og_title":"Privacy - Hotel Manzoni","og_description":"INFORMAZIONI SUL TRATTAMENTO DEI DATI PERSONALI degli utenti che consultano il sito web dell\u2019Hotel Manzoni ai sensi dell&#8217;articolo 13 del Regolamento (UE) 2016\/679 In questa pagina si descrivono le modalit\u00e0 di gestione del sito in riferimento al trattamento dei dati personali degli utenti che lo consultano ed alla loro riservatezza. Si tratta di un\u2019informativa che [&hellip;]","og_url":"https:\/\/hotelmanzoni.com\/it\/privacy\/","og_site_name":"Hotel Manzoni","article_modified_time":"2019-06-25T09:47:07+00:00","og_image":[{"width":1600,"height":1067,"url":"https:\/\/hotelmanzoni.com\/wp-content\/uploads\/2018\/02\/BM3A7543.jpg","type":"image\/jpeg"}],"twitter_card":"summary_large_image","twitter_misc":{"Tempo di lettura stimato":"7 minuti"},"schema":{"@context":"https:\/\/schema.org","@graph":[{"@type":"WebPage","@id":"https:\/\/hotelmanzoni.com\/it\/privacy\/","url":"https:\/\/hotelmanzoni.com\/it\/privacy\/","name":"Privacy - Hotel Manzoni","isPartOf":{"@id":"https:\/\/hotelmanzoni.com\/it\/#website"},"primaryImageOfPage":{"@id":"https:\/\/hotelmanzoni.com\/it\/privacy\/#primaryimage"},"image":{"@id":"https:\/\/hotelmanzoni.com\/it\/privacy\/#primaryimage"},"thumbnailUrl":"https:\/\/hotelmanzoni.com\/wp-content\/uploads\/2018\/02\/BM3A7543.jpg","datePublished":"2018-02-27T14:50:42+00:00","dateModified":"2019-06-25T09:47:07+00:00","breadcrumb":{"@id":"https:\/\/hotelmanzoni.com\/it\/privacy\/#breadcrumb"},"inLanguage":"it-IT","potentialAction":[{"@type":"ReadAction","target":["https:\/\/hotelmanzoni.com\/it\/privacy\/"]}]},{"@type":"ImageObject","inLanguage":"it-IT","@id":"https:\/\/hotelmanzoni.com\/it\/privacy\/#primaryimage","url":"https:\/\/hotelmanzoni.com\/wp-content\/uploads\/2018\/02\/BM3A7543.jpg","contentUrl":"https:\/\/hotelmanzoni.com\/wp-content\/uploads\/2018\/02\/BM3A7543.jpg","width":1600,"height":1067,"caption":"hotel milano centro"},{"@type":"BreadcrumbList","@id":"https:\/\/hotelmanzoni.com\/it\/privacy\/#breadcrumb","itemListElement":[{"@type":"ListItem","position":1,"name":"Home","item":"https:\/\/hotelmanzoni.com\/it\/"},{"@type":"ListItem","position":2,"name":"Privacy"}]},{"@type":"WebSite","@id":"https:\/\/hotelmanzoni.com\/it\/#website","url":"https:\/\/hotelmanzoni.com\/it\/","name":"Hotel Manzoni Milano","description":"Hotel vicino a Via Monte Napoleone Milano","publisher":{"@id":"https:\/\/hotelmanzoni.com\/it\/#organization"},"potentialAction":[{"@type":"SearchAction","target":{"@type":"EntryPoint","urlTemplate":"https:\/\/hotelmanzoni.com\/it\/?s={search_term_string}"},"query-input":{"@type":"PropertyValueSpecification","valueRequired":true,"valueName":"search_term_string"}}],"inLanguage":"it-IT"},{"@type":"Organization","@id":"https:\/\/hotelmanzoni.com\/it\/#organization","name":"Hotel Manzoni Milano","url":"https:\/\/hotelmanzoni.com\/it\/","logo":{"@type":"ImageObject","inLanguage":"it-IT","@id":"https:\/\/hotelmanzoni.com\/it\/#\/schema\/logo\/image\/","url":"https:\/\/hotelmanzoni.com\/wp-content\/uploads\/2021\/06\/logomanzoni-1.png","contentUrl":"https:\/\/hotelmanzoni.com\/wp-content\/uploads\/2021\/06\/logomanzoni-1.png","width":594,"height":498,"caption":"Hotel Manzoni Milano"},"image":{"@id":"https:\/\/hotelmanzoni.com\/it\/#\/schema\/logo\/image\/"}}]}},"_links":{"self":[{"href":"https:\/\/hotelmanzoni.com\/it\/wp-json\/wp\/v2\/pages\/685","targetHints":{"allow":["GET"]}}],"collection":[{"href":"https:\/\/hotelmanzoni.com\/it\/wp-json\/wp\/v2\/pages"}],"about":[{"href":"https:\/\/hotelmanzoni.com\/it\/wp-json\/wp\/v2\/types\/page"}],"author":[{"embeddable":true,"href":"https:\/\/hotelmanzoni.com\/it\/wp-json\/wp\/v2\/users\/5"}],"replies":[{"embeddable":true,"href":"https:\/\/hotelmanzoni.com\/it\/wp-json\/wp\/v2\/comments?post=685"}],"version-history":[{"count":5,"href":"https:\/\/hotelmanzoni.com\/it\/wp-json\/wp\/v2\/pages\/685\/revisions"}],"predecessor-version":[{"id":2433,"href":"https:\/\/hotelmanzoni.com\/it\/wp-json\/wp\/v2\/pages\/685\/revisions\/2433"}],"wp:featuredmedia":[{"embeddable":true,"href":"https:\/\/hotelmanzoni.com\/it\/wp-json\/wp\/v2\/media\/340"}],"wp:attachment":[{"href":"https:\/\/hotelmanzoni.com\/it\/wp-json\/wp\/v2\/media?parent=685"}],"curies":[{"name":"wp","href":"https:\/\/api.w.org\/{rel}","templated":true}]}}