{"id":29,"date":"2018-01-05T11:28:30","date_gmt":"2018-01-05T10:28:30","guid":{"rendered":"http:\/\/localhost\/hotelmanzoni\/?page_id=29"},"modified":"2019-10-01T17:33:06","modified_gmt":"2019-10-01T15:33:06","slug":"homepage","status":"publish","type":"page","link":"https:\/\/hotelmanzoni.com\/it\/","title":{"rendered":"Homepage"},"content":{"rendered":"<p>hotel via montenapoleone milano<\/p>\n<p>Lo stile abita da sempre in via Montenapoleone, dove l\u2019Hotel Manzoni di Milano \u00e8 la dimora dedicata a chi desidera ritrovare casa a due passi dal Duomo di Milano e nel cuore del Quadrilatero della Moda.<\/p>\n","protected":false},"excerpt":{"rendered":"<p>hotel via montenapoleone milano Lo stile abita da sempre in via Montenapoleone, dove l\u2019Hotel Manzoni di Milano \u00e8 la dimora dedicata a chi desidera ritrovare casa a due passi dal Duomo di Milano e nel cuore del Quadrilatero della Moda.<\/p>\n","protected":false},"author":5,"featured_media":239,"parent":0,"menu_order":0,"comment_status":"closed","ping_status":"closed","template":"page-home.php","meta":{"_acf_changed":false,"footnotes":""},"class_list":["post-29","page","type-page","status-publish","has-post-thumbnail","hentry"],"acf":{"slider_visual":[{"ID":3180,"id":3180,"title":"Hotel via Monte Napoleone in Milan","filename":"manzoni_homepage.jpg","filesize":326458,"url":"https:\/\/hotelmanzoni.com\/wp-content\/uploads\/2018\/02\/manzoni_homepage.jpg","link":"https:\/\/hotelmanzoni.com\/it\/homepage\/manzoni_homepage-2\/","alt":"","author":"4","description":"","caption":"","name":"manzoni_homepage-2","status":"inherit","uploaded_to":29,"date":"2018-02-20 14:05:57","modified":"2018-02-20 14:05:57","menu_order":0,"mime_type":"image\/jpeg","type":"image","subtype":"jpeg","icon":"https:\/\/hotelmanzoni.com\/wp-includes\/images\/media\/default.png","width":1600,"height":1067,"sizes":{"thumbnail":"https:\/\/hotelmanzoni.com\/wp-content\/uploads\/2018\/02\/manzoni_homepage-150x150.jpg","thumbnail-width":150,"thumbnail-height":150,"medium":"https:\/\/hotelmanzoni.com\/wp-content\/uploads\/2018\/02\/manzoni_homepage-300x200.jpg","medium-width":300,"medium-height":200,"medium_large":"https:\/\/hotelmanzoni.com\/wp-content\/uploads\/2018\/02\/manzoni_homepage-768x512.jpg","medium_large-width":640,"medium_large-height":427,"large":"https:\/\/hotelmanzoni.com\/wp-content\/uploads\/2018\/02\/manzoni_homepage-1024x683.jpg","large-width":640,"large-height":427,"1536x1536":"https:\/\/hotelmanzoni.com\/wp-content\/uploads\/2018\/02\/manzoni_homepage.jpg","1536x1536-width":1536,"1536x1536-height":1024,"2048x2048":"https:\/\/hotelmanzoni.com\/wp-content\/uploads\/2018\/02\/manzoni_homepage.jpg","2048x2048-width":1600,"2048x2048-height":1067}},{"ID":3187,"id":3187,"title":"hotel a milano wi-fi gratuito","filename":"MG_0625.jpg","filesize":298246,"url":"https:\/\/hotelmanzoni.com\/wp-content\/uploads\/2018\/02\/MG_0625.jpg","link":"https:\/\/hotelmanzoni.com\/it\/homepage\/_mg_0625-2\/","alt":"","author":"4","description":"","caption":"","name":"_mg_0625-2","status":"inherit","uploaded_to":29,"date":"2018-02-20 14:08:00","modified":"2018-02-20 14:08:00","menu_order":0,"mime_type":"image\/jpeg","type":"image","subtype":"jpeg","icon":"https:\/\/hotelmanzoni.com\/wp-includes\/images\/media\/default.png","width":1600,"height":1067,"sizes":{"thumbnail":"https:\/\/hotelmanzoni.com\/wp-content\/uploads\/2018\/02\/MG_0625-150x150.jpg","thumbnail-width":150,"thumbnail-height":150,"medium":"https:\/\/hotelmanzoni.com\/wp-content\/uploads\/2018\/02\/MG_0625-300x200.jpg","medium-width":300,"medium-height":200,"medium_large":"https:\/\/hotelmanzoni.com\/wp-content\/uploads\/2018\/02\/MG_0625-768x512.jpg","medium_large-width":640,"medium_large-height":427,"large":"https:\/\/hotelmanzoni.com\/wp-content\/uploads\/2018\/02\/MG_0625-1024x683.jpg","large-width":640,"large-height":427,"1536x1536":"https:\/\/hotelmanzoni.com\/wp-content\/uploads\/2018\/02\/MG_0625.jpg","1536x1536-width":1536,"1536x1536-height":1024,"2048x2048":"https:\/\/hotelmanzoni.com\/wp-content\/uploads\/2018\/02\/MG_0625.jpg","2048x2048-width":1600,"2048x2048-height":1067}},{"ID":3194,"id":3194,"title":"hotel manzoni milano","filename":"BM3A7776.jpg","filesize":306529,"url":"https:\/\/hotelmanzoni.com\/wp-content\/uploads\/2018\/02\/BM3A7776.jpg","link":"https:\/\/hotelmanzoni.com\/it\/homepage\/bm3a7776-3\/","alt":"","author":"4","description":"","caption":"","name":"bm3a7776-3","status":"inherit","uploaded_to":29,"date":"2018-02-20 14:10:37","modified":"2018-02-20 14:10:37","menu_order":0,"mime_type":"image\/jpeg","type":"image","subtype":"jpeg","icon":"https:\/\/hotelmanzoni.com\/wp-includes\/images\/media\/default.png","width":1600,"height":1014,"sizes":{"thumbnail":"https:\/\/hotelmanzoni.com\/wp-content\/uploads\/2018\/02\/BM3A7776-150x150.jpg","thumbnail-width":150,"thumbnail-height":150,"medium":"https:\/\/hotelmanzoni.com\/wp-content\/uploads\/2018\/02\/BM3A7776-300x190.jpg","medium-width":300,"medium-height":190,"medium_large":"https:\/\/hotelmanzoni.com\/wp-content\/uploads\/2018\/02\/BM3A7776-768x487.jpg","medium_large-width":640,"medium_large-height":406,"large":"https:\/\/hotelmanzoni.com\/wp-content\/uploads\/2018\/02\/BM3A7776-1024x649.jpg","large-width":640,"large-height":406,"1536x1536":"https:\/\/hotelmanzoni.com\/wp-content\/uploads\/2018\/02\/BM3A7776.jpg","1536x1536-width":1536,"1536x1536-height":973,"2048x2048":"https:\/\/hotelmanzoni.com\/wp-content\/uploads\/2018\/02\/BM3A7776.jpg","2048x2048-width":1600,"2048x2048-height":1014}}],"testo_visual":"","immagine_prima_sezione":"https:\/\/hotelmanzoni.com\/wp-content\/uploads\/2018\/02\/manzoni_homepage3.jpg","titolo_h1":"Hotel via Monte Napoleone a Milano ","testo_principale":"<p>Lo stile abita da sempre in via Montenapoleone, dove l\u2019Hotel Manzoni di Milano \u00e8 la dimora dedicata a chi desidera ritrovare casa a due passi dal Duomo di Milano e nel cuore del Quadrilatero della Moda.<\/p>\n","immagine_location":"https:\/\/hotelmanzoni.com\/wp-content\/uploads\/2018\/02\/manzoni_homepage2.jpg","testo_location":"Manzoni Experience","camere":[{"immagine":"https:\/\/hotelmanzoni.com\/wp-content\/uploads\/2018\/02\/BM3A0575.jpg","titolo":"Camere Classic","testo":"<p>Comfort ed eleganza, pavimenti in parquet e cura del dettaglio. Soluzione di prestigio per dormire a Milano centro.<\/p>\n"},{"immagine":"https:\/\/hotelmanzoni.com\/wp-content\/uploads\/2018\/02\/deluxe.jpg","titolo":"Camere Deluxe","testo":"<p>Ampia camera con comfort e servizi di lusso. Calde atmosfere, riposanti e rigeneranti, nel cuore di Milano.<\/p>\n"},{"immagine":"https:\/\/hotelmanzoni.com\/wp-content\/uploads\/2018\/02\/JuniorBM3A8428.jpg","titolo":"Junior Suite","testo":"<p>Accogliente e raffinata soluzione di soggiorno a Milano. Living, camera e splendido bagno in marmo.<\/p>\n"},{"immagine":"https:\/\/hotelmanzoni.com\/wp-content\/uploads\/2018\/02\/suites.jpg","titolo":"Suite","testo":"<p>All\u2019ultimo piano, spaziose e ricche di luce. Living, camera, guardaroba e bagni in marmo pregiato.<\/p>\n"}],"titolo_recensioni":"LE RECENSIONI","sottotitolo_recensioni":"L\u2019opinione degli ospiti","immagine_sinistra_recensioni":"https:\/\/hotelmanzoni.com\/wp-content\/uploads\/2018\/03\/Manzoni-Hotel-Milano-recensioni.jpg","immagine_destra_recensioni":"https:\/\/hotelmanzoni.com\/wp-content\/uploads\/2018\/02\/Manzoni-esterna.jpg","recensioni":[{"testo":"<p>&#8220;Eccellente ed elegante struttura , in una posizione favolosa al centro del quadrilatero della moda a due passi da via Montenapoleone, dal teatro Manzoni e dalla metro , l&#8217;Hotel Manzoni \u00e8 situato in una piccola strada elegante e tranquilla. Il servizio \u00e8 rapido e molto efficiente&#8221; (Gian Pietro Ristori)<\/p>\n"},{"testo":"<p>&#8220;Hotel meraviglioso , dotato dei migliori servizi e comfort, personale altamente qualificato cucina di alto livello, grande disponibilit\u00e0 a risolvere qualsiasi tipo di esigenza o problema. Ottimo rapporto qualit\u00e0 prezzo, consigliatissimo!&#8221;<br \/>\n(Elena C, Chianciano Terme, Italia)<\/p>\n"},{"testo":"<p>&#8220;Che aggiungere alle centinaia di meritatissime recensioni positive? Un albergo superlativo, personale gentilissimo ed efficientissimo, una struttura molto bella, camere silenziose, pulitissime e molto curate.&#8221; (esigenteater)<\/p>\n"},{"testo":"<p>&#8220;Abbiamo cenato con dei colleghi presso il ristorante dell&#8217;hotel, personale altamente qualificato, servizio notevole, ambiente di classe. Posizione favolosa in pieno quadrilatero della moda, meravigliosamente addobbato per le feste.&#8221; (maxgold63)<\/p>\n"},{"testo":"<p>\u201cPer lavoro ho frequentato per diversi anni questo albergo scegliendolo per i miei ospiti durante un evento internazionale a Milano. Le camere sono impeccabili, il servizio discreto e molto professionale, la cucina non delude mai e la collaborazione con la propriet\u00e0 \u00e8 stata sempre facile grazie all&#8217;eccezionale Sales manager dell&#8217;hotel.\u201d (viola2010_12, Milano, Italia)<\/p>\n"},{"testo":"<p>&#8220;Sono stata diverse volte all&#8217;Hotel Manzoni di Milano, ho dormito in camere diverse ma sempre fantastiche, adoro lo stile, adoro i bagni con i meravigliosi marmi, nn manca mai niente! Una gioia arrivare nelle loro camere.&#8221; (Roberta P)<\/p>\n"},{"testo":"<p>&#8220;In pieno quadrilato della moda si trova questo hotel che consiglio caldamente . La classe lo stile e il garbo del suo direttore Giulio coadiuvato dal suo staff di primissimo livello vi accoglier\u00e0 per farvi vivere come in una favola. Si trover\u00e0 la cortesia la gentilezza e la signorilit\u00e0 tutto sapientemente mixato.&#8221; (61Gianfry)<\/p>\n"}],"link_scopri_camere":"https:\/\/hotelmanzoni.com\/it\/suite-camere-lusso-milano-centro\/","testo_link_camere":"Scopri le camere ","link_manzoni":"https:\/\/hotelmanzoni.com\/it\/hotel-charme-vicino-teatro-scala\/","link_milano":"https:\/\/hotelmanzoni.com\/it\/hotel-manzoni-quadrilatero-moda-milano\/","testo_milano":"Milano","testo_experience":"Experience"},"yoast_head":"<!-- This site is optimized with the Yoast SEO plugin v24.9 - https:\/\/yoast.com\/wordpress\/plugins\/seo\/ -->\r\n<title>Hotel via Montenapoleone Milano | Hotel Manzoni Sito Ufficiale<\/title>\r\n<meta name=\"description\" content=\"Benvenuti sul sito ufficiale dell\u2019Hotel Manzoni di Milano via Montenapoleone. Stile, riservatezza e accoglienza per un\u2019ospitalit\u00e0 italiana di classe.\" \/>\r\n<meta name=\"robots\" content=\"index, follow, max-snippet:-1, max-image-preview:large, max-video-preview:-1\" \/>\r\n<link rel=\"canonical\" href=\"https:\/\/hotelmanzoni.com\/it\/\" \/>\r\n<meta property=\"og:locale\" content=\"it_IT\" \/>\r\n<meta property=\"og:type\" content=\"article\" \/>\r\n<meta property=\"og:title\" content=\"Hotel via Montenapoleone Milano | Hotel Manzoni Sito Ufficiale\" \/>\r\n<meta property=\"og:description\" content=\"Benvenuti sul sito ufficiale dell\u2019Hotel Manzoni di Milano via Montenapoleone. Stile, riservatezza e accoglienza per un\u2019ospitalit\u00e0 italiana di classe.\" \/>\r\n<meta property=\"og:url\" content=\"https:\/\/hotelmanzoni.com\/it\/\" \/>\r\n<meta property=\"og:site_name\" content=\"Hotel Manzoni\" \/>\r\n<meta property=\"article:modified_time\" content=\"2019-10-01T15:33:06+00:00\" \/>\r\n<meta property=\"og:image\" content=\"https:\/\/hotelmanzoni.com\/wp-content\/uploads\/2018\/02\/manzoni_homepage.jpg\" \/>\r\n\t<meta property=\"og:image:width\" content=\"1600\" \/>\r\n\t<meta property=\"og:image:height\" content=\"1067\" \/>\r\n\t<meta property=\"og:image:type\" content=\"image\/jpeg\" \/>\r\n<meta name=\"twitter:card\" content=\"summary_large_image\" \/>\r\n<script type=\"application\/ld+json\" class=\"yoast-schema-graph\">{\"@context\":\"https:\/\/schema.org\",\"@graph\":[{\"@type\":\"WebPage\",\"@id\":\"https:\/\/hotelmanzoni.com\/it\/\",\"url\":\"https:\/\/hotelmanzoni.com\/it\/\",\"name\":\"Hotel via Montenapoleone Milano | Hotel Manzoni Sito Ufficiale\",\"isPartOf\":{\"@id\":\"https:\/\/hotelmanzoni.com\/it\/#website\"},\"primaryImageOfPage\":{\"@id\":\"https:\/\/hotelmanzoni.com\/it\/#primaryimage\"},\"image\":{\"@id\":\"https:\/\/hotelmanzoni.com\/it\/#primaryimage\"},\"thumbnailUrl\":\"https:\/\/hotelmanzoni.com\/wp-content\/uploads\/2018\/02\/manzoni_homepage.jpg\",\"datePublished\":\"2018-01-05T10:28:30+00:00\",\"dateModified\":\"2019-10-01T15:33:06+00:00\",\"description\":\"Benvenuti sul sito ufficiale dell\u2019Hotel Manzoni di Milano via Montenapoleone. Stile, riservatezza e accoglienza per un\u2019ospitalit\u00e0 italiana di classe.\",\"breadcrumb\":{\"@id\":\"https:\/\/hotelmanzoni.com\/it\/#breadcrumb\"},\"inLanguage\":\"it-IT\",\"potentialAction\":[{\"@type\":\"ReadAction\",\"target\":[\"https:\/\/hotelmanzoni.com\/it\/\"]}]},{\"@type\":\"ImageObject\",\"inLanguage\":\"it-IT\",\"@id\":\"https:\/\/hotelmanzoni.com\/it\/#primaryimage\",\"url\":\"https:\/\/hotelmanzoni.com\/wp-content\/uploads\/2018\/02\/manzoni_homepage.jpg\",\"contentUrl\":\"https:\/\/hotelmanzoni.com\/wp-content\/uploads\/2018\/02\/manzoni_homepage.jpg\",\"width\":1600,\"height\":1067,\"caption\":\"Hotel via montenapoleone Milan\"},{\"@type\":\"BreadcrumbList\",\"@id\":\"https:\/\/hotelmanzoni.com\/it\/#breadcrumb\",\"itemListElement\":[{\"@type\":\"ListItem\",\"position\":1,\"name\":\"Home\",\"item\":\"https:\/\/hotelmanzoni.com\/it\/\"},{\"@type\":\"ListItem\",\"position\":2,\"name\":\"Homepage\"}]},{\"@type\":\"WebSite\",\"@id\":\"https:\/\/hotelmanzoni.com\/it\/#website\",\"url\":\"https:\/\/hotelmanzoni.com\/it\/\",\"name\":\"Hotel Manzoni Milano\",\"description\":\"Hotel vicino a Via Monte Napoleone Milano\",\"publisher\":{\"@id\":\"https:\/\/hotelmanzoni.com\/it\/#organization\"},\"potentialAction\":[{\"@type\":\"SearchAction\",\"target\":{\"@type\":\"EntryPoint\",\"urlTemplate\":\"https:\/\/hotelmanzoni.com\/it\/?s={search_term_string}\"},\"query-input\":{\"@type\":\"PropertyValueSpecification\",\"valueRequired\":true,\"valueName\":\"search_term_string\"}}],\"inLanguage\":\"it-IT\"},{\"@type\":\"Organization\",\"@id\":\"https:\/\/hotelmanzoni.com\/it\/#organization\",\"name\":\"Hotel Manzoni Milano\",\"url\":\"https:\/\/hotelmanzoni.com\/it\/\",\"logo\":{\"@type\":\"ImageObject\",\"inLanguage\":\"it-IT\",\"@id\":\"https:\/\/hotelmanzoni.com\/it\/#\/schema\/logo\/image\/\",\"url\":\"https:\/\/hotelmanzoni.com\/wp-content\/uploads\/2021\/06\/logomanzoni-1.png\",\"contentUrl\":\"https:\/\/hotelmanzoni.com\/wp-content\/uploads\/2021\/06\/logomanzoni-1.png\",\"width\":594,\"height\":498,\"caption\":\"Hotel Manzoni Milano\"},\"image\":{\"@id\":\"https:\/\/hotelmanzoni.com\/it\/#\/schema\/logo\/image\/\"}}]}<\/script>\r\n<!-- \/ Yoast SEO plugin. -->","yoast_head_json":{"title":"Hotel via Montenapoleone Milano | Hotel Manzoni Sito Ufficiale","description":"Benvenuti sul sito ufficiale dell\u2019Hotel Manzoni di Milano via Montenapoleone. Stile, riservatezza e accoglienza per un\u2019ospitalit\u00e0 italiana di classe.","robots":{"index":"index","follow":"follow","max-snippet":"max-snippet:-1","max-image-preview":"max-image-preview:large","max-video-preview":"max-video-preview:-1"},"canonical":"https:\/\/hotelmanzoni.com\/it\/","og_locale":"it_IT","og_type":"article","og_title":"Hotel via Montenapoleone Milano | Hotel Manzoni Sito Ufficiale","og_description":"Benvenuti sul sito ufficiale dell\u2019Hotel Manzoni di Milano via Montenapoleone. Stile, riservatezza e accoglienza per un\u2019ospitalit\u00e0 italiana di classe.","og_url":"https:\/\/hotelmanzoni.com\/it\/","og_site_name":"Hotel Manzoni","article_modified_time":"2019-10-01T15:33:06+00:00","og_image":[{"width":1600,"height":1067,"url":"https:\/\/hotelmanzoni.com\/wp-content\/uploads\/2018\/02\/manzoni_homepage.jpg","type":"image\/jpeg"}],"twitter_card":"summary_large_image","schema":{"@context":"https:\/\/schema.org","@graph":[{"@type":"WebPage","@id":"https:\/\/hotelmanzoni.com\/it\/","url":"https:\/\/hotelmanzoni.com\/it\/","name":"Hotel via Montenapoleone Milano | Hotel Manzoni Sito Ufficiale","isPartOf":{"@id":"https:\/\/hotelmanzoni.com\/it\/#website"},"primaryImageOfPage":{"@id":"https:\/\/hotelmanzoni.com\/it\/#primaryimage"},"image":{"@id":"https:\/\/hotelmanzoni.com\/it\/#primaryimage"},"thumbnailUrl":"https:\/\/hotelmanzoni.com\/wp-content\/uploads\/2018\/02\/manzoni_homepage.jpg","datePublished":"2018-01-05T10:28:30+00:00","dateModified":"2019-10-01T15:33:06+00:00","description":"Benvenuti sul sito ufficiale dell\u2019Hotel Manzoni di Milano via Montenapoleone. Stile, riservatezza e accoglienza per un\u2019ospitalit\u00e0 italiana di classe.","breadcrumb":{"@id":"https:\/\/hotelmanzoni.com\/it\/#breadcrumb"},"inLanguage":"it-IT","potentialAction":[{"@type":"ReadAction","target":["https:\/\/hotelmanzoni.com\/it\/"]}]},{"@type":"ImageObject","inLanguage":"it-IT","@id":"https:\/\/hotelmanzoni.com\/it\/#primaryimage","url":"https:\/\/hotelmanzoni.com\/wp-content\/uploads\/2018\/02\/manzoni_homepage.jpg","contentUrl":"https:\/\/hotelmanzoni.com\/wp-content\/uploads\/2018\/02\/manzoni_homepage.jpg","width":1600,"height":1067,"caption":"Hotel via montenapoleone Milan"},{"@type":"BreadcrumbList","@id":"https:\/\/hotelmanzoni.com\/it\/#breadcrumb","itemListElement":[{"@type":"ListItem","position":1,"name":"Home","item":"https:\/\/hotelmanzoni.com\/it\/"},{"@type":"ListItem","position":2,"name":"Homepage"}]},{"@type":"WebSite","@id":"https:\/\/hotelmanzoni.com\/it\/#website","url":"https:\/\/hotelmanzoni.com\/it\/","name":"Hotel Manzoni Milano","description":"Hotel vicino a Via Monte Napoleone Milano","publisher":{"@id":"https:\/\/hotelmanzoni.com\/it\/#organization"},"potentialAction":[{"@type":"SearchAction","target":{"@type":"EntryPoint","urlTemplate":"https:\/\/hotelmanzoni.com\/it\/?s={search_term_string}"},"query-input":{"@type":"PropertyValueSpecification","valueRequired":true,"valueName":"search_term_string"}}],"inLanguage":"it-IT"},{"@type":"Organization","@id":"https:\/\/hotelmanzoni.com\/it\/#organization","name":"Hotel Manzoni Milano","url":"https:\/\/hotelmanzoni.com\/it\/","logo":{"@type":"ImageObject","inLanguage":"it-IT","@id":"https:\/\/hotelmanzoni.com\/it\/#\/schema\/logo\/image\/","url":"https:\/\/hotelmanzoni.com\/wp-content\/uploads\/2021\/06\/logomanzoni-1.png","contentUrl":"https:\/\/hotelmanzoni.com\/wp-content\/uploads\/2021\/06\/logomanzoni-1.png","width":594,"height":498,"caption":"Hotel Manzoni Milano"},"image":{"@id":"https:\/\/hotelmanzoni.com\/it\/#\/schema\/logo\/image\/"}}]}},"_links":{"self":[{"href":"https:\/\/hotelmanzoni.com\/it\/wp-json\/wp\/v2\/pages\/29","targetHints":{"allow":["GET"]}}],"collection":[{"href":"https:\/\/hotelmanzoni.com\/it\/wp-json\/wp\/v2\/pages"}],"about":[{"href":"https:\/\/hotelmanzoni.com\/it\/wp-json\/wp\/v2\/types\/page"}],"author":[{"embeddable":true,"href":"https:\/\/hotelmanzoni.com\/it\/wp-json\/wp\/v2\/users\/5"}],"replies":[{"embeddable":true,"href":"https:\/\/hotelmanzoni.com\/it\/wp-json\/wp\/v2\/comments?post=29"}],"version-history":[{"count":30,"href":"https:\/\/hotelmanzoni.com\/it\/wp-json\/wp\/v2\/pages\/29\/revisions"}],"predecessor-version":[{"id":2975,"href":"https:\/\/hotelmanzoni.com\/it\/wp-json\/wp\/v2\/pages\/29\/revisions\/2975"}],"wp:featuredmedia":[{"embeddable":true,"href":"https:\/\/hotelmanzoni.com\/it\/wp-json\/wp\/v2\/media\/239"}],"wp:attachment":[{"href":"https:\/\/hotelmanzoni.com\/it\/wp-json\/wp\/v2\/media?parent=29"}],"curies":[{"name":"wp","href":"https:\/\/api.w.org\/{rel}","templated":true}]}}