{"id":2111,"date":"2018-06-05T17:29:33","date_gmt":"2018-06-05T15:29:33","guid":{"rendered":"https:\/\/hotelmanzoni.com\/cookie-policy\/"},"modified":"2019-06-25T11:46:23","modified_gmt":"2019-06-25T09:46:23","slug":"cookie-policy","status":"publish","type":"page","link":"https:\/\/hotelmanzoni.com\/it\/cookie-policy\/","title":{"rendered":"Cookie policy"},"content":{"rendered":"<p>TECNOLOGIE COOKIES &#038; JAVASCRIPT USATE<br \/>\nIn questo sito vengono applicate delle tecnologie che prevedono l\u2019uso dei cookies che hanno diverse finalit\u00e0, tra cui eseguire autenticazioni informatiche o il monitoraggio di sessioni e la memorizzazione di informazioni tecniche specifiche riguardanti gli utenti che accedono ai server di Media Temple, gestore del servizio di manutenzione del sito, e dei servizi di prenotazione dell\u2019albergo.<br \/>\nDescrizione dei meccanismi di cookie adottati:<br \/>\n\u2022\tcookie impiantati nel terminale dell&#8217;utente\/contraente direttamente (che non saranno utilizzati per scopi ulteriori) come ad esempio cookie di sessione utilizzati per le prenotazioni on line sul Sito, cookie di autenticazione, cookie di personalizzazione (ad esempio, per la scelta della lingua di navigazione); tali cookie rimangono attivi solamente per la durata della sessione.<br \/>\n\u2022\tcookie utilizzati per analizzare statisticamente gli accessi\/le visite al sito (cookies cosiddetti &#8220;analytics&#8221;) che perseguono scopi statistici, e raccolgono informazioni in forma aggregata senza possibilit\u00e0 di risalire alla identificazione del terminale del singolo utente. In questi casi, dal momento che la normativa vigente prescrive che per i cookies analytics sia fornita all\u2019interessato l\u2019indicazione chiara e adeguata delle modalit\u00e0 semplici per opporsi al loro impianto (compresi eventuali meccanismi di anonimizzazione dei cookies stessi), specifichiamo di seguito le modalit\u00e0 per disattivare i cookies installati. La durata dei cookies di sessione di analytics \u00e8 mediamente di 30 minuti.<br \/>\nCome modificare le impostazioni sui cookie<br \/>\nLa maggior parte dei browser permette di cancellare i cookie dal disco fisso del computer, di bloccare l\u2019accettazione dei cookie o di ricevere un avviso prima che un cookie venga memorizzato. Pertanto, per la rimozione dei cookies invitiamo l\u2019utente a seguire le istruzioni presenti sulle pagine dedicate dei vari browser pi\u00f9 utilizzati:<br \/>\nChrome: \t\thttps:\/\/support.google.com\/chrome\/answer\/95647?hl=it<br \/>\nFirefox: \t\thttps:\/\/support.mozilla.org\/it\/kb\/Gestione%20dei%20cookie<br \/>\nMicrosoft Edge: \thttps:\/\/privacy.microsoft.com\/it-IT\/windows-10-microsoft-edge-and-privacy<br \/>\nSafari: \t\thttp:\/\/support.apple.com\/kb\/HT1677?viewlocale=it_IT<br \/>\nCookies \u201cdi terze parti\u201d<br \/>\nI cookie di terze parti sono parti di codice impostati da un sito web diverso da quello che si sta attualmente visitando. Ci\u00f2 comporta la trasmissione di cookie da terzi soggetti. In questo sito viene utilizzata la tecnologia di Google analytics per le attivit\u00e0 statistiche di monitoraggio delle visite sul sito. La tecnologia in uso prevede il rilascio di cookies di terze parti e files javascript persistenti sui computer dei visitatori che dialogano con il server di Google. Questo consente di memorizzare informazioni come il tipo di Visitatore (nuovo o di ritorno), la durata della Visita e la fonte di provenienza della Visita. Le norme sulla privacy possono essere inoltre consultate sui siti web prima descritti. I visitatori in ogni caso possono disattivare le funzioni di Google Analytics presenti sul presente sito installando il componente aggiuntivo di disattivazione per il proprio browser scaricabile sul presente LINK. Maggiori info sulla privacy policy dei meccanismi di Google Analytics disponibili su http:\/\/www.google.com\/policies\/technologies\/ads\/<br \/>\nElenco dei cookie in uso<br \/>\nNome\tTipo\tDominio\tFinalit\u00e0\tScadenza\tFornitore<br \/>\n_gid\tHTTP\thotelmanzoni.com\tUtilizzato per distinguere gli utenti. viene utilizzato solo per realizzare analisi statistiche\tSessione\tGoogle<br \/>\nAnalytics<br \/>\n_gat\tHTTP\thotelmanzoni.com\tQuesto cookie viene utilizzato da Google Analytics per monitorare il tasso di richieste verso i loro server. Questo cookie ci aiuta a identificare le aree del sito web da migliorare e il cookie _gat non ci consente di identificare personalmente l&#8217;utente in quanto non vengono tracciate informazioni o dati personali.\tSessione\tGoogle<br \/>\nAnalytics<br \/>\n_ga\tHTTP\thotelmanzoni.com\tQuesto cookie viene utilizzato per distinguere gli utenti quando raccolgono informazioni sulle visite alle pagine. Questo cookie ci aiuta a identificare le aree del sito web da migliorare e il cookie _ga non ci consente di identificare l&#8217;utente personalmente poich\u00e9 nessuna informazione personale o dati viene tracciata,\t2 Anni\tGoogle<br \/>\nAnalytics<br \/>\n__cfduid\tHTTP\tionicframework.com\tUtilizzato dalla rete di contenuti, (Cloudflare), per identificare il traffico web affidabile\t1 Anno\tGoogle<br \/>\nAnalytics<br \/>\nads\/ga-audiences\tPixel\tgoogle.com\tUtilizzato da Google AdWords per coinvolgere nuovamente i visitatori che probabilmente si convertono in clienti in base al comportamento online dei visitatori su tutti i siti Web.\tSessione\tGoogle<br \/>\nAnalytics<br \/>\nContenuti Incorporati (Cookie di terze parti)<br \/>\nGiaveco Srl utilizza a volte contenuti incorporabili di altre piattaforme. Hotel manzoni non pu\u00f2 controllare questi cookie di terze parti e per questo \u00e8 si pu\u00f2 contattare direttamente ogni terza parte per avere maggior controllo su questi cookie. Di seguito alcuni link alle cookie privacy policy di terze parti :<br \/>\no\tFacebook<br \/>\no\tInstagram<br \/>\nTuttavia, se l\u2019utente blocca o cancella un cookie, potrebbe essere impossibile ripristinare le preferenze o le impostazioni personalizzate specificate in precedenza e la nostra capacit\u00e0 di personalizzare l\u2019esperienza dell\u2019utente sar\u00e0 limitata.<br \/>\nFACOLTATIVITA\u2019 DEL CONFERIMENTO DEI DATI<br \/>\nA parte quanto specificato per i dati di navigazione, l\u2019utente \u00e8 libero di fornire i dati personali riportati nei moduli di richiesta a Giaveco Srl o comunque indicati in contatti con l&#8217;hotel per inviare CV, per effettuare delle prenotazioni on line, sollecitare l\u2019invio di materiale informativo o di altre comunicazioni. Il loro mancato conferimento pu\u00f2 comportare l\u2019impossibilit\u00e0 di ottenere quanto richiesto.<br \/>\nMODALITA\u2019 DEL TRATTAMENTO<br \/>\nI dati personali sono trattati con strumenti automatizzati per il tempo strettamente necessario a conseguire gli scopi per cui sono stati raccolti. Specifiche misure di sicurezza sono osservate per prevenire la perdita dei dati, usi illeciti o non corretti ed accessi non autorizzati.<br \/>\nDIRITTI DEGLI INTERESSATI<br \/>\nIl titolare del trattamento \u00e8 Giaveco Srl, Via Santo Spirito, 20 \u2013 20121 Milano, il Responsabile del trattamento \u00e8 il Sig. Alfredo Dacrema. A tali soggetti potrete rivolgerVi in qualsiasi momento per esercitare i Vostri diritti cos\u00ec come previsto dal Capo III del GDPR 679\/2016, in particolare, il diritto di chiedere conferma dell\u2019esistenza di dati che li riguardano e delle logiche di trattamento cui sono sottoposti, il diritto di chiederne l\u2019integrazione, il diritto di opporsi alloro trattamento per motivi legittimi, nonch\u00e9 il diritto di chiederne la rettifica, l\u2019aggiornamento, la cancellazione (Oblio) o il blocco se trattati in violazione della legge, il diritto di ottenere una copia dei dati personali oggetto di trattamento, il diritto alla portabilit\u00e0 dei dati stessi, presentando apposita istanza, anche attraverso l\u2019indirizzo e-mail: direzione@hotelmanzoni.com.<br \/>\nDIRITTO DI RECLAMO<br \/>\nGli interessati che ritengono che il trattamento dei dati personali a loro riferiti effettuato attraverso questo sito avvenga in violazione di quanto previsto dal Regolamento hanno il diritto di proporre reclamo al Garante, come previsto dall&#8217;art. 77 del Regolamento stesso, o di adire le opportune sedi giudiziarie (art. 79 del Regolamento).<\/p>\n","protected":false},"excerpt":{"rendered":"<p>TECNOLOGIE COOKIES &#038; JAVASCRIPT USATE In questo sito vengono applicate delle tecnologie che prevedono l\u2019uso dei cookies che hanno diverse finalit\u00e0, tra cui eseguire autenticazioni informatiche o il monitoraggio di sessioni e la memorizzazione di informazioni tecniche specifiche riguardanti gli utenti che accedono ai server di Media Temple, gestore del servizio di manutenzione del sito, [&hellip;]<\/p>\n","protected":false},"author":4,"featured_media":0,"parent":0,"menu_order":0,"comment_status":"closed","ping_status":"closed","template":"page-privacy.php","meta":{"_acf_changed":false,"footnotes":""},"class_list":["post-2111","page","type-page","status-publish","hentry"],"acf":false,"yoast_head":"<!-- This site is optimized with the Yoast SEO plugin v24.9 - https:\/\/yoast.com\/wordpress\/plugins\/seo\/ -->\r\n<title>Cookie policy - Hotel Manzoni<\/title>\r\n<meta name=\"robots\" content=\"index, follow, max-snippet:-1, max-image-preview:large, max-video-preview:-1\" \/>\r\n<link rel=\"canonical\" href=\"https:\/\/hotelmanzoni.com\/it\/cookie-policy\/\" \/>\r\n<meta property=\"og:locale\" content=\"it_IT\" \/>\r\n<meta property=\"og:type\" content=\"article\" \/>\r\n<meta property=\"og:title\" content=\"Cookie policy - Hotel Manzoni\" \/>\r\n<meta property=\"og:description\" content=\"TECNOLOGIE COOKIES &#038; JAVASCRIPT USATE In questo sito vengono applicate delle tecnologie che prevedono l\u2019uso dei cookies che hanno diverse finalit\u00e0, tra cui eseguire autenticazioni informatiche o il monitoraggio di sessioni e la memorizzazione di informazioni tecniche specifiche riguardanti gli utenti che accedono ai server di Media Temple, gestore del servizio di manutenzione del sito, [&hellip;]\" \/>\r\n<meta property=\"og:url\" content=\"https:\/\/hotelmanzoni.com\/it\/cookie-policy\/\" \/>\r\n<meta property=\"og:site_name\" content=\"Hotel Manzoni\" \/>\r\n<meta property=\"article:modified_time\" content=\"2019-06-25T09:46:23+00:00\" \/>\r\n<meta name=\"twitter:card\" content=\"summary_large_image\" \/>\r\n<meta name=\"twitter:label1\" content=\"Tempo di lettura stimato\" \/>\n\t<meta name=\"twitter:data1\" content=\"5 minuti\" \/>\r\n<script type=\"application\/ld+json\" class=\"yoast-schema-graph\">{\"@context\":\"https:\/\/schema.org\",\"@graph\":[{\"@type\":\"WebPage\",\"@id\":\"https:\/\/hotelmanzoni.com\/it\/cookie-policy\/\",\"url\":\"https:\/\/hotelmanzoni.com\/it\/cookie-policy\/\",\"name\":\"Cookie policy - Hotel Manzoni\",\"isPartOf\":{\"@id\":\"https:\/\/hotelmanzoni.com\/it\/#website\"},\"datePublished\":\"2018-06-05T15:29:33+00:00\",\"dateModified\":\"2019-06-25T09:46:23+00:00\",\"breadcrumb\":{\"@id\":\"https:\/\/hotelmanzoni.com\/it\/cookie-policy\/#breadcrumb\"},\"inLanguage\":\"it-IT\",\"potentialAction\":[{\"@type\":\"ReadAction\",\"target\":[\"https:\/\/hotelmanzoni.com\/it\/cookie-policy\/\"]}]},{\"@type\":\"BreadcrumbList\",\"@id\":\"https:\/\/hotelmanzoni.com\/it\/cookie-policy\/#breadcrumb\",\"itemListElement\":[{\"@type\":\"ListItem\",\"position\":1,\"name\":\"Home\",\"item\":\"https:\/\/hotelmanzoni.com\/it\/\"},{\"@type\":\"ListItem\",\"position\":2,\"name\":\"Cookie policy\"}]},{\"@type\":\"WebSite\",\"@id\":\"https:\/\/hotelmanzoni.com\/it\/#website\",\"url\":\"https:\/\/hotelmanzoni.com\/it\/\",\"name\":\"Hotel Manzoni Milano\",\"description\":\"Hotel vicino a Via Monte Napoleone Milano\",\"publisher\":{\"@id\":\"https:\/\/hotelmanzoni.com\/it\/#organization\"},\"potentialAction\":[{\"@type\":\"SearchAction\",\"target\":{\"@type\":\"EntryPoint\",\"urlTemplate\":\"https:\/\/hotelmanzoni.com\/it\/?s={search_term_string}\"},\"query-input\":{\"@type\":\"PropertyValueSpecification\",\"valueRequired\":true,\"valueName\":\"search_term_string\"}}],\"inLanguage\":\"it-IT\"},{\"@type\":\"Organization\",\"@id\":\"https:\/\/hotelmanzoni.com\/it\/#organization\",\"name\":\"Hotel Manzoni Milano\",\"url\":\"https:\/\/hotelmanzoni.com\/it\/\",\"logo\":{\"@type\":\"ImageObject\",\"inLanguage\":\"it-IT\",\"@id\":\"https:\/\/hotelmanzoni.com\/it\/#\/schema\/logo\/image\/\",\"url\":\"https:\/\/hotelmanzoni.com\/wp-content\/uploads\/2021\/06\/logomanzoni-1.png\",\"contentUrl\":\"https:\/\/hotelmanzoni.com\/wp-content\/uploads\/2021\/06\/logomanzoni-1.png\",\"width\":594,\"height\":498,\"caption\":\"Hotel Manzoni Milano\"},\"image\":{\"@id\":\"https:\/\/hotelmanzoni.com\/it\/#\/schema\/logo\/image\/\"}}]}<\/script>\r\n<!-- \/ Yoast SEO plugin. -->","yoast_head_json":{"title":"Cookie policy - Hotel Manzoni","robots":{"index":"index","follow":"follow","max-snippet":"max-snippet:-1","max-image-preview":"max-image-preview:large","max-video-preview":"max-video-preview:-1"},"canonical":"https:\/\/hotelmanzoni.com\/it\/cookie-policy\/","og_locale":"it_IT","og_type":"article","og_title":"Cookie policy - Hotel Manzoni","og_description":"TECNOLOGIE COOKIES &#038; JAVASCRIPT USATE In questo sito vengono applicate delle tecnologie che prevedono l\u2019uso dei cookies che hanno diverse finalit\u00e0, tra cui eseguire autenticazioni informatiche o il monitoraggio di sessioni e la memorizzazione di informazioni tecniche specifiche riguardanti gli utenti che accedono ai server di Media Temple, gestore del servizio di manutenzione del sito, [&hellip;]","og_url":"https:\/\/hotelmanzoni.com\/it\/cookie-policy\/","og_site_name":"Hotel Manzoni","article_modified_time":"2019-06-25T09:46:23+00:00","twitter_card":"summary_large_image","twitter_misc":{"Tempo di lettura stimato":"5 minuti"},"schema":{"@context":"https:\/\/schema.org","@graph":[{"@type":"WebPage","@id":"https:\/\/hotelmanzoni.com\/it\/cookie-policy\/","url":"https:\/\/hotelmanzoni.com\/it\/cookie-policy\/","name":"Cookie policy - Hotel Manzoni","isPartOf":{"@id":"https:\/\/hotelmanzoni.com\/it\/#website"},"datePublished":"2018-06-05T15:29:33+00:00","dateModified":"2019-06-25T09:46:23+00:00","breadcrumb":{"@id":"https:\/\/hotelmanzoni.com\/it\/cookie-policy\/#breadcrumb"},"inLanguage":"it-IT","potentialAction":[{"@type":"ReadAction","target":["https:\/\/hotelmanzoni.com\/it\/cookie-policy\/"]}]},{"@type":"BreadcrumbList","@id":"https:\/\/hotelmanzoni.com\/it\/cookie-policy\/#breadcrumb","itemListElement":[{"@type":"ListItem","position":1,"name":"Home","item":"https:\/\/hotelmanzoni.com\/it\/"},{"@type":"ListItem","position":2,"name":"Cookie policy"}]},{"@type":"WebSite","@id":"https:\/\/hotelmanzoni.com\/it\/#website","url":"https:\/\/hotelmanzoni.com\/it\/","name":"Hotel Manzoni Milano","description":"Hotel vicino a Via Monte Napoleone Milano","publisher":{"@id":"https:\/\/hotelmanzoni.com\/it\/#organization"},"potentialAction":[{"@type":"SearchAction","target":{"@type":"EntryPoint","urlTemplate":"https:\/\/hotelmanzoni.com\/it\/?s={search_term_string}"},"query-input":{"@type":"PropertyValueSpecification","valueRequired":true,"valueName":"search_term_string"}}],"inLanguage":"it-IT"},{"@type":"Organization","@id":"https:\/\/hotelmanzoni.com\/it\/#organization","name":"Hotel Manzoni Milano","url":"https:\/\/hotelmanzoni.com\/it\/","logo":{"@type":"ImageObject","inLanguage":"it-IT","@id":"https:\/\/hotelmanzoni.com\/it\/#\/schema\/logo\/image\/","url":"https:\/\/hotelmanzoni.com\/wp-content\/uploads\/2021\/06\/logomanzoni-1.png","contentUrl":"https:\/\/hotelmanzoni.com\/wp-content\/uploads\/2021\/06\/logomanzoni-1.png","width":594,"height":498,"caption":"Hotel Manzoni Milano"},"image":{"@id":"https:\/\/hotelmanzoni.com\/it\/#\/schema\/logo\/image\/"}}]}},"_links":{"self":[{"href":"https:\/\/hotelmanzoni.com\/it\/wp-json\/wp\/v2\/pages\/2111","targetHints":{"allow":["GET"]}}],"collection":[{"href":"https:\/\/hotelmanzoni.com\/it\/wp-json\/wp\/v2\/pages"}],"about":[{"href":"https:\/\/hotelmanzoni.com\/it\/wp-json\/wp\/v2\/types\/page"}],"author":[{"embeddable":true,"href":"https:\/\/hotelmanzoni.com\/it\/wp-json\/wp\/v2\/users\/4"}],"replies":[{"embeddable":true,"href":"https:\/\/hotelmanzoni.com\/it\/wp-json\/wp\/v2\/comments?post=2111"}],"version-history":[{"count":6,"href":"https:\/\/hotelmanzoni.com\/it\/wp-json\/wp\/v2\/pages\/2111\/revisions"}],"predecessor-version":[{"id":2447,"href":"https:\/\/hotelmanzoni.com\/it\/wp-json\/wp\/v2\/pages\/2111\/revisions\/2447"}],"wp:attachment":[{"href":"https:\/\/hotelmanzoni.com\/it\/wp-json\/wp\/v2\/media?parent=2111"}],"curies":[{"name":"wp","href":"https:\/\/api.w.org\/{rel}","templated":true}]}}