{"id":827,"date":"2018-03-07T11:59:29","date_gmt":"2018-03-07T10:59:29","guid":{"rendered":"https:\/\/hotelmanzoni.com\/?page_id=827"},"modified":"2022-10-03T13:43:22","modified_gmt":"2022-10-03T11:43:22","slug":"hotel-charme-proximite-theatre-scala","status":"publish","type":"page","link":"https:\/\/hotelmanzoni.com\/fr\/hotel-charme-proximite-theatre-scala\/","title":{"rendered":"Manzoni Experience FR"},"content":{"rendered":"<p>Un accueil raffin\u00e9, discret et attentif aux besoins de ceux qui viennent \u00e0 Milan pour travailler ou d\u00e9couvrir la ville. Un h\u00f4tel dans le quartier de la mode de Via Montenapoleone avec un Wine Bar \u00e9l\u00e9gant et discret, des salles de r\u00e9union accueillantes et un espace fitness.<\/p>\n","protected":false},"excerpt":{"rendered":"<p>Un accueil raffin\u00e9, discret et attentif aux besoins de ceux qui viennent \u00e0 Milan pour travailler ou d\u00e9couvrir la ville. Un h\u00f4tel dans le quartier de la mode de Via Montenapoleone avec un Wine Bar \u00e9l\u00e9gant et discret, des salles de r\u00e9union accueillantes et un espace fitness.<\/p>\n","protected":false},"author":4,"featured_media":437,"parent":0,"menu_order":0,"comment_status":"closed","ping_status":"closed","template":"page-manzoni.php","meta":{"_acf_changed":false,"footnotes":""},"class_list":["post-827","page","type-page","status-publish","has-post-thumbnail","hentry"],"acf":{"slider_visual":[{"ID":3724,"id":3724,"title":"hotel manzoni milano","filename":"manzoni-hotel-spazi-comuni.jpg","filesize":358937,"url":"https:\/\/hotelmanzoni.com\/wp-content\/uploads\/2018\/02\/manzoni-hotel-spazi-comuni.jpg","link":"https:\/\/hotelmanzoni.com\/fr\/hotel-charme-proximite-theatre-scala\/manzoni-hotel-spazi-comuni-2\/","alt":"","author":"4","description":"","caption":"","name":"manzoni-hotel-spazi-comuni-2","status":"inherit","uploaded_to":827,"date":"2018-02-23 13:31:37","modified":"2021-08-07 09:56:41","menu_order":0,"mime_type":"image\/jpeg","type":"image","subtype":"jpeg","icon":"https:\/\/hotelmanzoni.com\/wp-includes\/images\/media\/default.png","width":1600,"height":1061,"sizes":{"thumbnail":"https:\/\/hotelmanzoni.com\/wp-content\/uploads\/2018\/02\/manzoni-hotel-spazi-comuni-150x150.jpg","thumbnail-width":150,"thumbnail-height":150,"medium":"https:\/\/hotelmanzoni.com\/wp-content\/uploads\/2018\/02\/manzoni-hotel-spazi-comuni-300x199.jpg","medium-width":300,"medium-height":199,"medium_large":"https:\/\/hotelmanzoni.com\/wp-content\/uploads\/2018\/02\/manzoni-hotel-spazi-comuni-768x509.jpg","medium_large-width":640,"medium_large-height":424,"large":"https:\/\/hotelmanzoni.com\/wp-content\/uploads\/2018\/02\/manzoni-hotel-spazi-comuni-1024x679.jpg","large-width":640,"large-height":424,"1536x1536":"https:\/\/hotelmanzoni.com\/wp-content\/uploads\/2018\/02\/manzoni-hotel-spazi-comuni.jpg","1536x1536-width":1536,"1536x1536-height":1019,"2048x2048":"https:\/\/hotelmanzoni.com\/wp-content\/uploads\/2018\/02\/manzoni-hotel-spazi-comuni.jpg","2048x2048-width":1600,"2048x2048-height":1061}},{"ID":3661,"id":3661,"title":"Charming hotel near Teatro Alla Scala","filename":"Charming-hotel-near-Teatro-Alla-Scala-.jpg","filesize":383899,"url":"https:\/\/hotelmanzoni.com\/wp-content\/uploads\/2018\/02\/Charming-hotel-near-Teatro-Alla-Scala-.jpg","link":"https:\/\/hotelmanzoni.com\/fr\/hotel-charme-proximite-theatre-scala\/charming-hotel-near-teatro-alla-scala-2\/","alt":"","author":"4","description":"","caption":"","name":"charming-hotel-near-teatro-alla-scala-2","status":"inherit","uploaded_to":827,"date":"2018-02-23 10:07:01","modified":"2021-08-07 09:56:57","menu_order":0,"mime_type":"image\/jpeg","type":"image","subtype":"jpeg","icon":"https:\/\/hotelmanzoni.com\/wp-includes\/images\/media\/default.png","width":1600,"height":1067,"sizes":{"thumbnail":"https:\/\/hotelmanzoni.com\/wp-content\/uploads\/2018\/02\/Charming-hotel-near-Teatro-Alla-Scala--150x150.jpg","thumbnail-width":150,"thumbnail-height":150,"medium":"https:\/\/hotelmanzoni.com\/wp-content\/uploads\/2018\/02\/Charming-hotel-near-Teatro-Alla-Scala--300x200.jpg","medium-width":300,"medium-height":200,"medium_large":"https:\/\/hotelmanzoni.com\/wp-content\/uploads\/2018\/02\/Charming-hotel-near-Teatro-Alla-Scala--768x512.jpg","medium_large-width":640,"medium_large-height":427,"large":"https:\/\/hotelmanzoni.com\/wp-content\/uploads\/2018\/02\/Charming-hotel-near-Teatro-Alla-Scala--1024x683.jpg","large-width":640,"large-height":427,"1536x1536":"https:\/\/hotelmanzoni.com\/wp-content\/uploads\/2018\/02\/Charming-hotel-near-Teatro-Alla-Scala-.jpg","1536x1536-width":1536,"1536x1536-height":1024,"2048x2048":"https:\/\/hotelmanzoni.com\/wp-content\/uploads\/2018\/02\/Charming-hotel-near-Teatro-Alla-Scala-.jpg","2048x2048-width":1600,"2048x2048-height":1067}},{"ID":3934,"id":3934,"title":"Manzoni experience milano","filename":"Manzoni-exp-slider3.jpg","filesize":131643,"url":"https:\/\/hotelmanzoni.com\/wp-content\/uploads\/2018\/03\/Manzoni-exp-slider3.jpg","link":"https:\/\/hotelmanzoni.com\/fr\/hotel-charme-proximite-theatre-scala\/manzoni-exp-slider3-2\/","alt":"","author":"4","description":"","caption":"","name":"manzoni-exp-slider3-2","status":"inherit","uploaded_to":827,"date":"2018-03-06 15:15:07","modified":"2021-08-07 09:51:58","menu_order":0,"mime_type":"image\/jpeg","type":"image","subtype":"jpeg","icon":"https:\/\/hotelmanzoni.com\/wp-includes\/images\/media\/default.png","width":1600,"height":999,"sizes":{"thumbnail":"https:\/\/hotelmanzoni.com\/wp-content\/uploads\/2018\/03\/Manzoni-exp-slider3-150x150.jpg","thumbnail-width":150,"thumbnail-height":150,"medium":"https:\/\/hotelmanzoni.com\/wp-content\/uploads\/2018\/03\/Manzoni-exp-slider3-300x187.jpg","medium-width":300,"medium-height":187,"medium_large":"https:\/\/hotelmanzoni.com\/wp-content\/uploads\/2018\/03\/Manzoni-exp-slider3-768x480.jpg","medium_large-width":640,"medium_large-height":400,"large":"https:\/\/hotelmanzoni.com\/wp-content\/uploads\/2018\/03\/Manzoni-exp-slider3-1024x639.jpg","large-width":640,"large-height":399,"1536x1536":"https:\/\/hotelmanzoni.com\/wp-content\/uploads\/2018\/03\/Manzoni-exp-slider3.jpg","1536x1536-width":1536,"1536x1536-height":959,"2048x2048":"https:\/\/hotelmanzoni.com\/wp-content\/uploads\/2018\/03\/Manzoni-exp-slider3.jpg","2048x2048-width":1600,"2048x2048-height":999}},{"ID":3276,"id":3276,"title":"sauna hotel manzoni milano","filename":"sauna.jpg","filesize":208237,"url":"https:\/\/hotelmanzoni.com\/wp-content\/uploads\/2018\/02\/sauna.jpg","link":"https:\/\/hotelmanzoni.com\/fr\/hotel-charme-proximite-theatre-scala\/sauna-2\/","alt":"","author":"4","description":"","caption":"","name":"sauna-2","status":"inherit","uploaded_to":827,"date":"2018-02-20 14:42:40","modified":"2021-08-07 09:57:12","menu_order":0,"mime_type":"image\/jpeg","type":"image","subtype":"jpeg","icon":"https:\/\/hotelmanzoni.com\/wp-includes\/images\/media\/default.png","width":1600,"height":1052,"sizes":{"thumbnail":"https:\/\/hotelmanzoni.com\/wp-content\/uploads\/2018\/02\/sauna-150x150.jpg","thumbnail-width":150,"thumbnail-height":150,"medium":"https:\/\/hotelmanzoni.com\/wp-content\/uploads\/2018\/02\/sauna-300x197.jpg","medium-width":300,"medium-height":197,"medium_large":"https:\/\/hotelmanzoni.com\/wp-content\/uploads\/2018\/02\/sauna-768x505.jpg","medium_large-width":640,"medium_large-height":421,"large":"https:\/\/hotelmanzoni.com\/wp-content\/uploads\/2018\/02\/sauna-1024x673.jpg","large-width":640,"large-height":421,"1536x1536":"https:\/\/hotelmanzoni.com\/wp-content\/uploads\/2018\/02\/sauna.jpg","1536x1536-width":1536,"1536x1536-height":1010,"2048x2048":"https:\/\/hotelmanzoni.com\/wp-content\/uploads\/2018\/02\/sauna.jpg","2048x2048-width":1600,"2048x2048-height":1052}}],"testo_visual":"Exp\u00e9rience Manzoni","immagine_prima_sezione":"https:\/\/hotelmanzoni.com\/wp-content\/uploads\/2018\/02\/maznoni-experience-e1519382380550.jpg","titolo_h1":"H\u00f4tels de charme pr\u00e8s du Th\u00e9\u00e2tre de La Scala","testo_principale":"<p>Un accueil raffin\u00e9, discret et attentif aux besoins de ceux qui viennent \u00e0 Milan pour travailler ou d\u00e9couvrir la ville. Un h\u00f4tel dans le quartier de la mode milanaise avec un restaurant \u00e9l\u00e9gant et discret, des salles de r\u00e9union accueillantes et un espace fitness.<\/p>\n","slider_seconda_sezione":[{"ID":3290,"id":3290,"title":"hotel manzoni reception milan downtown","filename":"BM3A7369.jpg","filesize":292191,"url":"https:\/\/hotelmanzoni.com\/wp-content\/uploads\/2018\/02\/BM3A7369.jpg","link":"https:\/\/hotelmanzoni.com\/fr\/hotel-charme-proximite-theatre-scala\/bm3a7369-3\/","alt":"","author":"4","description":"","caption":"","name":"bm3a7369-3","status":"inherit","uploaded_to":827,"date":"2018-02-20 14:48:33","modified":"2021-08-07 09:54:35","menu_order":0,"mime_type":"image\/jpeg","type":"image","subtype":"jpeg","icon":"https:\/\/hotelmanzoni.com\/wp-includes\/images\/media\/default.png","width":1600,"height":1067,"sizes":{"thumbnail":"https:\/\/hotelmanzoni.com\/wp-content\/uploads\/2018\/02\/BM3A7369-150x150.jpg","thumbnail-width":150,"thumbnail-height":150,"medium":"https:\/\/hotelmanzoni.com\/wp-content\/uploads\/2018\/02\/BM3A7369-300x200.jpg","medium-width":300,"medium-height":200,"medium_large":"https:\/\/hotelmanzoni.com\/wp-content\/uploads\/2018\/02\/BM3A7369-768x512.jpg","medium_large-width":640,"medium_large-height":427,"large":"https:\/\/hotelmanzoni.com\/wp-content\/uploads\/2018\/02\/BM3A7369-1024x683.jpg","large-width":640,"large-height":427,"1536x1536":"https:\/\/hotelmanzoni.com\/wp-content\/uploads\/2018\/02\/BM3A7369.jpg","1536x1536-width":1536,"1536x1536-height":1024,"2048x2048":"https:\/\/hotelmanzoni.com\/wp-content\/uploads\/2018\/02\/BM3A7369.jpg","2048x2048-width":1600,"2048x2048-height":1067}},{"ID":3297,"id":3297,"title":"garden hotel manzoni","filename":"BM3A9624.jpg","filesize":359520,"url":"https:\/\/hotelmanzoni.com\/wp-content\/uploads\/2018\/02\/BM3A9624.jpg","link":"https:\/\/hotelmanzoni.com\/fr\/hotel-charme-proximite-theatre-scala\/bm3a9624-2\/","alt":"","author":"4","description":"","caption":"","name":"bm3a9624-2","status":"inherit","uploaded_to":827,"date":"2018-02-20 14:51:22","modified":"2021-08-07 09:54:46","menu_order":0,"mime_type":"image\/jpeg","type":"image","subtype":"jpeg","icon":"https:\/\/hotelmanzoni.com\/wp-includes\/images\/media\/default.png","width":1600,"height":969,"sizes":{"thumbnail":"https:\/\/hotelmanzoni.com\/wp-content\/uploads\/2018\/02\/BM3A9624-150x150.jpg","thumbnail-width":150,"thumbnail-height":150,"medium":"https:\/\/hotelmanzoni.com\/wp-content\/uploads\/2018\/02\/BM3A9624-300x182.jpg","medium-width":300,"medium-height":182,"medium_large":"https:\/\/hotelmanzoni.com\/wp-content\/uploads\/2018\/02\/BM3A9624-768x465.jpg","medium_large-width":640,"medium_large-height":388,"large":"https:\/\/hotelmanzoni.com\/wp-content\/uploads\/2018\/02\/BM3A9624-1024x620.jpg","large-width":640,"large-height":388,"1536x1536":"https:\/\/hotelmanzoni.com\/wp-content\/uploads\/2018\/02\/BM3A9624.jpg","1536x1536-width":1536,"1536x1536-height":930,"2048x2048":"https:\/\/hotelmanzoni.com\/wp-content\/uploads\/2018\/02\/BM3A9624.jpg","2048x2048-width":1600,"2048x2048-height":969}},{"ID":3304,"id":3304,"title":"hotel manzoni milano","filename":"MG_0671.jpg","filesize":291338,"url":"https:\/\/hotelmanzoni.com\/wp-content\/uploads\/2018\/02\/MG_0671.jpg","link":"https:\/\/hotelmanzoni.com\/fr\/hotel-charme-proximite-theatre-scala\/_mg_0671-2\/","alt":"","author":"4","description":"","caption":"","name":"_mg_0671-2","status":"inherit","uploaded_to":827,"date":"2018-02-20 14:52:07","modified":"2021-08-07 09:57:47","menu_order":0,"mime_type":"image\/jpeg","type":"image","subtype":"jpeg","icon":"https:\/\/hotelmanzoni.com\/wp-includes\/images\/media\/default.png","width":1600,"height":1068,"sizes":{"thumbnail":"https:\/\/hotelmanzoni.com\/wp-content\/uploads\/2018\/02\/MG_0671-150x150.jpg","thumbnail-width":150,"thumbnail-height":150,"medium":"https:\/\/hotelmanzoni.com\/wp-content\/uploads\/2018\/02\/MG_0671-300x200.jpg","medium-width":300,"medium-height":200,"medium_large":"https:\/\/hotelmanzoni.com\/wp-content\/uploads\/2018\/02\/MG_0671-768x513.jpg","medium_large-width":640,"medium_large-height":428,"large":"https:\/\/hotelmanzoni.com\/wp-content\/uploads\/2018\/02\/MG_0671-1024x684.jpg","large-width":640,"large-height":428,"1536x1536":"https:\/\/hotelmanzoni.com\/wp-content\/uploads\/2018\/02\/MG_0671.jpg","1536x1536-width":1536,"1536x1536-height":1025,"2048x2048":"https:\/\/hotelmanzoni.com\/wp-content\/uploads\/2018\/02\/MG_0671.jpg","2048x2048-width":1600,"2048x2048-height":1068}}],"titolo_seconda_sezione":"Hospitalit\u00e9 italienne","testo_seconda_sezione":"<p>Un service de conciergerie attentif et pr\u00e9venant et tout le confort le plus moderne s\u2019ajoutent \u00e0 l\u2019atmosph\u00e8re des espaces intimes et r\u00e9serv\u00e9s, meubl\u00e9s et d\u00e9cor\u00e9s selon le meilleur go\u00fbt du Made in Italy.<\/p>\n","titolo_servizi":"Les services de notre h\u00f4tel","lista_servizi":[{"immagine":"https:\/\/hotelmanzoni.com\/wp-content\/uploads\/2018\/02\/restaurant.png","testo":"Wine Bar & Bistrot"},{"immagine":"https:\/\/hotelmanzoni.com\/wp-content\/uploads\/2018\/02\/wifi.png","testo":"Internet wi-fi gratuit "},{"immagine":"https:\/\/hotelmanzoni.com\/wp-content\/uploads\/2018\/03\/laundry.png","testo":"Service de blanchisserie"},{"immagine":"https:\/\/hotelmanzoni.com\/wp-content\/uploads\/2018\/02\/Valet-parking.png","testo":"Parking"},{"immagine":"https:\/\/hotelmanzoni.com\/wp-content\/uploads\/2018\/02\/concierge.png","testo":"Concierge"},{"immagine":"https:\/\/hotelmanzoni.com\/wp-content\/uploads\/2018\/03\/trasnfer.png","testo":"Service de transfert"}],"immagine_sinistra_terza_sezione":"https:\/\/hotelmanzoni.com\/wp-content\/uploads\/2018\/03\/manzoni-business--e1522396792122.jpg","titolo_terza_sezione":"H\u00f4tel Manzoni - \u00c9v\u00e9nements professionnels","testo_terza_sezione":"<p>Lorsque l\u2019on voyage pour le travail, rien n\u2019est laiss\u00e9 au hasard. La salle de r\u00e9union Sforza et le salon Hall sont des espaces accueillants et raffin\u00e9s, b\u00e9n\u00e9ficiant de toute la technologie n\u00e9cessaire pour les r\u00e9unions d\u2019entreprise, les cours de formation, les salles d\u2019exposition et les petits s\u00e9minaires.<\/p>\n","testo_contattaci_terza_sezione":"\u00c9crivez-nous pour organiser votre \u00e9v\u00e9nement professionnel","link_contattaci_terza_sezione":"","titolo_prima_lista_terza_sezione":"Equipement","prima_lista_terza_sezione":[{"testo":"\u00c9cran TV "},{"testo":"Chevalet de conf\u00e9rence \u00e0 feuilles "},{"testo":"Wi-Fi"}],"titolo_seconda_lista_terza_sezione":"Si\u00e8ges disponibles","seconda_lista_terza_sezione":[{"testo":"Jusqu\u2019\u00e0 20+2 personnes en th\u00e9\u00e2tre "},{"testo":"Table unique pouvant accueillir jusqu\u2019\u00e0 14 personnes "},{"testo":"Salle de classe jusqu\u2019\u00e0 14 places"}],"slider_terza_sezione":false,"slider_quarta_sezione":false,"titolo_prima_lista_quarta_sezione":"Bien-\u00eatre","prima_lista_quarta_sezione":[{"testo":"Hammam "},{"testo":"Jacuzzi"},{"testo":"Salle de d\u00e9tente "}],"titolo_seconda_lista_quarta_sezione":"Fitness","seconda_lista_quarta_sezione":[{"testo":"Salle de sport   "},{"testo":"Cardio-fitness"},{"testo":"Force Mouvement"}],"titolo_quarta_sezione":"Bien-\u00eatre et d\u00e9tente","testo_quarta_sezione":"<p>Une petite salle de sport \u00e9quip\u00e9e, avec hammam, salle de relaxation et autres conforts pour se r\u00e9g\u00e9n\u00e9rer et garder la forme dans un cadre \u00e9l\u00e9gant et confortable. Un moment de bien-\u00eatre bien m\u00e9rit\u00e9 apr\u00e8s une journ\u00e9e \u00e0 Milan.<\/p>\n"},"yoast_head":"<!-- This site is optimized with the Yoast SEO plugin v24.9 - https:\/\/yoast.com\/wordpress\/plugins\/seo\/ -->\r\n<title>H\u00f4tels de charme pr\u00e8s du Th\u00e9\u00e2tre de La Scala | H\u00f4tel Manzoni Milan<\/title>\r\n<meta name=\"description\" content=\"Le plaisir d\u2019un accueil \u00e9l\u00e9gant dans le centre de Milan. D\u00e9couvrez notre h\u00f4tel de charme pr\u00e8s du Th\u00e9\u00e2tre de La Scala, avec restaurant et salles de r\u00e9union.\" \/>\r\n<meta name=\"robots\" content=\"index, follow, max-snippet:-1, max-image-preview:large, max-video-preview:-1\" \/>\r\n<link rel=\"canonical\" href=\"https:\/\/hotelmanzoni.com\/fr\/hotel-charme-proximite-theatre-scala\/\" \/>\r\n<meta property=\"og:locale\" content=\"fr_FR\" \/>\r\n<meta property=\"og:type\" content=\"article\" \/>\r\n<meta property=\"og:title\" content=\"H\u00f4tels de charme pr\u00e8s du Th\u00e9\u00e2tre de La Scala | H\u00f4tel Manzoni Milan\" \/>\r\n<meta property=\"og:description\" content=\"Le plaisir d\u2019un accueil \u00e9l\u00e9gant dans le centre de Milan. D\u00e9couvrez notre h\u00f4tel de charme pr\u00e8s du Th\u00e9\u00e2tre de La Scala, avec restaurant et salles de r\u00e9union.\" \/>\r\n<meta property=\"og:url\" content=\"https:\/\/hotelmanzoni.com\/fr\/hotel-charme-proximite-theatre-scala\/\" \/>\r\n<meta property=\"og:site_name\" content=\"Hotel Manzoni\" \/>\r\n<meta property=\"article:modified_time\" content=\"2022-10-03T11:43:22+00:00\" \/>\r\n<meta property=\"og:image\" content=\"https:\/\/hotelmanzoni.com\/wp-content\/uploads\/2018\/02\/Charming-hotel-near-Teatro-Alla-Scala-.jpg\" \/>\r\n\t<meta property=\"og:image:width\" content=\"1600\" \/>\r\n\t<meta property=\"og:image:height\" content=\"1067\" \/>\r\n\t<meta property=\"og:image:type\" content=\"image\/jpeg\" \/>\r\n<meta name=\"twitter:card\" content=\"summary_large_image\" \/>\r\n<meta name=\"twitter:label1\" content=\"Dur\u00e9e de lecture estim\u00e9e\" \/>\n\t<meta name=\"twitter:data1\" content=\"1 minute\" \/>\r\n<script type=\"application\/ld+json\" class=\"yoast-schema-graph\">{\"@context\":\"https:\/\/schema.org\",\"@graph\":[{\"@type\":\"WebPage\",\"@id\":\"https:\/\/hotelmanzoni.com\/fr\/hotel-charme-proximite-theatre-scala\/\",\"url\":\"https:\/\/hotelmanzoni.com\/fr\/hotel-charme-proximite-theatre-scala\/\",\"name\":\"H\u00f4tels de charme pr\u00e8s du Th\u00e9\u00e2tre de La Scala | H\u00f4tel Manzoni Milan\",\"isPartOf\":{\"@id\":\"https:\/\/hotelmanzoni.com\/fr\/#website\"},\"primaryImageOfPage\":{\"@id\":\"https:\/\/hotelmanzoni.com\/fr\/hotel-charme-proximite-theatre-scala\/#primaryimage\"},\"image\":{\"@id\":\"https:\/\/hotelmanzoni.com\/fr\/hotel-charme-proximite-theatre-scala\/#primaryimage\"},\"thumbnailUrl\":\"https:\/\/hotelmanzoni.com\/wp-content\/uploads\/2018\/02\/Charming-hotel-near-Teatro-Alla-Scala-.jpg\",\"datePublished\":\"2018-03-07T10:59:29+00:00\",\"dateModified\":\"2022-10-03T11:43:22+00:00\",\"description\":\"Le plaisir d\u2019un accueil \u00e9l\u00e9gant dans le centre de Milan. D\u00e9couvrez notre h\u00f4tel de charme pr\u00e8s du Th\u00e9\u00e2tre de La Scala, avec restaurant et salles de r\u00e9union.\",\"breadcrumb\":{\"@id\":\"https:\/\/hotelmanzoni.com\/fr\/hotel-charme-proximite-theatre-scala\/#breadcrumb\"},\"inLanguage\":\"fr-FR\",\"potentialAction\":[{\"@type\":\"ReadAction\",\"target\":[\"https:\/\/hotelmanzoni.com\/fr\/hotel-charme-proximite-theatre-scala\/\"]}]},{\"@type\":\"ImageObject\",\"inLanguage\":\"fr-FR\",\"@id\":\"https:\/\/hotelmanzoni.com\/fr\/hotel-charme-proximite-theatre-scala\/#primaryimage\",\"url\":\"https:\/\/hotelmanzoni.com\/wp-content\/uploads\/2018\/02\/Charming-hotel-near-Teatro-Alla-Scala-.jpg\",\"contentUrl\":\"https:\/\/hotelmanzoni.com\/wp-content\/uploads\/2018\/02\/Charming-hotel-near-Teatro-Alla-Scala-.jpg\",\"width\":1600,\"height\":1067,\"caption\":\"Charming hotel near Teatro Alla Scala\"},{\"@type\":\"BreadcrumbList\",\"@id\":\"https:\/\/hotelmanzoni.com\/fr\/hotel-charme-proximite-theatre-scala\/#breadcrumb\",\"itemListElement\":[{\"@type\":\"ListItem\",\"position\":1,\"name\":\"Home\",\"item\":\"https:\/\/hotelmanzoni.com\/fr\/\"},{\"@type\":\"ListItem\",\"position\":2,\"name\":\"Manzoni Experience FR\"}]},{\"@type\":\"WebSite\",\"@id\":\"https:\/\/hotelmanzoni.com\/fr\/#website\",\"url\":\"https:\/\/hotelmanzoni.com\/fr\/\",\"name\":\"Hotel Manzoni Milano\",\"description\":\"Hotel vicino a Via Monte Napoleone Milano\",\"publisher\":{\"@id\":\"https:\/\/hotelmanzoni.com\/fr\/#organization\"},\"potentialAction\":[{\"@type\":\"SearchAction\",\"target\":{\"@type\":\"EntryPoint\",\"urlTemplate\":\"https:\/\/hotelmanzoni.com\/fr\/?s={search_term_string}\"},\"query-input\":{\"@type\":\"PropertyValueSpecification\",\"valueRequired\":true,\"valueName\":\"search_term_string\"}}],\"inLanguage\":\"fr-FR\"},{\"@type\":\"Organization\",\"@id\":\"https:\/\/hotelmanzoni.com\/fr\/#organization\",\"name\":\"Hotel Manzoni Milano\",\"url\":\"https:\/\/hotelmanzoni.com\/fr\/\",\"logo\":{\"@type\":\"ImageObject\",\"inLanguage\":\"fr-FR\",\"@id\":\"https:\/\/hotelmanzoni.com\/fr\/#\/schema\/logo\/image\/\",\"url\":\"https:\/\/hotelmanzoni.com\/wp-content\/uploads\/2021\/06\/logomanzoni-1.png\",\"contentUrl\":\"https:\/\/hotelmanzoni.com\/wp-content\/uploads\/2021\/06\/logomanzoni-1.png\",\"width\":594,\"height\":498,\"caption\":\"Hotel Manzoni Milano\"},\"image\":{\"@id\":\"https:\/\/hotelmanzoni.com\/fr\/#\/schema\/logo\/image\/\"}}]}<\/script>\r\n<!-- \/ Yoast SEO plugin. -->","yoast_head_json":{"title":"H\u00f4tels de charme pr\u00e8s du Th\u00e9\u00e2tre de La Scala | H\u00f4tel Manzoni Milan","description":"Le plaisir d\u2019un accueil \u00e9l\u00e9gant dans le centre de Milan. D\u00e9couvrez notre h\u00f4tel de charme pr\u00e8s du Th\u00e9\u00e2tre de La Scala, avec restaurant et salles de r\u00e9union.","robots":{"index":"index","follow":"follow","max-snippet":"max-snippet:-1","max-image-preview":"max-image-preview:large","max-video-preview":"max-video-preview:-1"},"canonical":"https:\/\/hotelmanzoni.com\/fr\/hotel-charme-proximite-theatre-scala\/","og_locale":"fr_FR","og_type":"article","og_title":"H\u00f4tels de charme pr\u00e8s du Th\u00e9\u00e2tre de La Scala | H\u00f4tel Manzoni Milan","og_description":"Le plaisir d\u2019un accueil \u00e9l\u00e9gant dans le centre de Milan. D\u00e9couvrez notre h\u00f4tel de charme pr\u00e8s du Th\u00e9\u00e2tre de La Scala, avec restaurant et salles de r\u00e9union.","og_url":"https:\/\/hotelmanzoni.com\/fr\/hotel-charme-proximite-theatre-scala\/","og_site_name":"Hotel Manzoni","article_modified_time":"2022-10-03T11:43:22+00:00","og_image":[{"width":1600,"height":1067,"url":"https:\/\/hotelmanzoni.com\/wp-content\/uploads\/2018\/02\/Charming-hotel-near-Teatro-Alla-Scala-.jpg","type":"image\/jpeg"}],"twitter_card":"summary_large_image","twitter_misc":{"Dur\u00e9e de lecture estim\u00e9e":"1 minute"},"schema":{"@context":"https:\/\/schema.org","@graph":[{"@type":"WebPage","@id":"https:\/\/hotelmanzoni.com\/fr\/hotel-charme-proximite-theatre-scala\/","url":"https:\/\/hotelmanzoni.com\/fr\/hotel-charme-proximite-theatre-scala\/","name":"H\u00f4tels de charme pr\u00e8s du Th\u00e9\u00e2tre de La Scala | H\u00f4tel Manzoni Milan","isPartOf":{"@id":"https:\/\/hotelmanzoni.com\/fr\/#website"},"primaryImageOfPage":{"@id":"https:\/\/hotelmanzoni.com\/fr\/hotel-charme-proximite-theatre-scala\/#primaryimage"},"image":{"@id":"https:\/\/hotelmanzoni.com\/fr\/hotel-charme-proximite-theatre-scala\/#primaryimage"},"thumbnailUrl":"https:\/\/hotelmanzoni.com\/wp-content\/uploads\/2018\/02\/Charming-hotel-near-Teatro-Alla-Scala-.jpg","datePublished":"2018-03-07T10:59:29+00:00","dateModified":"2022-10-03T11:43:22+00:00","description":"Le plaisir d\u2019un accueil \u00e9l\u00e9gant dans le centre de Milan. D\u00e9couvrez notre h\u00f4tel de charme pr\u00e8s du Th\u00e9\u00e2tre de La Scala, avec restaurant et salles de r\u00e9union.","breadcrumb":{"@id":"https:\/\/hotelmanzoni.com\/fr\/hotel-charme-proximite-theatre-scala\/#breadcrumb"},"inLanguage":"fr-FR","potentialAction":[{"@type":"ReadAction","target":["https:\/\/hotelmanzoni.com\/fr\/hotel-charme-proximite-theatre-scala\/"]}]},{"@type":"ImageObject","inLanguage":"fr-FR","@id":"https:\/\/hotelmanzoni.com\/fr\/hotel-charme-proximite-theatre-scala\/#primaryimage","url":"https:\/\/hotelmanzoni.com\/wp-content\/uploads\/2018\/02\/Charming-hotel-near-Teatro-Alla-Scala-.jpg","contentUrl":"https:\/\/hotelmanzoni.com\/wp-content\/uploads\/2018\/02\/Charming-hotel-near-Teatro-Alla-Scala-.jpg","width":1600,"height":1067,"caption":"Charming hotel near Teatro Alla Scala"},{"@type":"BreadcrumbList","@id":"https:\/\/hotelmanzoni.com\/fr\/hotel-charme-proximite-theatre-scala\/#breadcrumb","itemListElement":[{"@type":"ListItem","position":1,"name":"Home","item":"https:\/\/hotelmanzoni.com\/fr\/"},{"@type":"ListItem","position":2,"name":"Manzoni Experience FR"}]},{"@type":"WebSite","@id":"https:\/\/hotelmanzoni.com\/fr\/#website","url":"https:\/\/hotelmanzoni.com\/fr\/","name":"Hotel Manzoni Milano","description":"Hotel vicino a Via Monte Napoleone Milano","publisher":{"@id":"https:\/\/hotelmanzoni.com\/fr\/#organization"},"potentialAction":[{"@type":"SearchAction","target":{"@type":"EntryPoint","urlTemplate":"https:\/\/hotelmanzoni.com\/fr\/?s={search_term_string}"},"query-input":{"@type":"PropertyValueSpecification","valueRequired":true,"valueName":"search_term_string"}}],"inLanguage":"fr-FR"},{"@type":"Organization","@id":"https:\/\/hotelmanzoni.com\/fr\/#organization","name":"Hotel Manzoni Milano","url":"https:\/\/hotelmanzoni.com\/fr\/","logo":{"@type":"ImageObject","inLanguage":"fr-FR","@id":"https:\/\/hotelmanzoni.com\/fr\/#\/schema\/logo\/image\/","url":"https:\/\/hotelmanzoni.com\/wp-content\/uploads\/2021\/06\/logomanzoni-1.png","contentUrl":"https:\/\/hotelmanzoni.com\/wp-content\/uploads\/2021\/06\/logomanzoni-1.png","width":594,"height":498,"caption":"Hotel Manzoni Milano"},"image":{"@id":"https:\/\/hotelmanzoni.com\/fr\/#\/schema\/logo\/image\/"}}]}},"_links":{"self":[{"href":"https:\/\/hotelmanzoni.com\/fr\/wp-json\/wp\/v2\/pages\/827","targetHints":{"allow":["GET"]}}],"collection":[{"href":"https:\/\/hotelmanzoni.com\/fr\/wp-json\/wp\/v2\/pages"}],"about":[{"href":"https:\/\/hotelmanzoni.com\/fr\/wp-json\/wp\/v2\/types\/page"}],"author":[{"embeddable":true,"href":"https:\/\/hotelmanzoni.com\/fr\/wp-json\/wp\/v2\/users\/4"}],"replies":[{"embeddable":true,"href":"https:\/\/hotelmanzoni.com\/fr\/wp-json\/wp\/v2\/comments?post=827"}],"version-history":[{"count":10,"href":"https:\/\/hotelmanzoni.com\/fr\/wp-json\/wp\/v2\/pages\/827\/revisions"}],"predecessor-version":[{"id":6744,"href":"https:\/\/hotelmanzoni.com\/fr\/wp-json\/wp\/v2\/pages\/827\/revisions\/6744"}],"wp:featuredmedia":[{"embeddable":true,"href":"https:\/\/hotelmanzoni.com\/fr\/wp-json\/wp\/v2\/media\/437"}],"wp:attachment":[{"href":"https:\/\/hotelmanzoni.com\/fr\/wp-json\/wp\/v2\/media?parent=827"}],"curies":[{"name":"wp","href":"https:\/\/api.w.org\/{rel}","templated":true}]}}