{"id":823,"date":"2018-03-07T11:39:51","date_gmt":"2018-03-07T10:39:51","guid":{"rendered":"https:\/\/hotelmanzoni.com\/?page_id=823"},"modified":"2020-01-30T17:36:33","modified_gmt":"2020-01-30T16:36:33","slug":"homepage","status":"publish","type":"page","link":"https:\/\/hotelmanzoni.com\/fr\/","title":{"rendered":"Homepage"},"content":{"rendered":"<p>Le style a toujours \u00e9t\u00e9 pr\u00e9sent Via Montenapoleone, o\u00f9 l\u2019H\u00f4tel Manzoni \u00e0 Milan est la demeure d\u00e9di\u00e9e \u00e0 ceux qui veulent se sentir chez eux \u00e0 deux pas du D\u00f4me de Milan et au c\u0153ur du Quadrilat\u00e8re de la Mode.<\/p>\n","protected":false},"excerpt":{"rendered":"<p>Le style a toujours \u00e9t\u00e9 pr\u00e9sent Via Montenapoleone, o\u00f9 l\u2019H\u00f4tel Manzoni \u00e0 Milan est la demeure d\u00e9di\u00e9e \u00e0 ceux qui veulent se sentir chez eux \u00e0 deux pas du D\u00f4me de Milan et au c\u0153ur du Quadrilat\u00e8re de la Mode.<\/p>\n","protected":false},"author":4,"featured_media":239,"parent":0,"menu_order":0,"comment_status":"closed","ping_status":"closed","template":"page-home.php","meta":{"_acf_changed":false,"footnotes":""},"class_list":["post-823","page","type-page","status-publish","has-post-thumbnail","hentry"],"acf":{"slider_visual":[{"ID":3178,"id":3178,"title":"Hotel via Monte Napoleone in Milan","filename":"manzoni_homepage.jpg","filesize":326458,"url":"https:\/\/hotelmanzoni.com\/wp-content\/uploads\/2018\/02\/manzoni_homepage.jpg","link":"https:\/\/hotelmanzoni.com\/fr\/homepage\/manzoni_homepage-2\/","alt":"","author":"4","description":"","caption":"","name":"manzoni_homepage-2","status":"inherit","uploaded_to":823,"date":"2018-02-20 14:05:57","modified":"2018-02-20 14:05:57","menu_order":0,"mime_type":"image\/jpeg","type":"image","subtype":"jpeg","icon":"https:\/\/hotelmanzoni.com\/wp-includes\/images\/media\/default.png","width":1600,"height":1067,"sizes":{"thumbnail":"https:\/\/hotelmanzoni.com\/wp-content\/uploads\/2018\/02\/manzoni_homepage-150x150.jpg","thumbnail-width":150,"thumbnail-height":150,"medium":"https:\/\/hotelmanzoni.com\/wp-content\/uploads\/2018\/02\/manzoni_homepage-300x200.jpg","medium-width":300,"medium-height":200,"medium_large":"https:\/\/hotelmanzoni.com\/wp-content\/uploads\/2018\/02\/manzoni_homepage-768x512.jpg","medium_large-width":640,"medium_large-height":427,"large":"https:\/\/hotelmanzoni.com\/wp-content\/uploads\/2018\/02\/manzoni_homepage-1024x683.jpg","large-width":640,"large-height":427,"1536x1536":"https:\/\/hotelmanzoni.com\/wp-content\/uploads\/2018\/02\/manzoni_homepage.jpg","1536x1536-width":1536,"1536x1536-height":1024,"2048x2048":"https:\/\/hotelmanzoni.com\/wp-content\/uploads\/2018\/02\/manzoni_homepage.jpg","2048x2048-width":1600,"2048x2048-height":1067}},{"ID":3185,"id":3185,"title":"hotel a milano wi-fi gratuito","filename":"MG_0625.jpg","filesize":298246,"url":"https:\/\/hotelmanzoni.com\/wp-content\/uploads\/2018\/02\/MG_0625.jpg","link":"https:\/\/hotelmanzoni.com\/fr\/homepage\/_mg_0625-2\/","alt":"","author":"4","description":"","caption":"","name":"_mg_0625-2","status":"inherit","uploaded_to":823,"date":"2018-02-20 14:08:00","modified":"2018-02-20 14:08:00","menu_order":0,"mime_type":"image\/jpeg","type":"image","subtype":"jpeg","icon":"https:\/\/hotelmanzoni.com\/wp-includes\/images\/media\/default.png","width":1600,"height":1067,"sizes":{"thumbnail":"https:\/\/hotelmanzoni.com\/wp-content\/uploads\/2018\/02\/MG_0625-150x150.jpg","thumbnail-width":150,"thumbnail-height":150,"medium":"https:\/\/hotelmanzoni.com\/wp-content\/uploads\/2018\/02\/MG_0625-300x200.jpg","medium-width":300,"medium-height":200,"medium_large":"https:\/\/hotelmanzoni.com\/wp-content\/uploads\/2018\/02\/MG_0625-768x512.jpg","medium_large-width":640,"medium_large-height":427,"large":"https:\/\/hotelmanzoni.com\/wp-content\/uploads\/2018\/02\/MG_0625-1024x683.jpg","large-width":640,"large-height":427,"1536x1536":"https:\/\/hotelmanzoni.com\/wp-content\/uploads\/2018\/02\/MG_0625.jpg","1536x1536-width":1536,"1536x1536-height":1024,"2048x2048":"https:\/\/hotelmanzoni.com\/wp-content\/uploads\/2018\/02\/MG_0625.jpg","2048x2048-width":1600,"2048x2048-height":1067}},{"ID":3192,"id":3192,"title":"hotel manzoni milano","filename":"BM3A7776.jpg","filesize":306529,"url":"https:\/\/hotelmanzoni.com\/wp-content\/uploads\/2018\/02\/BM3A7776.jpg","link":"https:\/\/hotelmanzoni.com\/fr\/homepage\/bm3a7776-3\/","alt":"","author":"4","description":"","caption":"","name":"bm3a7776-3","status":"inherit","uploaded_to":823,"date":"2018-02-20 14:10:37","modified":"2018-02-20 14:10:37","menu_order":0,"mime_type":"image\/jpeg","type":"image","subtype":"jpeg","icon":"https:\/\/hotelmanzoni.com\/wp-includes\/images\/media\/default.png","width":1600,"height":1014,"sizes":{"thumbnail":"https:\/\/hotelmanzoni.com\/wp-content\/uploads\/2018\/02\/BM3A7776-150x150.jpg","thumbnail-width":150,"thumbnail-height":150,"medium":"https:\/\/hotelmanzoni.com\/wp-content\/uploads\/2018\/02\/BM3A7776-300x190.jpg","medium-width":300,"medium-height":190,"medium_large":"https:\/\/hotelmanzoni.com\/wp-content\/uploads\/2018\/02\/BM3A7776-768x487.jpg","medium_large-width":640,"medium_large-height":406,"large":"https:\/\/hotelmanzoni.com\/wp-content\/uploads\/2018\/02\/BM3A7776-1024x649.jpg","large-width":640,"large-height":406,"1536x1536":"https:\/\/hotelmanzoni.com\/wp-content\/uploads\/2018\/02\/BM3A7776.jpg","1536x1536-width":1536,"1536x1536-height":973,"2048x2048":"https:\/\/hotelmanzoni.com\/wp-content\/uploads\/2018\/02\/BM3A7776.jpg","2048x2048-width":1600,"2048x2048-height":1014}}],"testo_visual":"","immagine_prima_sezione":"https:\/\/hotelmanzoni.com\/wp-content\/uploads\/2018\/02\/manzoni_homepage3.jpg","titolo_h1":"H\u00f4tels via Montenapoleone \u00e0 Milan ","testo_principale":"<p>Le style a toujours \u00e9t\u00e9 pr\u00e9sent Via Montenapoleone, o\u00f9 l\u2019H\u00f4tel Manzoni \u00e0 Milan est la demeure d\u00e9di\u00e9e \u00e0 ceux qui veulent se sentir chez eux \u00e0 deux pas du D\u00f4me de Milan et au c\u0153ur du Quadrilat\u00e8re de la Mode.<\/p>\n","immagine_location":"https:\/\/hotelmanzoni.com\/wp-content\/uploads\/2018\/02\/manzoni_homepage2.jpg","testo_location":"Manzoni Experience","camere":[{"immagine":"https:\/\/hotelmanzoni.com\/wp-content\/uploads\/2018\/02\/BM3A0575.jpg","titolo":"Chambres Classic","testo":"<p>Confort et \u00e9l\u00e9gance, sols en parquet et souci du d\u00e9tail. Une solution prestigieuse pour dormir dans le centre de Milan. <\/p>\n"},{"immagine":"https:\/\/hotelmanzoni.com\/wp-content\/uploads\/2018\/02\/deluxe.jpg","titolo":"Chambres Deluxe","testo":"<p>Une chambre spacieuse b\u00e9n\u00e9ficiant de tout le confort et de services haut de gamme.<br \/>\nAmbiances chaleureuses, relaxantes et r\u00e9g\u00e9n\u00e9rantes, au c\u0153ur de Milan. <\/p>\n"},{"immagine":"https:\/\/hotelmanzoni.com\/wp-content\/uploads\/2018\/02\/js.jpg","titolo":"Suite Junior","testo":"<p>Une solution accueillante et raffin\u00e9e pour un s\u00e9jour \u00e0 Milan. S\u00e9jour, chambre et superbe salle de bains en marbre.<\/p>\n"},{"immagine":"https:\/\/hotelmanzoni.com\/wp-content\/uploads\/2018\/02\/suites.jpg","titolo":"Suite","testo":"<p>Au dernier \u00e9tage, spacieuses et lumineuses. S\u00e9jour, chambre, penderie et salle de bains en marbre pr\u00e9cieux. <\/p>\n"}],"titolo_recensioni":"LES AVIS","sottotitolo_recensioni":"L\u2019avis des clients","immagine_sinistra_recensioni":"https:\/\/hotelmanzoni.com\/wp-content\/uploads\/2018\/03\/Manzoni-Hotel-Milano-recensioni.jpg","immagine_destra_recensioni":"https:\/\/hotelmanzoni.com\/wp-content\/uploads\/2018\/02\/Manzoni-esterna.jpg","recensioni":[{"testo":"<p>\u00ab\u00a0This hotel is in a great location, central Manzoni in the fashion district. Quite a boutique vibe with traditional classic interiors. I found this stay very comfortable with friendly staff and the free Venchi chocolates are the best! All enjoyed with a very nice Cognac!\u00a0\u00bb (dan g)<\/p>\n"},{"testo":"<p>\u00ab\u00a0Everyone was just thrilled with this beautiful hotel with its stylish rooms, comfy bed and bedding, gorgeous common areas and great breakfast.\u00a0\u00bb (KathrynandTim, Los Angeles)<\/p>\n"},{"testo":"<p>\u00ab\u00a0Wonderful experience even though we are old Milan veterans and we knew the hotel but had never stayed there. We will probably stay there on every single future visit. Location is second to none, service and amenities are excellent.\u00a0\u00bb (aladdinelafifi, Cairo, Egypt)<\/p>\n"},{"testo":"<p>\u00ab\u00a0First of all the location of this hotel is very good. Especially if you come to Milan for shopping. Rooms are very comfortable, clean and nicely decorated. Staff at the reception are very helpful and friendly.\u00a0\u00bb (Marina T)<\/p>\n"},{"testo":"<p>\u00ab\u00a0Our home in Milano from home, very nice rooms, classic, very clean, very friendly staff, safe parking and great location, in the heart of Milano shopping. Only a short walk from the Duomo, a Metro-Station and great food!\u00a0\u00bb (peterhU8855DU)<\/p>\n"},{"testo":"<p>\u00ab\u00a0In my opinion, the hotel is exceptional. The front desk staff were pleasant and welcoming and recommended a great lunch spot for me when I first arrived and was jet-lagged and starving. The hotel is spotless which is really important to me.\u00a0\u00bb<\/p>\n"},{"testo":"<p>\u00ab\u00a0Our home in Milano from home, very nice rooms, classic, very clean, very friendly staff, safe parking and great location, in the heart of Milano shopping. Only a short walk from the Duomo, a Metro-Station and great food!\u00a0\u00bb (peterhU8855DU)<\/p>\n"},{"testo":"<p>\u00ab\u00a0In my opinion, the hotel is exceptional. The front desk staff were pleasant and welcoming and recommended a great lunch spot for me when I first arrived and was jet-lagged and starving. The hotel is spotless which is really important to me.\u00a0\u00bb (Paul, NY)<\/p>\n"}],"link_scopri_camere":"https:\/\/hotelmanzoni.com\/fr\/suite-chambres-luxe-milan-centre\/","testo_link_camere":"D\u00e9couvrez les chambres ","link_manzoni":"https:\/\/hotelmanzoni.com\/fr\/hotel-charme-proximite-theatre-scala\/manzoniexperience-2\/","link_milano":"https:\/\/hotelmanzoni.com\/fr\/hotel-quadrilatere-mode-milan\/","testo_milano":"Milano","testo_experience":"Experience"},"yoast_head":"<!-- This site is optimized with the Yoast SEO plugin v24.9 - https:\/\/yoast.com\/wordpress\/plugins\/seo\/ -->\r\n<title>H\u00f4tel via Montenapoleone Milan | H\u00f4tel Manzoni Site Officiel<\/title>\r\n<meta name=\"description\" content=\"Bienvenue sur le site officiel de l\u2019H\u00f4tel Manzoni \u00e0 Milan via Montenapoleone. Style, intimit\u00e9 et accueil pour une hospitalit\u00e9 italienne de classe.\" \/>\r\n<meta name=\"robots\" content=\"index, follow, max-snippet:-1, max-image-preview:large, max-video-preview:-1\" \/>\r\n<link rel=\"canonical\" href=\"https:\/\/hotelmanzoni.com\/fr\/\" \/>\r\n<meta property=\"og:locale\" content=\"fr_FR\" \/>\r\n<meta property=\"og:type\" content=\"article\" \/>\r\n<meta property=\"og:title\" content=\"H\u00f4tel via Montenapoleone Milan | H\u00f4tel Manzoni Site Officiel\" \/>\r\n<meta property=\"og:description\" content=\"Bienvenue sur le site officiel de l\u2019H\u00f4tel Manzoni \u00e0 Milan via Montenapoleone. Style, intimit\u00e9 et accueil pour une hospitalit\u00e9 italienne de classe.\" \/>\r\n<meta property=\"og:url\" content=\"https:\/\/hotelmanzoni.com\/fr\/\" \/>\r\n<meta property=\"og:site_name\" content=\"Hotel Manzoni\" \/>\r\n<meta property=\"article:modified_time\" content=\"2020-01-30T16:36:33+00:00\" \/>\r\n<meta property=\"og:image\" content=\"https:\/\/hotelmanzoni.com\/wp-content\/uploads\/2018\/02\/manzoni_homepage.jpg\" \/>\r\n\t<meta property=\"og:image:width\" content=\"1600\" \/>\r\n\t<meta property=\"og:image:height\" content=\"1067\" \/>\r\n\t<meta property=\"og:image:type\" content=\"image\/jpeg\" \/>\r\n<meta name=\"twitter:card\" content=\"summary_large_image\" \/>\r\n<script type=\"application\/ld+json\" class=\"yoast-schema-graph\">{\"@context\":\"https:\/\/schema.org\",\"@graph\":[{\"@type\":\"WebPage\",\"@id\":\"https:\/\/hotelmanzoni.com\/fr\/\",\"url\":\"https:\/\/hotelmanzoni.com\/fr\/\",\"name\":\"H\u00f4tel via Montenapoleone Milan | H\u00f4tel Manzoni Site Officiel\",\"isPartOf\":{\"@id\":\"https:\/\/hotelmanzoni.com\/fr\/#website\"},\"primaryImageOfPage\":{\"@id\":\"https:\/\/hotelmanzoni.com\/fr\/#primaryimage\"},\"image\":{\"@id\":\"https:\/\/hotelmanzoni.com\/fr\/#primaryimage\"},\"thumbnailUrl\":\"https:\/\/hotelmanzoni.com\/wp-content\/uploads\/2018\/02\/manzoni_homepage.jpg\",\"datePublished\":\"2018-03-07T10:39:51+00:00\",\"dateModified\":\"2020-01-30T16:36:33+00:00\",\"description\":\"Bienvenue sur le site officiel de l\u2019H\u00f4tel Manzoni \u00e0 Milan via Montenapoleone. Style, intimit\u00e9 et accueil pour une hospitalit\u00e9 italienne de classe.\",\"breadcrumb\":{\"@id\":\"https:\/\/hotelmanzoni.com\/fr\/#breadcrumb\"},\"inLanguage\":\"fr-FR\",\"potentialAction\":[{\"@type\":\"ReadAction\",\"target\":[\"https:\/\/hotelmanzoni.com\/fr\/\"]}]},{\"@type\":\"ImageObject\",\"inLanguage\":\"fr-FR\",\"@id\":\"https:\/\/hotelmanzoni.com\/fr\/#primaryimage\",\"url\":\"https:\/\/hotelmanzoni.com\/wp-content\/uploads\/2018\/02\/manzoni_homepage.jpg\",\"contentUrl\":\"https:\/\/hotelmanzoni.com\/wp-content\/uploads\/2018\/02\/manzoni_homepage.jpg\",\"width\":1600,\"height\":1067,\"caption\":\"Hotel via montenapoleone Milan\"},{\"@type\":\"BreadcrumbList\",\"@id\":\"https:\/\/hotelmanzoni.com\/fr\/#breadcrumb\",\"itemListElement\":[{\"@type\":\"ListItem\",\"position\":1,\"name\":\"Home\",\"item\":\"https:\/\/hotelmanzoni.com\/fr\/\"},{\"@type\":\"ListItem\",\"position\":2,\"name\":\"Homepage\"}]},{\"@type\":\"WebSite\",\"@id\":\"https:\/\/hotelmanzoni.com\/fr\/#website\",\"url\":\"https:\/\/hotelmanzoni.com\/fr\/\",\"name\":\"Hotel Manzoni Milano\",\"description\":\"Hotel vicino a Via Monte Napoleone Milano\",\"publisher\":{\"@id\":\"https:\/\/hotelmanzoni.com\/fr\/#organization\"},\"potentialAction\":[{\"@type\":\"SearchAction\",\"target\":{\"@type\":\"EntryPoint\",\"urlTemplate\":\"https:\/\/hotelmanzoni.com\/fr\/?s={search_term_string}\"},\"query-input\":{\"@type\":\"PropertyValueSpecification\",\"valueRequired\":true,\"valueName\":\"search_term_string\"}}],\"inLanguage\":\"fr-FR\"},{\"@type\":\"Organization\",\"@id\":\"https:\/\/hotelmanzoni.com\/fr\/#organization\",\"name\":\"Hotel Manzoni Milano\",\"url\":\"https:\/\/hotelmanzoni.com\/fr\/\",\"logo\":{\"@type\":\"ImageObject\",\"inLanguage\":\"fr-FR\",\"@id\":\"https:\/\/hotelmanzoni.com\/fr\/#\/schema\/logo\/image\/\",\"url\":\"https:\/\/hotelmanzoni.com\/wp-content\/uploads\/2021\/06\/logomanzoni-1.png\",\"contentUrl\":\"https:\/\/hotelmanzoni.com\/wp-content\/uploads\/2021\/06\/logomanzoni-1.png\",\"width\":594,\"height\":498,\"caption\":\"Hotel Manzoni Milano\"},\"image\":{\"@id\":\"https:\/\/hotelmanzoni.com\/fr\/#\/schema\/logo\/image\/\"}}]}<\/script>\r\n<!-- \/ Yoast SEO plugin. -->","yoast_head_json":{"title":"H\u00f4tel via Montenapoleone Milan | H\u00f4tel Manzoni Site Officiel","description":"Bienvenue sur le site officiel de l\u2019H\u00f4tel Manzoni \u00e0 Milan via Montenapoleone. Style, intimit\u00e9 et accueil pour une hospitalit\u00e9 italienne de classe.","robots":{"index":"index","follow":"follow","max-snippet":"max-snippet:-1","max-image-preview":"max-image-preview:large","max-video-preview":"max-video-preview:-1"},"canonical":"https:\/\/hotelmanzoni.com\/fr\/","og_locale":"fr_FR","og_type":"article","og_title":"H\u00f4tel via Montenapoleone Milan | H\u00f4tel Manzoni Site Officiel","og_description":"Bienvenue sur le site officiel de l\u2019H\u00f4tel Manzoni \u00e0 Milan via Montenapoleone. Style, intimit\u00e9 et accueil pour une hospitalit\u00e9 italienne de classe.","og_url":"https:\/\/hotelmanzoni.com\/fr\/","og_site_name":"Hotel Manzoni","article_modified_time":"2020-01-30T16:36:33+00:00","og_image":[{"width":1600,"height":1067,"url":"https:\/\/hotelmanzoni.com\/wp-content\/uploads\/2018\/02\/manzoni_homepage.jpg","type":"image\/jpeg"}],"twitter_card":"summary_large_image","schema":{"@context":"https:\/\/schema.org","@graph":[{"@type":"WebPage","@id":"https:\/\/hotelmanzoni.com\/fr\/","url":"https:\/\/hotelmanzoni.com\/fr\/","name":"H\u00f4tel via Montenapoleone Milan | H\u00f4tel Manzoni Site Officiel","isPartOf":{"@id":"https:\/\/hotelmanzoni.com\/fr\/#website"},"primaryImageOfPage":{"@id":"https:\/\/hotelmanzoni.com\/fr\/#primaryimage"},"image":{"@id":"https:\/\/hotelmanzoni.com\/fr\/#primaryimage"},"thumbnailUrl":"https:\/\/hotelmanzoni.com\/wp-content\/uploads\/2018\/02\/manzoni_homepage.jpg","datePublished":"2018-03-07T10:39:51+00:00","dateModified":"2020-01-30T16:36:33+00:00","description":"Bienvenue sur le site officiel de l\u2019H\u00f4tel Manzoni \u00e0 Milan via Montenapoleone. Style, intimit\u00e9 et accueil pour une hospitalit\u00e9 italienne de classe.","breadcrumb":{"@id":"https:\/\/hotelmanzoni.com\/fr\/#breadcrumb"},"inLanguage":"fr-FR","potentialAction":[{"@type":"ReadAction","target":["https:\/\/hotelmanzoni.com\/fr\/"]}]},{"@type":"ImageObject","inLanguage":"fr-FR","@id":"https:\/\/hotelmanzoni.com\/fr\/#primaryimage","url":"https:\/\/hotelmanzoni.com\/wp-content\/uploads\/2018\/02\/manzoni_homepage.jpg","contentUrl":"https:\/\/hotelmanzoni.com\/wp-content\/uploads\/2018\/02\/manzoni_homepage.jpg","width":1600,"height":1067,"caption":"Hotel via montenapoleone Milan"},{"@type":"BreadcrumbList","@id":"https:\/\/hotelmanzoni.com\/fr\/#breadcrumb","itemListElement":[{"@type":"ListItem","position":1,"name":"Home","item":"https:\/\/hotelmanzoni.com\/fr\/"},{"@type":"ListItem","position":2,"name":"Homepage"}]},{"@type":"WebSite","@id":"https:\/\/hotelmanzoni.com\/fr\/#website","url":"https:\/\/hotelmanzoni.com\/fr\/","name":"Hotel Manzoni Milano","description":"Hotel vicino a Via Monte Napoleone Milano","publisher":{"@id":"https:\/\/hotelmanzoni.com\/fr\/#organization"},"potentialAction":[{"@type":"SearchAction","target":{"@type":"EntryPoint","urlTemplate":"https:\/\/hotelmanzoni.com\/fr\/?s={search_term_string}"},"query-input":{"@type":"PropertyValueSpecification","valueRequired":true,"valueName":"search_term_string"}}],"inLanguage":"fr-FR"},{"@type":"Organization","@id":"https:\/\/hotelmanzoni.com\/fr\/#organization","name":"Hotel Manzoni Milano","url":"https:\/\/hotelmanzoni.com\/fr\/","logo":{"@type":"ImageObject","inLanguage":"fr-FR","@id":"https:\/\/hotelmanzoni.com\/fr\/#\/schema\/logo\/image\/","url":"https:\/\/hotelmanzoni.com\/wp-content\/uploads\/2021\/06\/logomanzoni-1.png","contentUrl":"https:\/\/hotelmanzoni.com\/wp-content\/uploads\/2021\/06\/logomanzoni-1.png","width":594,"height":498,"caption":"Hotel Manzoni Milano"},"image":{"@id":"https:\/\/hotelmanzoni.com\/fr\/#\/schema\/logo\/image\/"}}]}},"_links":{"self":[{"href":"https:\/\/hotelmanzoni.com\/fr\/wp-json\/wp\/v2\/pages\/823","targetHints":{"allow":["GET"]}}],"collection":[{"href":"https:\/\/hotelmanzoni.com\/fr\/wp-json\/wp\/v2\/pages"}],"about":[{"href":"https:\/\/hotelmanzoni.com\/fr\/wp-json\/wp\/v2\/types\/page"}],"author":[{"embeddable":true,"href":"https:\/\/hotelmanzoni.com\/fr\/wp-json\/wp\/v2\/users\/4"}],"replies":[{"embeddable":true,"href":"https:\/\/hotelmanzoni.com\/fr\/wp-json\/wp\/v2\/comments?post=823"}],"version-history":[{"count":9,"href":"https:\/\/hotelmanzoni.com\/fr\/wp-json\/wp\/v2\/pages\/823\/revisions"}],"predecessor-version":[{"id":2978,"href":"https:\/\/hotelmanzoni.com\/fr\/wp-json\/wp\/v2\/pages\/823\/revisions\/2978"}],"wp:featuredmedia":[{"embeddable":true,"href":"https:\/\/hotelmanzoni.com\/fr\/wp-json\/wp\/v2\/media\/239"}],"wp:attachment":[{"href":"https:\/\/hotelmanzoni.com\/fr\/wp-json\/wp\/v2\/media?parent=823"}],"curies":[{"name":"wp","href":"https:\/\/api.w.org\/{rel}","templated":true}]}}