{"id":814,"date":"2018-03-07T11:35:37","date_gmt":"2018-03-07T10:35:37","guid":{"rendered":"https:\/\/hotelmanzoni.com\/?page_id=814"},"modified":"2018-04-05T10:06:57","modified_gmt":"2018-04-05T08:06:57","slug":"decouvrez-le-milan-plus-exclusive","status":"publish","type":"page","link":"https:\/\/hotelmanzoni.com\/fr\/decouvrez-le-milan-plus-exclusive\/","title":{"rendered":"Dintorni FR"},"content":{"rendered":"<p>L\u2019h\u00f4tel Manzoni est situ\u00e9 au c\u0153ur de Milan, dans la via Santo Spirito, \u00e0 seulement 10 minutes \u00e0 pied du D\u00f4me, du Th\u00e9\u00e2tre de la Scala, de la Pinacoth\u00e8que Brera et de la Galerie Vittorio Emanuele II. La proximit\u00e9 de la Via Montenapoleone et de la Via della Spiga offre \u00e0 chaque client une occasion de shopping vraiment exclusif. <\/p>\n","protected":false},"excerpt":{"rendered":"<p>L\u2019h\u00f4tel Manzoni est situ\u00e9 au c\u0153ur de Milan, dans la via Santo Spirito, \u00e0 seulement 10 minutes \u00e0 pied du D\u00f4me, du Th\u00e9\u00e2tre de la Scala, de la Pinacoth\u00e8que Brera et de la Galerie Vittorio Emanuele II. La proximit\u00e9 de la Via Montenapoleone et de la Via della Spiga offre \u00e0 chaque client une occasion [&hellip;]<\/p>\n","protected":false},"author":4,"featured_media":0,"parent":0,"menu_order":0,"comment_status":"closed","ping_status":"closed","template":"page-dintorni.php","meta":{"_acf_changed":false,"footnotes":""},"class_list":["post-814","page","type-page","status-publish","hentry"],"acf":{"slider_visual":[{"ID":3458,"id":3458,"title":"teatro alla scala milano","filename":"20110725_Milano_La_Scala_5507.jpg","filesize":282415,"url":"https:\/\/hotelmanzoni.com\/wp-content\/uploads\/2018\/02\/20110725_Milano_La_Scala_5507.jpg","link":"https:\/\/hotelmanzoni.com\/fr\/decouvrez-le-milan-plus-exclusive\/20110725_milano_la_scala_5507-2\/","alt":"","author":"4","description":"","caption":"","name":"20110725_milano_la_scala_5507-2","status":"inherit","uploaded_to":814,"date":"2018-02-21 09:11:21","modified":"2018-02-21 09:11:21","menu_order":0,"mime_type":"image\/jpeg","type":"image","subtype":"jpeg","icon":"https:\/\/hotelmanzoni.com\/wp-includes\/images\/media\/default.png","width":1599,"height":832,"sizes":{"thumbnail":"https:\/\/hotelmanzoni.com\/wp-content\/uploads\/2018\/02\/20110725_Milano_La_Scala_5507-150x150.jpg","thumbnail-width":150,"thumbnail-height":150,"medium":"https:\/\/hotelmanzoni.com\/wp-content\/uploads\/2018\/02\/20110725_Milano_La_Scala_5507-300x156.jpg","medium-width":300,"medium-height":156,"medium_large":"https:\/\/hotelmanzoni.com\/wp-content\/uploads\/2018\/02\/20110725_Milano_La_Scala_5507-768x400.jpg","medium_large-width":640,"medium_large-height":333,"large":"https:\/\/hotelmanzoni.com\/wp-content\/uploads\/2018\/02\/20110725_Milano_La_Scala_5507-1024x533.jpg","large-width":640,"large-height":333,"1536x1536":"https:\/\/hotelmanzoni.com\/wp-content\/uploads\/2018\/02\/20110725_Milano_La_Scala_5507.jpg","1536x1536-width":1536,"1536x1536-height":799,"2048x2048":"https:\/\/hotelmanzoni.com\/wp-content\/uploads\/2018\/02\/20110725_Milano_La_Scala_5507.jpg","2048x2048-width":1599,"2048x2048-height":832}},{"ID":3773,"id":3773,"title":"Milano-Brera-Pinacoteca","filename":"Milano-Brera-Pinacoteca.jpg","filesize":283043,"url":"https:\/\/hotelmanzoni.com\/wp-content\/uploads\/2018\/02\/Milano-Brera-Pinacoteca.jpg","link":"https:\/\/hotelmanzoni.com\/fr\/decouvrez-le-milan-plus-exclusive\/milano-brera-pinacoteca-2\/","alt":"","author":"4","description":"","caption":"","name":"milano-brera-pinacoteca-2","status":"inherit","uploaded_to":814,"date":"2018-02-26 16:16:43","modified":"2018-02-26 16:16:43","menu_order":0,"mime_type":"image\/jpeg","type":"image","subtype":"jpeg","icon":"https:\/\/hotelmanzoni.com\/wp-includes\/images\/media\/default.png","width":1600,"height":1064,"sizes":{"thumbnail":"https:\/\/hotelmanzoni.com\/wp-content\/uploads\/2018\/02\/Milano-Brera-Pinacoteca-150x150.jpg","thumbnail-width":150,"thumbnail-height":150,"medium":"https:\/\/hotelmanzoni.com\/wp-content\/uploads\/2018\/02\/Milano-Brera-Pinacoteca-300x200.jpg","medium-width":300,"medium-height":200,"medium_large":"https:\/\/hotelmanzoni.com\/wp-content\/uploads\/2018\/02\/Milano-Brera-Pinacoteca-768x511.jpg","medium_large-width":640,"medium_large-height":426,"large":"https:\/\/hotelmanzoni.com\/wp-content\/uploads\/2018\/02\/Milano-Brera-Pinacoteca-1024x681.jpg","large-width":640,"large-height":426,"1536x1536":"https:\/\/hotelmanzoni.com\/wp-content\/uploads\/2018\/02\/Milano-Brera-Pinacoteca.jpg","1536x1536-width":1536,"1536x1536-height":1021,"2048x2048":"https:\/\/hotelmanzoni.com\/wp-content\/uploads\/2018\/02\/Milano-Brera-Pinacoteca.jpg","2048x2048-width":1600,"2048x2048-height":1064}},{"ID":4053,"id":4053,"title":"arco della pace","filename":"arco-pace.jpg","filesize":162082,"url":"https:\/\/hotelmanzoni.com\/wp-content\/uploads\/2018\/03\/arco-pace.jpg","link":"https:\/\/hotelmanzoni.com\/fr\/decouvrez-le-milan-plus-exclusive\/arco-pace-2\/","alt":"","author":"4","description":"","caption":"","name":"arco-pace-2","status":"inherit","uploaded_to":814,"date":"2018-03-12 13:56:13","modified":"2018-03-12 13:56:13","menu_order":0,"mime_type":"image\/jpeg","type":"image","subtype":"jpeg","icon":"https:\/\/hotelmanzoni.com\/wp-includes\/images\/media\/default.png","width":1600,"height":844,"sizes":{"thumbnail":"https:\/\/hotelmanzoni.com\/wp-content\/uploads\/2018\/03\/arco-pace-150x150.jpg","thumbnail-width":150,"thumbnail-height":150,"medium":"https:\/\/hotelmanzoni.com\/wp-content\/uploads\/2018\/03\/arco-pace-300x158.jpg","medium-width":300,"medium-height":158,"medium_large":"https:\/\/hotelmanzoni.com\/wp-content\/uploads\/2018\/03\/arco-pace-768x405.jpg","medium_large-width":640,"medium_large-height":338,"large":"https:\/\/hotelmanzoni.com\/wp-content\/uploads\/2018\/03\/arco-pace-1024x540.jpg","large-width":640,"large-height":338,"1536x1536":"https:\/\/hotelmanzoni.com\/wp-content\/uploads\/2018\/03\/arco-pace.jpg","1536x1536-width":1536,"1536x1536-height":810,"2048x2048":"https:\/\/hotelmanzoni.com\/wp-content\/uploads\/2018\/03\/arco-pace.jpg","2048x2048-width":1600,"2048x2048-height":844}}],"testo_visual":"Pr\u00e8s de l\u2019H\u00f4tel Manzoni","immagine_prima_sezione":"https:\/\/hotelmanzoni.com\/wp-content\/uploads\/2018\/03\/Milano-panorama.jpg","titolo_h1":"D\u00e9couvrez le Milan le plus exclusif ! ","testo_principale":"<p>L\u2019h\u00f4tel Manzoni est situ\u00e9 au c\u0153ur de Milan, dans la via Santo Spirito, \u00e0 seulement 10 minutes \u00e0 pied du D\u00f4me, du Th\u00e9\u00e2tre de la Scala, de la Pinacoth\u00e8que Brera et de la Galerie Vittorio Emanuele II. La proximit\u00e9 de la Via Montenapoleone et de la Via della Spiga offre \u00e0 chaque client une occasion de shopping vraiment exclusif. <\/p>\n"},"yoast_head":"<!-- This site is optimized with the Yoast SEO plugin v24.9 - https:\/\/yoast.com\/wordpress\/plugins\/seo\/ -->\r\n<title>D\u00e9couvrez le visage la plus exclusif de Milan | H\u00f4tel Manzoni Milan centre<\/title>\r\n<meta name=\"description\" content=\"D\u00e9couvrez le Milan le plus exclusif dans les environs de l\u2019H\u00f4tel Manzoni\u00a0: mus\u00e9es, art et shopping de luxe, dans un quartier chic et exclusif, pratique pour le m\u00e9tro.\" \/>\r\n<meta name=\"robots\" content=\"index, follow, max-snippet:-1, max-image-preview:large, max-video-preview:-1\" \/>\r\n<link rel=\"canonical\" href=\"https:\/\/hotelmanzoni.com\/fr\/decouvrez-le-milan-plus-exclusive\/\" \/>\r\n<meta property=\"og:locale\" content=\"fr_FR\" \/>\r\n<meta property=\"og:type\" content=\"article\" \/>\r\n<meta property=\"og:title\" content=\"D\u00e9couvrez le visage la plus exclusif de Milan | H\u00f4tel Manzoni Milan centre\" \/>\r\n<meta property=\"og:description\" content=\"D\u00e9couvrez le Milan le plus exclusif dans les environs de l\u2019H\u00f4tel Manzoni\u00a0: mus\u00e9es, art et shopping de luxe, dans un quartier chic et exclusif, pratique pour le m\u00e9tro.\" \/>\r\n<meta property=\"og:url\" content=\"https:\/\/hotelmanzoni.com\/fr\/decouvrez-le-milan-plus-exclusive\/\" \/>\r\n<meta property=\"og:site_name\" content=\"Hotel Manzoni\" \/>\r\n<meta property=\"article:modified_time\" content=\"2018-04-05T08:06:57+00:00\" \/>\r\n<meta name=\"twitter:card\" content=\"summary_large_image\" \/>\r\n<script type=\"application\/ld+json\" class=\"yoast-schema-graph\">{\"@context\":\"https:\/\/schema.org\",\"@graph\":[{\"@type\":\"WebPage\",\"@id\":\"https:\/\/hotelmanzoni.com\/fr\/decouvrez-le-milan-plus-exclusive\/\",\"url\":\"https:\/\/hotelmanzoni.com\/fr\/decouvrez-le-milan-plus-exclusive\/\",\"name\":\"D\u00e9couvrez le visage la plus exclusif de Milan | H\u00f4tel Manzoni Milan centre\",\"isPartOf\":{\"@id\":\"https:\/\/hotelmanzoni.com\/fr\/#website\"},\"datePublished\":\"2018-03-07T10:35:37+00:00\",\"dateModified\":\"2018-04-05T08:06:57+00:00\",\"description\":\"D\u00e9couvrez le Milan le plus exclusif dans les environs de l\u2019H\u00f4tel Manzoni\u00a0: mus\u00e9es, art et shopping de luxe, dans un quartier chic et exclusif, pratique pour le m\u00e9tro.\",\"breadcrumb\":{\"@id\":\"https:\/\/hotelmanzoni.com\/fr\/decouvrez-le-milan-plus-exclusive\/#breadcrumb\"},\"inLanguage\":\"fr-FR\",\"potentialAction\":[{\"@type\":\"ReadAction\",\"target\":[\"https:\/\/hotelmanzoni.com\/fr\/decouvrez-le-milan-plus-exclusive\/\"]}]},{\"@type\":\"BreadcrumbList\",\"@id\":\"https:\/\/hotelmanzoni.com\/fr\/decouvrez-le-milan-plus-exclusive\/#breadcrumb\",\"itemListElement\":[{\"@type\":\"ListItem\",\"position\":1,\"name\":\"Home\",\"item\":\"https:\/\/hotelmanzoni.com\/fr\/\"},{\"@type\":\"ListItem\",\"position\":2,\"name\":\"Dintorni FR\"}]},{\"@type\":\"WebSite\",\"@id\":\"https:\/\/hotelmanzoni.com\/fr\/#website\",\"url\":\"https:\/\/hotelmanzoni.com\/fr\/\",\"name\":\"Hotel Manzoni Milano\",\"description\":\"Hotel vicino a Via Monte Napoleone Milano\",\"publisher\":{\"@id\":\"https:\/\/hotelmanzoni.com\/fr\/#organization\"},\"potentialAction\":[{\"@type\":\"SearchAction\",\"target\":{\"@type\":\"EntryPoint\",\"urlTemplate\":\"https:\/\/hotelmanzoni.com\/fr\/?s={search_term_string}\"},\"query-input\":{\"@type\":\"PropertyValueSpecification\",\"valueRequired\":true,\"valueName\":\"search_term_string\"}}],\"inLanguage\":\"fr-FR\"},{\"@type\":\"Organization\",\"@id\":\"https:\/\/hotelmanzoni.com\/fr\/#organization\",\"name\":\"Hotel Manzoni Milano\",\"url\":\"https:\/\/hotelmanzoni.com\/fr\/\",\"logo\":{\"@type\":\"ImageObject\",\"inLanguage\":\"fr-FR\",\"@id\":\"https:\/\/hotelmanzoni.com\/fr\/#\/schema\/logo\/image\/\",\"url\":\"https:\/\/hotelmanzoni.com\/wp-content\/uploads\/2021\/06\/logomanzoni-1.png\",\"contentUrl\":\"https:\/\/hotelmanzoni.com\/wp-content\/uploads\/2021\/06\/logomanzoni-1.png\",\"width\":594,\"height\":498,\"caption\":\"Hotel Manzoni Milano\"},\"image\":{\"@id\":\"https:\/\/hotelmanzoni.com\/fr\/#\/schema\/logo\/image\/\"}}]}<\/script>\r\n<!-- \/ Yoast SEO plugin. -->","yoast_head_json":{"title":"D\u00e9couvrez le visage la plus exclusif de Milan | H\u00f4tel Manzoni Milan centre","description":"D\u00e9couvrez le Milan le plus exclusif dans les environs de l\u2019H\u00f4tel Manzoni\u00a0: mus\u00e9es, art et shopping de luxe, dans un quartier chic et exclusif, pratique pour le m\u00e9tro.","robots":{"index":"index","follow":"follow","max-snippet":"max-snippet:-1","max-image-preview":"max-image-preview:large","max-video-preview":"max-video-preview:-1"},"canonical":"https:\/\/hotelmanzoni.com\/fr\/decouvrez-le-milan-plus-exclusive\/","og_locale":"fr_FR","og_type":"article","og_title":"D\u00e9couvrez le visage la plus exclusif de Milan | H\u00f4tel Manzoni Milan centre","og_description":"D\u00e9couvrez le Milan le plus exclusif dans les environs de l\u2019H\u00f4tel Manzoni\u00a0: mus\u00e9es, art et shopping de luxe, dans un quartier chic et exclusif, pratique pour le m\u00e9tro.","og_url":"https:\/\/hotelmanzoni.com\/fr\/decouvrez-le-milan-plus-exclusive\/","og_site_name":"Hotel Manzoni","article_modified_time":"2018-04-05T08:06:57+00:00","twitter_card":"summary_large_image","schema":{"@context":"https:\/\/schema.org","@graph":[{"@type":"WebPage","@id":"https:\/\/hotelmanzoni.com\/fr\/decouvrez-le-milan-plus-exclusive\/","url":"https:\/\/hotelmanzoni.com\/fr\/decouvrez-le-milan-plus-exclusive\/","name":"D\u00e9couvrez le visage la plus exclusif de Milan | H\u00f4tel Manzoni Milan centre","isPartOf":{"@id":"https:\/\/hotelmanzoni.com\/fr\/#website"},"datePublished":"2018-03-07T10:35:37+00:00","dateModified":"2018-04-05T08:06:57+00:00","description":"D\u00e9couvrez le Milan le plus exclusif dans les environs de l\u2019H\u00f4tel Manzoni\u00a0: mus\u00e9es, art et shopping de luxe, dans un quartier chic et exclusif, pratique pour le m\u00e9tro.","breadcrumb":{"@id":"https:\/\/hotelmanzoni.com\/fr\/decouvrez-le-milan-plus-exclusive\/#breadcrumb"},"inLanguage":"fr-FR","potentialAction":[{"@type":"ReadAction","target":["https:\/\/hotelmanzoni.com\/fr\/decouvrez-le-milan-plus-exclusive\/"]}]},{"@type":"BreadcrumbList","@id":"https:\/\/hotelmanzoni.com\/fr\/decouvrez-le-milan-plus-exclusive\/#breadcrumb","itemListElement":[{"@type":"ListItem","position":1,"name":"Home","item":"https:\/\/hotelmanzoni.com\/fr\/"},{"@type":"ListItem","position":2,"name":"Dintorni FR"}]},{"@type":"WebSite","@id":"https:\/\/hotelmanzoni.com\/fr\/#website","url":"https:\/\/hotelmanzoni.com\/fr\/","name":"Hotel Manzoni Milano","description":"Hotel vicino a Via Monte Napoleone Milano","publisher":{"@id":"https:\/\/hotelmanzoni.com\/fr\/#organization"},"potentialAction":[{"@type":"SearchAction","target":{"@type":"EntryPoint","urlTemplate":"https:\/\/hotelmanzoni.com\/fr\/?s={search_term_string}"},"query-input":{"@type":"PropertyValueSpecification","valueRequired":true,"valueName":"search_term_string"}}],"inLanguage":"fr-FR"},{"@type":"Organization","@id":"https:\/\/hotelmanzoni.com\/fr\/#organization","name":"Hotel Manzoni Milano","url":"https:\/\/hotelmanzoni.com\/fr\/","logo":{"@type":"ImageObject","inLanguage":"fr-FR","@id":"https:\/\/hotelmanzoni.com\/fr\/#\/schema\/logo\/image\/","url":"https:\/\/hotelmanzoni.com\/wp-content\/uploads\/2021\/06\/logomanzoni-1.png","contentUrl":"https:\/\/hotelmanzoni.com\/wp-content\/uploads\/2021\/06\/logomanzoni-1.png","width":594,"height":498,"caption":"Hotel Manzoni Milano"},"image":{"@id":"https:\/\/hotelmanzoni.com\/fr\/#\/schema\/logo\/image\/"}}]}},"_links":{"self":[{"href":"https:\/\/hotelmanzoni.com\/fr\/wp-json\/wp\/v2\/pages\/814","targetHints":{"allow":["GET"]}}],"collection":[{"href":"https:\/\/hotelmanzoni.com\/fr\/wp-json\/wp\/v2\/pages"}],"about":[{"href":"https:\/\/hotelmanzoni.com\/fr\/wp-json\/wp\/v2\/types\/page"}],"author":[{"embeddable":true,"href":"https:\/\/hotelmanzoni.com\/fr\/wp-json\/wp\/v2\/users\/4"}],"replies":[{"embeddable":true,"href":"https:\/\/hotelmanzoni.com\/fr\/wp-json\/wp\/v2\/comments?post=814"}],"version-history":[{"count":3,"href":"https:\/\/hotelmanzoni.com\/fr\/wp-json\/wp\/v2\/pages\/814\/revisions"}],"predecessor-version":[{"id":1427,"href":"https:\/\/hotelmanzoni.com\/fr\/wp-json\/wp\/v2\/pages\/814\/revisions\/1427"}],"wp:attachment":[{"href":"https:\/\/hotelmanzoni.com\/fr\/wp-json\/wp\/v2\/media?parent=814"}],"curies":[{"name":"wp","href":"https:\/\/api.w.org\/{rel}","templated":true}]}}