{"id":808,"date":"2018-03-07T11:30:19","date_gmt":"2018-03-07T10:30:19","guid":{"rendered":"https:\/\/hotelmanzoni.com\/?page_id=808"},"modified":"2018-04-20T10:51:23","modified_gmt":"2018-04-20T08:51:23","slug":"suite-chambres-luxe-milan-centre","status":"publish","type":"page","link":"https:\/\/hotelmanzoni.com\/fr\/suite-chambres-luxe-milan-centre\/","title":{"rendered":"Camere"},"content":{"rendered":"<p>Dormir dans le Milan de l\u2019histoire et de la mode, dans un cadre chic, entre tissus, boiseries et ameublement Made in Italy. Des solutions d\u2019h\u00e9bergement intimes et confortables qui sugg\u00e8rent l\u2019id\u00e9e d\u2019une maison, de la chambre Classic \u00e0 la Suite, dans le centre de Milan. <\/p>\n","protected":false},"excerpt":{"rendered":"<p>Dormir dans le Milan de l\u2019histoire et de la mode, dans un cadre chic, entre tissus, boiseries et ameublement Made in Italy. Des solutions d\u2019h\u00e9bergement intimes et confortables qui sugg\u00e8rent l\u2019id\u00e9e d\u2019une maison, de la chambre Classic \u00e0 la Suite, dans le centre de Milan.<\/p>\n","protected":false},"author":4,"featured_media":3402,"parent":0,"menu_order":0,"comment_status":"closed","ping_status":"closed","template":"page-rooms.php","meta":{"_acf_changed":false,"footnotes":""},"class_list":["post-808","page","type-page","status-publish","has-post-thumbnail","hentry"],"acf":{"slider_visual":[{"ID":3227,"id":3227,"title":"suite milan downtown","filename":"js.jpg","filesize":311385,"url":"https:\/\/hotelmanzoni.com\/wp-content\/uploads\/2018\/02\/js.jpg","link":"https:\/\/hotelmanzoni.com\/fr\/homepage\/js-2\/","alt":"","author":"4","description":"","caption":"","name":"js-2","status":"inherit","uploaded_to":823,"date":"2018-02-20 14:19:39","modified":"2018-02-20 14:19:39","menu_order":0,"mime_type":"image\/jpeg","type":"image","subtype":"jpeg","icon":"https:\/\/hotelmanzoni.com\/wp-includes\/images\/media\/default.png","width":1600,"height":1061,"sizes":{"thumbnail":"https:\/\/hotelmanzoni.com\/wp-content\/uploads\/2018\/02\/js-150x150.jpg","thumbnail-width":150,"thumbnail-height":150,"medium":"https:\/\/hotelmanzoni.com\/wp-content\/uploads\/2018\/02\/js-300x199.jpg","medium-width":300,"medium-height":199,"medium_large":"https:\/\/hotelmanzoni.com\/wp-content\/uploads\/2018\/02\/js-768x509.jpg","medium_large-width":640,"medium_large-height":424,"large":"https:\/\/hotelmanzoni.com\/wp-content\/uploads\/2018\/02\/js-1024x679.jpg","large-width":640,"large-height":424,"1536x1536":"https:\/\/hotelmanzoni.com\/wp-content\/uploads\/2018\/02\/js.jpg","1536x1536-width":1536,"1536x1536-height":1019,"2048x2048":"https:\/\/hotelmanzoni.com\/wp-content\/uploads\/2018\/02\/js.jpg","2048x2048-width":1600,"2048x2048-height":1061}},{"ID":3409,"id":3409,"title":"suite & rooms hotel in milan","filename":"BM3A8771.jpg","filesize":281016,"url":"https:\/\/hotelmanzoni.com\/wp-content\/uploads\/2018\/02\/BM3A8771.jpg","link":"https:\/\/hotelmanzoni.com\/fr\/suite-chambres-luxe-milan-centre\/bm3a8771-3\/","alt":"","author":"4","description":"","caption":"","name":"bm3a8771-3","status":"inherit","uploaded_to":808,"date":"2018-02-21 08:11:53","modified":"2018-02-21 08:11:53","menu_order":0,"mime_type":"image\/jpeg","type":"image","subtype":"jpeg","icon":"https:\/\/hotelmanzoni.com\/wp-includes\/images\/media\/default.png","width":1600,"height":1022,"sizes":{"thumbnail":"https:\/\/hotelmanzoni.com\/wp-content\/uploads\/2018\/02\/BM3A8771-150x150.jpg","thumbnail-width":150,"thumbnail-height":150,"medium":"https:\/\/hotelmanzoni.com\/wp-content\/uploads\/2018\/02\/BM3A8771-300x192.jpg","medium-width":300,"medium-height":192,"medium_large":"https:\/\/hotelmanzoni.com\/wp-content\/uploads\/2018\/02\/BM3A8771-768x491.jpg","medium_large-width":640,"medium_large-height":409,"large":"https:\/\/hotelmanzoni.com\/wp-content\/uploads\/2018\/02\/BM3A8771-1024x654.jpg","large-width":640,"large-height":409,"1536x1536":"https:\/\/hotelmanzoni.com\/wp-content\/uploads\/2018\/02\/BM3A8771.jpg","1536x1536-width":1536,"1536x1536-height":981,"2048x2048":"https:\/\/hotelmanzoni.com\/wp-content\/uploads\/2018\/02\/BM3A8771.jpg","2048x2048-width":1600,"2048x2048-height":1022}},{"ID":3941,"id":3941,"title":"Hotel manzoni milano suites","filename":"Manzoni-slider-camere-3.jpg","filesize":204156,"url":"https:\/\/hotelmanzoni.com\/wp-content\/uploads\/2018\/03\/Manzoni-slider-camere-3.jpg","link":"https:\/\/hotelmanzoni.com\/fr\/suite-chambres-luxe-milan-centre\/manzoni-slider-camere-3-2\/","alt":"","author":"4","description":"","caption":"","name":"manzoni-slider-camere-3-2","status":"inherit","uploaded_to":808,"date":"2018-03-06 15:19:06","modified":"2018-03-06 15:19:06","menu_order":0,"mime_type":"image\/jpeg","type":"image","subtype":"jpeg","icon":"https:\/\/hotelmanzoni.com\/wp-includes\/images\/media\/default.png","width":1600,"height":1067,"sizes":{"thumbnail":"https:\/\/hotelmanzoni.com\/wp-content\/uploads\/2018\/03\/Manzoni-slider-camere-3-150x150.jpg","thumbnail-width":150,"thumbnail-height":150,"medium":"https:\/\/hotelmanzoni.com\/wp-content\/uploads\/2018\/03\/Manzoni-slider-camere-3-300x200.jpg","medium-width":300,"medium-height":200,"medium_large":"https:\/\/hotelmanzoni.com\/wp-content\/uploads\/2018\/03\/Manzoni-slider-camere-3-768x512.jpg","medium_large-width":640,"medium_large-height":427,"large":"https:\/\/hotelmanzoni.com\/wp-content\/uploads\/2018\/03\/Manzoni-slider-camere-3-1024x683.jpg","large-width":640,"large-height":427,"1536x1536":"https:\/\/hotelmanzoni.com\/wp-content\/uploads\/2018\/03\/Manzoni-slider-camere-3.jpg","1536x1536-width":1536,"1536x1536-height":1024,"2048x2048":"https:\/\/hotelmanzoni.com\/wp-content\/uploads\/2018\/03\/Manzoni-slider-camere-3.jpg","2048x2048-width":1600,"2048x2048-height":1067}},{"ID":4011,"id":4011,"title":"suite hotel milan downtown","filename":"SuiteBM3A8921.jpg","filesize":127511,"url":"https:\/\/hotelmanzoni.com\/wp-content\/uploads\/2018\/02\/SuiteBM3A8921.jpg","link":"https:\/\/hotelmanzoni.com\/fr\/camere\/camere-classic\/suitebm3a8921-2\/","alt":"","author":"4","description":"","caption":"","name":"suitebm3a8921-2","status":"inherit","uploaded_to":840,"date":"2018-03-09 15:04:29","modified":"2018-03-09 15:04:29","menu_order":0,"mime_type":"image\/jpeg","type":"image","subtype":"jpeg","icon":"https:\/\/hotelmanzoni.com\/wp-includes\/images\/media\/default.png","width":1600,"height":1016,"sizes":{"thumbnail":"https:\/\/hotelmanzoni.com\/wp-content\/uploads\/2018\/02\/SuiteBM3A8921-150x150.jpg","thumbnail-width":150,"thumbnail-height":150,"medium":"https:\/\/hotelmanzoni.com\/wp-content\/uploads\/2018\/02\/SuiteBM3A8921-300x191.jpg","medium-width":300,"medium-height":191,"medium_large":"https:\/\/hotelmanzoni.com\/wp-content\/uploads\/2018\/02\/SuiteBM3A8921-768x488.jpg","medium_large-width":640,"medium_large-height":407,"large":"https:\/\/hotelmanzoni.com\/wp-content\/uploads\/2018\/02\/SuiteBM3A8921-1024x650.jpg","large-width":640,"large-height":406,"1536x1536":"https:\/\/hotelmanzoni.com\/wp-content\/uploads\/2018\/02\/SuiteBM3A8921.jpg","1536x1536-width":1536,"1536x1536-height":975,"2048x2048":"https:\/\/hotelmanzoni.com\/wp-content\/uploads\/2018\/02\/SuiteBM3A8921.jpg","2048x2048-width":1600,"2048x2048-height":1016}}],"testo_visual":"Chambres et Suites","immagine_prima_sezione":"https:\/\/hotelmanzoni.com\/wp-content\/uploads\/2018\/02\/BM3A8771.jpg","titolo_h1":"Suites et chambres de luxe dans le centre de Milan ","testo_principale":"<p>Dormir dans le Milan de l\u2019histoire et de la mode, dans un cadre chic, entre tissus, boiseries et ameublement Made in Italy. Des solutions d\u2019h\u00e9bergement intimes et confortables qui sugg\u00e8rent l\u2019id\u00e9e d\u2019une maison, de la chambre Classic \u00e0 la Suite, dans le centre de Milan. <\/p>\n","titolo_servizi_camere":"Les services de nos chambres","lista_servizi_camere":[{"immagine":"https:\/\/hotelmanzoni.com\/wp-content\/uploads\/2018\/02\/wifi.png","testo":"Wi-Fi rapide    "},{"immagine":"https:\/\/hotelmanzoni.com\/wp-content\/uploads\/2018\/02\/courtseykit.png","testo":"Kit de courtoisie"},{"immagine":"https:\/\/hotelmanzoni.com\/wp-content\/uploads\/2018\/02\/riasettocamera.png","testo":"Couverture"},{"immagine":"https:\/\/hotelmanzoni.com\/wp-content\/uploads\/2018\/02\/bottleofwater.png","testo":"Eau min\u00e9rale"},{"immagine":"https:\/\/hotelmanzoni.com\/wp-content\/uploads\/2018\/02\/cassaforte.png","testo":"Coffre-fort "},{"immagine":"https:\/\/hotelmanzoni.com\/wp-content\/uploads\/2018\/02\/Ironingboard.png","testo":"Table \u00e0 repasser"}]},"yoast_head":"<!-- This site is optimized with the Yoast SEO plugin v24.9 - https:\/\/yoast.com\/wordpress\/plugins\/seo\/ -->\r\n<title>Suites et chambres de luxe dans le centre de Milan | H\u00f4tel Manzoni<\/title>\r\n<meta name=\"description\" content=\"L\u2019H\u00f4tel Manzoni offre des suites raffin\u00e9es et des chambres luxueuses dans le centre de Milan, pour un s\u00e9jour \u00e9l\u00e9gant dans un cadre intime et confortable.\" \/>\r\n<meta name=\"robots\" content=\"index, follow, max-snippet:-1, max-image-preview:large, max-video-preview:-1\" \/>\r\n<link rel=\"canonical\" href=\"https:\/\/hotelmanzoni.com\/fr\/suite-chambres-luxe-milan-centre\/\" \/>\r\n<meta property=\"og:locale\" content=\"fr_FR\" \/>\r\n<meta property=\"og:type\" content=\"article\" \/>\r\n<meta property=\"og:title\" content=\"Suites et chambres de luxe dans le centre de Milan | H\u00f4tel Manzoni\" \/>\r\n<meta property=\"og:description\" content=\"L\u2019H\u00f4tel Manzoni offre des suites raffin\u00e9es et des chambres luxueuses dans le centre de Milan, pour un s\u00e9jour \u00e9l\u00e9gant dans un cadre intime et confortable.\" \/>\r\n<meta property=\"og:url\" content=\"https:\/\/hotelmanzoni.com\/fr\/suite-chambres-luxe-milan-centre\/\" \/>\r\n<meta property=\"og:site_name\" content=\"Hotel Manzoni\" \/>\r\n<meta property=\"article:modified_time\" content=\"2018-04-20T08:51:23+00:00\" \/>\r\n<meta property=\"og:image\" content=\"https:\/\/hotelmanzoni.com\/wp-content\/uploads\/2018\/02\/BM3A0575.jpg\" \/>\r\n\t<meta property=\"og:image:width\" content=\"1600\" \/>\r\n\t<meta property=\"og:image:height\" content=\"1058\" \/>\r\n\t<meta property=\"og:image:type\" content=\"image\/jpeg\" \/>\r\n<meta name=\"twitter:card\" content=\"summary_large_image\" \/>\r\n<script type=\"application\/ld+json\" class=\"yoast-schema-graph\">{\"@context\":\"https:\/\/schema.org\",\"@graph\":[{\"@type\":\"WebPage\",\"@id\":\"https:\/\/hotelmanzoni.com\/fr\/suite-chambres-luxe-milan-centre\/\",\"url\":\"https:\/\/hotelmanzoni.com\/fr\/suite-chambres-luxe-milan-centre\/\",\"name\":\"Suites et chambres de luxe dans le centre de Milan | H\u00f4tel Manzoni\",\"isPartOf\":{\"@id\":\"https:\/\/hotelmanzoni.com\/fr\/#website\"},\"primaryImageOfPage\":{\"@id\":\"https:\/\/hotelmanzoni.com\/fr\/suite-chambres-luxe-milan-centre\/#primaryimage\"},\"image\":{\"@id\":\"https:\/\/hotelmanzoni.com\/fr\/suite-chambres-luxe-milan-centre\/#primaryimage\"},\"thumbnailUrl\":\"https:\/\/hotelmanzoni.com\/wp-content\/uploads\/2018\/02\/BM3A0575.jpg\",\"datePublished\":\"2018-03-07T10:30:19+00:00\",\"dateModified\":\"2018-04-20T08:51:23+00:00\",\"description\":\"L\u2019H\u00f4tel Manzoni offre des suites raffin\u00e9es et des chambres luxueuses dans le centre de Milan, pour un s\u00e9jour \u00e9l\u00e9gant dans un cadre intime et confortable.\",\"breadcrumb\":{\"@id\":\"https:\/\/hotelmanzoni.com\/fr\/suite-chambres-luxe-milan-centre\/#breadcrumb\"},\"inLanguage\":\"fr-FR\",\"potentialAction\":[{\"@type\":\"ReadAction\",\"target\":[\"https:\/\/hotelmanzoni.com\/fr\/suite-chambres-luxe-milan-centre\/\"]}]},{\"@type\":\"ImageObject\",\"inLanguage\":\"fr-FR\",\"@id\":\"https:\/\/hotelmanzoni.com\/fr\/suite-chambres-luxe-milan-centre\/#primaryimage\",\"url\":\"https:\/\/hotelmanzoni.com\/wp-content\/uploads\/2018\/02\/BM3A0575.jpg\",\"contentUrl\":\"https:\/\/hotelmanzoni.com\/wp-content\/uploads\/2018\/02\/BM3A0575.jpg\",\"width\":1600,\"height\":1058},{\"@type\":\"BreadcrumbList\",\"@id\":\"https:\/\/hotelmanzoni.com\/fr\/suite-chambres-luxe-milan-centre\/#breadcrumb\",\"itemListElement\":[{\"@type\":\"ListItem\",\"position\":1,\"name\":\"Home\",\"item\":\"https:\/\/hotelmanzoni.com\/fr\/\"},{\"@type\":\"ListItem\",\"position\":2,\"name\":\"Camere\"}]},{\"@type\":\"WebSite\",\"@id\":\"https:\/\/hotelmanzoni.com\/fr\/#website\",\"url\":\"https:\/\/hotelmanzoni.com\/fr\/\",\"name\":\"Hotel Manzoni Milano\",\"description\":\"Hotel vicino a Via Monte Napoleone Milano\",\"publisher\":{\"@id\":\"https:\/\/hotelmanzoni.com\/fr\/#organization\"},\"potentialAction\":[{\"@type\":\"SearchAction\",\"target\":{\"@type\":\"EntryPoint\",\"urlTemplate\":\"https:\/\/hotelmanzoni.com\/fr\/?s={search_term_string}\"},\"query-input\":{\"@type\":\"PropertyValueSpecification\",\"valueRequired\":true,\"valueName\":\"search_term_string\"}}],\"inLanguage\":\"fr-FR\"},{\"@type\":\"Organization\",\"@id\":\"https:\/\/hotelmanzoni.com\/fr\/#organization\",\"name\":\"Hotel Manzoni Milano\",\"url\":\"https:\/\/hotelmanzoni.com\/fr\/\",\"logo\":{\"@type\":\"ImageObject\",\"inLanguage\":\"fr-FR\",\"@id\":\"https:\/\/hotelmanzoni.com\/fr\/#\/schema\/logo\/image\/\",\"url\":\"https:\/\/hotelmanzoni.com\/wp-content\/uploads\/2021\/06\/logomanzoni-1.png\",\"contentUrl\":\"https:\/\/hotelmanzoni.com\/wp-content\/uploads\/2021\/06\/logomanzoni-1.png\",\"width\":594,\"height\":498,\"caption\":\"Hotel Manzoni Milano\"},\"image\":{\"@id\":\"https:\/\/hotelmanzoni.com\/fr\/#\/schema\/logo\/image\/\"}}]}<\/script>\r\n<!-- \/ Yoast SEO plugin. -->","yoast_head_json":{"title":"Suites et chambres de luxe dans le centre de Milan | H\u00f4tel Manzoni","description":"L\u2019H\u00f4tel Manzoni offre des suites raffin\u00e9es et des chambres luxueuses dans le centre de Milan, pour un s\u00e9jour \u00e9l\u00e9gant dans un cadre intime et confortable.","robots":{"index":"index","follow":"follow","max-snippet":"max-snippet:-1","max-image-preview":"max-image-preview:large","max-video-preview":"max-video-preview:-1"},"canonical":"https:\/\/hotelmanzoni.com\/fr\/suite-chambres-luxe-milan-centre\/","og_locale":"fr_FR","og_type":"article","og_title":"Suites et chambres de luxe dans le centre de Milan | H\u00f4tel Manzoni","og_description":"L\u2019H\u00f4tel Manzoni offre des suites raffin\u00e9es et des chambres luxueuses dans le centre de Milan, pour un s\u00e9jour \u00e9l\u00e9gant dans un cadre intime et confortable.","og_url":"https:\/\/hotelmanzoni.com\/fr\/suite-chambres-luxe-milan-centre\/","og_site_name":"Hotel Manzoni","article_modified_time":"2018-04-20T08:51:23+00:00","og_image":[{"width":1600,"height":1058,"url":"https:\/\/hotelmanzoni.com\/wp-content\/uploads\/2018\/02\/BM3A0575.jpg","type":"image\/jpeg"}],"twitter_card":"summary_large_image","schema":{"@context":"https:\/\/schema.org","@graph":[{"@type":"WebPage","@id":"https:\/\/hotelmanzoni.com\/fr\/suite-chambres-luxe-milan-centre\/","url":"https:\/\/hotelmanzoni.com\/fr\/suite-chambres-luxe-milan-centre\/","name":"Suites et chambres de luxe dans le centre de Milan | H\u00f4tel Manzoni","isPartOf":{"@id":"https:\/\/hotelmanzoni.com\/fr\/#website"},"primaryImageOfPage":{"@id":"https:\/\/hotelmanzoni.com\/fr\/suite-chambres-luxe-milan-centre\/#primaryimage"},"image":{"@id":"https:\/\/hotelmanzoni.com\/fr\/suite-chambres-luxe-milan-centre\/#primaryimage"},"thumbnailUrl":"https:\/\/hotelmanzoni.com\/wp-content\/uploads\/2018\/02\/BM3A0575.jpg","datePublished":"2018-03-07T10:30:19+00:00","dateModified":"2018-04-20T08:51:23+00:00","description":"L\u2019H\u00f4tel Manzoni offre des suites raffin\u00e9es et des chambres luxueuses dans le centre de Milan, pour un s\u00e9jour \u00e9l\u00e9gant dans un cadre intime et confortable.","breadcrumb":{"@id":"https:\/\/hotelmanzoni.com\/fr\/suite-chambres-luxe-milan-centre\/#breadcrumb"},"inLanguage":"fr-FR","potentialAction":[{"@type":"ReadAction","target":["https:\/\/hotelmanzoni.com\/fr\/suite-chambres-luxe-milan-centre\/"]}]},{"@type":"ImageObject","inLanguage":"fr-FR","@id":"https:\/\/hotelmanzoni.com\/fr\/suite-chambres-luxe-milan-centre\/#primaryimage","url":"https:\/\/hotelmanzoni.com\/wp-content\/uploads\/2018\/02\/BM3A0575.jpg","contentUrl":"https:\/\/hotelmanzoni.com\/wp-content\/uploads\/2018\/02\/BM3A0575.jpg","width":1600,"height":1058},{"@type":"BreadcrumbList","@id":"https:\/\/hotelmanzoni.com\/fr\/suite-chambres-luxe-milan-centre\/#breadcrumb","itemListElement":[{"@type":"ListItem","position":1,"name":"Home","item":"https:\/\/hotelmanzoni.com\/fr\/"},{"@type":"ListItem","position":2,"name":"Camere"}]},{"@type":"WebSite","@id":"https:\/\/hotelmanzoni.com\/fr\/#website","url":"https:\/\/hotelmanzoni.com\/fr\/","name":"Hotel Manzoni Milano","description":"Hotel vicino a Via Monte Napoleone Milano","publisher":{"@id":"https:\/\/hotelmanzoni.com\/fr\/#organization"},"potentialAction":[{"@type":"SearchAction","target":{"@type":"EntryPoint","urlTemplate":"https:\/\/hotelmanzoni.com\/fr\/?s={search_term_string}"},"query-input":{"@type":"PropertyValueSpecification","valueRequired":true,"valueName":"search_term_string"}}],"inLanguage":"fr-FR"},{"@type":"Organization","@id":"https:\/\/hotelmanzoni.com\/fr\/#organization","name":"Hotel Manzoni Milano","url":"https:\/\/hotelmanzoni.com\/fr\/","logo":{"@type":"ImageObject","inLanguage":"fr-FR","@id":"https:\/\/hotelmanzoni.com\/fr\/#\/schema\/logo\/image\/","url":"https:\/\/hotelmanzoni.com\/wp-content\/uploads\/2021\/06\/logomanzoni-1.png","contentUrl":"https:\/\/hotelmanzoni.com\/wp-content\/uploads\/2021\/06\/logomanzoni-1.png","width":594,"height":498,"caption":"Hotel Manzoni Milano"},"image":{"@id":"https:\/\/hotelmanzoni.com\/fr\/#\/schema\/logo\/image\/"}}]}},"_links":{"self":[{"href":"https:\/\/hotelmanzoni.com\/fr\/wp-json\/wp\/v2\/pages\/808","targetHints":{"allow":["GET"]}}],"collection":[{"href":"https:\/\/hotelmanzoni.com\/fr\/wp-json\/wp\/v2\/pages"}],"about":[{"href":"https:\/\/hotelmanzoni.com\/fr\/wp-json\/wp\/v2\/types\/page"}],"author":[{"embeddable":true,"href":"https:\/\/hotelmanzoni.com\/fr\/wp-json\/wp\/v2\/users\/4"}],"replies":[{"embeddable":true,"href":"https:\/\/hotelmanzoni.com\/fr\/wp-json\/wp\/v2\/comments?post=808"}],"version-history":[{"count":2,"href":"https:\/\/hotelmanzoni.com\/fr\/wp-json\/wp\/v2\/pages\/808\/revisions"}],"predecessor-version":[{"id":1722,"href":"https:\/\/hotelmanzoni.com\/fr\/wp-json\/wp\/v2\/pages\/808\/revisions\/1722"}],"wp:featuredmedia":[{"embeddable":true,"href":"https:\/\/hotelmanzoni.com\/fr\/wp-json\/wp\/v2\/media\/3402"}],"wp:attachment":[{"href":"https:\/\/hotelmanzoni.com\/fr\/wp-json\/wp\/v2\/media?parent=808"}],"curies":[{"name":"wp","href":"https:\/\/api.w.org\/{rel}","templated":true}]}}