{"id":805,"date":"2018-03-07T11:18:11","date_gmt":"2018-03-07T10:18:11","guid":{"rendered":"https:\/\/hotelmanzoni.com\/?page_id=805"},"modified":"2018-04-05T10:10:02","modified_gmt":"2018-04-05T08:10:02","slug":"milan-blog-living-milan-lifestyle","status":"publish","type":"page","link":"https:\/\/hotelmanzoni.com\/fr\/milan-blog-living-milan-lifestyle\/","title":{"rendered":"Blog FR"},"content":{"rendered":"<p>Raconter Milan \u00e0 travers l\u2019H\u00f4tel Manzoni. Une id\u00e9e n\u00e9e de la passion et de l\u2019amour de ce qu\u2019il repr\u00e9sente. Un espace pour raconter et vivre Milan, avec les mots de ceux qui consid\u00e8rent cette ville comme leur propre maison. Lisez tout sur Milan sur notre blog, ses histoires, ses curiosit\u00e9s et ses secrets, ainsi que les \u00e9v\u00e9nements qui sont organis\u00e9s et ce qu\u2019il faut voir lorsque l\u2019on est \u00e0 Milan!  <\/p>\n","protected":false},"excerpt":{"rendered":"<p>Raconter Milan \u00e0 travers l\u2019H\u00f4tel Manzoni. Une id\u00e9e n\u00e9e de la passion et de l\u2019amour de ce qu\u2019il repr\u00e9sente. Un espace pour raconter et vivre Milan, avec les mots de ceux qui consid\u00e8rent cette ville comme leur propre maison. Lisez tout sur Milan sur notre blog, ses histoires, ses curiosit\u00e9s et ses secrets, ainsi que [&hellip;]<\/p>\n","protected":false},"author":4,"featured_media":240,"parent":0,"menu_order":0,"comment_status":"closed","ping_status":"closed","template":"page-blog.php","meta":{"_acf_changed":false,"footnotes":""},"class_list":["post-805","page","type-page","status-publish","has-post-thumbnail","hentry"],"acf":{"slider_visual":[{"ID":3185,"id":3185,"title":"hotel a milano wi-fi gratuito","filename":"MG_0625.jpg","filesize":298246,"url":"https:\/\/hotelmanzoni.com\/wp-content\/uploads\/2018\/02\/MG_0625.jpg","link":"https:\/\/hotelmanzoni.com\/fr\/homepage\/_mg_0625-2\/","alt":"","author":"4","description":"","caption":"","name":"_mg_0625-2","status":"inherit","uploaded_to":823,"date":"2018-02-20 14:08:00","modified":"2018-02-20 14:08:00","menu_order":0,"mime_type":"image\/jpeg","type":"image","subtype":"jpeg","icon":"https:\/\/hotelmanzoni.com\/wp-includes\/images\/media\/default.png","width":1600,"height":1067,"sizes":{"thumbnail":"https:\/\/hotelmanzoni.com\/wp-content\/uploads\/2018\/02\/MG_0625-150x150.jpg","thumbnail-width":150,"thumbnail-height":150,"medium":"https:\/\/hotelmanzoni.com\/wp-content\/uploads\/2018\/02\/MG_0625-300x200.jpg","medium-width":300,"medium-height":200,"medium_large":"https:\/\/hotelmanzoni.com\/wp-content\/uploads\/2018\/02\/MG_0625-768x512.jpg","medium_large-width":640,"medium_large-height":427,"large":"https:\/\/hotelmanzoni.com\/wp-content\/uploads\/2018\/02\/MG_0625-1024x683.jpg","large-width":640,"large-height":427,"1536x1536":"https:\/\/hotelmanzoni.com\/wp-content\/uploads\/2018\/02\/MG_0625.jpg","1536x1536-width":1536,"1536x1536-height":1024,"2048x2048":"https:\/\/hotelmanzoni.com\/wp-content\/uploads\/2018\/02\/MG_0625.jpg","2048x2048-width":1600,"2048x2048-height":1067}},{"ID":3465,"id":3465,"title":"living milan lifestyle blog","filename":"blog.jpg","filesize":284995,"url":"https:\/\/hotelmanzoni.com\/wp-content\/uploads\/2018\/02\/blog.jpg","link":"https:\/\/hotelmanzoni.com\/fr\/milan-blog-living-milan-lifestyle\/blog-2-2-2\/","alt":"","author":"4","description":"","caption":"","name":"blog-2-2-2","status":"inherit","uploaded_to":805,"date":"2018-02-21 09:42:27","modified":"2018-02-21 09:42:27","menu_order":0,"mime_type":"image\/jpeg","type":"image","subtype":"jpeg","icon":"https:\/\/hotelmanzoni.com\/wp-includes\/images\/media\/default.png","width":1600,"height":969,"sizes":{"thumbnail":"https:\/\/hotelmanzoni.com\/wp-content\/uploads\/2018\/02\/blog-150x150.jpg","thumbnail-width":150,"thumbnail-height":150,"medium":"https:\/\/hotelmanzoni.com\/wp-content\/uploads\/2018\/02\/blog-300x182.jpg","medium-width":300,"medium-height":182,"medium_large":"https:\/\/hotelmanzoni.com\/wp-content\/uploads\/2018\/02\/blog-768x465.jpg","medium_large-width":640,"medium_large-height":388,"large":"https:\/\/hotelmanzoni.com\/wp-content\/uploads\/2018\/02\/blog-1024x620.jpg","large-width":640,"large-height":388,"1536x1536":"https:\/\/hotelmanzoni.com\/wp-content\/uploads\/2018\/02\/blog.jpg","1536x1536-width":1536,"1536x1536-height":930,"2048x2048":"https:\/\/hotelmanzoni.com\/wp-content\/uploads\/2018\/02\/blog.jpg","2048x2048-width":1600,"2048x2048-height":969}},{"ID":3472,"id":3472,"title":"suite e camere a milano via monte napoleone","filename":"BM3A8514.jpg","filesize":297606,"url":"https:\/\/hotelmanzoni.com\/wp-content\/uploads\/2018\/02\/BM3A8514.jpg","link":"https:\/\/hotelmanzoni.com\/fr\/milan-blog-living-milan-lifestyle\/bm3a8514-2\/","alt":"","author":"4","description":"","caption":"","name":"bm3a8514-2","status":"inherit","uploaded_to":805,"date":"2018-02-21 09:43:55","modified":"2018-02-21 09:43:55","menu_order":0,"mime_type":"image\/jpeg","type":"image","subtype":"jpeg","icon":"https:\/\/hotelmanzoni.com\/wp-includes\/images\/media\/default.png","width":1600,"height":1067,"sizes":{"thumbnail":"https:\/\/hotelmanzoni.com\/wp-content\/uploads\/2018\/02\/BM3A8514-150x150.jpg","thumbnail-width":150,"thumbnail-height":150,"medium":"https:\/\/hotelmanzoni.com\/wp-content\/uploads\/2018\/02\/BM3A8514-300x200.jpg","medium-width":300,"medium-height":200,"medium_large":"https:\/\/hotelmanzoni.com\/wp-content\/uploads\/2018\/02\/BM3A8514-768x512.jpg","medium_large-width":640,"medium_large-height":427,"large":"https:\/\/hotelmanzoni.com\/wp-content\/uploads\/2018\/02\/BM3A8514-1024x683.jpg","large-width":640,"large-height":427,"1536x1536":"https:\/\/hotelmanzoni.com\/wp-content\/uploads\/2018\/02\/BM3A8514.jpg","1536x1536-width":1536,"1536x1536-height":1024,"2048x2048":"https:\/\/hotelmanzoni.com\/wp-content\/uploads\/2018\/02\/BM3A8514.jpg","2048x2048-width":1600,"2048x2048-height":1067}}],"testo_visual":"Living Milan Lifestyle","immagine_prima_sezione":"https:\/\/hotelmanzoni.com\/wp-content\/uploads\/2018\/02\/hotel-manzoni-milano-blog.jpg","titolo_h1":"Notre blog sur Milan !","testo_prima_sezione":"<p>Raconter Milan \u00e0 travers l\u2019H\u00f4tel Manzoni. Une id\u00e9e n\u00e9e de la passion et de l\u2019amour de ce qu\u2019il repr\u00e9sente. Un espace pour raconter et vivre Milan, avec les mots de ceux qui consid\u00e8rent cette ville comme leur propre maison. Lisez tout sur Milan sur notre blog, ses histoires, ses curiosit\u00e9s et ses secrets, ainsi que les \u00e9v\u00e9nements qui sont organis\u00e9s et ce qu\u2019il faut voir lorsque l\u2019on est \u00e0 Milan!  <\/p>\n"},"yoast_head":"<!-- This site is optimized with the Yoast SEO plugin v24.9 - https:\/\/yoast.com\/wordpress\/plugins\/seo\/ -->\r\n<title>Living Milan lifestyle| Blog de l\u2019H\u00f4tel Manzoni sur Milan<\/title>\r\n<meta name=\"description\" content=\"Living Milan lifestyle est le blog sur Milan anim\u00e9 par l\u2019H\u00f4tel Manzoni! Lisez ce qui se passe dans la ville\u00a0: curiosit\u00e9s, gastronomie, mode, art et histoire pour vous!\" \/>\r\n<meta name=\"robots\" content=\"index, follow, max-snippet:-1, max-image-preview:large, max-video-preview:-1\" \/>\r\n<link rel=\"canonical\" href=\"https:\/\/hotelmanzoni.com\/fr\/milan-blog-living-milan-lifestyle\/\" \/>\r\n<meta property=\"og:locale\" content=\"fr_FR\" \/>\r\n<meta property=\"og:type\" content=\"article\" \/>\r\n<meta property=\"og:title\" content=\"Living Milan lifestyle| Blog de l\u2019H\u00f4tel Manzoni sur Milan\" \/>\r\n<meta property=\"og:description\" content=\"Living Milan lifestyle est le blog sur Milan anim\u00e9 par l\u2019H\u00f4tel Manzoni! Lisez ce qui se passe dans la ville\u00a0: curiosit\u00e9s, gastronomie, mode, art et histoire pour vous!\" \/>\r\n<meta property=\"og:url\" content=\"https:\/\/hotelmanzoni.com\/fr\/milan-blog-living-milan-lifestyle\/\" \/>\r\n<meta property=\"og:site_name\" content=\"Hotel Manzoni\" \/>\r\n<meta property=\"article:modified_time\" content=\"2018-04-05T08:10:02+00:00\" \/>\r\n<meta property=\"og:image\" content=\"https:\/\/hotelmanzoni.com\/wp-content\/uploads\/2018\/02\/MG_0625.jpg\" \/>\r\n\t<meta property=\"og:image:width\" content=\"1600\" \/>\r\n\t<meta property=\"og:image:height\" content=\"1067\" \/>\r\n\t<meta property=\"og:image:type\" content=\"image\/jpeg\" \/>\r\n<meta name=\"twitter:card\" content=\"summary_large_image\" \/>\r\n<script type=\"application\/ld+json\" class=\"yoast-schema-graph\">{\"@context\":\"https:\/\/schema.org\",\"@graph\":[{\"@type\":\"WebPage\",\"@id\":\"https:\/\/hotelmanzoni.com\/fr\/milan-blog-living-milan-lifestyle\/\",\"url\":\"https:\/\/hotelmanzoni.com\/fr\/milan-blog-living-milan-lifestyle\/\",\"name\":\"Living Milan lifestyle| Blog de l\u2019H\u00f4tel Manzoni sur Milan\",\"isPartOf\":{\"@id\":\"https:\/\/hotelmanzoni.com\/fr\/#website\"},\"primaryImageOfPage\":{\"@id\":\"https:\/\/hotelmanzoni.com\/fr\/milan-blog-living-milan-lifestyle\/#primaryimage\"},\"image\":{\"@id\":\"https:\/\/hotelmanzoni.com\/fr\/milan-blog-living-milan-lifestyle\/#primaryimage\"},\"thumbnailUrl\":\"https:\/\/hotelmanzoni.com\/wp-content\/uploads\/2018\/02\/MG_0625.jpg\",\"datePublished\":\"2018-03-07T10:18:11+00:00\",\"dateModified\":\"2018-04-05T08:10:02+00:00\",\"description\":\"Living Milan lifestyle est le blog sur Milan anim\u00e9 par l\u2019H\u00f4tel Manzoni! Lisez ce qui se passe dans la ville\u00a0: curiosit\u00e9s, gastronomie, mode, art et histoire pour vous!\",\"breadcrumb\":{\"@id\":\"https:\/\/hotelmanzoni.com\/fr\/milan-blog-living-milan-lifestyle\/#breadcrumb\"},\"inLanguage\":\"fr-FR\",\"potentialAction\":[{\"@type\":\"ReadAction\",\"target\":[\"https:\/\/hotelmanzoni.com\/fr\/milan-blog-living-milan-lifestyle\/\"]}]},{\"@type\":\"ImageObject\",\"inLanguage\":\"fr-FR\",\"@id\":\"https:\/\/hotelmanzoni.com\/fr\/milan-blog-living-milan-lifestyle\/#primaryimage\",\"url\":\"https:\/\/hotelmanzoni.com\/wp-content\/uploads\/2018\/02\/MG_0625.jpg\",\"contentUrl\":\"https:\/\/hotelmanzoni.com\/wp-content\/uploads\/2018\/02\/MG_0625.jpg\",\"width\":1600,\"height\":1067,\"caption\":\"hotel di milano con wi-fi gratuito\"},{\"@type\":\"BreadcrumbList\",\"@id\":\"https:\/\/hotelmanzoni.com\/fr\/milan-blog-living-milan-lifestyle\/#breadcrumb\",\"itemListElement\":[{\"@type\":\"ListItem\",\"position\":1,\"name\":\"Home\",\"item\":\"https:\/\/hotelmanzoni.com\/fr\/\"},{\"@type\":\"ListItem\",\"position\":2,\"name\":\"Blog FR\"}]},{\"@type\":\"WebSite\",\"@id\":\"https:\/\/hotelmanzoni.com\/fr\/#website\",\"url\":\"https:\/\/hotelmanzoni.com\/fr\/\",\"name\":\"Hotel Manzoni Milano\",\"description\":\"Hotel vicino a Via Monte Napoleone Milano\",\"publisher\":{\"@id\":\"https:\/\/hotelmanzoni.com\/fr\/#organization\"},\"potentialAction\":[{\"@type\":\"SearchAction\",\"target\":{\"@type\":\"EntryPoint\",\"urlTemplate\":\"https:\/\/hotelmanzoni.com\/fr\/?s={search_term_string}\"},\"query-input\":{\"@type\":\"PropertyValueSpecification\",\"valueRequired\":true,\"valueName\":\"search_term_string\"}}],\"inLanguage\":\"fr-FR\"},{\"@type\":\"Organization\",\"@id\":\"https:\/\/hotelmanzoni.com\/fr\/#organization\",\"name\":\"Hotel Manzoni Milano\",\"url\":\"https:\/\/hotelmanzoni.com\/fr\/\",\"logo\":{\"@type\":\"ImageObject\",\"inLanguage\":\"fr-FR\",\"@id\":\"https:\/\/hotelmanzoni.com\/fr\/#\/schema\/logo\/image\/\",\"url\":\"https:\/\/hotelmanzoni.com\/wp-content\/uploads\/2021\/06\/logomanzoni-1.png\",\"contentUrl\":\"https:\/\/hotelmanzoni.com\/wp-content\/uploads\/2021\/06\/logomanzoni-1.png\",\"width\":594,\"height\":498,\"caption\":\"Hotel Manzoni Milano\"},\"image\":{\"@id\":\"https:\/\/hotelmanzoni.com\/fr\/#\/schema\/logo\/image\/\"}}]}<\/script>\r\n<!-- \/ Yoast SEO plugin. -->","yoast_head_json":{"title":"Living Milan lifestyle| Blog de l\u2019H\u00f4tel Manzoni sur Milan","description":"Living Milan lifestyle est le blog sur Milan anim\u00e9 par l\u2019H\u00f4tel Manzoni! Lisez ce qui se passe dans la ville\u00a0: curiosit\u00e9s, gastronomie, mode, art et histoire pour vous!","robots":{"index":"index","follow":"follow","max-snippet":"max-snippet:-1","max-image-preview":"max-image-preview:large","max-video-preview":"max-video-preview:-1"},"canonical":"https:\/\/hotelmanzoni.com\/fr\/milan-blog-living-milan-lifestyle\/","og_locale":"fr_FR","og_type":"article","og_title":"Living Milan lifestyle| Blog de l\u2019H\u00f4tel Manzoni sur Milan","og_description":"Living Milan lifestyle est le blog sur Milan anim\u00e9 par l\u2019H\u00f4tel Manzoni! Lisez ce qui se passe dans la ville\u00a0: curiosit\u00e9s, gastronomie, mode, art et histoire pour vous!","og_url":"https:\/\/hotelmanzoni.com\/fr\/milan-blog-living-milan-lifestyle\/","og_site_name":"Hotel Manzoni","article_modified_time":"2018-04-05T08:10:02+00:00","og_image":[{"width":1600,"height":1067,"url":"https:\/\/hotelmanzoni.com\/wp-content\/uploads\/2018\/02\/MG_0625.jpg","type":"image\/jpeg"}],"twitter_card":"summary_large_image","schema":{"@context":"https:\/\/schema.org","@graph":[{"@type":"WebPage","@id":"https:\/\/hotelmanzoni.com\/fr\/milan-blog-living-milan-lifestyle\/","url":"https:\/\/hotelmanzoni.com\/fr\/milan-blog-living-milan-lifestyle\/","name":"Living Milan lifestyle| Blog de l\u2019H\u00f4tel Manzoni sur Milan","isPartOf":{"@id":"https:\/\/hotelmanzoni.com\/fr\/#website"},"primaryImageOfPage":{"@id":"https:\/\/hotelmanzoni.com\/fr\/milan-blog-living-milan-lifestyle\/#primaryimage"},"image":{"@id":"https:\/\/hotelmanzoni.com\/fr\/milan-blog-living-milan-lifestyle\/#primaryimage"},"thumbnailUrl":"https:\/\/hotelmanzoni.com\/wp-content\/uploads\/2018\/02\/MG_0625.jpg","datePublished":"2018-03-07T10:18:11+00:00","dateModified":"2018-04-05T08:10:02+00:00","description":"Living Milan lifestyle est le blog sur Milan anim\u00e9 par l\u2019H\u00f4tel Manzoni! Lisez ce qui se passe dans la ville\u00a0: curiosit\u00e9s, gastronomie, mode, art et histoire pour vous!","breadcrumb":{"@id":"https:\/\/hotelmanzoni.com\/fr\/milan-blog-living-milan-lifestyle\/#breadcrumb"},"inLanguage":"fr-FR","potentialAction":[{"@type":"ReadAction","target":["https:\/\/hotelmanzoni.com\/fr\/milan-blog-living-milan-lifestyle\/"]}]},{"@type":"ImageObject","inLanguage":"fr-FR","@id":"https:\/\/hotelmanzoni.com\/fr\/milan-blog-living-milan-lifestyle\/#primaryimage","url":"https:\/\/hotelmanzoni.com\/wp-content\/uploads\/2018\/02\/MG_0625.jpg","contentUrl":"https:\/\/hotelmanzoni.com\/wp-content\/uploads\/2018\/02\/MG_0625.jpg","width":1600,"height":1067,"caption":"hotel di milano con wi-fi gratuito"},{"@type":"BreadcrumbList","@id":"https:\/\/hotelmanzoni.com\/fr\/milan-blog-living-milan-lifestyle\/#breadcrumb","itemListElement":[{"@type":"ListItem","position":1,"name":"Home","item":"https:\/\/hotelmanzoni.com\/fr\/"},{"@type":"ListItem","position":2,"name":"Blog FR"}]},{"@type":"WebSite","@id":"https:\/\/hotelmanzoni.com\/fr\/#website","url":"https:\/\/hotelmanzoni.com\/fr\/","name":"Hotel Manzoni Milano","description":"Hotel vicino a Via Monte Napoleone Milano","publisher":{"@id":"https:\/\/hotelmanzoni.com\/fr\/#organization"},"potentialAction":[{"@type":"SearchAction","target":{"@type":"EntryPoint","urlTemplate":"https:\/\/hotelmanzoni.com\/fr\/?s={search_term_string}"},"query-input":{"@type":"PropertyValueSpecification","valueRequired":true,"valueName":"search_term_string"}}],"inLanguage":"fr-FR"},{"@type":"Organization","@id":"https:\/\/hotelmanzoni.com\/fr\/#organization","name":"Hotel Manzoni Milano","url":"https:\/\/hotelmanzoni.com\/fr\/","logo":{"@type":"ImageObject","inLanguage":"fr-FR","@id":"https:\/\/hotelmanzoni.com\/fr\/#\/schema\/logo\/image\/","url":"https:\/\/hotelmanzoni.com\/wp-content\/uploads\/2021\/06\/logomanzoni-1.png","contentUrl":"https:\/\/hotelmanzoni.com\/wp-content\/uploads\/2021\/06\/logomanzoni-1.png","width":594,"height":498,"caption":"Hotel Manzoni Milano"},"image":{"@id":"https:\/\/hotelmanzoni.com\/fr\/#\/schema\/logo\/image\/"}}]}},"_links":{"self":[{"href":"https:\/\/hotelmanzoni.com\/fr\/wp-json\/wp\/v2\/pages\/805","targetHints":{"allow":["GET"]}}],"collection":[{"href":"https:\/\/hotelmanzoni.com\/fr\/wp-json\/wp\/v2\/pages"}],"about":[{"href":"https:\/\/hotelmanzoni.com\/fr\/wp-json\/wp\/v2\/types\/page"}],"author":[{"embeddable":true,"href":"https:\/\/hotelmanzoni.com\/fr\/wp-json\/wp\/v2\/users\/4"}],"replies":[{"embeddable":true,"href":"https:\/\/hotelmanzoni.com\/fr\/wp-json\/wp\/v2\/comments?post=805"}],"version-history":[{"count":1,"href":"https:\/\/hotelmanzoni.com\/fr\/wp-json\/wp\/v2\/pages\/805\/revisions"}],"predecessor-version":[{"id":807,"href":"https:\/\/hotelmanzoni.com\/fr\/wp-json\/wp\/v2\/pages\/805\/revisions\/807"}],"wp:featuredmedia":[{"embeddable":true,"href":"https:\/\/hotelmanzoni.com\/fr\/wp-json\/wp\/v2\/media\/240"}],"wp:attachment":[{"href":"https:\/\/hotelmanzoni.com\/fr\/wp-json\/wp\/v2\/media?parent=805"}],"curies":[{"name":"wp","href":"https:\/\/api.w.org\/{rel}","templated":true}]}}