{"id":908,"date":"2018-03-07T16:20:33","date_gmt":"2018-03-07T15:20:33","guid":{"rendered":"https:\/\/hotelmanzoni.com\/?page_id=908"},"modified":"2022-10-03T13:44:20","modified_gmt":"2022-10-03T11:44:20","slug":"hotel-con-encanto-cerca-del-teatro-scala","status":"publish","type":"page","link":"https:\/\/hotelmanzoni.com\/es\/hotel-con-encanto-cerca-del-teatro-scala\/","title":{"rendered":"Manzoni Experience ES"},"content":{"rendered":"<p>Una bienvenida elegante, discreta y atenta a las necesidades de aquellos que llegan a Mil\u00e1n por trabajo o para descubrir la ciudad, hu\u00e9spedes de un hotel en el distrito de la moda de Mil\u00e1n con un elegante y discreto Wine Bar, acogedoras salas de reuniones y un gimnasio.<\/p>\n","protected":false},"excerpt":{"rendered":"<p>Una bienvenida elegante, discreta y atenta a las necesidades de aquellos que llegan a Mil\u00e1n por trabajo o para descubrir la ciudad, hu\u00e9spedes de un hotel en el distrito de la moda de Mil\u00e1n con un elegante y discreto Wine Bar, acogedoras salas de reuniones y un gimnasio.<\/p>\n","protected":false},"author":4,"featured_media":437,"parent":0,"menu_order":0,"comment_status":"closed","ping_status":"closed","template":"page-manzoni.php","meta":{"_acf_changed":false,"footnotes":""},"class_list":["post-908","page","type-page","status-publish","has-post-thumbnail","hentry"],"acf":{"slider_visual":[{"ID":3730,"id":3730,"title":"hotel manzoni milano","filename":"manzoni-hotel-spazi-comuni.jpg","filesize":358937,"url":"https:\/\/hotelmanzoni.com\/wp-content\/uploads\/2018\/02\/manzoni-hotel-spazi-comuni.jpg","link":"https:\/\/hotelmanzoni.com\/es\/hotel-con-encanto-cerca-del-teatro-scala\/manzoni-hotel-spazi-comuni-2\/","alt":"","author":"4","description":"","caption":"","name":"manzoni-hotel-spazi-comuni-2","status":"inherit","uploaded_to":908,"date":"2018-02-23 13:31:37","modified":"2021-08-07 09:56:41","menu_order":0,"mime_type":"image\/jpeg","type":"image","subtype":"jpeg","icon":"https:\/\/hotelmanzoni.com\/wp-includes\/images\/media\/default.png","width":1600,"height":1061,"sizes":{"thumbnail":"https:\/\/hotelmanzoni.com\/wp-content\/uploads\/2018\/02\/manzoni-hotel-spazi-comuni-150x150.jpg","thumbnail-width":150,"thumbnail-height":150,"medium":"https:\/\/hotelmanzoni.com\/wp-content\/uploads\/2018\/02\/manzoni-hotel-spazi-comuni-300x199.jpg","medium-width":300,"medium-height":199,"medium_large":"https:\/\/hotelmanzoni.com\/wp-content\/uploads\/2018\/02\/manzoni-hotel-spazi-comuni-768x509.jpg","medium_large-width":640,"medium_large-height":424,"large":"https:\/\/hotelmanzoni.com\/wp-content\/uploads\/2018\/02\/manzoni-hotel-spazi-comuni-1024x679.jpg","large-width":640,"large-height":424,"1536x1536":"https:\/\/hotelmanzoni.com\/wp-content\/uploads\/2018\/02\/manzoni-hotel-spazi-comuni.jpg","1536x1536-width":1536,"1536x1536-height":1019,"2048x2048":"https:\/\/hotelmanzoni.com\/wp-content\/uploads\/2018\/02\/manzoni-hotel-spazi-comuni.jpg","2048x2048-width":1600,"2048x2048-height":1061}},{"ID":3667,"id":3667,"title":"Charming hotel near Teatro Alla Scala","filename":"Charming-hotel-near-Teatro-Alla-Scala-.jpg","filesize":383899,"url":"https:\/\/hotelmanzoni.com\/wp-content\/uploads\/2018\/02\/Charming-hotel-near-Teatro-Alla-Scala-.jpg","link":"https:\/\/hotelmanzoni.com\/es\/hotel-con-encanto-cerca-del-teatro-scala\/charming-hotel-near-teatro-alla-scala-2\/","alt":"","author":"4","description":"","caption":"","name":"charming-hotel-near-teatro-alla-scala-2","status":"inherit","uploaded_to":908,"date":"2018-02-23 10:07:01","modified":"2021-08-07 09:56:57","menu_order":0,"mime_type":"image\/jpeg","type":"image","subtype":"jpeg","icon":"https:\/\/hotelmanzoni.com\/wp-includes\/images\/media\/default.png","width":1600,"height":1067,"sizes":{"thumbnail":"https:\/\/hotelmanzoni.com\/wp-content\/uploads\/2018\/02\/Charming-hotel-near-Teatro-Alla-Scala--150x150.jpg","thumbnail-width":150,"thumbnail-height":150,"medium":"https:\/\/hotelmanzoni.com\/wp-content\/uploads\/2018\/02\/Charming-hotel-near-Teatro-Alla-Scala--300x200.jpg","medium-width":300,"medium-height":200,"medium_large":"https:\/\/hotelmanzoni.com\/wp-content\/uploads\/2018\/02\/Charming-hotel-near-Teatro-Alla-Scala--768x512.jpg","medium_large-width":640,"medium_large-height":427,"large":"https:\/\/hotelmanzoni.com\/wp-content\/uploads\/2018\/02\/Charming-hotel-near-Teatro-Alla-Scala--1024x683.jpg","large-width":640,"large-height":427,"1536x1536":"https:\/\/hotelmanzoni.com\/wp-content\/uploads\/2018\/02\/Charming-hotel-near-Teatro-Alla-Scala-.jpg","1536x1536-width":1536,"1536x1536-height":1024,"2048x2048":"https:\/\/hotelmanzoni.com\/wp-content\/uploads\/2018\/02\/Charming-hotel-near-Teatro-Alla-Scala-.jpg","2048x2048-width":1600,"2048x2048-height":1067}},{"ID":3940,"id":3940,"title":"Manzoni experience milano","filename":"Manzoni-exp-slider3.jpg","filesize":131643,"url":"https:\/\/hotelmanzoni.com\/wp-content\/uploads\/2018\/03\/Manzoni-exp-slider3.jpg","link":"https:\/\/hotelmanzoni.com\/es\/hotel-con-encanto-cerca-del-teatro-scala\/manzoni-exp-slider3-2\/","alt":"","author":"4","description":"","caption":"","name":"manzoni-exp-slider3-2","status":"inherit","uploaded_to":908,"date":"2018-03-06 15:15:07","modified":"2021-08-07 09:51:58","menu_order":0,"mime_type":"image\/jpeg","type":"image","subtype":"jpeg","icon":"https:\/\/hotelmanzoni.com\/wp-includes\/images\/media\/default.png","width":1600,"height":999,"sizes":{"thumbnail":"https:\/\/hotelmanzoni.com\/wp-content\/uploads\/2018\/03\/Manzoni-exp-slider3-150x150.jpg","thumbnail-width":150,"thumbnail-height":150,"medium":"https:\/\/hotelmanzoni.com\/wp-content\/uploads\/2018\/03\/Manzoni-exp-slider3-300x187.jpg","medium-width":300,"medium-height":187,"medium_large":"https:\/\/hotelmanzoni.com\/wp-content\/uploads\/2018\/03\/Manzoni-exp-slider3-768x480.jpg","medium_large-width":640,"medium_large-height":400,"large":"https:\/\/hotelmanzoni.com\/wp-content\/uploads\/2018\/03\/Manzoni-exp-slider3-1024x639.jpg","large-width":640,"large-height":399,"1536x1536":"https:\/\/hotelmanzoni.com\/wp-content\/uploads\/2018\/03\/Manzoni-exp-slider3.jpg","1536x1536-width":1536,"1536x1536-height":959,"2048x2048":"https:\/\/hotelmanzoni.com\/wp-content\/uploads\/2018\/03\/Manzoni-exp-slider3.jpg","2048x2048-width":1600,"2048x2048-height":999}},{"ID":3282,"id":3282,"title":"sauna hotel manzoni milano","filename":"sauna.jpg","filesize":208237,"url":"https:\/\/hotelmanzoni.com\/wp-content\/uploads\/2018\/02\/sauna.jpg","link":"https:\/\/hotelmanzoni.com\/es\/hotel-con-encanto-cerca-del-teatro-scala\/sauna-2\/","alt":"","author":"4","description":"","caption":"","name":"sauna-2","status":"inherit","uploaded_to":908,"date":"2018-02-20 14:42:40","modified":"2021-08-07 09:57:12","menu_order":0,"mime_type":"image\/jpeg","type":"image","subtype":"jpeg","icon":"https:\/\/hotelmanzoni.com\/wp-includes\/images\/media\/default.png","width":1600,"height":1052,"sizes":{"thumbnail":"https:\/\/hotelmanzoni.com\/wp-content\/uploads\/2018\/02\/sauna-150x150.jpg","thumbnail-width":150,"thumbnail-height":150,"medium":"https:\/\/hotelmanzoni.com\/wp-content\/uploads\/2018\/02\/sauna-300x197.jpg","medium-width":300,"medium-height":197,"medium_large":"https:\/\/hotelmanzoni.com\/wp-content\/uploads\/2018\/02\/sauna-768x505.jpg","medium_large-width":640,"medium_large-height":421,"large":"https:\/\/hotelmanzoni.com\/wp-content\/uploads\/2018\/02\/sauna-1024x673.jpg","large-width":640,"large-height":421,"1536x1536":"https:\/\/hotelmanzoni.com\/wp-content\/uploads\/2018\/02\/sauna.jpg","1536x1536-width":1536,"1536x1536-height":1010,"2048x2048":"https:\/\/hotelmanzoni.com\/wp-content\/uploads\/2018\/02\/sauna.jpg","2048x2048-width":1600,"2048x2048-height":1052}}],"testo_visual":"Experiencia Manzoni","immagine_prima_sezione":"https:\/\/hotelmanzoni.com\/wp-content\/uploads\/2018\/02\/maznoni-experience-e1519382380550.jpg","titolo_h1":"Hotel con encanto cerca del Teatro alla Scala","testo_principale":"<p>Una bienvenida elegante, discreta y atenta a las necesidades de aquellos que llegan a Mil\u00e1n por trabajo o para descubrir la ciudad, hu\u00e9spedes de un hotel en el distrito de la moda de Mil\u00e1n con un elegante y discreto restaurante, acogedoras salas de reuniones y un gimnasio.<\/p>\n","slider_seconda_sezione":[{"ID":3296,"id":3296,"title":"hotel manzoni reception milan downtown","filename":"BM3A7369.jpg","filesize":292191,"url":"https:\/\/hotelmanzoni.com\/wp-content\/uploads\/2018\/02\/BM3A7369.jpg","link":"https:\/\/hotelmanzoni.com\/es\/hotel-con-encanto-cerca-del-teatro-scala\/bm3a7369-3\/","alt":"","author":"4","description":"","caption":"","name":"bm3a7369-3","status":"inherit","uploaded_to":908,"date":"2018-02-20 14:48:33","modified":"2021-08-07 09:54:35","menu_order":0,"mime_type":"image\/jpeg","type":"image","subtype":"jpeg","icon":"https:\/\/hotelmanzoni.com\/wp-includes\/images\/media\/default.png","width":1600,"height":1067,"sizes":{"thumbnail":"https:\/\/hotelmanzoni.com\/wp-content\/uploads\/2018\/02\/BM3A7369-150x150.jpg","thumbnail-width":150,"thumbnail-height":150,"medium":"https:\/\/hotelmanzoni.com\/wp-content\/uploads\/2018\/02\/BM3A7369-300x200.jpg","medium-width":300,"medium-height":200,"medium_large":"https:\/\/hotelmanzoni.com\/wp-content\/uploads\/2018\/02\/BM3A7369-768x512.jpg","medium_large-width":640,"medium_large-height":427,"large":"https:\/\/hotelmanzoni.com\/wp-content\/uploads\/2018\/02\/BM3A7369-1024x683.jpg","large-width":640,"large-height":427,"1536x1536":"https:\/\/hotelmanzoni.com\/wp-content\/uploads\/2018\/02\/BM3A7369.jpg","1536x1536-width":1536,"1536x1536-height":1024,"2048x2048":"https:\/\/hotelmanzoni.com\/wp-content\/uploads\/2018\/02\/BM3A7369.jpg","2048x2048-width":1600,"2048x2048-height":1067}},{"ID":3303,"id":3303,"title":"garden hotel manzoni","filename":"BM3A9624.jpg","filesize":359520,"url":"https:\/\/hotelmanzoni.com\/wp-content\/uploads\/2018\/02\/BM3A9624.jpg","link":"https:\/\/hotelmanzoni.com\/es\/hotel-con-encanto-cerca-del-teatro-scala\/bm3a9624-2\/","alt":"","author":"4","description":"","caption":"","name":"bm3a9624-2","status":"inherit","uploaded_to":908,"date":"2018-02-20 14:51:22","modified":"2021-08-07 09:54:46","menu_order":0,"mime_type":"image\/jpeg","type":"image","subtype":"jpeg","icon":"https:\/\/hotelmanzoni.com\/wp-includes\/images\/media\/default.png","width":1600,"height":969,"sizes":{"thumbnail":"https:\/\/hotelmanzoni.com\/wp-content\/uploads\/2018\/02\/BM3A9624-150x150.jpg","thumbnail-width":150,"thumbnail-height":150,"medium":"https:\/\/hotelmanzoni.com\/wp-content\/uploads\/2018\/02\/BM3A9624-300x182.jpg","medium-width":300,"medium-height":182,"medium_large":"https:\/\/hotelmanzoni.com\/wp-content\/uploads\/2018\/02\/BM3A9624-768x465.jpg","medium_large-width":640,"medium_large-height":388,"large":"https:\/\/hotelmanzoni.com\/wp-content\/uploads\/2018\/02\/BM3A9624-1024x620.jpg","large-width":640,"large-height":388,"1536x1536":"https:\/\/hotelmanzoni.com\/wp-content\/uploads\/2018\/02\/BM3A9624.jpg","1536x1536-width":1536,"1536x1536-height":930,"2048x2048":"https:\/\/hotelmanzoni.com\/wp-content\/uploads\/2018\/02\/BM3A9624.jpg","2048x2048-width":1600,"2048x2048-height":969}},{"ID":3310,"id":3310,"title":"hotel manzoni milano","filename":"MG_0671.jpg","filesize":291338,"url":"https:\/\/hotelmanzoni.com\/wp-content\/uploads\/2018\/02\/MG_0671.jpg","link":"https:\/\/hotelmanzoni.com\/es\/hotel-con-encanto-cerca-del-teatro-scala\/_mg_0671-2\/","alt":"","author":"4","description":"","caption":"","name":"_mg_0671-2","status":"inherit","uploaded_to":908,"date":"2018-02-20 14:52:07","modified":"2021-08-07 09:57:47","menu_order":0,"mime_type":"image\/jpeg","type":"image","subtype":"jpeg","icon":"https:\/\/hotelmanzoni.com\/wp-includes\/images\/media\/default.png","width":1600,"height":1068,"sizes":{"thumbnail":"https:\/\/hotelmanzoni.com\/wp-content\/uploads\/2018\/02\/MG_0671-150x150.jpg","thumbnail-width":150,"thumbnail-height":150,"medium":"https:\/\/hotelmanzoni.com\/wp-content\/uploads\/2018\/02\/MG_0671-300x200.jpg","medium-width":300,"medium-height":200,"medium_large":"https:\/\/hotelmanzoni.com\/wp-content\/uploads\/2018\/02\/MG_0671-768x513.jpg","medium_large-width":640,"medium_large-height":428,"large":"https:\/\/hotelmanzoni.com\/wp-content\/uploads\/2018\/02\/MG_0671-1024x684.jpg","large-width":640,"large-height":428,"1536x1536":"https:\/\/hotelmanzoni.com\/wp-content\/uploads\/2018\/02\/MG_0671.jpg","1536x1536-width":1536,"1536x1536-height":1025,"2048x2048":"https:\/\/hotelmanzoni.com\/wp-content\/uploads\/2018\/02\/MG_0671.jpg","2048x2048-width":1600,"2048x2048-height":1068}}],"titolo_seconda_sezione":"Hospitalidad italiana","testo_seconda_sezione":"<p>Un servicio de conserjer\u00eda atento y considerado, junto con todas las comodidades modernas que se suman a los ambientes \u00edntimos y reservados, amueblados con elementos del mejor gusto Made in Italy.<\/p>\n","titolo_servizi":"Los servicios de nuestro hotel","lista_servizi":[{"immagine":"https:\/\/hotelmanzoni.com\/wp-content\/uploads\/2018\/02\/restaurant.png","testo":"Wine Bar & Bistrot"},{"immagine":"https:\/\/hotelmanzoni.com\/wp-content\/uploads\/2018\/02\/wifi.png","testo":"Internet Wi-Fi gratuito"},{"immagine":"https:\/\/hotelmanzoni.com\/wp-content\/uploads\/2018\/03\/laundry.png","testo":"Servicio de lavander\u00eda"},{"immagine":"https:\/\/hotelmanzoni.com\/wp-content\/uploads\/2018\/02\/Valet-parking.png","testo":"Aparcamiento"},{"immagine":"https:\/\/hotelmanzoni.com\/wp-content\/uploads\/2018\/02\/concierge.png","testo":"Conserjer\u00eda"},{"immagine":"https:\/\/hotelmanzoni.com\/wp-content\/uploads\/2018\/03\/trasnfer.png","testo":"Servicio de transferencia "}],"immagine_sinistra_terza_sezione":"https:\/\/hotelmanzoni.com\/wp-content\/uploads\/2018\/03\/manzoni-business--e1522396792122.jpg","titolo_terza_sezione":"Hotel Manzoni Business","testo_terza_sezione":"<p>Cuando se viaja por negocios nada se deja al azar. La sala de reuniones Sforza y la sala Hall son acogedoras y refinadas, con toda la tecnolog\u00eda necesaria para celebrar reuniones de negocios, cursos de formaci\u00f3n, exposiciones y peque\u00f1as conferencias.<\/p>\n","testo_contattaci_terza_sezione":"Escr\u00edbanos para organizar su evento de negocios","link_contattaci_terza_sezione":"","titolo_prima_lista_terza_sezione":"Equipo ","prima_lista_terza_sezione":[{"testo":"Pantalla de TV"},{"testo":"Pizarra con rotafolios"},{"testo":"Wi-Fi"}],"titolo_seconda_lista_terza_sezione":" Asientos de pasillo","seconda_lista_terza_sezione":[{"testo":"Escenario con hasta 20+2 puestos "},{"testo":"Mesa \u00fanica con hasta 14 puestos "},{"testo":"Pupitres con hasta 14 puestos"}],"slider_terza_sezione":false,"slider_quarta_sezione":false,"titolo_prima_lista_quarta_sezione":"Wellness","prima_lista_quarta_sezione":[{"testo":"Ba\u00f1o turco  "},{"testo":"Hidromasaje"},{"testo":"Sala de relajaci\u00f3n"}],"titolo_seconda_lista_quarta_sezione":"Fitness","seconda_lista_quarta_sezione":[{"testo":"Gimnasio "},{"testo":"Cardiofitness"},{"testo":"Fuerza"},{"testo":"Movimiento"}],"titolo_quarta_sezione":"Bienestar y relajaci\u00f3n","testo_quarta_sezione":"<p>Un peque\u00f1o gimnasio equipado, ba\u00f1o turco, sala de relajaci\u00f3n y otras comodidades para regenerarse y mantenerse en forma en un ambiente elegante y confortable. El momento de merecido bienestar despu\u00e9s de un d\u00eda en Mil\u00e1n.<\/p>\n"},"yoast_head":"<!-- This site is optimized with the Yoast SEO plugin v24.9 - https:\/\/yoast.com\/wordpress\/plugins\/seo\/ -->\r\n<title>Hotel con encanto cerca de Teatro alla Scala | Hotel Manzoni Mil\u00e1n<\/title>\r\n<meta name=\"description\" content=\"El placer de un recibimiento elegante en el centro de Mil\u00e1n. Descubra nuestro hotel encantador cerca del Teatro alla Scala, con restaurante y sala de reuniones.\" \/>\r\n<meta name=\"robots\" content=\"index, follow, max-snippet:-1, max-image-preview:large, max-video-preview:-1\" \/>\r\n<link rel=\"canonical\" href=\"https:\/\/hotelmanzoni.com\/es\/hotel-con-encanto-cerca-del-teatro-scala\/\" \/>\r\n<meta property=\"og:locale\" content=\"es_ES\" \/>\r\n<meta property=\"og:type\" content=\"article\" \/>\r\n<meta property=\"og:title\" content=\"Hotel con encanto cerca de Teatro alla Scala | Hotel Manzoni Mil\u00e1n\" \/>\r\n<meta property=\"og:description\" content=\"El placer de un recibimiento elegante en el centro de Mil\u00e1n. Descubra nuestro hotel encantador cerca del Teatro alla Scala, con restaurante y sala de reuniones.\" \/>\r\n<meta property=\"og:url\" content=\"https:\/\/hotelmanzoni.com\/es\/hotel-con-encanto-cerca-del-teatro-scala\/\" \/>\r\n<meta property=\"og:site_name\" content=\"Hotel Manzoni\" \/>\r\n<meta property=\"article:modified_time\" content=\"2022-10-03T11:44:20+00:00\" \/>\r\n<meta property=\"og:image\" content=\"https:\/\/hotelmanzoni.com\/wp-content\/uploads\/2018\/02\/Charming-hotel-near-Teatro-Alla-Scala-.jpg\" \/>\r\n\t<meta property=\"og:image:width\" content=\"1600\" \/>\r\n\t<meta property=\"og:image:height\" content=\"1067\" \/>\r\n\t<meta property=\"og:image:type\" content=\"image\/jpeg\" \/>\r\n<meta name=\"twitter:card\" content=\"summary_large_image\" \/>\r\n<meta name=\"twitter:label1\" content=\"Tiempo de lectura\" \/>\n\t<meta name=\"twitter:data1\" content=\"1 minuto\" \/>\r\n<script type=\"application\/ld+json\" class=\"yoast-schema-graph\">{\"@context\":\"https:\/\/schema.org\",\"@graph\":[{\"@type\":\"WebPage\",\"@id\":\"https:\/\/hotelmanzoni.com\/es\/hotel-con-encanto-cerca-del-teatro-scala\/\",\"url\":\"https:\/\/hotelmanzoni.com\/es\/hotel-con-encanto-cerca-del-teatro-scala\/\",\"name\":\"Hotel con encanto cerca de Teatro alla Scala | Hotel Manzoni Mil\u00e1n\",\"isPartOf\":{\"@id\":\"https:\/\/hotelmanzoni.com\/es\/#website\"},\"primaryImageOfPage\":{\"@id\":\"https:\/\/hotelmanzoni.com\/es\/hotel-con-encanto-cerca-del-teatro-scala\/#primaryimage\"},\"image\":{\"@id\":\"https:\/\/hotelmanzoni.com\/es\/hotel-con-encanto-cerca-del-teatro-scala\/#primaryimage\"},\"thumbnailUrl\":\"https:\/\/hotelmanzoni.com\/wp-content\/uploads\/2018\/02\/Charming-hotel-near-Teatro-Alla-Scala-.jpg\",\"datePublished\":\"2018-03-07T15:20:33+00:00\",\"dateModified\":\"2022-10-03T11:44:20+00:00\",\"description\":\"El placer de un recibimiento elegante en el centro de Mil\u00e1n. Descubra nuestro hotel encantador cerca del Teatro alla Scala, con restaurante y sala de reuniones.\",\"breadcrumb\":{\"@id\":\"https:\/\/hotelmanzoni.com\/es\/hotel-con-encanto-cerca-del-teatro-scala\/#breadcrumb\"},\"inLanguage\":\"es\",\"potentialAction\":[{\"@type\":\"ReadAction\",\"target\":[\"https:\/\/hotelmanzoni.com\/es\/hotel-con-encanto-cerca-del-teatro-scala\/\"]}]},{\"@type\":\"ImageObject\",\"inLanguage\":\"es\",\"@id\":\"https:\/\/hotelmanzoni.com\/es\/hotel-con-encanto-cerca-del-teatro-scala\/#primaryimage\",\"url\":\"https:\/\/hotelmanzoni.com\/wp-content\/uploads\/2018\/02\/Charming-hotel-near-Teatro-Alla-Scala-.jpg\",\"contentUrl\":\"https:\/\/hotelmanzoni.com\/wp-content\/uploads\/2018\/02\/Charming-hotel-near-Teatro-Alla-Scala-.jpg\",\"width\":1600,\"height\":1067,\"caption\":\"Charming hotel near Teatro Alla Scala\"},{\"@type\":\"BreadcrumbList\",\"@id\":\"https:\/\/hotelmanzoni.com\/es\/hotel-con-encanto-cerca-del-teatro-scala\/#breadcrumb\",\"itemListElement\":[{\"@type\":\"ListItem\",\"position\":1,\"name\":\"Home\",\"item\":\"https:\/\/hotelmanzoni.com\/es\/\"},{\"@type\":\"ListItem\",\"position\":2,\"name\":\"Manzoni Experience ES\"}]},{\"@type\":\"WebSite\",\"@id\":\"https:\/\/hotelmanzoni.com\/es\/#website\",\"url\":\"https:\/\/hotelmanzoni.com\/es\/\",\"name\":\"Hotel Manzoni Milano\",\"description\":\"Hotel vicino a Via Monte Napoleone Milano\",\"publisher\":{\"@id\":\"https:\/\/hotelmanzoni.com\/es\/#organization\"},\"potentialAction\":[{\"@type\":\"SearchAction\",\"target\":{\"@type\":\"EntryPoint\",\"urlTemplate\":\"https:\/\/hotelmanzoni.com\/es\/?s={search_term_string}\"},\"query-input\":{\"@type\":\"PropertyValueSpecification\",\"valueRequired\":true,\"valueName\":\"search_term_string\"}}],\"inLanguage\":\"es\"},{\"@type\":\"Organization\",\"@id\":\"https:\/\/hotelmanzoni.com\/es\/#organization\",\"name\":\"Hotel Manzoni Milano\",\"url\":\"https:\/\/hotelmanzoni.com\/es\/\",\"logo\":{\"@type\":\"ImageObject\",\"inLanguage\":\"es\",\"@id\":\"https:\/\/hotelmanzoni.com\/es\/#\/schema\/logo\/image\/\",\"url\":\"https:\/\/hotelmanzoni.com\/wp-content\/uploads\/2021\/06\/logomanzoni-1.png\",\"contentUrl\":\"https:\/\/hotelmanzoni.com\/wp-content\/uploads\/2021\/06\/logomanzoni-1.png\",\"width\":594,\"height\":498,\"caption\":\"Hotel Manzoni Milano\"},\"image\":{\"@id\":\"https:\/\/hotelmanzoni.com\/es\/#\/schema\/logo\/image\/\"}}]}<\/script>\r\n<!-- \/ Yoast SEO plugin. -->","yoast_head_json":{"title":"Hotel con encanto cerca de Teatro alla Scala | Hotel Manzoni Mil\u00e1n","description":"El placer de un recibimiento elegante en el centro de Mil\u00e1n. Descubra nuestro hotel encantador cerca del Teatro alla Scala, con restaurante y sala de reuniones.","robots":{"index":"index","follow":"follow","max-snippet":"max-snippet:-1","max-image-preview":"max-image-preview:large","max-video-preview":"max-video-preview:-1"},"canonical":"https:\/\/hotelmanzoni.com\/es\/hotel-con-encanto-cerca-del-teatro-scala\/","og_locale":"es_ES","og_type":"article","og_title":"Hotel con encanto cerca de Teatro alla Scala | Hotel Manzoni Mil\u00e1n","og_description":"El placer de un recibimiento elegante en el centro de Mil\u00e1n. Descubra nuestro hotel encantador cerca del Teatro alla Scala, con restaurante y sala de reuniones.","og_url":"https:\/\/hotelmanzoni.com\/es\/hotel-con-encanto-cerca-del-teatro-scala\/","og_site_name":"Hotel Manzoni","article_modified_time":"2022-10-03T11:44:20+00:00","og_image":[{"width":1600,"height":1067,"url":"https:\/\/hotelmanzoni.com\/wp-content\/uploads\/2018\/02\/Charming-hotel-near-Teatro-Alla-Scala-.jpg","type":"image\/jpeg"}],"twitter_card":"summary_large_image","twitter_misc":{"Tiempo de lectura":"1 minuto"},"schema":{"@context":"https:\/\/schema.org","@graph":[{"@type":"WebPage","@id":"https:\/\/hotelmanzoni.com\/es\/hotel-con-encanto-cerca-del-teatro-scala\/","url":"https:\/\/hotelmanzoni.com\/es\/hotel-con-encanto-cerca-del-teatro-scala\/","name":"Hotel con encanto cerca de Teatro alla Scala | Hotel Manzoni Mil\u00e1n","isPartOf":{"@id":"https:\/\/hotelmanzoni.com\/es\/#website"},"primaryImageOfPage":{"@id":"https:\/\/hotelmanzoni.com\/es\/hotel-con-encanto-cerca-del-teatro-scala\/#primaryimage"},"image":{"@id":"https:\/\/hotelmanzoni.com\/es\/hotel-con-encanto-cerca-del-teatro-scala\/#primaryimage"},"thumbnailUrl":"https:\/\/hotelmanzoni.com\/wp-content\/uploads\/2018\/02\/Charming-hotel-near-Teatro-Alla-Scala-.jpg","datePublished":"2018-03-07T15:20:33+00:00","dateModified":"2022-10-03T11:44:20+00:00","description":"El placer de un recibimiento elegante en el centro de Mil\u00e1n. Descubra nuestro hotel encantador cerca del Teatro alla Scala, con restaurante y sala de reuniones.","breadcrumb":{"@id":"https:\/\/hotelmanzoni.com\/es\/hotel-con-encanto-cerca-del-teatro-scala\/#breadcrumb"},"inLanguage":"es","potentialAction":[{"@type":"ReadAction","target":["https:\/\/hotelmanzoni.com\/es\/hotel-con-encanto-cerca-del-teatro-scala\/"]}]},{"@type":"ImageObject","inLanguage":"es","@id":"https:\/\/hotelmanzoni.com\/es\/hotel-con-encanto-cerca-del-teatro-scala\/#primaryimage","url":"https:\/\/hotelmanzoni.com\/wp-content\/uploads\/2018\/02\/Charming-hotel-near-Teatro-Alla-Scala-.jpg","contentUrl":"https:\/\/hotelmanzoni.com\/wp-content\/uploads\/2018\/02\/Charming-hotel-near-Teatro-Alla-Scala-.jpg","width":1600,"height":1067,"caption":"Charming hotel near Teatro Alla Scala"},{"@type":"BreadcrumbList","@id":"https:\/\/hotelmanzoni.com\/es\/hotel-con-encanto-cerca-del-teatro-scala\/#breadcrumb","itemListElement":[{"@type":"ListItem","position":1,"name":"Home","item":"https:\/\/hotelmanzoni.com\/es\/"},{"@type":"ListItem","position":2,"name":"Manzoni Experience ES"}]},{"@type":"WebSite","@id":"https:\/\/hotelmanzoni.com\/es\/#website","url":"https:\/\/hotelmanzoni.com\/es\/","name":"Hotel Manzoni Milano","description":"Hotel vicino a Via Monte Napoleone Milano","publisher":{"@id":"https:\/\/hotelmanzoni.com\/es\/#organization"},"potentialAction":[{"@type":"SearchAction","target":{"@type":"EntryPoint","urlTemplate":"https:\/\/hotelmanzoni.com\/es\/?s={search_term_string}"},"query-input":{"@type":"PropertyValueSpecification","valueRequired":true,"valueName":"search_term_string"}}],"inLanguage":"es"},{"@type":"Organization","@id":"https:\/\/hotelmanzoni.com\/es\/#organization","name":"Hotel Manzoni Milano","url":"https:\/\/hotelmanzoni.com\/es\/","logo":{"@type":"ImageObject","inLanguage":"es","@id":"https:\/\/hotelmanzoni.com\/es\/#\/schema\/logo\/image\/","url":"https:\/\/hotelmanzoni.com\/wp-content\/uploads\/2021\/06\/logomanzoni-1.png","contentUrl":"https:\/\/hotelmanzoni.com\/wp-content\/uploads\/2021\/06\/logomanzoni-1.png","width":594,"height":498,"caption":"Hotel Manzoni Milano"},"image":{"@id":"https:\/\/hotelmanzoni.com\/es\/#\/schema\/logo\/image\/"}}]}},"_links":{"self":[{"href":"https:\/\/hotelmanzoni.com\/es\/wp-json\/wp\/v2\/pages\/908","targetHints":{"allow":["GET"]}}],"collection":[{"href":"https:\/\/hotelmanzoni.com\/es\/wp-json\/wp\/v2\/pages"}],"about":[{"href":"https:\/\/hotelmanzoni.com\/es\/wp-json\/wp\/v2\/types\/page"}],"author":[{"embeddable":true,"href":"https:\/\/hotelmanzoni.com\/es\/wp-json\/wp\/v2\/users\/4"}],"replies":[{"embeddable":true,"href":"https:\/\/hotelmanzoni.com\/es\/wp-json\/wp\/v2\/comments?post=908"}],"version-history":[{"count":12,"href":"https:\/\/hotelmanzoni.com\/es\/wp-json\/wp\/v2\/pages\/908\/revisions"}],"predecessor-version":[{"id":6746,"href":"https:\/\/hotelmanzoni.com\/es\/wp-json\/wp\/v2\/pages\/908\/revisions\/6746"}],"wp:featuredmedia":[{"embeddable":true,"href":"https:\/\/hotelmanzoni.com\/es\/wp-json\/wp\/v2\/media\/437"}],"wp:attachment":[{"href":"https:\/\/hotelmanzoni.com\/es\/wp-json\/wp\/v2\/media?parent=908"}],"curies":[{"name":"wp","href":"https:\/\/api.w.org\/{rel}","templated":true}]}}