{"id":901,"date":"2018-03-07T16:04:34","date_gmt":"2018-03-07T15:04:34","guid":{"rendered":"https:\/\/hotelmanzoni.com\/?page_id=901"},"modified":"2019-08-07T15:59:48","modified_gmt":"2019-08-07T13:59:48","slug":"homepage-es","status":"publish","type":"page","link":"https:\/\/hotelmanzoni.com\/es\/","title":{"rendered":"Homepage ES"},"content":{"rendered":"<p>El estilo siempre se ha encontrado en via Montenapoleone, donde se encuentra el Hotel Manzoni de Mil\u00e1n, la residencia dedicada a aquellos que quieren encontrar un hogar cerca del Duomo de Mil\u00e1n y del coraz\u00f3n del cuadril\u00e1tero de la moda.<\/p>\n","protected":false},"excerpt":{"rendered":"<p>El estilo siempre se ha encontrado en via Montenapoleone, donde se encuentra el Hotel Manzoni de Mil\u00e1n, la residencia dedicada a aquellos que quieren encontrar un hogar cerca del Duomo de Mil\u00e1n y del coraz\u00f3n del cuadril\u00e1tero de la moda.<\/p>\n","protected":false},"author":4,"featured_media":3184,"parent":0,"menu_order":0,"comment_status":"closed","ping_status":"closed","template":"page-home.php","meta":{"_acf_changed":false,"footnotes":""},"class_list":["post-901","page","type-page","status-publish","has-post-thumbnail","hentry"],"acf":{"slider_visual":[{"ID":3184,"id":3184,"title":"Hotel via Monte Napoleone in Milan","filename":"manzoni_homepage.jpg","filesize":326458,"url":"https:\/\/hotelmanzoni.com\/wp-content\/uploads\/2018\/02\/manzoni_homepage.jpg","link":"https:\/\/hotelmanzoni.com\/es\/homepage-es\/manzoni_homepage-2\/","alt":"","author":"4","description":"","caption":"","name":"manzoni_homepage-2","status":"inherit","uploaded_to":901,"date":"2018-02-20 14:05:57","modified":"2018-02-20 14:05:57","menu_order":0,"mime_type":"image\/jpeg","type":"image","subtype":"jpeg","icon":"https:\/\/hotelmanzoni.com\/wp-includes\/images\/media\/default.png","width":1600,"height":1067,"sizes":{"thumbnail":"https:\/\/hotelmanzoni.com\/wp-content\/uploads\/2018\/02\/manzoni_homepage-150x150.jpg","thumbnail-width":150,"thumbnail-height":150,"medium":"https:\/\/hotelmanzoni.com\/wp-content\/uploads\/2018\/02\/manzoni_homepage-300x200.jpg","medium-width":300,"medium-height":200,"medium_large":"https:\/\/hotelmanzoni.com\/wp-content\/uploads\/2018\/02\/manzoni_homepage-768x512.jpg","medium_large-width":640,"medium_large-height":427,"large":"https:\/\/hotelmanzoni.com\/wp-content\/uploads\/2018\/02\/manzoni_homepage-1024x683.jpg","large-width":640,"large-height":427,"1536x1536":"https:\/\/hotelmanzoni.com\/wp-content\/uploads\/2018\/02\/manzoni_homepage.jpg","1536x1536-width":1536,"1536x1536-height":1024,"2048x2048":"https:\/\/hotelmanzoni.com\/wp-content\/uploads\/2018\/02\/manzoni_homepage.jpg","2048x2048-width":1600,"2048x2048-height":1067}},{"ID":3191,"id":3191,"title":"hotel a milano wi-fi gratuito","filename":"MG_0625.jpg","filesize":298246,"url":"https:\/\/hotelmanzoni.com\/wp-content\/uploads\/2018\/02\/MG_0625.jpg","link":"https:\/\/hotelmanzoni.com\/es\/homepage-es\/_mg_0625-2\/","alt":"","author":"4","description":"","caption":"","name":"_mg_0625-2","status":"inherit","uploaded_to":901,"date":"2018-02-20 14:08:00","modified":"2018-02-20 14:08:00","menu_order":0,"mime_type":"image\/jpeg","type":"image","subtype":"jpeg","icon":"https:\/\/hotelmanzoni.com\/wp-includes\/images\/media\/default.png","width":1600,"height":1067,"sizes":{"thumbnail":"https:\/\/hotelmanzoni.com\/wp-content\/uploads\/2018\/02\/MG_0625-150x150.jpg","thumbnail-width":150,"thumbnail-height":150,"medium":"https:\/\/hotelmanzoni.com\/wp-content\/uploads\/2018\/02\/MG_0625-300x200.jpg","medium-width":300,"medium-height":200,"medium_large":"https:\/\/hotelmanzoni.com\/wp-content\/uploads\/2018\/02\/MG_0625-768x512.jpg","medium_large-width":640,"medium_large-height":427,"large":"https:\/\/hotelmanzoni.com\/wp-content\/uploads\/2018\/02\/MG_0625-1024x683.jpg","large-width":640,"large-height":427,"1536x1536":"https:\/\/hotelmanzoni.com\/wp-content\/uploads\/2018\/02\/MG_0625.jpg","1536x1536-width":1536,"1536x1536-height":1024,"2048x2048":"https:\/\/hotelmanzoni.com\/wp-content\/uploads\/2018\/02\/MG_0625.jpg","2048x2048-width":1600,"2048x2048-height":1067}},{"ID":3198,"id":3198,"title":"hotel manzoni milano","filename":"BM3A7776.jpg","filesize":306529,"url":"https:\/\/hotelmanzoni.com\/wp-content\/uploads\/2018\/02\/BM3A7776.jpg","link":"https:\/\/hotelmanzoni.com\/es\/homepage-es\/bm3a7776-3\/","alt":"","author":"4","description":"","caption":"","name":"bm3a7776-3","status":"inherit","uploaded_to":901,"date":"2018-02-20 14:10:37","modified":"2018-02-20 14:10:37","menu_order":0,"mime_type":"image\/jpeg","type":"image","subtype":"jpeg","icon":"https:\/\/hotelmanzoni.com\/wp-includes\/images\/media\/default.png","width":1600,"height":1014,"sizes":{"thumbnail":"https:\/\/hotelmanzoni.com\/wp-content\/uploads\/2018\/02\/BM3A7776-150x150.jpg","thumbnail-width":150,"thumbnail-height":150,"medium":"https:\/\/hotelmanzoni.com\/wp-content\/uploads\/2018\/02\/BM3A7776-300x190.jpg","medium-width":300,"medium-height":190,"medium_large":"https:\/\/hotelmanzoni.com\/wp-content\/uploads\/2018\/02\/BM3A7776-768x487.jpg","medium_large-width":640,"medium_large-height":406,"large":"https:\/\/hotelmanzoni.com\/wp-content\/uploads\/2018\/02\/BM3A7776-1024x649.jpg","large-width":640,"large-height":406,"1536x1536":"https:\/\/hotelmanzoni.com\/wp-content\/uploads\/2018\/02\/BM3A7776.jpg","1536x1536-width":1536,"1536x1536-height":973,"2048x2048":"https:\/\/hotelmanzoni.com\/wp-content\/uploads\/2018\/02\/BM3A7776.jpg","2048x2048-width":1600,"2048x2048-height":1014}}],"testo_visual":"","immagine_prima_sezione":"https:\/\/hotelmanzoni.com\/wp-content\/uploads\/2018\/02\/manzoni_homepage3.jpg","titolo_h1":"Hotel via Montenapoleone en Mil\u00e1n ","testo_principale":"<p>El estilo siempre se ha encontrado en via Montenapoleone, donde se encuentra el Hotel Manzoni de Mil\u00e1n, la residencia dedicada a aquellos que quieren encontrar un hogar cerca del Duomo de Mil\u00e1n y del coraz\u00f3n del cuadril\u00e1tero de la moda.<\/p>\n","immagine_location":"https:\/\/hotelmanzoni.com\/wp-content\/uploads\/2018\/02\/manzoni_homepage2.jpg","testo_location":"La experiencia Manzoni","camere":[{"immagine":"https:\/\/hotelmanzoni.com\/wp-content\/uploads\/2018\/02\/BM3A0575.jpg","titolo":"Habitaciones Classic","testo":"<p>Comodidad y elegancia, suelos de parquet y atenci\u00f3n al detalle. Soluci\u00f3n de prestigio para dormir en el centro de Mil\u00e1n. <\/p>\n"},{"immagine":"https:\/\/hotelmanzoni.com\/wp-content\/uploads\/2018\/02\/deluxe.jpg","titolo":"Habitaciones Deluxe","testo":"<p>Amplia habitaci\u00f3n con confort y servicios de lujo. Un ambiente c\u00e1lido, relajante y rejuvenecedor en el coraz\u00f3n de Mil\u00e1n. <\/p>\n"},{"immagine":"https:\/\/hotelmanzoni.com\/wp-content\/uploads\/2018\/02\/js.jpg","titolo":"Junior Suite","testo":"<p>Soluci\u00f3n acogedora y elegante donde alojarse en Mil\u00e1n. Sala de estar, dormitorio y espl\u00e9ndido ba\u00f1o de m\u00e1rmol.<\/p>\n"},{"immagine":"https:\/\/hotelmanzoni.com\/wp-content\/uploads\/2018\/02\/suites.jpg","titolo":"Suite","testo":"<p>En la \u00faltima planta, espaciosa y llena de luz. Sal\u00f3n, dormitorio, armario y ba\u00f1o de m\u00e1rmol fino. <\/p>\n"}],"titolo_recensioni":"LAS RESE\u00d1AS","sottotitolo_recensioni":"La opini\u00f3n de los hu\u00e9spedes","immagine_sinistra_recensioni":"https:\/\/hotelmanzoni.com\/wp-content\/uploads\/2018\/03\/Manzoni-Hotel-Milano-recensioni.jpg","immagine_destra_recensioni":"https:\/\/hotelmanzoni.com\/wp-content\/uploads\/2018\/02\/Manzoni-esterna.jpg","recensioni":[{"testo":"<p>\u00abThis hotel is in a great location, central Manzoni in the fashion district. Quite a boutique vibe with traditional classic interiors. I found this stay very comfortable with friendly staff and the free Venchi chocolates are the best! All enjoyed with a very nice Cognac!\u00bb (dan g)<\/p>\n"},{"testo":"<p>\u00abEveryone was just thrilled with this beautiful hotel with its stylish rooms, comfy bed and bedding, gorgeous common areas and great breakfast.\u00bb (KathrynandTim, Los Angeles)<\/p>\n"},{"testo":"<p>\u00abWonderful experience even though we are old Milan veterans and we knew the hotel but had never stayed there. We will probably stay there on every single future visit. Location is second to none, service and amenities are excellent.\u00bb (aladdinelafifi, Cairo, Egypt)<\/p>\n"},{"testo":"<p>\u00abFirst of all the location of this hotel is very good. Especially if you come to Milan for shopping. Rooms are very comfortable, clean and nicely decorated. Staff at the reception are very helpful and friendly.\u00bb (Marina T)<\/p>\n"},{"testo":"<p>\u00abOur home in Milano from home, very nice rooms, classic, very clean, very friendly staff, safe parking and great location, in the heart of Milano shopping. Only a short walk from the Duomo, a Metro-Station and great food!\u00bb (peterhU8855DU)<\/p>\n"},{"testo":"<p>\u00abIn my opinion, the hotel is exceptional. The front desk staff were pleasant and welcoming and recommended a great lunch spot for me when I first arrived and was jet-lagged and starving. The hotel is spotless which is really important to me.\u00bb (Paul, NY)<\/p>\n"},{"testo":"<p>\u00abOur home in Milano from home, very nice rooms, classic, very clean, very friendly staff, safe parking and great location, in the heart of Milano shopping. Only a short walk from the Duomo, a Metro-Station and great food!\u00bb (peterhU8855DU)<\/p>\n"},{"testo":"<p>\u00abIn my opinion, the hotel is exceptional. The front desk staff were pleasant and welcoming and recommended a great lunch spot for me when I first arrived and was jet-lagged and starving. The hotel is spotless which is really important to me.\u00bb (Paul, NY)<\/p>\n"}],"link_scopri_camere":"https:\/\/hotelmanzoni.com\/es\/suites-habitaciones-lujo-centro-milan\/","testo_link_camere":"Descubra las habitaciones ","link_manzoni":"https:\/\/hotelmanzoni.com\/es\/hotel-cuadrilatero-de-moda-milan\/","link_milano":"https:\/\/hotelmanzoni.com\/es\/hotel-cuadrilatero-de-moda-milan\/","testo_milano":"Milano","testo_experience":"Experience"},"yoast_head":"<!-- This site is optimized with the Yoast SEO plugin v24.9 - https:\/\/yoast.com\/wordpress\/plugins\/seo\/ -->\r\n<title>Hotel via Montenapoleone Mil\u00e1n | Hotel Manzoni sitio oficial<\/title>\r\n<meta name=\"description\" content=\"Bienvenido al sitio oficial del Hotel de Mil\u00e1n via Montenapoleone. Estilo, privacidad y recibimiento para una hospitalidad italiana con estilo.\" \/>\r\n<meta name=\"robots\" content=\"index, follow, max-snippet:-1, max-image-preview:large, max-video-preview:-1\" \/>\r\n<link rel=\"canonical\" href=\"https:\/\/hotelmanzoni.com\/es\/\" \/>\r\n<meta property=\"og:locale\" content=\"es_ES\" \/>\r\n<meta property=\"og:type\" content=\"article\" \/>\r\n<meta property=\"og:title\" content=\"Hotel via Montenapoleone Mil\u00e1n | Hotel Manzoni sitio oficial\" \/>\r\n<meta property=\"og:description\" content=\"Bienvenido al sitio oficial del Hotel de Mil\u00e1n via Montenapoleone. Estilo, privacidad y recibimiento para una hospitalidad italiana con estilo.\" \/>\r\n<meta property=\"og:url\" content=\"https:\/\/hotelmanzoni.com\/es\/\" \/>\r\n<meta property=\"og:site_name\" content=\"Hotel Manzoni\" \/>\r\n<meta property=\"article:modified_time\" content=\"2019-08-07T13:59:48+00:00\" \/>\r\n<meta property=\"og:image\" content=\"https:\/\/hotelmanzoni.com\/wp-content\/uploads\/2018\/02\/manzoni_homepage.jpg\" \/>\r\n\t<meta property=\"og:image:width\" content=\"1600\" \/>\r\n\t<meta property=\"og:image:height\" content=\"1067\" \/>\r\n\t<meta property=\"og:image:type\" content=\"image\/jpeg\" \/>\r\n<meta name=\"twitter:card\" content=\"summary_large_image\" \/>\r\n<script type=\"application\/ld+json\" class=\"yoast-schema-graph\">{\"@context\":\"https:\/\/schema.org\",\"@graph\":[{\"@type\":\"WebPage\",\"@id\":\"https:\/\/hotelmanzoni.com\/es\/\",\"url\":\"https:\/\/hotelmanzoni.com\/es\/\",\"name\":\"Hotel via Montenapoleone Mil\u00e1n | Hotel Manzoni sitio oficial\",\"isPartOf\":{\"@id\":\"https:\/\/hotelmanzoni.com\/es\/#website\"},\"primaryImageOfPage\":{\"@id\":\"https:\/\/hotelmanzoni.com\/es\/#primaryimage\"},\"image\":{\"@id\":\"https:\/\/hotelmanzoni.com\/es\/#primaryimage\"},\"thumbnailUrl\":\"https:\/\/hotelmanzoni.com\/wp-content\/uploads\/2018\/02\/manzoni_homepage.jpg\",\"datePublished\":\"2018-03-07T15:04:34+00:00\",\"dateModified\":\"2019-08-07T13:59:48+00:00\",\"description\":\"Bienvenido al sitio oficial del Hotel de Mil\u00e1n via Montenapoleone. Estilo, privacidad y recibimiento para una hospitalidad italiana con estilo.\",\"breadcrumb\":{\"@id\":\"https:\/\/hotelmanzoni.com\/es\/#breadcrumb\"},\"inLanguage\":\"es\",\"potentialAction\":[{\"@type\":\"ReadAction\",\"target\":[\"https:\/\/hotelmanzoni.com\/es\/\"]}]},{\"@type\":\"ImageObject\",\"inLanguage\":\"es\",\"@id\":\"https:\/\/hotelmanzoni.com\/es\/#primaryimage\",\"url\":\"https:\/\/hotelmanzoni.com\/wp-content\/uploads\/2018\/02\/manzoni_homepage.jpg\",\"contentUrl\":\"https:\/\/hotelmanzoni.com\/wp-content\/uploads\/2018\/02\/manzoni_homepage.jpg\",\"width\":1600,\"height\":1067},{\"@type\":\"BreadcrumbList\",\"@id\":\"https:\/\/hotelmanzoni.com\/es\/#breadcrumb\",\"itemListElement\":[{\"@type\":\"ListItem\",\"position\":1,\"name\":\"Home\",\"item\":\"https:\/\/hotelmanzoni.com\/es\/\"},{\"@type\":\"ListItem\",\"position\":2,\"name\":\"Homepage ES\"}]},{\"@type\":\"WebSite\",\"@id\":\"https:\/\/hotelmanzoni.com\/es\/#website\",\"url\":\"https:\/\/hotelmanzoni.com\/es\/\",\"name\":\"Hotel Manzoni Milano\",\"description\":\"Hotel vicino a Via Monte Napoleone Milano\",\"publisher\":{\"@id\":\"https:\/\/hotelmanzoni.com\/es\/#organization\"},\"potentialAction\":[{\"@type\":\"SearchAction\",\"target\":{\"@type\":\"EntryPoint\",\"urlTemplate\":\"https:\/\/hotelmanzoni.com\/es\/?s={search_term_string}\"},\"query-input\":{\"@type\":\"PropertyValueSpecification\",\"valueRequired\":true,\"valueName\":\"search_term_string\"}}],\"inLanguage\":\"es\"},{\"@type\":\"Organization\",\"@id\":\"https:\/\/hotelmanzoni.com\/es\/#organization\",\"name\":\"Hotel Manzoni Milano\",\"url\":\"https:\/\/hotelmanzoni.com\/es\/\",\"logo\":{\"@type\":\"ImageObject\",\"inLanguage\":\"es\",\"@id\":\"https:\/\/hotelmanzoni.com\/es\/#\/schema\/logo\/image\/\",\"url\":\"https:\/\/hotelmanzoni.com\/wp-content\/uploads\/2021\/06\/logomanzoni-1.png\",\"contentUrl\":\"https:\/\/hotelmanzoni.com\/wp-content\/uploads\/2021\/06\/logomanzoni-1.png\",\"width\":594,\"height\":498,\"caption\":\"Hotel Manzoni Milano\"},\"image\":{\"@id\":\"https:\/\/hotelmanzoni.com\/es\/#\/schema\/logo\/image\/\"}}]}<\/script>\r\n<!-- \/ Yoast SEO plugin. -->","yoast_head_json":{"title":"Hotel via Montenapoleone Mil\u00e1n | Hotel Manzoni sitio oficial","description":"Bienvenido al sitio oficial del Hotel de Mil\u00e1n via Montenapoleone. Estilo, privacidad y recibimiento para una hospitalidad italiana con estilo.","robots":{"index":"index","follow":"follow","max-snippet":"max-snippet:-1","max-image-preview":"max-image-preview:large","max-video-preview":"max-video-preview:-1"},"canonical":"https:\/\/hotelmanzoni.com\/es\/","og_locale":"es_ES","og_type":"article","og_title":"Hotel via Montenapoleone Mil\u00e1n | Hotel Manzoni sitio oficial","og_description":"Bienvenido al sitio oficial del Hotel de Mil\u00e1n via Montenapoleone. Estilo, privacidad y recibimiento para una hospitalidad italiana con estilo.","og_url":"https:\/\/hotelmanzoni.com\/es\/","og_site_name":"Hotel Manzoni","article_modified_time":"2019-08-07T13:59:48+00:00","og_image":[{"width":1600,"height":1067,"url":"https:\/\/hotelmanzoni.com\/wp-content\/uploads\/2018\/02\/manzoni_homepage.jpg","type":"image\/jpeg"}],"twitter_card":"summary_large_image","schema":{"@context":"https:\/\/schema.org","@graph":[{"@type":"WebPage","@id":"https:\/\/hotelmanzoni.com\/es\/","url":"https:\/\/hotelmanzoni.com\/es\/","name":"Hotel via Montenapoleone Mil\u00e1n | Hotel Manzoni sitio oficial","isPartOf":{"@id":"https:\/\/hotelmanzoni.com\/es\/#website"},"primaryImageOfPage":{"@id":"https:\/\/hotelmanzoni.com\/es\/#primaryimage"},"image":{"@id":"https:\/\/hotelmanzoni.com\/es\/#primaryimage"},"thumbnailUrl":"https:\/\/hotelmanzoni.com\/wp-content\/uploads\/2018\/02\/manzoni_homepage.jpg","datePublished":"2018-03-07T15:04:34+00:00","dateModified":"2019-08-07T13:59:48+00:00","description":"Bienvenido al sitio oficial del Hotel de Mil\u00e1n via Montenapoleone. Estilo, privacidad y recibimiento para una hospitalidad italiana con estilo.","breadcrumb":{"@id":"https:\/\/hotelmanzoni.com\/es\/#breadcrumb"},"inLanguage":"es","potentialAction":[{"@type":"ReadAction","target":["https:\/\/hotelmanzoni.com\/es\/"]}]},{"@type":"ImageObject","inLanguage":"es","@id":"https:\/\/hotelmanzoni.com\/es\/#primaryimage","url":"https:\/\/hotelmanzoni.com\/wp-content\/uploads\/2018\/02\/manzoni_homepage.jpg","contentUrl":"https:\/\/hotelmanzoni.com\/wp-content\/uploads\/2018\/02\/manzoni_homepage.jpg","width":1600,"height":1067},{"@type":"BreadcrumbList","@id":"https:\/\/hotelmanzoni.com\/es\/#breadcrumb","itemListElement":[{"@type":"ListItem","position":1,"name":"Home","item":"https:\/\/hotelmanzoni.com\/es\/"},{"@type":"ListItem","position":2,"name":"Homepage ES"}]},{"@type":"WebSite","@id":"https:\/\/hotelmanzoni.com\/es\/#website","url":"https:\/\/hotelmanzoni.com\/es\/","name":"Hotel Manzoni Milano","description":"Hotel vicino a Via Monte Napoleone Milano","publisher":{"@id":"https:\/\/hotelmanzoni.com\/es\/#organization"},"potentialAction":[{"@type":"SearchAction","target":{"@type":"EntryPoint","urlTemplate":"https:\/\/hotelmanzoni.com\/es\/?s={search_term_string}"},"query-input":{"@type":"PropertyValueSpecification","valueRequired":true,"valueName":"search_term_string"}}],"inLanguage":"es"},{"@type":"Organization","@id":"https:\/\/hotelmanzoni.com\/es\/#organization","name":"Hotel Manzoni Milano","url":"https:\/\/hotelmanzoni.com\/es\/","logo":{"@type":"ImageObject","inLanguage":"es","@id":"https:\/\/hotelmanzoni.com\/es\/#\/schema\/logo\/image\/","url":"https:\/\/hotelmanzoni.com\/wp-content\/uploads\/2021\/06\/logomanzoni-1.png","contentUrl":"https:\/\/hotelmanzoni.com\/wp-content\/uploads\/2021\/06\/logomanzoni-1.png","width":594,"height":498,"caption":"Hotel Manzoni Milano"},"image":{"@id":"https:\/\/hotelmanzoni.com\/es\/#\/schema\/logo\/image\/"}}]}},"_links":{"self":[{"href":"https:\/\/hotelmanzoni.com\/es\/wp-json\/wp\/v2\/pages\/901","targetHints":{"allow":["GET"]}}],"collection":[{"href":"https:\/\/hotelmanzoni.com\/es\/wp-json\/wp\/v2\/pages"}],"about":[{"href":"https:\/\/hotelmanzoni.com\/es\/wp-json\/wp\/v2\/types\/page"}],"author":[{"embeddable":true,"href":"https:\/\/hotelmanzoni.com\/es\/wp-json\/wp\/v2\/users\/4"}],"replies":[{"embeddable":true,"href":"https:\/\/hotelmanzoni.com\/es\/wp-json\/wp\/v2\/comments?post=901"}],"version-history":[{"count":9,"href":"https:\/\/hotelmanzoni.com\/es\/wp-json\/wp\/v2\/pages\/901\/revisions"}],"predecessor-version":[{"id":2983,"href":"https:\/\/hotelmanzoni.com\/es\/wp-json\/wp\/v2\/pages\/901\/revisions\/2983"}],"wp:featuredmedia":[{"embeddable":true,"href":"https:\/\/hotelmanzoni.com\/es\/wp-json\/wp\/v2\/media\/3184"}],"wp:attachment":[{"href":"https:\/\/hotelmanzoni.com\/es\/wp-json\/wp\/v2\/media?parent=901"}],"curies":[{"name":"wp","href":"https:\/\/api.w.org\/{rel}","templated":true}]}}