{"id":896,"date":"2018-03-07T15:57:28","date_gmt":"2018-03-07T14:57:28","guid":{"rendered":"https:\/\/hotelmanzoni.com\/?page_id=896"},"modified":"2018-04-05T10:48:42","modified_gmt":"2018-04-05T08:48:42","slug":"galeria-fotos","status":"publish","type":"page","link":"https:\/\/hotelmanzoni.com\/es\/galeria-fotos\/","title":{"rendered":"Gallery ES"},"content":{"rendered":"","protected":false},"excerpt":{"rendered":"","protected":false},"author":4,"featured_media":244,"parent":0,"menu_order":0,"comment_status":"closed","ping_status":"closed","template":"page-gallery.php","meta":{"_acf_changed":false,"footnotes":""},"class_list":["post-896","page","type-page","status-publish","has-post-thumbnail","hentry"],"acf":{"slider_visual":[{"ID":3212,"id":3212,"title":"hotel manzoni experience","filename":"manzoni_homepage2.jpg","filesize":244274,"url":"https:\/\/hotelmanzoni.com\/wp-content\/uploads\/2018\/02\/manzoni_homepage2.jpg","link":"https:\/\/hotelmanzoni.com\/es\/homepage-es\/manzoni_homepage2-2\/","alt":"","author":"4","description":"","caption":"","name":"manzoni_homepage2-2","status":"inherit","uploaded_to":901,"date":"2018-02-20 14:12:39","modified":"2018-02-20 14:12:39","menu_order":0,"mime_type":"image\/jpeg","type":"image","subtype":"jpeg","icon":"https:\/\/hotelmanzoni.com\/wp-includes\/images\/media\/default.png","width":1600,"height":1059,"sizes":{"thumbnail":"https:\/\/hotelmanzoni.com\/wp-content\/uploads\/2018\/02\/manzoni_homepage2-150x150.jpg","thumbnail-width":150,"thumbnail-height":150,"medium":"https:\/\/hotelmanzoni.com\/wp-content\/uploads\/2018\/02\/manzoni_homepage2-300x199.jpg","medium-width":300,"medium-height":199,"medium_large":"https:\/\/hotelmanzoni.com\/wp-content\/uploads\/2018\/02\/manzoni_homepage2-768x508.jpg","medium_large-width":640,"medium_large-height":423,"large":"https:\/\/hotelmanzoni.com\/wp-content\/uploads\/2018\/02\/manzoni_homepage2-1024x678.jpg","large-width":640,"large-height":424,"1536x1536":"https:\/\/hotelmanzoni.com\/wp-content\/uploads\/2018\/02\/manzoni_homepage2.jpg","1536x1536-width":1536,"1536x1536-height":1017,"2048x2048":"https:\/\/hotelmanzoni.com\/wp-content\/uploads\/2018\/02\/manzoni_homepage2.jpg","2048x2048-width":1600,"2048x2048-height":1059}}],"testo_visual":"Nuestra galer\u00eda de fotos"},"yoast_head":"<!-- This site is optimized with the Yoast SEO plugin v24.9 - https:\/\/yoast.com\/wordpress\/plugins\/seo\/ -->\r\n<title>Galer\u00eda de fotos | Hotel Manzoni Mil\u00e1n<\/title>\r\n<meta name=\"description\" content=\"\u00a1La galer\u00eda de fotos del Hotel Manzoni! Las im\u00e1genes m\u00e1s bellas de un ambiente de lujo en el centro de Mil\u00e1n, ideal para cualquier tipo de estancia.\" \/>\r\n<meta name=\"robots\" content=\"index, follow, max-snippet:-1, max-image-preview:large, max-video-preview:-1\" \/>\r\n<link rel=\"canonical\" href=\"https:\/\/hotelmanzoni.com\/es\/galeria-fotos\/\" \/>\r\n<meta property=\"og:locale\" content=\"es_ES\" \/>\r\n<meta property=\"og:type\" content=\"article\" \/>\r\n<meta property=\"og:title\" content=\"Galer\u00eda de fotos | Hotel Manzoni Mil\u00e1n\" \/>\r\n<meta property=\"og:description\" content=\"\u00a1La galer\u00eda de fotos del Hotel Manzoni! Las im\u00e1genes m\u00e1s bellas de un ambiente de lujo en el centro de Mil\u00e1n, ideal para cualquier tipo de estancia.\" \/>\r\n<meta property=\"og:url\" content=\"https:\/\/hotelmanzoni.com\/es\/galeria-fotos\/\" \/>\r\n<meta property=\"og:site_name\" content=\"Hotel Manzoni\" \/>\r\n<meta property=\"article:modified_time\" content=\"2018-04-05T08:48:42+00:00\" \/>\r\n<meta property=\"og:image\" content=\"https:\/\/hotelmanzoni.com\/wp-content\/uploads\/2018\/02\/manzoni_homepage2.jpg\" \/>\r\n\t<meta property=\"og:image:width\" content=\"1600\" \/>\r\n\t<meta property=\"og:image:height\" content=\"1059\" \/>\r\n\t<meta property=\"og:image:type\" content=\"image\/jpeg\" \/>\r\n<meta name=\"twitter:card\" content=\"summary_large_image\" \/>\r\n<script type=\"application\/ld+json\" class=\"yoast-schema-graph\">{\"@context\":\"https:\/\/schema.org\",\"@graph\":[{\"@type\":\"WebPage\",\"@id\":\"https:\/\/hotelmanzoni.com\/es\/galeria-fotos\/\",\"url\":\"https:\/\/hotelmanzoni.com\/es\/galeria-fotos\/\",\"name\":\"Galer\u00eda de fotos | Hotel Manzoni Mil\u00e1n\",\"isPartOf\":{\"@id\":\"https:\/\/hotelmanzoni.com\/es\/#website\"},\"primaryImageOfPage\":{\"@id\":\"https:\/\/hotelmanzoni.com\/es\/galeria-fotos\/#primaryimage\"},\"image\":{\"@id\":\"https:\/\/hotelmanzoni.com\/es\/galeria-fotos\/#primaryimage\"},\"thumbnailUrl\":\"https:\/\/hotelmanzoni.com\/wp-content\/uploads\/2018\/02\/manzoni_homepage2.jpg\",\"datePublished\":\"2018-03-07T14:57:28+00:00\",\"dateModified\":\"2018-04-05T08:48:42+00:00\",\"description\":\"\u00a1La galer\u00eda de fotos del Hotel Manzoni! Las im\u00e1genes m\u00e1s bellas de un ambiente de lujo en el centro de Mil\u00e1n, ideal para cualquier tipo de estancia.\",\"breadcrumb\":{\"@id\":\"https:\/\/hotelmanzoni.com\/es\/galeria-fotos\/#breadcrumb\"},\"inLanguage\":\"es\",\"potentialAction\":[{\"@type\":\"ReadAction\",\"target\":[\"https:\/\/hotelmanzoni.com\/es\/galeria-fotos\/\"]}]},{\"@type\":\"ImageObject\",\"inLanguage\":\"es\",\"@id\":\"https:\/\/hotelmanzoni.com\/es\/galeria-fotos\/#primaryimage\",\"url\":\"https:\/\/hotelmanzoni.com\/wp-content\/uploads\/2018\/02\/manzoni_homepage2.jpg\",\"contentUrl\":\"https:\/\/hotelmanzoni.com\/wp-content\/uploads\/2018\/02\/manzoni_homepage2.jpg\",\"width\":1600,\"height\":1059,\"caption\":\"milan city center hotel\"},{\"@type\":\"BreadcrumbList\",\"@id\":\"https:\/\/hotelmanzoni.com\/es\/galeria-fotos\/#breadcrumb\",\"itemListElement\":[{\"@type\":\"ListItem\",\"position\":1,\"name\":\"Home\",\"item\":\"https:\/\/hotelmanzoni.com\/es\/\"},{\"@type\":\"ListItem\",\"position\":2,\"name\":\"Gallery ES\"}]},{\"@type\":\"WebSite\",\"@id\":\"https:\/\/hotelmanzoni.com\/es\/#website\",\"url\":\"https:\/\/hotelmanzoni.com\/es\/\",\"name\":\"Hotel Manzoni Milano\",\"description\":\"Hotel vicino a Via Monte Napoleone Milano\",\"publisher\":{\"@id\":\"https:\/\/hotelmanzoni.com\/es\/#organization\"},\"potentialAction\":[{\"@type\":\"SearchAction\",\"target\":{\"@type\":\"EntryPoint\",\"urlTemplate\":\"https:\/\/hotelmanzoni.com\/es\/?s={search_term_string}\"},\"query-input\":{\"@type\":\"PropertyValueSpecification\",\"valueRequired\":true,\"valueName\":\"search_term_string\"}}],\"inLanguage\":\"es\"},{\"@type\":\"Organization\",\"@id\":\"https:\/\/hotelmanzoni.com\/es\/#organization\",\"name\":\"Hotel Manzoni Milano\",\"url\":\"https:\/\/hotelmanzoni.com\/es\/\",\"logo\":{\"@type\":\"ImageObject\",\"inLanguage\":\"es\",\"@id\":\"https:\/\/hotelmanzoni.com\/es\/#\/schema\/logo\/image\/\",\"url\":\"https:\/\/hotelmanzoni.com\/wp-content\/uploads\/2021\/06\/logomanzoni-1.png\",\"contentUrl\":\"https:\/\/hotelmanzoni.com\/wp-content\/uploads\/2021\/06\/logomanzoni-1.png\",\"width\":594,\"height\":498,\"caption\":\"Hotel Manzoni Milano\"},\"image\":{\"@id\":\"https:\/\/hotelmanzoni.com\/es\/#\/schema\/logo\/image\/\"}}]}<\/script>\r\n<!-- \/ Yoast SEO plugin. -->","yoast_head_json":{"title":"Galer\u00eda de fotos | Hotel Manzoni Mil\u00e1n","description":"\u00a1La galer\u00eda de fotos del Hotel Manzoni! Las im\u00e1genes m\u00e1s bellas de un ambiente de lujo en el centro de Mil\u00e1n, ideal para cualquier tipo de estancia.","robots":{"index":"index","follow":"follow","max-snippet":"max-snippet:-1","max-image-preview":"max-image-preview:large","max-video-preview":"max-video-preview:-1"},"canonical":"https:\/\/hotelmanzoni.com\/es\/galeria-fotos\/","og_locale":"es_ES","og_type":"article","og_title":"Galer\u00eda de fotos | Hotel Manzoni Mil\u00e1n","og_description":"\u00a1La galer\u00eda de fotos del Hotel Manzoni! Las im\u00e1genes m\u00e1s bellas de un ambiente de lujo en el centro de Mil\u00e1n, ideal para cualquier tipo de estancia.","og_url":"https:\/\/hotelmanzoni.com\/es\/galeria-fotos\/","og_site_name":"Hotel Manzoni","article_modified_time":"2018-04-05T08:48:42+00:00","og_image":[{"width":1600,"height":1059,"url":"https:\/\/hotelmanzoni.com\/wp-content\/uploads\/2018\/02\/manzoni_homepage2.jpg","type":"image\/jpeg"}],"twitter_card":"summary_large_image","schema":{"@context":"https:\/\/schema.org","@graph":[{"@type":"WebPage","@id":"https:\/\/hotelmanzoni.com\/es\/galeria-fotos\/","url":"https:\/\/hotelmanzoni.com\/es\/galeria-fotos\/","name":"Galer\u00eda de fotos | Hotel Manzoni Mil\u00e1n","isPartOf":{"@id":"https:\/\/hotelmanzoni.com\/es\/#website"},"primaryImageOfPage":{"@id":"https:\/\/hotelmanzoni.com\/es\/galeria-fotos\/#primaryimage"},"image":{"@id":"https:\/\/hotelmanzoni.com\/es\/galeria-fotos\/#primaryimage"},"thumbnailUrl":"https:\/\/hotelmanzoni.com\/wp-content\/uploads\/2018\/02\/manzoni_homepage2.jpg","datePublished":"2018-03-07T14:57:28+00:00","dateModified":"2018-04-05T08:48:42+00:00","description":"\u00a1La galer\u00eda de fotos del Hotel Manzoni! Las im\u00e1genes m\u00e1s bellas de un ambiente de lujo en el centro de Mil\u00e1n, ideal para cualquier tipo de estancia.","breadcrumb":{"@id":"https:\/\/hotelmanzoni.com\/es\/galeria-fotos\/#breadcrumb"},"inLanguage":"es","potentialAction":[{"@type":"ReadAction","target":["https:\/\/hotelmanzoni.com\/es\/galeria-fotos\/"]}]},{"@type":"ImageObject","inLanguage":"es","@id":"https:\/\/hotelmanzoni.com\/es\/galeria-fotos\/#primaryimage","url":"https:\/\/hotelmanzoni.com\/wp-content\/uploads\/2018\/02\/manzoni_homepage2.jpg","contentUrl":"https:\/\/hotelmanzoni.com\/wp-content\/uploads\/2018\/02\/manzoni_homepage2.jpg","width":1600,"height":1059,"caption":"milan city center hotel"},{"@type":"BreadcrumbList","@id":"https:\/\/hotelmanzoni.com\/es\/galeria-fotos\/#breadcrumb","itemListElement":[{"@type":"ListItem","position":1,"name":"Home","item":"https:\/\/hotelmanzoni.com\/es\/"},{"@type":"ListItem","position":2,"name":"Gallery ES"}]},{"@type":"WebSite","@id":"https:\/\/hotelmanzoni.com\/es\/#website","url":"https:\/\/hotelmanzoni.com\/es\/","name":"Hotel Manzoni Milano","description":"Hotel vicino a Via Monte Napoleone Milano","publisher":{"@id":"https:\/\/hotelmanzoni.com\/es\/#organization"},"potentialAction":[{"@type":"SearchAction","target":{"@type":"EntryPoint","urlTemplate":"https:\/\/hotelmanzoni.com\/es\/?s={search_term_string}"},"query-input":{"@type":"PropertyValueSpecification","valueRequired":true,"valueName":"search_term_string"}}],"inLanguage":"es"},{"@type":"Organization","@id":"https:\/\/hotelmanzoni.com\/es\/#organization","name":"Hotel Manzoni Milano","url":"https:\/\/hotelmanzoni.com\/es\/","logo":{"@type":"ImageObject","inLanguage":"es","@id":"https:\/\/hotelmanzoni.com\/es\/#\/schema\/logo\/image\/","url":"https:\/\/hotelmanzoni.com\/wp-content\/uploads\/2021\/06\/logomanzoni-1.png","contentUrl":"https:\/\/hotelmanzoni.com\/wp-content\/uploads\/2021\/06\/logomanzoni-1.png","width":594,"height":498,"caption":"Hotel Manzoni Milano"},"image":{"@id":"https:\/\/hotelmanzoni.com\/es\/#\/schema\/logo\/image\/"}}]}},"_links":{"self":[{"href":"https:\/\/hotelmanzoni.com\/es\/wp-json\/wp\/v2\/pages\/896","targetHints":{"allow":["GET"]}}],"collection":[{"href":"https:\/\/hotelmanzoni.com\/es\/wp-json\/wp\/v2\/pages"}],"about":[{"href":"https:\/\/hotelmanzoni.com\/es\/wp-json\/wp\/v2\/types\/page"}],"author":[{"embeddable":true,"href":"https:\/\/hotelmanzoni.com\/es\/wp-json\/wp\/v2\/users\/4"}],"replies":[{"embeddable":true,"href":"https:\/\/hotelmanzoni.com\/es\/wp-json\/wp\/v2\/comments?post=896"}],"version-history":[{"count":2,"href":"https:\/\/hotelmanzoni.com\/es\/wp-json\/wp\/v2\/pages\/896\/revisions"}],"predecessor-version":[{"id":898,"href":"https:\/\/hotelmanzoni.com\/es\/wp-json\/wp\/v2\/pages\/896\/revisions\/898"}],"wp:featuredmedia":[{"embeddable":true,"href":"https:\/\/hotelmanzoni.com\/es\/wp-json\/wp\/v2\/media\/244"}],"wp:attachment":[{"href":"https:\/\/hotelmanzoni.com\/es\/wp-json\/wp\/v2\/media?parent=896"}],"curies":[{"name":"wp","href":"https:\/\/api.w.org\/{rel}","templated":true}]}}