{"id":891,"date":"2018-03-07T15:52:30","date_gmt":"2018-03-07T14:52:30","guid":{"rendered":"https:\/\/hotelmanzoni.com\/?page_id=891"},"modified":"2018-04-20T11:07:31","modified_gmt":"2018-04-20T09:07:31","slug":"descubra-la-milan-mas-exclusiva","status":"publish","type":"page","link":"https:\/\/hotelmanzoni.com\/es\/descubra-la-milan-mas-exclusiva\/","title":{"rendered":"Dintorni ES"},"content":{"rendered":"<p>El Hotel Manzoni se encuentra en el coraz\u00f3n de Mil\u00e1n, en via Santo Spirito, a tan solo 10 minutos a paseo del Duomo, del Teatro Alla Scala, de la Pinacoteca Brera y de la Galer\u00eda Vittorio Emanuele II. La proximidad a la via Montenapoleone y a la via della Spiga ofrece a los hu\u00e9spedes la oportunidad de disfrutar de unas compras exclusivas. <\/p>\n","protected":false},"excerpt":{"rendered":"<p>El Hotel Manzoni se encuentra en el coraz\u00f3n de Mil\u00e1n, en via Santo Spirito, a tan solo 10 minutos a paseo del Duomo, del Teatro Alla Scala, de la Pinacoteca Brera y de la Galer\u00eda Vittorio Emanuele II. La proximidad a la via Montenapoleone y a la via della Spiga ofrece a los hu\u00e9spedes la [&hellip;]<\/p>\n","protected":false},"author":4,"featured_media":0,"parent":0,"menu_order":0,"comment_status":"closed","ping_status":"closed","template":"page-dintorni.php","meta":{"_acf_changed":false,"footnotes":""},"class_list":["post-891","page","type-page","status-publish","hentry"],"acf":{"slider_visual":[{"ID":3464,"id":3464,"title":"teatro alla scala milano","filename":"20110725_Milano_La_Scala_5507.jpg","filesize":282415,"url":"https:\/\/hotelmanzoni.com\/wp-content\/uploads\/2018\/02\/20110725_Milano_La_Scala_5507.jpg","link":"https:\/\/hotelmanzoni.com\/es\/descubra-la-milan-mas-exclusiva\/20110725_milano_la_scala_5507-2\/","alt":"","author":"4","description":"","caption":"","name":"20110725_milano_la_scala_5507-2","status":"inherit","uploaded_to":891,"date":"2018-02-21 09:11:21","modified":"2018-02-21 09:11:21","menu_order":0,"mime_type":"image\/jpeg","type":"image","subtype":"jpeg","icon":"https:\/\/hotelmanzoni.com\/wp-includes\/images\/media\/default.png","width":1599,"height":832,"sizes":{"thumbnail":"https:\/\/hotelmanzoni.com\/wp-content\/uploads\/2018\/02\/20110725_Milano_La_Scala_5507-150x150.jpg","thumbnail-width":150,"thumbnail-height":150,"medium":"https:\/\/hotelmanzoni.com\/wp-content\/uploads\/2018\/02\/20110725_Milano_La_Scala_5507-300x156.jpg","medium-width":300,"medium-height":156,"medium_large":"https:\/\/hotelmanzoni.com\/wp-content\/uploads\/2018\/02\/20110725_Milano_La_Scala_5507-768x400.jpg","medium_large-width":640,"medium_large-height":333,"large":"https:\/\/hotelmanzoni.com\/wp-content\/uploads\/2018\/02\/20110725_Milano_La_Scala_5507-1024x533.jpg","large-width":640,"large-height":333,"1536x1536":"https:\/\/hotelmanzoni.com\/wp-content\/uploads\/2018\/02\/20110725_Milano_La_Scala_5507.jpg","1536x1536-width":1536,"1536x1536-height":799,"2048x2048":"https:\/\/hotelmanzoni.com\/wp-content\/uploads\/2018\/02\/20110725_Milano_La_Scala_5507.jpg","2048x2048-width":1599,"2048x2048-height":832}},{"ID":3779,"id":3779,"title":"Milano-Brera-Pinacoteca","filename":"Milano-Brera-Pinacoteca.jpg","filesize":283043,"url":"https:\/\/hotelmanzoni.com\/wp-content\/uploads\/2018\/02\/Milano-Brera-Pinacoteca.jpg","link":"https:\/\/hotelmanzoni.com\/es\/descubra-la-milan-mas-exclusiva\/milano-brera-pinacoteca-2\/","alt":"","author":"4","description":"","caption":"","name":"milano-brera-pinacoteca-2","status":"inherit","uploaded_to":891,"date":"2018-02-26 16:16:43","modified":"2018-02-26 16:16:43","menu_order":0,"mime_type":"image\/jpeg","type":"image","subtype":"jpeg","icon":"https:\/\/hotelmanzoni.com\/wp-includes\/images\/media\/default.png","width":1600,"height":1064,"sizes":{"thumbnail":"https:\/\/hotelmanzoni.com\/wp-content\/uploads\/2018\/02\/Milano-Brera-Pinacoteca-150x150.jpg","thumbnail-width":150,"thumbnail-height":150,"medium":"https:\/\/hotelmanzoni.com\/wp-content\/uploads\/2018\/02\/Milano-Brera-Pinacoteca-300x200.jpg","medium-width":300,"medium-height":200,"medium_large":"https:\/\/hotelmanzoni.com\/wp-content\/uploads\/2018\/02\/Milano-Brera-Pinacoteca-768x511.jpg","medium_large-width":640,"medium_large-height":426,"large":"https:\/\/hotelmanzoni.com\/wp-content\/uploads\/2018\/02\/Milano-Brera-Pinacoteca-1024x681.jpg","large-width":640,"large-height":426,"1536x1536":"https:\/\/hotelmanzoni.com\/wp-content\/uploads\/2018\/02\/Milano-Brera-Pinacoteca.jpg","1536x1536-width":1536,"1536x1536-height":1021,"2048x2048":"https:\/\/hotelmanzoni.com\/wp-content\/uploads\/2018\/02\/Milano-Brera-Pinacoteca.jpg","2048x2048-width":1600,"2048x2048-height":1064}},{"ID":4059,"id":4059,"title":"arco della pace","filename":"arco-pace.jpg","filesize":162082,"url":"https:\/\/hotelmanzoni.com\/wp-content\/uploads\/2018\/03\/arco-pace.jpg","link":"https:\/\/hotelmanzoni.com\/es\/descubra-la-milan-mas-exclusiva\/arco-pace-2\/","alt":"","author":"4","description":"","caption":"","name":"arco-pace-2","status":"inherit","uploaded_to":891,"date":"2018-03-12 13:56:13","modified":"2018-03-12 13:56:13","menu_order":0,"mime_type":"image\/jpeg","type":"image","subtype":"jpeg","icon":"https:\/\/hotelmanzoni.com\/wp-includes\/images\/media\/default.png","width":1600,"height":844,"sizes":{"thumbnail":"https:\/\/hotelmanzoni.com\/wp-content\/uploads\/2018\/03\/arco-pace-150x150.jpg","thumbnail-width":150,"thumbnail-height":150,"medium":"https:\/\/hotelmanzoni.com\/wp-content\/uploads\/2018\/03\/arco-pace-300x158.jpg","medium-width":300,"medium-height":158,"medium_large":"https:\/\/hotelmanzoni.com\/wp-content\/uploads\/2018\/03\/arco-pace-768x405.jpg","medium_large-width":640,"medium_large-height":338,"large":"https:\/\/hotelmanzoni.com\/wp-content\/uploads\/2018\/03\/arco-pace-1024x540.jpg","large-width":640,"large-height":338,"1536x1536":"https:\/\/hotelmanzoni.com\/wp-content\/uploads\/2018\/03\/arco-pace.jpg","1536x1536-width":1536,"1536x1536-height":810,"2048x2048":"https:\/\/hotelmanzoni.com\/wp-content\/uploads\/2018\/03\/arco-pace.jpg","2048x2048-width":1600,"2048x2048-height":844}}],"testo_visual":"En los alrededores del Hotel Manzoni","immagine_prima_sezione":"https:\/\/hotelmanzoni.com\/wp-content\/uploads\/2018\/03\/Milano-panorama.jpg","titolo_h1":"\u00a1Al descubrimiento del Mil\u00e1n m\u00e1s exclusivo! ","testo_principale":"<p>El Hotel Manzoni se encuentra en el coraz\u00f3n de Mil\u00e1n, en via Santo Spirito, a tan solo 10 minutos a paseo del Duomo, del Teatro Alla Scala, de la Pinacoteca Brera y de la Galer\u00eda Vittorio Emanuele II. La proximidad a la via Montenapoleone y a la via della Spiga ofrece a los hu\u00e9spedes la oportunidad de disfrutar de unas compras exclusivas. <\/p>\n"},"yoast_head":"<!-- This site is optimized with the Yoast SEO plugin v24.9 - https:\/\/yoast.com\/wordpress\/plugins\/seo\/ -->\r\n<title>Descubra la Mil\u00e1n m\u00e1s exclusiva | Hotel Manzoni Mil\u00e1n centro<\/title>\r\n<meta name=\"description\" content=\"Descubra la Mil\u00e1n m\u00e1s exclusiva en los alrededores del Hotel Manzoni: museos, arte y compras de lujo en una zona elegante y exclusiva, c\u00f3moda a metro.\" \/>\r\n<meta name=\"robots\" content=\"index, follow, max-snippet:-1, max-image-preview:large, max-video-preview:-1\" \/>\r\n<link rel=\"canonical\" href=\"https:\/\/hotelmanzoni.com\/es\/descubra-la-milan-mas-exclusiva\/\" \/>\r\n<meta property=\"og:locale\" content=\"es_ES\" \/>\r\n<meta property=\"og:type\" content=\"article\" \/>\r\n<meta property=\"og:title\" content=\"Descubra la Mil\u00e1n m\u00e1s exclusiva | Hotel Manzoni Mil\u00e1n centro\" \/>\r\n<meta property=\"og:description\" content=\"Descubra la Mil\u00e1n m\u00e1s exclusiva en los alrededores del Hotel Manzoni: museos, arte y compras de lujo en una zona elegante y exclusiva, c\u00f3moda a metro.\" \/>\r\n<meta property=\"og:url\" content=\"https:\/\/hotelmanzoni.com\/es\/descubra-la-milan-mas-exclusiva\/\" \/>\r\n<meta property=\"og:site_name\" content=\"Hotel Manzoni\" \/>\r\n<meta property=\"article:modified_time\" content=\"2018-04-20T09:07:31+00:00\" \/>\r\n<meta name=\"twitter:card\" content=\"summary_large_image\" \/>\r\n<script type=\"application\/ld+json\" class=\"yoast-schema-graph\">{\"@context\":\"https:\/\/schema.org\",\"@graph\":[{\"@type\":\"WebPage\",\"@id\":\"https:\/\/hotelmanzoni.com\/es\/descubra-la-milan-mas-exclusiva\/\",\"url\":\"https:\/\/hotelmanzoni.com\/es\/descubra-la-milan-mas-exclusiva\/\",\"name\":\"Descubra la Mil\u00e1n m\u00e1s exclusiva | Hotel Manzoni Mil\u00e1n centro\",\"isPartOf\":{\"@id\":\"https:\/\/hotelmanzoni.com\/es\/#website\"},\"datePublished\":\"2018-03-07T14:52:30+00:00\",\"dateModified\":\"2018-04-20T09:07:31+00:00\",\"description\":\"Descubra la Mil\u00e1n m\u00e1s exclusiva en los alrededores del Hotel Manzoni: museos, arte y compras de lujo en una zona elegante y exclusiva, c\u00f3moda a metro.\",\"breadcrumb\":{\"@id\":\"https:\/\/hotelmanzoni.com\/es\/descubra-la-milan-mas-exclusiva\/#breadcrumb\"},\"inLanguage\":\"es\",\"potentialAction\":[{\"@type\":\"ReadAction\",\"target\":[\"https:\/\/hotelmanzoni.com\/es\/descubra-la-milan-mas-exclusiva\/\"]}]},{\"@type\":\"BreadcrumbList\",\"@id\":\"https:\/\/hotelmanzoni.com\/es\/descubra-la-milan-mas-exclusiva\/#breadcrumb\",\"itemListElement\":[{\"@type\":\"ListItem\",\"position\":1,\"name\":\"Home\",\"item\":\"https:\/\/hotelmanzoni.com\/es\/\"},{\"@type\":\"ListItem\",\"position\":2,\"name\":\"Dintorni ES\"}]},{\"@type\":\"WebSite\",\"@id\":\"https:\/\/hotelmanzoni.com\/es\/#website\",\"url\":\"https:\/\/hotelmanzoni.com\/es\/\",\"name\":\"Hotel Manzoni Milano\",\"description\":\"Hotel vicino a Via Monte Napoleone Milano\",\"publisher\":{\"@id\":\"https:\/\/hotelmanzoni.com\/es\/#organization\"},\"potentialAction\":[{\"@type\":\"SearchAction\",\"target\":{\"@type\":\"EntryPoint\",\"urlTemplate\":\"https:\/\/hotelmanzoni.com\/es\/?s={search_term_string}\"},\"query-input\":{\"@type\":\"PropertyValueSpecification\",\"valueRequired\":true,\"valueName\":\"search_term_string\"}}],\"inLanguage\":\"es\"},{\"@type\":\"Organization\",\"@id\":\"https:\/\/hotelmanzoni.com\/es\/#organization\",\"name\":\"Hotel Manzoni Milano\",\"url\":\"https:\/\/hotelmanzoni.com\/es\/\",\"logo\":{\"@type\":\"ImageObject\",\"inLanguage\":\"es\",\"@id\":\"https:\/\/hotelmanzoni.com\/es\/#\/schema\/logo\/image\/\",\"url\":\"https:\/\/hotelmanzoni.com\/wp-content\/uploads\/2021\/06\/logomanzoni-1.png\",\"contentUrl\":\"https:\/\/hotelmanzoni.com\/wp-content\/uploads\/2021\/06\/logomanzoni-1.png\",\"width\":594,\"height\":498,\"caption\":\"Hotel Manzoni Milano\"},\"image\":{\"@id\":\"https:\/\/hotelmanzoni.com\/es\/#\/schema\/logo\/image\/\"}}]}<\/script>\r\n<!-- \/ Yoast SEO plugin. -->","yoast_head_json":{"title":"Descubra la Mil\u00e1n m\u00e1s exclusiva | Hotel Manzoni Mil\u00e1n centro","description":"Descubra la Mil\u00e1n m\u00e1s exclusiva en los alrededores del Hotel Manzoni: museos, arte y compras de lujo en una zona elegante y exclusiva, c\u00f3moda a metro.","robots":{"index":"index","follow":"follow","max-snippet":"max-snippet:-1","max-image-preview":"max-image-preview:large","max-video-preview":"max-video-preview:-1"},"canonical":"https:\/\/hotelmanzoni.com\/es\/descubra-la-milan-mas-exclusiva\/","og_locale":"es_ES","og_type":"article","og_title":"Descubra la Mil\u00e1n m\u00e1s exclusiva | Hotel Manzoni Mil\u00e1n centro","og_description":"Descubra la Mil\u00e1n m\u00e1s exclusiva en los alrededores del Hotel Manzoni: museos, arte y compras de lujo en una zona elegante y exclusiva, c\u00f3moda a metro.","og_url":"https:\/\/hotelmanzoni.com\/es\/descubra-la-milan-mas-exclusiva\/","og_site_name":"Hotel Manzoni","article_modified_time":"2018-04-20T09:07:31+00:00","twitter_card":"summary_large_image","schema":{"@context":"https:\/\/schema.org","@graph":[{"@type":"WebPage","@id":"https:\/\/hotelmanzoni.com\/es\/descubra-la-milan-mas-exclusiva\/","url":"https:\/\/hotelmanzoni.com\/es\/descubra-la-milan-mas-exclusiva\/","name":"Descubra la Mil\u00e1n m\u00e1s exclusiva | Hotel Manzoni Mil\u00e1n centro","isPartOf":{"@id":"https:\/\/hotelmanzoni.com\/es\/#website"},"datePublished":"2018-03-07T14:52:30+00:00","dateModified":"2018-04-20T09:07:31+00:00","description":"Descubra la Mil\u00e1n m\u00e1s exclusiva en los alrededores del Hotel Manzoni: museos, arte y compras de lujo en una zona elegante y exclusiva, c\u00f3moda a metro.","breadcrumb":{"@id":"https:\/\/hotelmanzoni.com\/es\/descubra-la-milan-mas-exclusiva\/#breadcrumb"},"inLanguage":"es","potentialAction":[{"@type":"ReadAction","target":["https:\/\/hotelmanzoni.com\/es\/descubra-la-milan-mas-exclusiva\/"]}]},{"@type":"BreadcrumbList","@id":"https:\/\/hotelmanzoni.com\/es\/descubra-la-milan-mas-exclusiva\/#breadcrumb","itemListElement":[{"@type":"ListItem","position":1,"name":"Home","item":"https:\/\/hotelmanzoni.com\/es\/"},{"@type":"ListItem","position":2,"name":"Dintorni ES"}]},{"@type":"WebSite","@id":"https:\/\/hotelmanzoni.com\/es\/#website","url":"https:\/\/hotelmanzoni.com\/es\/","name":"Hotel Manzoni Milano","description":"Hotel vicino a Via Monte Napoleone Milano","publisher":{"@id":"https:\/\/hotelmanzoni.com\/es\/#organization"},"potentialAction":[{"@type":"SearchAction","target":{"@type":"EntryPoint","urlTemplate":"https:\/\/hotelmanzoni.com\/es\/?s={search_term_string}"},"query-input":{"@type":"PropertyValueSpecification","valueRequired":true,"valueName":"search_term_string"}}],"inLanguage":"es"},{"@type":"Organization","@id":"https:\/\/hotelmanzoni.com\/es\/#organization","name":"Hotel Manzoni Milano","url":"https:\/\/hotelmanzoni.com\/es\/","logo":{"@type":"ImageObject","inLanguage":"es","@id":"https:\/\/hotelmanzoni.com\/es\/#\/schema\/logo\/image\/","url":"https:\/\/hotelmanzoni.com\/wp-content\/uploads\/2021\/06\/logomanzoni-1.png","contentUrl":"https:\/\/hotelmanzoni.com\/wp-content\/uploads\/2021\/06\/logomanzoni-1.png","width":594,"height":498,"caption":"Hotel Manzoni Milano"},"image":{"@id":"https:\/\/hotelmanzoni.com\/es\/#\/schema\/logo\/image\/"}}]}},"_links":{"self":[{"href":"https:\/\/hotelmanzoni.com\/es\/wp-json\/wp\/v2\/pages\/891","targetHints":{"allow":["GET"]}}],"collection":[{"href":"https:\/\/hotelmanzoni.com\/es\/wp-json\/wp\/v2\/pages"}],"about":[{"href":"https:\/\/hotelmanzoni.com\/es\/wp-json\/wp\/v2\/types\/page"}],"author":[{"embeddable":true,"href":"https:\/\/hotelmanzoni.com\/es\/wp-json\/wp\/v2\/users\/4"}],"replies":[{"embeddable":true,"href":"https:\/\/hotelmanzoni.com\/es\/wp-json\/wp\/v2\/comments?post=891"}],"version-history":[{"count":5,"href":"https:\/\/hotelmanzoni.com\/es\/wp-json\/wp\/v2\/pages\/891\/revisions"}],"predecessor-version":[{"id":1433,"href":"https:\/\/hotelmanzoni.com\/es\/wp-json\/wp\/v2\/pages\/891\/revisions\/1433"}],"wp:attachment":[{"href":"https:\/\/hotelmanzoni.com\/es\/wp-json\/wp\/v2\/media?parent=891"}],"curies":[{"name":"wp","href":"https:\/\/api.w.org\/{rel}","templated":true}]}}