{"id":887,"date":"2018-03-07T15:45:31","date_gmt":"2018-03-07T14:45:31","guid":{"rendered":"https:\/\/hotelmanzoni.com\/?page_id=887"},"modified":"2018-04-20T11:00:47","modified_gmt":"2018-04-20T09:00:47","slug":"suites-habitaciones-lujo-centro-milan","status":"publish","type":"page","link":"https:\/\/hotelmanzoni.com\/es\/suites-habitaciones-lujo-centro-milan\/","title":{"rendered":"Camere ES"},"content":{"rendered":"<p>Dormir en la Mil\u00e1n de la historia y de la moda, en un contexto de clase, entre tejidos, boiserie y muebles made in Italy. Soluciones de recibimiento \u00edntimas y c\u00f3modas que sugieren la idea de hogar, de habitaciones classic a suites, en el centro de Mil\u00e1n. <\/p>\n","protected":false},"excerpt":{"rendered":"<p>Dormir en la Mil\u00e1n de la historia y de la moda, en un contexto de clase, entre tejidos, boiserie y muebles made in Italy. Soluciones de recibimiento \u00edntimas y c\u00f3modas que sugieren la idea de hogar, de habitaciones classic a suites, en el centro de Mil\u00e1n.<\/p>\n","protected":false},"author":4,"featured_media":314,"parent":0,"menu_order":0,"comment_status":"closed","ping_status":"closed","template":"page-rooms.php","meta":{"_acf_changed":false,"footnotes":""},"class_list":["post-887","page","type-page","status-publish","has-post-thumbnail","hentry"],"acf":{"slider_visual":[{"ID":3233,"id":3233,"title":"suite milan downtown","filename":"js.jpg","filesize":311385,"url":"https:\/\/hotelmanzoni.com\/wp-content\/uploads\/2018\/02\/js.jpg","link":"https:\/\/hotelmanzoni.com\/es\/homepage-es\/js-2\/","alt":"","author":"4","description":"","caption":"","name":"js-2","status":"inherit","uploaded_to":901,"date":"2018-02-20 14:19:39","modified":"2018-02-20 14:19:39","menu_order":0,"mime_type":"image\/jpeg","type":"image","subtype":"jpeg","icon":"https:\/\/hotelmanzoni.com\/wp-includes\/images\/media\/default.png","width":1600,"height":1061,"sizes":{"thumbnail":"https:\/\/hotelmanzoni.com\/wp-content\/uploads\/2018\/02\/js-150x150.jpg","thumbnail-width":150,"thumbnail-height":150,"medium":"https:\/\/hotelmanzoni.com\/wp-content\/uploads\/2018\/02\/js-300x199.jpg","medium-width":300,"medium-height":199,"medium_large":"https:\/\/hotelmanzoni.com\/wp-content\/uploads\/2018\/02\/js-768x509.jpg","medium_large-width":640,"medium_large-height":424,"large":"https:\/\/hotelmanzoni.com\/wp-content\/uploads\/2018\/02\/js-1024x679.jpg","large-width":640,"large-height":424,"1536x1536":"https:\/\/hotelmanzoni.com\/wp-content\/uploads\/2018\/02\/js.jpg","1536x1536-width":1536,"1536x1536-height":1019,"2048x2048":"https:\/\/hotelmanzoni.com\/wp-content\/uploads\/2018\/02\/js.jpg","2048x2048-width":1600,"2048x2048-height":1061}},{"ID":3408,"id":3408,"title":"suite hotel manzoni","filename":"BM3A0575.jpg","filesize":301862,"url":"https:\/\/hotelmanzoni.com\/wp-content\/uploads\/2018\/02\/BM3A0575.jpg","link":"https:\/\/hotelmanzoni.com\/es\/suites-habitaciones-lujo-centro-milan\/bm3a0575-3\/","alt":"","author":"4","description":"","caption":"","name":"bm3a0575-3","status":"inherit","uploaded_to":887,"date":"2018-02-21 08:10:32","modified":"2018-02-21 08:10:32","menu_order":0,"mime_type":"image\/jpeg","type":"image","subtype":"jpeg","icon":"https:\/\/hotelmanzoni.com\/wp-includes\/images\/media\/default.png","width":1600,"height":1058,"sizes":{"thumbnail":"https:\/\/hotelmanzoni.com\/wp-content\/uploads\/2018\/02\/BM3A0575-150x150.jpg","thumbnail-width":150,"thumbnail-height":150,"medium":"https:\/\/hotelmanzoni.com\/wp-content\/uploads\/2018\/02\/BM3A0575-300x198.jpg","medium-width":300,"medium-height":198,"medium_large":"https:\/\/hotelmanzoni.com\/wp-content\/uploads\/2018\/02\/BM3A0575-768x508.jpg","medium_large-width":640,"medium_large-height":423,"large":"https:\/\/hotelmanzoni.com\/wp-content\/uploads\/2018\/02\/BM3A0575-1024x677.jpg","large-width":640,"large-height":423,"1536x1536":"https:\/\/hotelmanzoni.com\/wp-content\/uploads\/2018\/02\/BM3A0575.jpg","1536x1536-width":1536,"1536x1536-height":1016,"2048x2048":"https:\/\/hotelmanzoni.com\/wp-content\/uploads\/2018\/02\/BM3A0575.jpg","2048x2048-width":1600,"2048x2048-height":1058}},{"ID":3415,"id":3415,"title":"suite & rooms hotel in milan","filename":"BM3A8771.jpg","filesize":281016,"url":"https:\/\/hotelmanzoni.com\/wp-content\/uploads\/2018\/02\/BM3A8771.jpg","link":"https:\/\/hotelmanzoni.com\/es\/suites-habitaciones-lujo-centro-milan\/bm3a8771-3\/","alt":"","author":"4","description":"","caption":"","name":"bm3a8771-3","status":"inherit","uploaded_to":887,"date":"2018-02-21 08:11:53","modified":"2018-02-21 08:11:53","menu_order":0,"mime_type":"image\/jpeg","type":"image","subtype":"jpeg","icon":"https:\/\/hotelmanzoni.com\/wp-includes\/images\/media\/default.png","width":1600,"height":1022,"sizes":{"thumbnail":"https:\/\/hotelmanzoni.com\/wp-content\/uploads\/2018\/02\/BM3A8771-150x150.jpg","thumbnail-width":150,"thumbnail-height":150,"medium":"https:\/\/hotelmanzoni.com\/wp-content\/uploads\/2018\/02\/BM3A8771-300x192.jpg","medium-width":300,"medium-height":192,"medium_large":"https:\/\/hotelmanzoni.com\/wp-content\/uploads\/2018\/02\/BM3A8771-768x491.jpg","medium_large-width":640,"medium_large-height":409,"large":"https:\/\/hotelmanzoni.com\/wp-content\/uploads\/2018\/02\/BM3A8771-1024x654.jpg","large-width":640,"large-height":409,"1536x1536":"https:\/\/hotelmanzoni.com\/wp-content\/uploads\/2018\/02\/BM3A8771.jpg","1536x1536-width":1536,"1536x1536-height":981,"2048x2048":"https:\/\/hotelmanzoni.com\/wp-content\/uploads\/2018\/02\/BM3A8771.jpg","2048x2048-width":1600,"2048x2048-height":1022}},{"ID":3947,"id":3947,"title":"Hotel manzoni milano suites","filename":"Manzoni-slider-camere-3.jpg","filesize":204156,"url":"https:\/\/hotelmanzoni.com\/wp-content\/uploads\/2018\/03\/Manzoni-slider-camere-3.jpg","link":"https:\/\/hotelmanzoni.com\/es\/suites-habitaciones-lujo-centro-milan\/manzoni-slider-camere-3-2\/","alt":"","author":"4","description":"","caption":"","name":"manzoni-slider-camere-3-2","status":"inherit","uploaded_to":887,"date":"2018-03-06 15:19:06","modified":"2018-03-06 15:19:06","menu_order":0,"mime_type":"image\/jpeg","type":"image","subtype":"jpeg","icon":"https:\/\/hotelmanzoni.com\/wp-includes\/images\/media\/default.png","width":1600,"height":1067,"sizes":{"thumbnail":"https:\/\/hotelmanzoni.com\/wp-content\/uploads\/2018\/03\/Manzoni-slider-camere-3-150x150.jpg","thumbnail-width":150,"thumbnail-height":150,"medium":"https:\/\/hotelmanzoni.com\/wp-content\/uploads\/2018\/03\/Manzoni-slider-camere-3-300x200.jpg","medium-width":300,"medium-height":200,"medium_large":"https:\/\/hotelmanzoni.com\/wp-content\/uploads\/2018\/03\/Manzoni-slider-camere-3-768x512.jpg","medium_large-width":640,"medium_large-height":427,"large":"https:\/\/hotelmanzoni.com\/wp-content\/uploads\/2018\/03\/Manzoni-slider-camere-3-1024x683.jpg","large-width":640,"large-height":427,"1536x1536":"https:\/\/hotelmanzoni.com\/wp-content\/uploads\/2018\/03\/Manzoni-slider-camere-3.jpg","1536x1536-width":1536,"1536x1536-height":1024,"2048x2048":"https:\/\/hotelmanzoni.com\/wp-content\/uploads\/2018\/03\/Manzoni-slider-camere-3.jpg","2048x2048-width":1600,"2048x2048-height":1067}}],"testo_visual":"Habitaciones y suites","immagine_prima_sezione":"https:\/\/hotelmanzoni.com\/wp-content\/uploads\/2018\/02\/BM3A8771.jpg","titolo_h1":"Suites y habitaciones de lujo en el centro de Mil\u00e1n ","testo_principale":"<p>Dormir en la Mil\u00e1n de la historia y de la moda, en un contexto de clase, entre tejidos, boiserie y muebles made in Italy. Soluciones de recibimiento \u00edntimas y c\u00f3modas que sugieren la idea de hogar, de habitaciones classic a suites, en el centro de Mil\u00e1n. <\/p>\n","titolo_servizi_camere":"Servicios de habitaciones","lista_servizi_camere":[{"immagine":"https:\/\/hotelmanzoni.com\/wp-content\/uploads\/2018\/02\/wifi.png","testo":"Wi-Fi r\u00e1pido"},{"immagine":"https:\/\/hotelmanzoni.com\/wp-content\/uploads\/2018\/02\/courtseykit.png","testo":"Kit de cortes\u00eda"},{"immagine":"https:\/\/hotelmanzoni.com\/wp-content\/uploads\/2018\/02\/riasettocamera.png","testo":"Couverture"},{"immagine":"https:\/\/hotelmanzoni.com\/wp-content\/uploads\/2018\/02\/bottleofwater.png","testo":"Agua mineral"},{"immagine":"https:\/\/hotelmanzoni.com\/wp-content\/uploads\/2018\/02\/cassaforte.png","testo":"Caja fuerte"},{"immagine":"https:\/\/hotelmanzoni.com\/wp-content\/uploads\/2018\/02\/Ironingboard.png","testo":"Tabla de planchar"}]},"yoast_head":"<!-- This site is optimized with the Yoast SEO plugin v24.9 - https:\/\/yoast.com\/wordpress\/plugins\/seo\/ -->\r\n<title>Suites y habitaciones de lujo en el centro de Mil\u00e1n | Hotel Manzoni<\/title>\r\n<meta name=\"description\" content=\"El Hotel Manzoni ofrece elegantes suites y habitaciones de lujo en el centro de Mil\u00e1n, para una estancia con clase en entornos \u00edntimos y c\u00f3modos.\" \/>\r\n<meta name=\"robots\" content=\"index, follow, max-snippet:-1, max-image-preview:large, max-video-preview:-1\" \/>\r\n<link rel=\"canonical\" href=\"https:\/\/hotelmanzoni.com\/es\/suites-habitaciones-lujo-centro-milan\/\" \/>\r\n<meta property=\"og:locale\" content=\"es_ES\" \/>\r\n<meta property=\"og:type\" content=\"article\" \/>\r\n<meta property=\"og:title\" content=\"Suites y habitaciones de lujo en el centro de Mil\u00e1n | Hotel Manzoni\" \/>\r\n<meta property=\"og:description\" content=\"El Hotel Manzoni ofrece elegantes suites y habitaciones de lujo en el centro de Mil\u00e1n, para una estancia con clase en entornos \u00edntimos y c\u00f3modos.\" \/>\r\n<meta property=\"og:url\" content=\"https:\/\/hotelmanzoni.com\/es\/suites-habitaciones-lujo-centro-milan\/\" \/>\r\n<meta property=\"og:site_name\" content=\"Hotel Manzoni\" \/>\r\n<meta property=\"article:modified_time\" content=\"2018-04-20T09:00:47+00:00\" \/>\r\n<meta property=\"og:image\" content=\"https:\/\/hotelmanzoni.com\/wp-content\/uploads\/2018\/02\/BM3A0575.jpg\" \/>\r\n\t<meta property=\"og:image:width\" content=\"1600\" \/>\r\n\t<meta property=\"og:image:height\" content=\"1058\" \/>\r\n\t<meta property=\"og:image:type\" content=\"image\/jpeg\" \/>\r\n<meta name=\"twitter:card\" content=\"summary_large_image\" \/>\r\n<script type=\"application\/ld+json\" class=\"yoast-schema-graph\">{\"@context\":\"https:\/\/schema.org\",\"@graph\":[{\"@type\":\"WebPage\",\"@id\":\"https:\/\/hotelmanzoni.com\/es\/suites-habitaciones-lujo-centro-milan\/\",\"url\":\"https:\/\/hotelmanzoni.com\/es\/suites-habitaciones-lujo-centro-milan\/\",\"name\":\"Suites y habitaciones de lujo en el centro de Mil\u00e1n | Hotel Manzoni\",\"isPartOf\":{\"@id\":\"https:\/\/hotelmanzoni.com\/es\/#website\"},\"primaryImageOfPage\":{\"@id\":\"https:\/\/hotelmanzoni.com\/es\/suites-habitaciones-lujo-centro-milan\/#primaryimage\"},\"image\":{\"@id\":\"https:\/\/hotelmanzoni.com\/es\/suites-habitaciones-lujo-centro-milan\/#primaryimage\"},\"thumbnailUrl\":\"https:\/\/hotelmanzoni.com\/wp-content\/uploads\/2018\/02\/BM3A0575.jpg\",\"datePublished\":\"2018-03-07T14:45:31+00:00\",\"dateModified\":\"2018-04-20T09:00:47+00:00\",\"description\":\"El Hotel Manzoni ofrece elegantes suites y habitaciones de lujo en el centro de Mil\u00e1n, para una estancia con clase en entornos \u00edntimos y c\u00f3modos.\",\"breadcrumb\":{\"@id\":\"https:\/\/hotelmanzoni.com\/es\/suites-habitaciones-lujo-centro-milan\/#breadcrumb\"},\"inLanguage\":\"es\",\"potentialAction\":[{\"@type\":\"ReadAction\",\"target\":[\"https:\/\/hotelmanzoni.com\/es\/suites-habitaciones-lujo-centro-milan\/\"]}]},{\"@type\":\"ImageObject\",\"inLanguage\":\"es\",\"@id\":\"https:\/\/hotelmanzoni.com\/es\/suites-habitaciones-lujo-centro-milan\/#primaryimage\",\"url\":\"https:\/\/hotelmanzoni.com\/wp-content\/uploads\/2018\/02\/BM3A0575.jpg\",\"contentUrl\":\"https:\/\/hotelmanzoni.com\/wp-content\/uploads\/2018\/02\/BM3A0575.jpg\",\"width\":1600,\"height\":1058,\"caption\":\"suite di lusso milano centro\"},{\"@type\":\"BreadcrumbList\",\"@id\":\"https:\/\/hotelmanzoni.com\/es\/suites-habitaciones-lujo-centro-milan\/#breadcrumb\",\"itemListElement\":[{\"@type\":\"ListItem\",\"position\":1,\"name\":\"Home\",\"item\":\"https:\/\/hotelmanzoni.com\/es\/\"},{\"@type\":\"ListItem\",\"position\":2,\"name\":\"Camere ES\"}]},{\"@type\":\"WebSite\",\"@id\":\"https:\/\/hotelmanzoni.com\/es\/#website\",\"url\":\"https:\/\/hotelmanzoni.com\/es\/\",\"name\":\"Hotel Manzoni Milano\",\"description\":\"Hotel vicino a Via Monte Napoleone Milano\",\"publisher\":{\"@id\":\"https:\/\/hotelmanzoni.com\/es\/#organization\"},\"potentialAction\":[{\"@type\":\"SearchAction\",\"target\":{\"@type\":\"EntryPoint\",\"urlTemplate\":\"https:\/\/hotelmanzoni.com\/es\/?s={search_term_string}\"},\"query-input\":{\"@type\":\"PropertyValueSpecification\",\"valueRequired\":true,\"valueName\":\"search_term_string\"}}],\"inLanguage\":\"es\"},{\"@type\":\"Organization\",\"@id\":\"https:\/\/hotelmanzoni.com\/es\/#organization\",\"name\":\"Hotel Manzoni Milano\",\"url\":\"https:\/\/hotelmanzoni.com\/es\/\",\"logo\":{\"@type\":\"ImageObject\",\"inLanguage\":\"es\",\"@id\":\"https:\/\/hotelmanzoni.com\/es\/#\/schema\/logo\/image\/\",\"url\":\"https:\/\/hotelmanzoni.com\/wp-content\/uploads\/2021\/06\/logomanzoni-1.png\",\"contentUrl\":\"https:\/\/hotelmanzoni.com\/wp-content\/uploads\/2021\/06\/logomanzoni-1.png\",\"width\":594,\"height\":498,\"caption\":\"Hotel Manzoni Milano\"},\"image\":{\"@id\":\"https:\/\/hotelmanzoni.com\/es\/#\/schema\/logo\/image\/\"}}]}<\/script>\r\n<!-- \/ Yoast SEO plugin. -->","yoast_head_json":{"title":"Suites y habitaciones de lujo en el centro de Mil\u00e1n | Hotel Manzoni","description":"El Hotel Manzoni ofrece elegantes suites y habitaciones de lujo en el centro de Mil\u00e1n, para una estancia con clase en entornos \u00edntimos y c\u00f3modos.","robots":{"index":"index","follow":"follow","max-snippet":"max-snippet:-1","max-image-preview":"max-image-preview:large","max-video-preview":"max-video-preview:-1"},"canonical":"https:\/\/hotelmanzoni.com\/es\/suites-habitaciones-lujo-centro-milan\/","og_locale":"es_ES","og_type":"article","og_title":"Suites y habitaciones de lujo en el centro de Mil\u00e1n | Hotel Manzoni","og_description":"El Hotel Manzoni ofrece elegantes suites y habitaciones de lujo en el centro de Mil\u00e1n, para una estancia con clase en entornos \u00edntimos y c\u00f3modos.","og_url":"https:\/\/hotelmanzoni.com\/es\/suites-habitaciones-lujo-centro-milan\/","og_site_name":"Hotel Manzoni","article_modified_time":"2018-04-20T09:00:47+00:00","og_image":[{"width":1600,"height":1058,"url":"https:\/\/hotelmanzoni.com\/wp-content\/uploads\/2018\/02\/BM3A0575.jpg","type":"image\/jpeg"}],"twitter_card":"summary_large_image","schema":{"@context":"https:\/\/schema.org","@graph":[{"@type":"WebPage","@id":"https:\/\/hotelmanzoni.com\/es\/suites-habitaciones-lujo-centro-milan\/","url":"https:\/\/hotelmanzoni.com\/es\/suites-habitaciones-lujo-centro-milan\/","name":"Suites y habitaciones de lujo en el centro de Mil\u00e1n | Hotel Manzoni","isPartOf":{"@id":"https:\/\/hotelmanzoni.com\/es\/#website"},"primaryImageOfPage":{"@id":"https:\/\/hotelmanzoni.com\/es\/suites-habitaciones-lujo-centro-milan\/#primaryimage"},"image":{"@id":"https:\/\/hotelmanzoni.com\/es\/suites-habitaciones-lujo-centro-milan\/#primaryimage"},"thumbnailUrl":"https:\/\/hotelmanzoni.com\/wp-content\/uploads\/2018\/02\/BM3A0575.jpg","datePublished":"2018-03-07T14:45:31+00:00","dateModified":"2018-04-20T09:00:47+00:00","description":"El Hotel Manzoni ofrece elegantes suites y habitaciones de lujo en el centro de Mil\u00e1n, para una estancia con clase en entornos \u00edntimos y c\u00f3modos.","breadcrumb":{"@id":"https:\/\/hotelmanzoni.com\/es\/suites-habitaciones-lujo-centro-milan\/#breadcrumb"},"inLanguage":"es","potentialAction":[{"@type":"ReadAction","target":["https:\/\/hotelmanzoni.com\/es\/suites-habitaciones-lujo-centro-milan\/"]}]},{"@type":"ImageObject","inLanguage":"es","@id":"https:\/\/hotelmanzoni.com\/es\/suites-habitaciones-lujo-centro-milan\/#primaryimage","url":"https:\/\/hotelmanzoni.com\/wp-content\/uploads\/2018\/02\/BM3A0575.jpg","contentUrl":"https:\/\/hotelmanzoni.com\/wp-content\/uploads\/2018\/02\/BM3A0575.jpg","width":1600,"height":1058,"caption":"suite di lusso milano centro"},{"@type":"BreadcrumbList","@id":"https:\/\/hotelmanzoni.com\/es\/suites-habitaciones-lujo-centro-milan\/#breadcrumb","itemListElement":[{"@type":"ListItem","position":1,"name":"Home","item":"https:\/\/hotelmanzoni.com\/es\/"},{"@type":"ListItem","position":2,"name":"Camere ES"}]},{"@type":"WebSite","@id":"https:\/\/hotelmanzoni.com\/es\/#website","url":"https:\/\/hotelmanzoni.com\/es\/","name":"Hotel Manzoni Milano","description":"Hotel vicino a Via Monte Napoleone Milano","publisher":{"@id":"https:\/\/hotelmanzoni.com\/es\/#organization"},"potentialAction":[{"@type":"SearchAction","target":{"@type":"EntryPoint","urlTemplate":"https:\/\/hotelmanzoni.com\/es\/?s={search_term_string}"},"query-input":{"@type":"PropertyValueSpecification","valueRequired":true,"valueName":"search_term_string"}}],"inLanguage":"es"},{"@type":"Organization","@id":"https:\/\/hotelmanzoni.com\/es\/#organization","name":"Hotel Manzoni Milano","url":"https:\/\/hotelmanzoni.com\/es\/","logo":{"@type":"ImageObject","inLanguage":"es","@id":"https:\/\/hotelmanzoni.com\/es\/#\/schema\/logo\/image\/","url":"https:\/\/hotelmanzoni.com\/wp-content\/uploads\/2021\/06\/logomanzoni-1.png","contentUrl":"https:\/\/hotelmanzoni.com\/wp-content\/uploads\/2021\/06\/logomanzoni-1.png","width":594,"height":498,"caption":"Hotel Manzoni Milano"},"image":{"@id":"https:\/\/hotelmanzoni.com\/es\/#\/schema\/logo\/image\/"}}]}},"_links":{"self":[{"href":"https:\/\/hotelmanzoni.com\/es\/wp-json\/wp\/v2\/pages\/887","targetHints":{"allow":["GET"]}}],"collection":[{"href":"https:\/\/hotelmanzoni.com\/es\/wp-json\/wp\/v2\/pages"}],"about":[{"href":"https:\/\/hotelmanzoni.com\/es\/wp-json\/wp\/v2\/types\/page"}],"author":[{"embeddable":true,"href":"https:\/\/hotelmanzoni.com\/es\/wp-json\/wp\/v2\/users\/4"}],"replies":[{"embeddable":true,"href":"https:\/\/hotelmanzoni.com\/es\/wp-json\/wp\/v2\/comments?post=887"}],"version-history":[{"count":6,"href":"https:\/\/hotelmanzoni.com\/es\/wp-json\/wp\/v2\/pages\/887\/revisions"}],"predecessor-version":[{"id":1630,"href":"https:\/\/hotelmanzoni.com\/es\/wp-json\/wp\/v2\/pages\/887\/revisions\/1630"}],"wp:featuredmedia":[{"embeddable":true,"href":"https:\/\/hotelmanzoni.com\/es\/wp-json\/wp\/v2\/media\/314"}],"wp:attachment":[{"href":"https:\/\/hotelmanzoni.com\/es\/wp-json\/wp\/v2\/media?parent=887"}],"curies":[{"name":"wp","href":"https:\/\/api.w.org\/{rel}","templated":true}]}}