{"id":1050,"date":"2018-03-08T15:28:57","date_gmt":"2018-03-08T14:28:57","guid":{"rendered":"https:\/\/hotelmanzoni.com\/?page_id=1050"},"modified":"2022-10-03T13:43:50","modified_gmt":"2022-10-03T11:43:50","slug":"hotel-charme-nahe-theater-scala","status":"publish","type":"page","link":"https:\/\/hotelmanzoni.com\/de\/hotel-charme-nahe-theater-scala\/","title":{"rendered":"Manzoni Experience DE"},"content":{"rendered":"<p>Ein stilvolles Willkommen, diskret und aufmerksam auf die Bed\u00fcrfnisse derer, die nach Mailand zur Arbeit oder zur Entdeckung der Stadt kommen, Gastgeber eines Mail\u00e4nder Modeviertel mit einem eleganten und diskreten Wine Bar, einladenden Tagungsr\u00e4umen und einem Fitnessbereich.<\/p>\n","protected":false},"excerpt":{"rendered":"<p>Ein stilvolles Willkommen, diskret und aufmerksam auf die Bed\u00fcrfnisse derer, die nach Mailand zur Arbeit oder zur Entdeckung der Stadt kommen, Gastgeber eines Mail\u00e4nder Modeviertel mit einem eleganten und diskreten Wine Bar, einladenden Tagungsr\u00e4umen und einem Fitnessbereich.<\/p>\n","protected":false},"author":4,"featured_media":437,"parent":0,"menu_order":0,"comment_status":"closed","ping_status":"closed","template":"page-manzoni.php","meta":{"_acf_changed":false,"footnotes":""},"class_list":["post-1050","page","type-page","status-publish","has-post-thumbnail","hentry"],"acf":{"slider_visual":[{"ID":3725,"id":3725,"title":"hotel manzoni milano","filename":"manzoni-hotel-spazi-comuni.jpg","filesize":358937,"url":"https:\/\/hotelmanzoni.com\/wp-content\/uploads\/2018\/02\/manzoni-hotel-spazi-comuni.jpg","link":"https:\/\/hotelmanzoni.com\/de\/hotel-charme-nahe-theater-scala\/manzoni-hotel-spazi-comuni-2\/","alt":"","author":"4","description":"","caption":"","name":"manzoni-hotel-spazi-comuni-2","status":"inherit","uploaded_to":1050,"date":"2018-02-23 13:31:37","modified":"2021-08-07 09:56:41","menu_order":0,"mime_type":"image\/jpeg","type":"image","subtype":"jpeg","icon":"https:\/\/hotelmanzoni.com\/wp-includes\/images\/media\/default.png","width":1600,"height":1061,"sizes":{"thumbnail":"https:\/\/hotelmanzoni.com\/wp-content\/uploads\/2018\/02\/manzoni-hotel-spazi-comuni-150x150.jpg","thumbnail-width":150,"thumbnail-height":150,"medium":"https:\/\/hotelmanzoni.com\/wp-content\/uploads\/2018\/02\/manzoni-hotel-spazi-comuni-300x199.jpg","medium-width":300,"medium-height":199,"medium_large":"https:\/\/hotelmanzoni.com\/wp-content\/uploads\/2018\/02\/manzoni-hotel-spazi-comuni-768x509.jpg","medium_large-width":640,"medium_large-height":424,"large":"https:\/\/hotelmanzoni.com\/wp-content\/uploads\/2018\/02\/manzoni-hotel-spazi-comuni-1024x679.jpg","large-width":640,"large-height":424,"1536x1536":"https:\/\/hotelmanzoni.com\/wp-content\/uploads\/2018\/02\/manzoni-hotel-spazi-comuni.jpg","1536x1536-width":1536,"1536x1536-height":1019,"2048x2048":"https:\/\/hotelmanzoni.com\/wp-content\/uploads\/2018\/02\/manzoni-hotel-spazi-comuni.jpg","2048x2048-width":1600,"2048x2048-height":1061}},{"ID":3662,"id":3662,"title":"Charming hotel near Teatro Alla Scala","filename":"Charming-hotel-near-Teatro-Alla-Scala-.jpg","filesize":383899,"url":"https:\/\/hotelmanzoni.com\/wp-content\/uploads\/2018\/02\/Charming-hotel-near-Teatro-Alla-Scala-.jpg","link":"https:\/\/hotelmanzoni.com\/de\/hotel-charme-nahe-theater-scala\/charming-hotel-near-teatro-alla-scala-2\/","alt":"","author":"4","description":"","caption":"","name":"charming-hotel-near-teatro-alla-scala-2","status":"inherit","uploaded_to":1050,"date":"2018-02-23 10:07:01","modified":"2021-08-07 09:56:57","menu_order":0,"mime_type":"image\/jpeg","type":"image","subtype":"jpeg","icon":"https:\/\/hotelmanzoni.com\/wp-includes\/images\/media\/default.png","width":1600,"height":1067,"sizes":{"thumbnail":"https:\/\/hotelmanzoni.com\/wp-content\/uploads\/2018\/02\/Charming-hotel-near-Teatro-Alla-Scala--150x150.jpg","thumbnail-width":150,"thumbnail-height":150,"medium":"https:\/\/hotelmanzoni.com\/wp-content\/uploads\/2018\/02\/Charming-hotel-near-Teatro-Alla-Scala--300x200.jpg","medium-width":300,"medium-height":200,"medium_large":"https:\/\/hotelmanzoni.com\/wp-content\/uploads\/2018\/02\/Charming-hotel-near-Teatro-Alla-Scala--768x512.jpg","medium_large-width":640,"medium_large-height":427,"large":"https:\/\/hotelmanzoni.com\/wp-content\/uploads\/2018\/02\/Charming-hotel-near-Teatro-Alla-Scala--1024x683.jpg","large-width":640,"large-height":427,"1536x1536":"https:\/\/hotelmanzoni.com\/wp-content\/uploads\/2018\/02\/Charming-hotel-near-Teatro-Alla-Scala-.jpg","1536x1536-width":1536,"1536x1536-height":1024,"2048x2048":"https:\/\/hotelmanzoni.com\/wp-content\/uploads\/2018\/02\/Charming-hotel-near-Teatro-Alla-Scala-.jpg","2048x2048-width":1600,"2048x2048-height":1067}},{"ID":3298,"id":3298,"title":"garden hotel manzoni","filename":"BM3A9624.jpg","filesize":359520,"url":"https:\/\/hotelmanzoni.com\/wp-content\/uploads\/2018\/02\/BM3A9624.jpg","link":"https:\/\/hotelmanzoni.com\/de\/hotel-charme-nahe-theater-scala\/bm3a9624-2\/","alt":"","author":"4","description":"","caption":"","name":"bm3a9624-2","status":"inherit","uploaded_to":1050,"date":"2018-02-20 14:51:22","modified":"2021-08-07 09:54:46","menu_order":0,"mime_type":"image\/jpeg","type":"image","subtype":"jpeg","icon":"https:\/\/hotelmanzoni.com\/wp-includes\/images\/media\/default.png","width":1600,"height":969,"sizes":{"thumbnail":"https:\/\/hotelmanzoni.com\/wp-content\/uploads\/2018\/02\/BM3A9624-150x150.jpg","thumbnail-width":150,"thumbnail-height":150,"medium":"https:\/\/hotelmanzoni.com\/wp-content\/uploads\/2018\/02\/BM3A9624-300x182.jpg","medium-width":300,"medium-height":182,"medium_large":"https:\/\/hotelmanzoni.com\/wp-content\/uploads\/2018\/02\/BM3A9624-768x465.jpg","medium_large-width":640,"medium_large-height":388,"large":"https:\/\/hotelmanzoni.com\/wp-content\/uploads\/2018\/02\/BM3A9624-1024x620.jpg","large-width":640,"large-height":388,"1536x1536":"https:\/\/hotelmanzoni.com\/wp-content\/uploads\/2018\/02\/BM3A9624.jpg","1536x1536-width":1536,"1536x1536-height":930,"2048x2048":"https:\/\/hotelmanzoni.com\/wp-content\/uploads\/2018\/02\/BM3A9624.jpg","2048x2048-width":1600,"2048x2048-height":969}},{"ID":3277,"id":3277,"title":"sauna hotel manzoni milano","filename":"sauna.jpg","filesize":208237,"url":"https:\/\/hotelmanzoni.com\/wp-content\/uploads\/2018\/02\/sauna.jpg","link":"https:\/\/hotelmanzoni.com\/de\/hotel-charme-nahe-theater-scala\/sauna-2\/","alt":"","author":"4","description":"","caption":"","name":"sauna-2","status":"inherit","uploaded_to":1050,"date":"2018-02-20 14:42:40","modified":"2021-08-07 09:57:12","menu_order":0,"mime_type":"image\/jpeg","type":"image","subtype":"jpeg","icon":"https:\/\/hotelmanzoni.com\/wp-includes\/images\/media\/default.png","width":1600,"height":1052,"sizes":{"thumbnail":"https:\/\/hotelmanzoni.com\/wp-content\/uploads\/2018\/02\/sauna-150x150.jpg","thumbnail-width":150,"thumbnail-height":150,"medium":"https:\/\/hotelmanzoni.com\/wp-content\/uploads\/2018\/02\/sauna-300x197.jpg","medium-width":300,"medium-height":197,"medium_large":"https:\/\/hotelmanzoni.com\/wp-content\/uploads\/2018\/02\/sauna-768x505.jpg","medium_large-width":640,"medium_large-height":421,"large":"https:\/\/hotelmanzoni.com\/wp-content\/uploads\/2018\/02\/sauna-1024x673.jpg","large-width":640,"large-height":421,"1536x1536":"https:\/\/hotelmanzoni.com\/wp-content\/uploads\/2018\/02\/sauna.jpg","1536x1536-width":1536,"1536x1536-height":1010,"2048x2048":"https:\/\/hotelmanzoni.com\/wp-content\/uploads\/2018\/02\/sauna.jpg","2048x2048-width":1600,"2048x2048-height":1052}}],"testo_visual":"Die Manzoni Experience","immagine_prima_sezione":"https:\/\/hotelmanzoni.com\/wp-content\/uploads\/2018\/02\/maznoni-experience-e1519382380550.jpg","titolo_h1":"Charmantes Hotel in der N\u00e4he des Theaters La Scala","testo_principale":"<p>Ein stilvolles Willkommen, diskret und aufmerksam auf die Bed\u00fcrfnisse derer, die nach Mailand zur Arbeit oder zur Entdeckung der Stadt kommen, Gastgeber eines Mail\u00e4nder Modeviertel mit einem eleganten und diskreten Restaurant, einladenden Tagungsr\u00e4umen und einem Fitnessbereich.<\/p>\n","slider_seconda_sezione":[{"ID":3291,"id":3291,"title":"hotel manzoni reception milan downtown","filename":"BM3A7369.jpg","filesize":292191,"url":"https:\/\/hotelmanzoni.com\/wp-content\/uploads\/2018\/02\/BM3A7369.jpg","link":"https:\/\/hotelmanzoni.com\/de\/hotel-charme-nahe-theater-scala\/bm3a7369-3\/","alt":"","author":"4","description":"","caption":"","name":"bm3a7369-3","status":"inherit","uploaded_to":1050,"date":"2018-02-20 14:48:33","modified":"2021-08-07 09:54:35","menu_order":0,"mime_type":"image\/jpeg","type":"image","subtype":"jpeg","icon":"https:\/\/hotelmanzoni.com\/wp-includes\/images\/media\/default.png","width":1600,"height":1067,"sizes":{"thumbnail":"https:\/\/hotelmanzoni.com\/wp-content\/uploads\/2018\/02\/BM3A7369-150x150.jpg","thumbnail-width":150,"thumbnail-height":150,"medium":"https:\/\/hotelmanzoni.com\/wp-content\/uploads\/2018\/02\/BM3A7369-300x200.jpg","medium-width":300,"medium-height":200,"medium_large":"https:\/\/hotelmanzoni.com\/wp-content\/uploads\/2018\/02\/BM3A7369-768x512.jpg","medium_large-width":640,"medium_large-height":427,"large":"https:\/\/hotelmanzoni.com\/wp-content\/uploads\/2018\/02\/BM3A7369-1024x683.jpg","large-width":640,"large-height":427,"1536x1536":"https:\/\/hotelmanzoni.com\/wp-content\/uploads\/2018\/02\/BM3A7369.jpg","1536x1536-width":1536,"1536x1536-height":1024,"2048x2048":"https:\/\/hotelmanzoni.com\/wp-content\/uploads\/2018\/02\/BM3A7369.jpg","2048x2048-width":1600,"2048x2048-height":1067}},{"ID":3298,"id":3298,"title":"garden hotel manzoni","filename":"BM3A9624.jpg","filesize":359520,"url":"https:\/\/hotelmanzoni.com\/wp-content\/uploads\/2018\/02\/BM3A9624.jpg","link":"https:\/\/hotelmanzoni.com\/de\/hotel-charme-nahe-theater-scala\/bm3a9624-2\/","alt":"","author":"4","description":"","caption":"","name":"bm3a9624-2","status":"inherit","uploaded_to":1050,"date":"2018-02-20 14:51:22","modified":"2021-08-07 09:54:46","menu_order":0,"mime_type":"image\/jpeg","type":"image","subtype":"jpeg","icon":"https:\/\/hotelmanzoni.com\/wp-includes\/images\/media\/default.png","width":1600,"height":969,"sizes":{"thumbnail":"https:\/\/hotelmanzoni.com\/wp-content\/uploads\/2018\/02\/BM3A9624-150x150.jpg","thumbnail-width":150,"thumbnail-height":150,"medium":"https:\/\/hotelmanzoni.com\/wp-content\/uploads\/2018\/02\/BM3A9624-300x182.jpg","medium-width":300,"medium-height":182,"medium_large":"https:\/\/hotelmanzoni.com\/wp-content\/uploads\/2018\/02\/BM3A9624-768x465.jpg","medium_large-width":640,"medium_large-height":388,"large":"https:\/\/hotelmanzoni.com\/wp-content\/uploads\/2018\/02\/BM3A9624-1024x620.jpg","large-width":640,"large-height":388,"1536x1536":"https:\/\/hotelmanzoni.com\/wp-content\/uploads\/2018\/02\/BM3A9624.jpg","1536x1536-width":1536,"1536x1536-height":930,"2048x2048":"https:\/\/hotelmanzoni.com\/wp-content\/uploads\/2018\/02\/BM3A9624.jpg","2048x2048-width":1600,"2048x2048-height":969}},{"ID":3305,"id":3305,"title":"hotel manzoni milano","filename":"MG_0671.jpg","filesize":291338,"url":"https:\/\/hotelmanzoni.com\/wp-content\/uploads\/2018\/02\/MG_0671.jpg","link":"https:\/\/hotelmanzoni.com\/de\/hotel-charme-nahe-theater-scala\/_mg_0671-2\/","alt":"","author":"4","description":"","caption":"","name":"_mg_0671-2","status":"inherit","uploaded_to":1050,"date":"2018-02-20 14:52:07","modified":"2021-08-07 09:57:47","menu_order":0,"mime_type":"image\/jpeg","type":"image","subtype":"jpeg","icon":"https:\/\/hotelmanzoni.com\/wp-includes\/images\/media\/default.png","width":1600,"height":1068,"sizes":{"thumbnail":"https:\/\/hotelmanzoni.com\/wp-content\/uploads\/2018\/02\/MG_0671-150x150.jpg","thumbnail-width":150,"thumbnail-height":150,"medium":"https:\/\/hotelmanzoni.com\/wp-content\/uploads\/2018\/02\/MG_0671-300x200.jpg","medium-width":300,"medium-height":200,"medium_large":"https:\/\/hotelmanzoni.com\/wp-content\/uploads\/2018\/02\/MG_0671-768x513.jpg","medium_large-width":640,"medium_large-height":428,"large":"https:\/\/hotelmanzoni.com\/wp-content\/uploads\/2018\/02\/MG_0671-1024x684.jpg","large-width":640,"large-height":428,"1536x1536":"https:\/\/hotelmanzoni.com\/wp-content\/uploads\/2018\/02\/MG_0671.jpg","1536x1536-width":1536,"1536x1536-height":1025,"2048x2048":"https:\/\/hotelmanzoni.com\/wp-content\/uploads\/2018\/02\/MG_0671.jpg","2048x2048-width":1600,"2048x2048-height":1068}}],"titolo_seconda_sezione":"Italienische Gastfreundschaft","testo_seconda_sezione":"<p>Ein sorgf\u00e4ltiger und aufmerksamer Concierge-Service und modernster Komfort erg\u00e4nzen die Atmosph\u00e4re intimer und privater R\u00e4ume, die mit Elementen des besten Made in Italy-Geschmacks ausgestattet sind.<\/p>\n","titolo_servizi":"Die Dienstleistungen unseres Hotels","lista_servizi":[{"immagine":"https:\/\/hotelmanzoni.com\/wp-content\/uploads\/2018\/02\/restaurant.png","testo":"Wine Bar & Bistrot"},{"immagine":"https:\/\/hotelmanzoni.com\/wp-content\/uploads\/2018\/02\/wifi.png","testo":"Kostenloses Internet \u00fcber WLAN"},{"immagine":"https:\/\/hotelmanzoni.com\/wp-content\/uploads\/2018\/03\/laundry.png","testo":"W\u00e4scheservice"},{"immagine":"https:\/\/hotelmanzoni.com\/wp-content\/uploads\/2018\/02\/Valet-parking.png","testo":"Parking"},{"immagine":"https:\/\/hotelmanzoni.com\/wp-content\/uploads\/2018\/02\/concierge.png","testo":"Concierge"},{"immagine":"https:\/\/hotelmanzoni.com\/wp-content\/uploads\/2018\/03\/trasnfer.png","testo":"Transferservice "}],"immagine_sinistra_terza_sezione":"https:\/\/hotelmanzoni.com\/wp-content\/uploads\/2018\/03\/manzoni-business--e1522396792122.jpg","titolo_terza_sezione":"Hotel Manzoni Business","testo_terza_sezione":"<p>Bei Dienstreisen wird nichts dem Zufall \u00fcberlassen. Der Sforza-Konferenzraum und der Saal Hall sind einladend und raffiniert, komplett mit allen notwendigen Technologien f\u00fcr Firmentreffen, Schulungen, Showrooms und kleine Konferenzen ausgestattet.<\/p>\n","testo_contattaci_terza_sezione":"Schreiben Sie uns, um Ihre Veranstaltung zu organisieren","link_contattaci_terza_sezione":"","titolo_prima_lista_terza_sezione":"Ausr\u00fcstung","prima_lista_terza_sezione":[{"testo":"TV Bildschirm "},{"testo":"Flipchart "},{"testo":"Wi-Fi"}],"titolo_seconda_lista_terza_sezione":"Hallensitze","seconda_lista_terza_sezione":[{"testo":"Im Theater bis zu 20 + 2 Pl\u00e4tze"},{"testo":"Konferenztisch mit bis zu 14 Sitzpl\u00e4tzen"},{"testo":"Schulb\u00e4nke mit bis zu 14 Pl\u00e4tze"}],"slider_terza_sezione":false,"slider_quarta_sezione":false,"titolo_prima_lista_quarta_sezione":"Wellness  ","prima_lista_quarta_sezione":[{"testo":"T\u00fcrkisches Bad "},{"testo":"Hydromassage"},{"testo":"Entspannungsraum"}],"titolo_seconda_lista_quarta_sezione":"Fitness ","seconda_lista_quarta_sezione":[{"testo":"Fitnessraum"},{"testo":"Cardio-Fitness "},{"testo":"Krafttraining"},{"testo":"Bewegung"}],"titolo_quarta_sezione":"Wellness und Relax","testo_quarta_sezione":"<p>Ein kleiner ausgestatteter Fitnessraum, ein t\u00fcrkisches Bad, ein Ruheraum und andere Annehmlichkeiten, um die Form in einem eleganten und komfortablen Ambiente zu regenerieren und zu erhalten. Der Moment des wohlverdienten Wohlbefindens nach einem Tag in Mailand.<\/p>\n"},"yoast_head":"<!-- This site is optimized with the Yoast SEO plugin v24.9 - https:\/\/yoast.com\/wordpress\/plugins\/seo\/ -->\r\n<title>Charmantes Hotel in der N\u00e4he des Theaters La Scala| Hotel Manzoni Mailand<\/title>\r\n<meta name=\"description\" content=\"Das Vergn\u00fcgen einer stilvollen Begr\u00fc\u00dfung im Zentrum von Mailand. Entdecken Sie unser charmantes Hotel in der N\u00e4he des Theaters La Scala mit Restaurant und Tagungsr\u00e4umen.\" \/>\r\n<meta name=\"robots\" content=\"index, follow, max-snippet:-1, max-image-preview:large, max-video-preview:-1\" \/>\r\n<link rel=\"canonical\" href=\"https:\/\/hotelmanzoni.com\/de\/hotel-charme-nahe-theater-scala\/\" \/>\r\n<meta property=\"og:locale\" content=\"de_DE\" \/>\r\n<meta property=\"og:type\" content=\"article\" \/>\r\n<meta property=\"og:title\" content=\"Charmantes Hotel in der N\u00e4he des Theaters La Scala| Hotel Manzoni Mailand\" \/>\r\n<meta property=\"og:description\" content=\"Das Vergn\u00fcgen einer stilvollen Begr\u00fc\u00dfung im Zentrum von Mailand. Entdecken Sie unser charmantes Hotel in der N\u00e4he des Theaters La Scala mit Restaurant und Tagungsr\u00e4umen.\" \/>\r\n<meta property=\"og:url\" content=\"https:\/\/hotelmanzoni.com\/de\/hotel-charme-nahe-theater-scala\/\" \/>\r\n<meta property=\"og:site_name\" content=\"Hotel Manzoni\" \/>\r\n<meta property=\"article:modified_time\" content=\"2022-10-03T11:43:50+00:00\" \/>\r\n<meta property=\"og:image\" content=\"https:\/\/hotelmanzoni.com\/wp-content\/uploads\/2018\/02\/Charming-hotel-near-Teatro-Alla-Scala-.jpg\" \/>\r\n\t<meta property=\"og:image:width\" content=\"1600\" \/>\r\n\t<meta property=\"og:image:height\" content=\"1067\" \/>\r\n\t<meta property=\"og:image:type\" content=\"image\/jpeg\" \/>\r\n<meta name=\"twitter:card\" content=\"summary_large_image\" \/>\r\n<meta name=\"twitter:label1\" content=\"Gesch\u00e4tzte Lesezeit\" \/>\n\t<meta name=\"twitter:data1\" content=\"1\u00a0Minute\" \/>\r\n<script type=\"application\/ld+json\" class=\"yoast-schema-graph\">{\"@context\":\"https:\/\/schema.org\",\"@graph\":[{\"@type\":\"WebPage\",\"@id\":\"https:\/\/hotelmanzoni.com\/de\/hotel-charme-nahe-theater-scala\/\",\"url\":\"https:\/\/hotelmanzoni.com\/de\/hotel-charme-nahe-theater-scala\/\",\"name\":\"Charmantes Hotel in der N\u00e4he des Theaters La Scala| Hotel Manzoni Mailand\",\"isPartOf\":{\"@id\":\"https:\/\/hotelmanzoni.com\/de\/#website\"},\"primaryImageOfPage\":{\"@id\":\"https:\/\/hotelmanzoni.com\/de\/hotel-charme-nahe-theater-scala\/#primaryimage\"},\"image\":{\"@id\":\"https:\/\/hotelmanzoni.com\/de\/hotel-charme-nahe-theater-scala\/#primaryimage\"},\"thumbnailUrl\":\"https:\/\/hotelmanzoni.com\/wp-content\/uploads\/2018\/02\/Charming-hotel-near-Teatro-Alla-Scala-.jpg\",\"datePublished\":\"2018-03-08T14:28:57+00:00\",\"dateModified\":\"2022-10-03T11:43:50+00:00\",\"description\":\"Das Vergn\u00fcgen einer stilvollen Begr\u00fc\u00dfung im Zentrum von Mailand. Entdecken Sie unser charmantes Hotel in der N\u00e4he des Theaters La Scala mit Restaurant und Tagungsr\u00e4umen.\",\"breadcrumb\":{\"@id\":\"https:\/\/hotelmanzoni.com\/de\/hotel-charme-nahe-theater-scala\/#breadcrumb\"},\"inLanguage\":\"de\",\"potentialAction\":[{\"@type\":\"ReadAction\",\"target\":[\"https:\/\/hotelmanzoni.com\/de\/hotel-charme-nahe-theater-scala\/\"]}]},{\"@type\":\"ImageObject\",\"inLanguage\":\"de\",\"@id\":\"https:\/\/hotelmanzoni.com\/de\/hotel-charme-nahe-theater-scala\/#primaryimage\",\"url\":\"https:\/\/hotelmanzoni.com\/wp-content\/uploads\/2018\/02\/Charming-hotel-near-Teatro-Alla-Scala-.jpg\",\"contentUrl\":\"https:\/\/hotelmanzoni.com\/wp-content\/uploads\/2018\/02\/Charming-hotel-near-Teatro-Alla-Scala-.jpg\",\"width\":1600,\"height\":1067,\"caption\":\"Charming hotel near Teatro Alla Scala\"},{\"@type\":\"BreadcrumbList\",\"@id\":\"https:\/\/hotelmanzoni.com\/de\/hotel-charme-nahe-theater-scala\/#breadcrumb\",\"itemListElement\":[{\"@type\":\"ListItem\",\"position\":1,\"name\":\"Home\",\"item\":\"https:\/\/hotelmanzoni.com\/de\/\"},{\"@type\":\"ListItem\",\"position\":2,\"name\":\"Manzoni Experience DE\"}]},{\"@type\":\"WebSite\",\"@id\":\"https:\/\/hotelmanzoni.com\/de\/#website\",\"url\":\"https:\/\/hotelmanzoni.com\/de\/\",\"name\":\"Hotel Manzoni Milano\",\"description\":\"Hotel vicino a Via Monte Napoleone Milano\",\"publisher\":{\"@id\":\"https:\/\/hotelmanzoni.com\/de\/#organization\"},\"potentialAction\":[{\"@type\":\"SearchAction\",\"target\":{\"@type\":\"EntryPoint\",\"urlTemplate\":\"https:\/\/hotelmanzoni.com\/de\/?s={search_term_string}\"},\"query-input\":{\"@type\":\"PropertyValueSpecification\",\"valueRequired\":true,\"valueName\":\"search_term_string\"}}],\"inLanguage\":\"de\"},{\"@type\":\"Organization\",\"@id\":\"https:\/\/hotelmanzoni.com\/de\/#organization\",\"name\":\"Hotel Manzoni Milano\",\"url\":\"https:\/\/hotelmanzoni.com\/de\/\",\"logo\":{\"@type\":\"ImageObject\",\"inLanguage\":\"de\",\"@id\":\"https:\/\/hotelmanzoni.com\/de\/#\/schema\/logo\/image\/\",\"url\":\"https:\/\/hotelmanzoni.com\/wp-content\/uploads\/2021\/06\/logomanzoni-1.png\",\"contentUrl\":\"https:\/\/hotelmanzoni.com\/wp-content\/uploads\/2021\/06\/logomanzoni-1.png\",\"width\":594,\"height\":498,\"caption\":\"Hotel Manzoni Milano\"},\"image\":{\"@id\":\"https:\/\/hotelmanzoni.com\/de\/#\/schema\/logo\/image\/\"}}]}<\/script>\r\n<!-- \/ Yoast SEO plugin. -->","yoast_head_json":{"title":"Charmantes Hotel in der N\u00e4he des Theaters La Scala| Hotel Manzoni Mailand","description":"Das Vergn\u00fcgen einer stilvollen Begr\u00fc\u00dfung im Zentrum von Mailand. Entdecken Sie unser charmantes Hotel in der N\u00e4he des Theaters La Scala mit Restaurant und Tagungsr\u00e4umen.","robots":{"index":"index","follow":"follow","max-snippet":"max-snippet:-1","max-image-preview":"max-image-preview:large","max-video-preview":"max-video-preview:-1"},"canonical":"https:\/\/hotelmanzoni.com\/de\/hotel-charme-nahe-theater-scala\/","og_locale":"de_DE","og_type":"article","og_title":"Charmantes Hotel in der N\u00e4he des Theaters La Scala| Hotel Manzoni Mailand","og_description":"Das Vergn\u00fcgen einer stilvollen Begr\u00fc\u00dfung im Zentrum von Mailand. Entdecken Sie unser charmantes Hotel in der N\u00e4he des Theaters La Scala mit Restaurant und Tagungsr\u00e4umen.","og_url":"https:\/\/hotelmanzoni.com\/de\/hotel-charme-nahe-theater-scala\/","og_site_name":"Hotel Manzoni","article_modified_time":"2022-10-03T11:43:50+00:00","og_image":[{"width":1600,"height":1067,"url":"https:\/\/hotelmanzoni.com\/wp-content\/uploads\/2018\/02\/Charming-hotel-near-Teatro-Alla-Scala-.jpg","type":"image\/jpeg"}],"twitter_card":"summary_large_image","twitter_misc":{"Gesch\u00e4tzte Lesezeit":"1\u00a0Minute"},"schema":{"@context":"https:\/\/schema.org","@graph":[{"@type":"WebPage","@id":"https:\/\/hotelmanzoni.com\/de\/hotel-charme-nahe-theater-scala\/","url":"https:\/\/hotelmanzoni.com\/de\/hotel-charme-nahe-theater-scala\/","name":"Charmantes Hotel in der N\u00e4he des Theaters La Scala| Hotel Manzoni Mailand","isPartOf":{"@id":"https:\/\/hotelmanzoni.com\/de\/#website"},"primaryImageOfPage":{"@id":"https:\/\/hotelmanzoni.com\/de\/hotel-charme-nahe-theater-scala\/#primaryimage"},"image":{"@id":"https:\/\/hotelmanzoni.com\/de\/hotel-charme-nahe-theater-scala\/#primaryimage"},"thumbnailUrl":"https:\/\/hotelmanzoni.com\/wp-content\/uploads\/2018\/02\/Charming-hotel-near-Teatro-Alla-Scala-.jpg","datePublished":"2018-03-08T14:28:57+00:00","dateModified":"2022-10-03T11:43:50+00:00","description":"Das Vergn\u00fcgen einer stilvollen Begr\u00fc\u00dfung im Zentrum von Mailand. Entdecken Sie unser charmantes Hotel in der N\u00e4he des Theaters La Scala mit Restaurant und Tagungsr\u00e4umen.","breadcrumb":{"@id":"https:\/\/hotelmanzoni.com\/de\/hotel-charme-nahe-theater-scala\/#breadcrumb"},"inLanguage":"de","potentialAction":[{"@type":"ReadAction","target":["https:\/\/hotelmanzoni.com\/de\/hotel-charme-nahe-theater-scala\/"]}]},{"@type":"ImageObject","inLanguage":"de","@id":"https:\/\/hotelmanzoni.com\/de\/hotel-charme-nahe-theater-scala\/#primaryimage","url":"https:\/\/hotelmanzoni.com\/wp-content\/uploads\/2018\/02\/Charming-hotel-near-Teatro-Alla-Scala-.jpg","contentUrl":"https:\/\/hotelmanzoni.com\/wp-content\/uploads\/2018\/02\/Charming-hotel-near-Teatro-Alla-Scala-.jpg","width":1600,"height":1067,"caption":"Charming hotel near Teatro Alla Scala"},{"@type":"BreadcrumbList","@id":"https:\/\/hotelmanzoni.com\/de\/hotel-charme-nahe-theater-scala\/#breadcrumb","itemListElement":[{"@type":"ListItem","position":1,"name":"Home","item":"https:\/\/hotelmanzoni.com\/de\/"},{"@type":"ListItem","position":2,"name":"Manzoni Experience DE"}]},{"@type":"WebSite","@id":"https:\/\/hotelmanzoni.com\/de\/#website","url":"https:\/\/hotelmanzoni.com\/de\/","name":"Hotel Manzoni Milano","description":"Hotel vicino a Via Monte Napoleone Milano","publisher":{"@id":"https:\/\/hotelmanzoni.com\/de\/#organization"},"potentialAction":[{"@type":"SearchAction","target":{"@type":"EntryPoint","urlTemplate":"https:\/\/hotelmanzoni.com\/de\/?s={search_term_string}"},"query-input":{"@type":"PropertyValueSpecification","valueRequired":true,"valueName":"search_term_string"}}],"inLanguage":"de"},{"@type":"Organization","@id":"https:\/\/hotelmanzoni.com\/de\/#organization","name":"Hotel Manzoni Milano","url":"https:\/\/hotelmanzoni.com\/de\/","logo":{"@type":"ImageObject","inLanguage":"de","@id":"https:\/\/hotelmanzoni.com\/de\/#\/schema\/logo\/image\/","url":"https:\/\/hotelmanzoni.com\/wp-content\/uploads\/2021\/06\/logomanzoni-1.png","contentUrl":"https:\/\/hotelmanzoni.com\/wp-content\/uploads\/2021\/06\/logomanzoni-1.png","width":594,"height":498,"caption":"Hotel Manzoni Milano"},"image":{"@id":"https:\/\/hotelmanzoni.com\/de\/#\/schema\/logo\/image\/"}}]}},"_links":{"self":[{"href":"https:\/\/hotelmanzoni.com\/de\/wp-json\/wp\/v2\/pages\/1050","targetHints":{"allow":["GET"]}}],"collection":[{"href":"https:\/\/hotelmanzoni.com\/de\/wp-json\/wp\/v2\/pages"}],"about":[{"href":"https:\/\/hotelmanzoni.com\/de\/wp-json\/wp\/v2\/types\/page"}],"author":[{"embeddable":true,"href":"https:\/\/hotelmanzoni.com\/de\/wp-json\/wp\/v2\/users\/4"}],"replies":[{"embeddable":true,"href":"https:\/\/hotelmanzoni.com\/de\/wp-json\/wp\/v2\/comments?post=1050"}],"version-history":[{"count":9,"href":"https:\/\/hotelmanzoni.com\/de\/wp-json\/wp\/v2\/pages\/1050\/revisions"}],"predecessor-version":[{"id":6745,"href":"https:\/\/hotelmanzoni.com\/de\/wp-json\/wp\/v2\/pages\/1050\/revisions\/6745"}],"wp:featuredmedia":[{"embeddable":true,"href":"https:\/\/hotelmanzoni.com\/de\/wp-json\/wp\/v2\/media\/437"}],"wp:attachment":[{"href":"https:\/\/hotelmanzoni.com\/de\/wp-json\/wp\/v2\/media?parent=1050"}],"curies":[{"name":"wp","href":"https:\/\/api.w.org\/{rel}","templated":true}]}}