{"id":1046,"date":"2018-03-08T15:18:51","date_gmt":"2018-03-08T14:18:51","guid":{"rendered":"https:\/\/hotelmanzoni.com\/?page_id=1046"},"modified":"2019-08-07T15:57:00","modified_gmt":"2019-08-07T13:57:00","slug":"homepage-de","status":"publish","type":"page","link":"https:\/\/hotelmanzoni.com\/de\/","title":{"rendered":"Homepage DE"},"content":{"rendered":"<p>Der Stil lebt schon seit immer in Via Montenapoleone, wo das Hotel Manzoni in Mailand das Zuhause f\u00fcr diejenigen ist, die ein Zuhause in der N\u00e4he des Mail\u00e4nder Doms und im Herzen des Modezentrums suchen.<\/p>\n","protected":false},"excerpt":{"rendered":"<p>Der Stil lebt schon seit immer in Via Montenapoleone, wo das Hotel Manzoni in Mailand das Zuhause f\u00fcr diejenigen ist, die ein Zuhause in der N\u00e4he des Mail\u00e4nder Doms und im Herzen des Modezentrums suchen.<\/p>\n","protected":false},"author":4,"featured_media":239,"parent":0,"menu_order":0,"comment_status":"closed","ping_status":"closed","template":"page-home.php","meta":{"_acf_changed":false,"footnotes":""},"class_list":["post-1046","page","type-page","status-publish","has-post-thumbnail","hentry"],"acf":{"slider_visual":[{"ID":3179,"id":3179,"title":"Hotel via Monte Napoleone in Milan","filename":"manzoni_homepage.jpg","filesize":326458,"url":"https:\/\/hotelmanzoni.com\/wp-content\/uploads\/2018\/02\/manzoni_homepage.jpg","link":"https:\/\/hotelmanzoni.com\/de\/homepage-de\/manzoni_homepage-2\/","alt":"","author":"4","description":"","caption":"","name":"manzoni_homepage-2","status":"inherit","uploaded_to":1046,"date":"2018-02-20 14:05:57","modified":"2018-02-20 14:05:57","menu_order":0,"mime_type":"image\/jpeg","type":"image","subtype":"jpeg","icon":"https:\/\/hotelmanzoni.com\/wp-includes\/images\/media\/default.png","width":1600,"height":1067,"sizes":{"thumbnail":"https:\/\/hotelmanzoni.com\/wp-content\/uploads\/2018\/02\/manzoni_homepage-150x150.jpg","thumbnail-width":150,"thumbnail-height":150,"medium":"https:\/\/hotelmanzoni.com\/wp-content\/uploads\/2018\/02\/manzoni_homepage-300x200.jpg","medium-width":300,"medium-height":200,"medium_large":"https:\/\/hotelmanzoni.com\/wp-content\/uploads\/2018\/02\/manzoni_homepage-768x512.jpg","medium_large-width":640,"medium_large-height":427,"large":"https:\/\/hotelmanzoni.com\/wp-content\/uploads\/2018\/02\/manzoni_homepage-1024x683.jpg","large-width":640,"large-height":427,"1536x1536":"https:\/\/hotelmanzoni.com\/wp-content\/uploads\/2018\/02\/manzoni_homepage.jpg","1536x1536-width":1536,"1536x1536-height":1024,"2048x2048":"https:\/\/hotelmanzoni.com\/wp-content\/uploads\/2018\/02\/manzoni_homepage.jpg","2048x2048-width":1600,"2048x2048-height":1067}},{"ID":3186,"id":3186,"title":"hotel a milano wi-fi gratuito","filename":"MG_0625.jpg","filesize":298246,"url":"https:\/\/hotelmanzoni.com\/wp-content\/uploads\/2018\/02\/MG_0625.jpg","link":"https:\/\/hotelmanzoni.com\/de\/homepage-de\/_mg_0625-2\/","alt":"","author":"4","description":"","caption":"","name":"_mg_0625-2","status":"inherit","uploaded_to":1046,"date":"2018-02-20 14:08:00","modified":"2018-02-20 14:08:00","menu_order":0,"mime_type":"image\/jpeg","type":"image","subtype":"jpeg","icon":"https:\/\/hotelmanzoni.com\/wp-includes\/images\/media\/default.png","width":1600,"height":1067,"sizes":{"thumbnail":"https:\/\/hotelmanzoni.com\/wp-content\/uploads\/2018\/02\/MG_0625-150x150.jpg","thumbnail-width":150,"thumbnail-height":150,"medium":"https:\/\/hotelmanzoni.com\/wp-content\/uploads\/2018\/02\/MG_0625-300x200.jpg","medium-width":300,"medium-height":200,"medium_large":"https:\/\/hotelmanzoni.com\/wp-content\/uploads\/2018\/02\/MG_0625-768x512.jpg","medium_large-width":640,"medium_large-height":427,"large":"https:\/\/hotelmanzoni.com\/wp-content\/uploads\/2018\/02\/MG_0625-1024x683.jpg","large-width":640,"large-height":427,"1536x1536":"https:\/\/hotelmanzoni.com\/wp-content\/uploads\/2018\/02\/MG_0625.jpg","1536x1536-width":1536,"1536x1536-height":1024,"2048x2048":"https:\/\/hotelmanzoni.com\/wp-content\/uploads\/2018\/02\/MG_0625.jpg","2048x2048-width":1600,"2048x2048-height":1067}},{"ID":3193,"id":3193,"title":"hotel manzoni milano","filename":"BM3A7776.jpg","filesize":306529,"url":"https:\/\/hotelmanzoni.com\/wp-content\/uploads\/2018\/02\/BM3A7776.jpg","link":"https:\/\/hotelmanzoni.com\/de\/homepage-de\/bm3a7776-3\/","alt":"","author":"4","description":"","caption":"","name":"bm3a7776-3","status":"inherit","uploaded_to":1046,"date":"2018-02-20 14:10:37","modified":"2018-02-20 14:10:37","menu_order":0,"mime_type":"image\/jpeg","type":"image","subtype":"jpeg","icon":"https:\/\/hotelmanzoni.com\/wp-includes\/images\/media\/default.png","width":1600,"height":1014,"sizes":{"thumbnail":"https:\/\/hotelmanzoni.com\/wp-content\/uploads\/2018\/02\/BM3A7776-150x150.jpg","thumbnail-width":150,"thumbnail-height":150,"medium":"https:\/\/hotelmanzoni.com\/wp-content\/uploads\/2018\/02\/BM3A7776-300x190.jpg","medium-width":300,"medium-height":190,"medium_large":"https:\/\/hotelmanzoni.com\/wp-content\/uploads\/2018\/02\/BM3A7776-768x487.jpg","medium_large-width":640,"medium_large-height":406,"large":"https:\/\/hotelmanzoni.com\/wp-content\/uploads\/2018\/02\/BM3A7776-1024x649.jpg","large-width":640,"large-height":406,"1536x1536":"https:\/\/hotelmanzoni.com\/wp-content\/uploads\/2018\/02\/BM3A7776.jpg","1536x1536-width":1536,"1536x1536-height":973,"2048x2048":"https:\/\/hotelmanzoni.com\/wp-content\/uploads\/2018\/02\/BM3A7776.jpg","2048x2048-width":1600,"2048x2048-height":1014}}],"testo_visual":"","immagine_prima_sezione":"https:\/\/hotelmanzoni.com\/wp-content\/uploads\/2018\/02\/manzoni_homepage3.jpg","titolo_h1":"Hotel in Via Montenapoleone in Mailand ","testo_principale":"<p>Der Stil lebt schon seit immer in Via Montenapoleone, wo das Hotel Manzoni in Mailand das Zuhause f\u00fcr diejenigen ist, die ein Zuhause in der N\u00e4he des Mail\u00e4nder Doms und im Herzen des Modezentrums suchen.<\/p>\n","immagine_location":"https:\/\/hotelmanzoni.com\/wp-content\/uploads\/2018\/02\/manzoni_homepage2.jpg","testo_location":"Die Manzoni Experience","camere":[{"immagine":"https:\/\/hotelmanzoni.com\/wp-content\/uploads\/2018\/02\/BM3A0575.jpg","titolo":"Classic Zimmer","testo":"<p>Komfort und Eleganz, Parkettb\u00f6den und Liebe zum Detail. Prestigetr\u00e4chtige L\u00f6sung zum Schlafen im Zentrum von Mailand. <\/p>\n"},{"immagine":"https:\/\/hotelmanzoni.com\/wp-content\/uploads\/2018\/02\/deluxe.jpg","titolo":"Deluxe Zimmer","testo":"<p>Ger\u00e4umiges Zimmer mit Komfort und luxuri\u00f6sen Dienstleistungen. Warme Atmosph\u00e4re, entspannend und regenerierend, im Herzen von Mailand. <\/p>\n"},{"immagine":"https:\/\/hotelmanzoni.com\/wp-content\/uploads\/2018\/02\/js.jpg","titolo":"Junior Suite","testo":"<p>Gem\u00fctliche und raffinierte L\u00f6sung f\u00fcr einen Aufenthalt in Mailand. ohn-, Schlafzimmer und sch\u00f6nes Marmorbad.<\/p>\n"},{"immagine":"https:\/\/hotelmanzoni.com\/wp-content\/uploads\/2018\/02\/suites.jpg","titolo":"Suite","testo":"<p>Auf der obersten Etage, ger\u00e4umig und sehr hell. Wohnzimmer, Schlafzimmer, Kleiderschrank und Badezimmer aus edlem Marmor. <\/p>\n"}],"titolo_recensioni":"DIE BEWERTUNGEN","sottotitolo_recensioni":"Die Meinung der G\u00e4ste","immagine_sinistra_recensioni":"https:\/\/hotelmanzoni.com\/wp-content\/uploads\/2018\/03\/Manzoni-Hotel-Milano-recensioni.jpg","immagine_destra_recensioni":"https:\/\/hotelmanzoni.com\/wp-content\/uploads\/2018\/02\/Manzoni-esterna.jpg","recensioni":[{"testo":"<p>&#8222;This hotel is in a great location, central Manzoni in the fashion district. Quite a boutique vibe with traditional classic interiors. I found this stay very comfortable with friendly staff and the free Venchi chocolates are the best! All enjoyed with a very nice Cognac!&#8220; (dan g)<\/p>\n"},{"testo":"<p>&#8222;Everyone was just thrilled with this beautiful hotel with its stylish rooms, comfy bed and bedding, gorgeous common areas and great breakfast.&#8220; (KathrynandTim, Los Angeles)<\/p>\n"},{"testo":"<p>&#8222;Wonderful experience even though we are old Milan veterans and we knew the hotel but had never stayed there. We will probably stay there on every single future visit. Location is second to none, service and amenities are excellent.&#8220; (aladdinelafifi, Cairo, Egypt)<\/p>\n"},{"testo":"<p>&#8222;First of all the location of this hotel is very good. Especially if you come to Milan for shopping. Rooms are very comfortable, clean and nicely decorated. Staff at the reception are very helpful and friendly.&#8220; (Marina T)<\/p>\n"},{"testo":"<p>&#8222;Our home in Milano from home, very nice rooms, classic, very clean, very friendly staff, safe parking and great location, in the heart of Milano shopping. Only a short walk from the Duomo, a Metro-Station and great food!&#8220; (peterhU8855DU)<\/p>\n"},{"testo":"<p>&#8222;In my opinion, the hotel is exceptional. The front desk staff were pleasant and welcoming and recommended a great lunch spot for me when I first arrived and was jet-lagged and starving. The hotel is spotless which is really important to me.&#8220; (Paul, NY)<\/p>\n"},{"testo":"<p>&#8222;Our home in Milano from home, very nice rooms, classic, very clean, very friendly staff, safe parking and great location, in the heart of Milano shopping. Only a short walk from the Duomo, a Metro-Station and great food!&#8220; (peterhU8855DU)<\/p>\n"},{"testo":"<p>&#8222;In my opinion, the hotel is exceptional. The front desk staff were pleasant and welcoming and recommended a great lunch spot for me when I first arrived and was jet-lagged and starving. The hotel is spotless which is really important to me.&#8220; (Paul, NY)<\/p>\n"}],"link_scopri_camere":"https:\/\/hotelmanzoni.com\/de\/zimmer-suiten-luxus-mailand-zentrum\/","testo_link_camere":"Entdecken Sie unsere Zimmer","link_manzoni":"https:\/\/hotelmanzoni.com\/de\/hotel-charme-nahe-theater-scala\/","link_milano":"https:\/\/hotelmanzoni.com\/de\/hotel-modeviertel-mailand\/","testo_milano":"Mailand","testo_experience":"Experience"},"yoast_head":"<!-- This site is optimized with the Yoast SEO plugin v24.9 - https:\/\/yoast.com\/wordpress\/plugins\/seo\/ -->\r\n<title>Hotels Via Montenapoleone Mailand | Hotel Manzoni Offizielle Website<\/title>\r\n<meta name=\"description\" content=\"Willkommen auf der offiziellen Website des Hotels Manzoni in Mailand in der Via Montenapoleone. Stil, Privatsph\u00e4re und Gastfreundschaft und eine stilvolle italienische Gastfreundschaft mit Klasse.\" \/>\r\n<meta name=\"robots\" content=\"index, follow, max-snippet:-1, max-image-preview:large, max-video-preview:-1\" \/>\r\n<link rel=\"canonical\" href=\"https:\/\/hotelmanzoni.com\/de\/\" \/>\r\n<meta property=\"og:locale\" content=\"de_DE\" \/>\r\n<meta property=\"og:type\" content=\"article\" \/>\r\n<meta property=\"og:title\" content=\"Hotels Via Montenapoleone Mailand | Hotel Manzoni Offizielle Website\" \/>\r\n<meta property=\"og:description\" content=\"Willkommen auf der offiziellen Website des Hotels Manzoni in Mailand in der Via Montenapoleone. Stil, Privatsph\u00e4re und Gastfreundschaft und eine stilvolle italienische Gastfreundschaft mit Klasse.\" \/>\r\n<meta property=\"og:url\" content=\"https:\/\/hotelmanzoni.com\/de\/\" \/>\r\n<meta property=\"og:site_name\" content=\"Hotel Manzoni\" \/>\r\n<meta property=\"article:modified_time\" content=\"2019-08-07T13:57:00+00:00\" \/>\r\n<meta property=\"og:image\" content=\"https:\/\/hotelmanzoni.com\/wp-content\/uploads\/2018\/02\/manzoni_homepage.jpg\" \/>\r\n\t<meta property=\"og:image:width\" content=\"1600\" \/>\r\n\t<meta property=\"og:image:height\" content=\"1067\" \/>\r\n\t<meta property=\"og:image:type\" content=\"image\/jpeg\" \/>\r\n<meta name=\"twitter:card\" content=\"summary_large_image\" \/>\r\n<script type=\"application\/ld+json\" class=\"yoast-schema-graph\">{\"@context\":\"https:\/\/schema.org\",\"@graph\":[{\"@type\":\"WebPage\",\"@id\":\"https:\/\/hotelmanzoni.com\/de\/\",\"url\":\"https:\/\/hotelmanzoni.com\/de\/\",\"name\":\"Hotels Via Montenapoleone Mailand | Hotel Manzoni Offizielle Website\",\"isPartOf\":{\"@id\":\"https:\/\/hotelmanzoni.com\/de\/#website\"},\"primaryImageOfPage\":{\"@id\":\"https:\/\/hotelmanzoni.com\/de\/#primaryimage\"},\"image\":{\"@id\":\"https:\/\/hotelmanzoni.com\/de\/#primaryimage\"},\"thumbnailUrl\":\"https:\/\/hotelmanzoni.com\/wp-content\/uploads\/2018\/02\/manzoni_homepage.jpg\",\"datePublished\":\"2018-03-08T14:18:51+00:00\",\"dateModified\":\"2019-08-07T13:57:00+00:00\",\"description\":\"Willkommen auf der offiziellen Website des Hotels Manzoni in Mailand in der Via Montenapoleone. Stil, Privatsph\u00e4re und Gastfreundschaft und eine stilvolle italienische Gastfreundschaft mit Klasse.\",\"breadcrumb\":{\"@id\":\"https:\/\/hotelmanzoni.com\/de\/#breadcrumb\"},\"inLanguage\":\"de\",\"potentialAction\":[{\"@type\":\"ReadAction\",\"target\":[\"https:\/\/hotelmanzoni.com\/de\/\"]}]},{\"@type\":\"ImageObject\",\"inLanguage\":\"de\",\"@id\":\"https:\/\/hotelmanzoni.com\/de\/#primaryimage\",\"url\":\"https:\/\/hotelmanzoni.com\/wp-content\/uploads\/2018\/02\/manzoni_homepage.jpg\",\"contentUrl\":\"https:\/\/hotelmanzoni.com\/wp-content\/uploads\/2018\/02\/manzoni_homepage.jpg\",\"width\":1600,\"height\":1067,\"caption\":\"Hotel via montenapoleone Milan\"},{\"@type\":\"BreadcrumbList\",\"@id\":\"https:\/\/hotelmanzoni.com\/de\/#breadcrumb\",\"itemListElement\":[{\"@type\":\"ListItem\",\"position\":1,\"name\":\"Home\",\"item\":\"https:\/\/hotelmanzoni.com\/de\/\"},{\"@type\":\"ListItem\",\"position\":2,\"name\":\"Homepage DE\"}]},{\"@type\":\"WebSite\",\"@id\":\"https:\/\/hotelmanzoni.com\/de\/#website\",\"url\":\"https:\/\/hotelmanzoni.com\/de\/\",\"name\":\"Hotel Manzoni Milano\",\"description\":\"Hotel vicino a Via Monte Napoleone Milano\",\"publisher\":{\"@id\":\"https:\/\/hotelmanzoni.com\/de\/#organization\"},\"potentialAction\":[{\"@type\":\"SearchAction\",\"target\":{\"@type\":\"EntryPoint\",\"urlTemplate\":\"https:\/\/hotelmanzoni.com\/de\/?s={search_term_string}\"},\"query-input\":{\"@type\":\"PropertyValueSpecification\",\"valueRequired\":true,\"valueName\":\"search_term_string\"}}],\"inLanguage\":\"de\"},{\"@type\":\"Organization\",\"@id\":\"https:\/\/hotelmanzoni.com\/de\/#organization\",\"name\":\"Hotel Manzoni Milano\",\"url\":\"https:\/\/hotelmanzoni.com\/de\/\",\"logo\":{\"@type\":\"ImageObject\",\"inLanguage\":\"de\",\"@id\":\"https:\/\/hotelmanzoni.com\/de\/#\/schema\/logo\/image\/\",\"url\":\"https:\/\/hotelmanzoni.com\/wp-content\/uploads\/2021\/06\/logomanzoni-1.png\",\"contentUrl\":\"https:\/\/hotelmanzoni.com\/wp-content\/uploads\/2021\/06\/logomanzoni-1.png\",\"width\":594,\"height\":498,\"caption\":\"Hotel Manzoni Milano\"},\"image\":{\"@id\":\"https:\/\/hotelmanzoni.com\/de\/#\/schema\/logo\/image\/\"}}]}<\/script>\r\n<!-- \/ Yoast SEO plugin. -->","yoast_head_json":{"title":"Hotels Via Montenapoleone Mailand | Hotel Manzoni Offizielle Website","description":"Willkommen auf der offiziellen Website des Hotels Manzoni in Mailand in der Via Montenapoleone. Stil, Privatsph\u00e4re und Gastfreundschaft und eine stilvolle italienische Gastfreundschaft mit Klasse.","robots":{"index":"index","follow":"follow","max-snippet":"max-snippet:-1","max-image-preview":"max-image-preview:large","max-video-preview":"max-video-preview:-1"},"canonical":"https:\/\/hotelmanzoni.com\/de\/","og_locale":"de_DE","og_type":"article","og_title":"Hotels Via Montenapoleone Mailand | Hotel Manzoni Offizielle Website","og_description":"Willkommen auf der offiziellen Website des Hotels Manzoni in Mailand in der Via Montenapoleone. Stil, Privatsph\u00e4re und Gastfreundschaft und eine stilvolle italienische Gastfreundschaft mit Klasse.","og_url":"https:\/\/hotelmanzoni.com\/de\/","og_site_name":"Hotel Manzoni","article_modified_time":"2019-08-07T13:57:00+00:00","og_image":[{"width":1600,"height":1067,"url":"https:\/\/hotelmanzoni.com\/wp-content\/uploads\/2018\/02\/manzoni_homepage.jpg","type":"image\/jpeg"}],"twitter_card":"summary_large_image","schema":{"@context":"https:\/\/schema.org","@graph":[{"@type":"WebPage","@id":"https:\/\/hotelmanzoni.com\/de\/","url":"https:\/\/hotelmanzoni.com\/de\/","name":"Hotels Via Montenapoleone Mailand | Hotel Manzoni Offizielle Website","isPartOf":{"@id":"https:\/\/hotelmanzoni.com\/de\/#website"},"primaryImageOfPage":{"@id":"https:\/\/hotelmanzoni.com\/de\/#primaryimage"},"image":{"@id":"https:\/\/hotelmanzoni.com\/de\/#primaryimage"},"thumbnailUrl":"https:\/\/hotelmanzoni.com\/wp-content\/uploads\/2018\/02\/manzoni_homepage.jpg","datePublished":"2018-03-08T14:18:51+00:00","dateModified":"2019-08-07T13:57:00+00:00","description":"Willkommen auf der offiziellen Website des Hotels Manzoni in Mailand in der Via Montenapoleone. Stil, Privatsph\u00e4re und Gastfreundschaft und eine stilvolle italienische Gastfreundschaft mit Klasse.","breadcrumb":{"@id":"https:\/\/hotelmanzoni.com\/de\/#breadcrumb"},"inLanguage":"de","potentialAction":[{"@type":"ReadAction","target":["https:\/\/hotelmanzoni.com\/de\/"]}]},{"@type":"ImageObject","inLanguage":"de","@id":"https:\/\/hotelmanzoni.com\/de\/#primaryimage","url":"https:\/\/hotelmanzoni.com\/wp-content\/uploads\/2018\/02\/manzoni_homepage.jpg","contentUrl":"https:\/\/hotelmanzoni.com\/wp-content\/uploads\/2018\/02\/manzoni_homepage.jpg","width":1600,"height":1067,"caption":"Hotel via montenapoleone Milan"},{"@type":"BreadcrumbList","@id":"https:\/\/hotelmanzoni.com\/de\/#breadcrumb","itemListElement":[{"@type":"ListItem","position":1,"name":"Home","item":"https:\/\/hotelmanzoni.com\/de\/"},{"@type":"ListItem","position":2,"name":"Homepage DE"}]},{"@type":"WebSite","@id":"https:\/\/hotelmanzoni.com\/de\/#website","url":"https:\/\/hotelmanzoni.com\/de\/","name":"Hotel Manzoni Milano","description":"Hotel vicino a Via Monte Napoleone Milano","publisher":{"@id":"https:\/\/hotelmanzoni.com\/de\/#organization"},"potentialAction":[{"@type":"SearchAction","target":{"@type":"EntryPoint","urlTemplate":"https:\/\/hotelmanzoni.com\/de\/?s={search_term_string}"},"query-input":{"@type":"PropertyValueSpecification","valueRequired":true,"valueName":"search_term_string"}}],"inLanguage":"de"},{"@type":"Organization","@id":"https:\/\/hotelmanzoni.com\/de\/#organization","name":"Hotel Manzoni Milano","url":"https:\/\/hotelmanzoni.com\/de\/","logo":{"@type":"ImageObject","inLanguage":"de","@id":"https:\/\/hotelmanzoni.com\/de\/#\/schema\/logo\/image\/","url":"https:\/\/hotelmanzoni.com\/wp-content\/uploads\/2021\/06\/logomanzoni-1.png","contentUrl":"https:\/\/hotelmanzoni.com\/wp-content\/uploads\/2021\/06\/logomanzoni-1.png","width":594,"height":498,"caption":"Hotel Manzoni Milano"},"image":{"@id":"https:\/\/hotelmanzoni.com\/de\/#\/schema\/logo\/image\/"}}]}},"_links":{"self":[{"href":"https:\/\/hotelmanzoni.com\/de\/wp-json\/wp\/v2\/pages\/1046","targetHints":{"allow":["GET"]}}],"collection":[{"href":"https:\/\/hotelmanzoni.com\/de\/wp-json\/wp\/v2\/pages"}],"about":[{"href":"https:\/\/hotelmanzoni.com\/de\/wp-json\/wp\/v2\/types\/page"}],"author":[{"embeddable":true,"href":"https:\/\/hotelmanzoni.com\/de\/wp-json\/wp\/v2\/users\/4"}],"replies":[{"embeddable":true,"href":"https:\/\/hotelmanzoni.com\/de\/wp-json\/wp\/v2\/comments?post=1046"}],"version-history":[{"count":9,"href":"https:\/\/hotelmanzoni.com\/de\/wp-json\/wp\/v2\/pages\/1046\/revisions"}],"predecessor-version":[{"id":2979,"href":"https:\/\/hotelmanzoni.com\/de\/wp-json\/wp\/v2\/pages\/1046\/revisions\/2979"}],"wp:featuredmedia":[{"embeddable":true,"href":"https:\/\/hotelmanzoni.com\/de\/wp-json\/wp\/v2\/media\/239"}],"wp:attachment":[{"href":"https:\/\/hotelmanzoni.com\/de\/wp-json\/wp\/v2\/media?parent=1046"}],"curies":[{"name":"wp","href":"https:\/\/api.w.org\/{rel}","templated":true}]}}