{"id":1039,"date":"2018-03-08T15:03:22","date_gmt":"2018-03-08T14:03:22","guid":{"rendered":"https:\/\/hotelmanzoni.com\/?page_id=1039"},"modified":"2018-04-20T11:06:07","modified_gmt":"2018-04-20T09:06:07","slug":"exklusives-mailand-entdecken","status":"publish","type":"page","link":"https:\/\/hotelmanzoni.com\/de\/exklusives-mailand-entdecken\/","title":{"rendered":"Dintorni DE"},"content":{"rendered":"<p>Das Hotel Manzoni befindet sich im Herzen Mailands, in der Via Santo Spirito, nur 10 Gehminuten vom Dom, dem Theater  Alla Scala, der Brera-Pinakothek und der Galleria Vittorio Emanuele II entfernt. Die N\u00e4he zu Via Montenapoleone und Via della Spiga bietet jedem Gast die M\u00f6glichkeit f\u00fcr ein wahrhaft exklusives Einkaufserlebnis. <\/p>\n","protected":false},"excerpt":{"rendered":"<p>Das Hotel Manzoni befindet sich im Herzen Mailands, in der Via Santo Spirito, nur 10 Gehminuten vom Dom, dem Theater Alla Scala, der Brera-Pinakothek und der Galleria Vittorio Emanuele II entfernt. Die N\u00e4he zu Via Montenapoleone und Via della Spiga bietet jedem Gast die M\u00f6glichkeit f\u00fcr ein wahrhaft exklusives Einkaufserlebnis.<\/p>\n","protected":false},"author":4,"featured_media":0,"parent":0,"menu_order":0,"comment_status":"closed","ping_status":"closed","template":"page-dintorni.php","meta":{"_acf_changed":false,"footnotes":""},"class_list":["post-1039","page","type-page","status-publish","hentry"],"acf":{"slider_visual":[{"ID":3459,"id":3459,"title":"teatro alla scala milano","filename":"20110725_Milano_La_Scala_5507.jpg","filesize":282415,"url":"https:\/\/hotelmanzoni.com\/wp-content\/uploads\/2018\/02\/20110725_Milano_La_Scala_5507.jpg","link":"https:\/\/hotelmanzoni.com\/de\/exklusives-mailand-entdecken\/20110725_milano_la_scala_5507-2\/","alt":"","author":"4","description":"","caption":"","name":"20110725_milano_la_scala_5507-2","status":"inherit","uploaded_to":1039,"date":"2018-02-21 09:11:21","modified":"2018-02-21 09:11:21","menu_order":0,"mime_type":"image\/jpeg","type":"image","subtype":"jpeg","icon":"https:\/\/hotelmanzoni.com\/wp-includes\/images\/media\/default.png","width":1599,"height":832,"sizes":{"thumbnail":"https:\/\/hotelmanzoni.com\/wp-content\/uploads\/2018\/02\/20110725_Milano_La_Scala_5507-150x150.jpg","thumbnail-width":150,"thumbnail-height":150,"medium":"https:\/\/hotelmanzoni.com\/wp-content\/uploads\/2018\/02\/20110725_Milano_La_Scala_5507-300x156.jpg","medium-width":300,"medium-height":156,"medium_large":"https:\/\/hotelmanzoni.com\/wp-content\/uploads\/2018\/02\/20110725_Milano_La_Scala_5507-768x400.jpg","medium_large-width":640,"medium_large-height":333,"large":"https:\/\/hotelmanzoni.com\/wp-content\/uploads\/2018\/02\/20110725_Milano_La_Scala_5507-1024x533.jpg","large-width":640,"large-height":333,"1536x1536":"https:\/\/hotelmanzoni.com\/wp-content\/uploads\/2018\/02\/20110725_Milano_La_Scala_5507.jpg","1536x1536-width":1536,"1536x1536-height":799,"2048x2048":"https:\/\/hotelmanzoni.com\/wp-content\/uploads\/2018\/02\/20110725_Milano_La_Scala_5507.jpg","2048x2048-width":1599,"2048x2048-height":832}},{"ID":3774,"id":3774,"title":"Milano-Brera-Pinacoteca","filename":"Milano-Brera-Pinacoteca.jpg","filesize":283043,"url":"https:\/\/hotelmanzoni.com\/wp-content\/uploads\/2018\/02\/Milano-Brera-Pinacoteca.jpg","link":"https:\/\/hotelmanzoni.com\/de\/exklusives-mailand-entdecken\/milano-brera-pinacoteca-2\/","alt":"","author":"4","description":"","caption":"","name":"milano-brera-pinacoteca-2","status":"inherit","uploaded_to":1039,"date":"2018-02-26 16:16:43","modified":"2018-02-26 16:16:43","menu_order":0,"mime_type":"image\/jpeg","type":"image","subtype":"jpeg","icon":"https:\/\/hotelmanzoni.com\/wp-includes\/images\/media\/default.png","width":1600,"height":1064,"sizes":{"thumbnail":"https:\/\/hotelmanzoni.com\/wp-content\/uploads\/2018\/02\/Milano-Brera-Pinacoteca-150x150.jpg","thumbnail-width":150,"thumbnail-height":150,"medium":"https:\/\/hotelmanzoni.com\/wp-content\/uploads\/2018\/02\/Milano-Brera-Pinacoteca-300x200.jpg","medium-width":300,"medium-height":200,"medium_large":"https:\/\/hotelmanzoni.com\/wp-content\/uploads\/2018\/02\/Milano-Brera-Pinacoteca-768x511.jpg","medium_large-width":640,"medium_large-height":426,"large":"https:\/\/hotelmanzoni.com\/wp-content\/uploads\/2018\/02\/Milano-Brera-Pinacoteca-1024x681.jpg","large-width":640,"large-height":426,"1536x1536":"https:\/\/hotelmanzoni.com\/wp-content\/uploads\/2018\/02\/Milano-Brera-Pinacoteca.jpg","1536x1536-width":1536,"1536x1536-height":1021,"2048x2048":"https:\/\/hotelmanzoni.com\/wp-content\/uploads\/2018\/02\/Milano-Brera-Pinacoteca.jpg","2048x2048-width":1600,"2048x2048-height":1064}},{"ID":4054,"id":4054,"title":"arco della pace","filename":"arco-pace.jpg","filesize":162082,"url":"https:\/\/hotelmanzoni.com\/wp-content\/uploads\/2018\/03\/arco-pace.jpg","link":"https:\/\/hotelmanzoni.com\/de\/exklusives-mailand-entdecken\/arco-pace-2\/","alt":"","author":"4","description":"","caption":"","name":"arco-pace-2","status":"inherit","uploaded_to":1039,"date":"2018-03-12 13:56:13","modified":"2018-03-12 13:56:13","menu_order":0,"mime_type":"image\/jpeg","type":"image","subtype":"jpeg","icon":"https:\/\/hotelmanzoni.com\/wp-includes\/images\/media\/default.png","width":1600,"height":844,"sizes":{"thumbnail":"https:\/\/hotelmanzoni.com\/wp-content\/uploads\/2018\/03\/arco-pace-150x150.jpg","thumbnail-width":150,"thumbnail-height":150,"medium":"https:\/\/hotelmanzoni.com\/wp-content\/uploads\/2018\/03\/arco-pace-300x158.jpg","medium-width":300,"medium-height":158,"medium_large":"https:\/\/hotelmanzoni.com\/wp-content\/uploads\/2018\/03\/arco-pace-768x405.jpg","medium_large-width":640,"medium_large-height":338,"large":"https:\/\/hotelmanzoni.com\/wp-content\/uploads\/2018\/03\/arco-pace-1024x540.jpg","large-width":640,"large-height":338,"1536x1536":"https:\/\/hotelmanzoni.com\/wp-content\/uploads\/2018\/03\/arco-pace.jpg","1536x1536-width":1536,"1536x1536-height":810,"2048x2048":"https:\/\/hotelmanzoni.com\/wp-content\/uploads\/2018\/03\/arco-pace.jpg","2048x2048-width":1600,"2048x2048-height":844}}],"testo_visual":"Rund um das Hotel Manzoni","immagine_prima_sezione":"https:\/\/hotelmanzoni.com\/wp-content\/uploads\/2018\/03\/Milano-panorama.jpg","titolo_h1":"Entdecken Sie das exklusivste Mailand! ","testo_principale":"<p>Das Hotel Manzoni befindet sich im Herzen Mailands, in der Via Santo Spirito, nur 10 Gehminuten vom Dom, dem Theater  Alla Scala, der Brera-Pinakothek und der Galleria Vittorio Emanuele II entfernt. Die N\u00e4he zu Via Montenapoleone und Via della Spiga bietet jedem Gast die M\u00f6glichkeit f\u00fcr ein wahrhaft exklusives Einkaufserlebnis. <\/p>\n"},"yoast_head":"<!-- This site is optimized with the Yoast SEO plugin v24.9 - https:\/\/yoast.com\/wordpress\/plugins\/seo\/ -->\r\n<title>Entdecken Sie das exklusivste Mailand | Hotel Manzoni Zentrum-Mailand<\/title>\r\n<meta name=\"description\" content=\"Entdecken Sie das exklusivste Mailand rund um das Hotel Manzoni: Museen, Kunst- und Luxusgesch\u00e4fte, in einer schicken und exklusiven Gegend, bequem f\u00fcr die U-Bahn.\" \/>\r\n<meta name=\"robots\" content=\"index, follow, max-snippet:-1, max-image-preview:large, max-video-preview:-1\" \/>\r\n<link rel=\"canonical\" href=\"https:\/\/hotelmanzoni.com\/de\/exklusives-mailand-entdecken\/\" \/>\r\n<meta property=\"og:locale\" content=\"de_DE\" \/>\r\n<meta property=\"og:type\" content=\"article\" \/>\r\n<meta property=\"og:title\" content=\"Entdecken Sie das exklusivste Mailand | Hotel Manzoni Zentrum-Mailand\" \/>\r\n<meta property=\"og:description\" content=\"Entdecken Sie das exklusivste Mailand rund um das Hotel Manzoni: Museen, Kunst- und Luxusgesch\u00e4fte, in einer schicken und exklusiven Gegend, bequem f\u00fcr die U-Bahn.\" \/>\r\n<meta property=\"og:url\" content=\"https:\/\/hotelmanzoni.com\/de\/exklusives-mailand-entdecken\/\" \/>\r\n<meta property=\"og:site_name\" content=\"Hotel Manzoni\" \/>\r\n<meta property=\"article:modified_time\" content=\"2018-04-20T09:06:07+00:00\" \/>\r\n<meta name=\"twitter:card\" content=\"summary_large_image\" \/>\r\n<script type=\"application\/ld+json\" class=\"yoast-schema-graph\">{\"@context\":\"https:\/\/schema.org\",\"@graph\":[{\"@type\":\"WebPage\",\"@id\":\"https:\/\/hotelmanzoni.com\/de\/exklusives-mailand-entdecken\/\",\"url\":\"https:\/\/hotelmanzoni.com\/de\/exklusives-mailand-entdecken\/\",\"name\":\"Entdecken Sie das exklusivste Mailand | Hotel Manzoni Zentrum-Mailand\",\"isPartOf\":{\"@id\":\"https:\/\/hotelmanzoni.com\/de\/#website\"},\"datePublished\":\"2018-03-08T14:03:22+00:00\",\"dateModified\":\"2018-04-20T09:06:07+00:00\",\"description\":\"Entdecken Sie das exklusivste Mailand rund um das Hotel Manzoni: Museen, Kunst- und Luxusgesch\u00e4fte, in einer schicken und exklusiven Gegend, bequem f\u00fcr die U-Bahn.\",\"breadcrumb\":{\"@id\":\"https:\/\/hotelmanzoni.com\/de\/exklusives-mailand-entdecken\/#breadcrumb\"},\"inLanguage\":\"de\",\"potentialAction\":[{\"@type\":\"ReadAction\",\"target\":[\"https:\/\/hotelmanzoni.com\/de\/exklusives-mailand-entdecken\/\"]}]},{\"@type\":\"BreadcrumbList\",\"@id\":\"https:\/\/hotelmanzoni.com\/de\/exklusives-mailand-entdecken\/#breadcrumb\",\"itemListElement\":[{\"@type\":\"ListItem\",\"position\":1,\"name\":\"Home\",\"item\":\"https:\/\/hotelmanzoni.com\/de\/\"},{\"@type\":\"ListItem\",\"position\":2,\"name\":\"Dintorni DE\"}]},{\"@type\":\"WebSite\",\"@id\":\"https:\/\/hotelmanzoni.com\/de\/#website\",\"url\":\"https:\/\/hotelmanzoni.com\/de\/\",\"name\":\"Hotel Manzoni Milano\",\"description\":\"Hotel vicino a Via Monte Napoleone Milano\",\"publisher\":{\"@id\":\"https:\/\/hotelmanzoni.com\/de\/#organization\"},\"potentialAction\":[{\"@type\":\"SearchAction\",\"target\":{\"@type\":\"EntryPoint\",\"urlTemplate\":\"https:\/\/hotelmanzoni.com\/de\/?s={search_term_string}\"},\"query-input\":{\"@type\":\"PropertyValueSpecification\",\"valueRequired\":true,\"valueName\":\"search_term_string\"}}],\"inLanguage\":\"de\"},{\"@type\":\"Organization\",\"@id\":\"https:\/\/hotelmanzoni.com\/de\/#organization\",\"name\":\"Hotel Manzoni Milano\",\"url\":\"https:\/\/hotelmanzoni.com\/de\/\",\"logo\":{\"@type\":\"ImageObject\",\"inLanguage\":\"de\",\"@id\":\"https:\/\/hotelmanzoni.com\/de\/#\/schema\/logo\/image\/\",\"url\":\"https:\/\/hotelmanzoni.com\/wp-content\/uploads\/2021\/06\/logomanzoni-1.png\",\"contentUrl\":\"https:\/\/hotelmanzoni.com\/wp-content\/uploads\/2021\/06\/logomanzoni-1.png\",\"width\":594,\"height\":498,\"caption\":\"Hotel Manzoni Milano\"},\"image\":{\"@id\":\"https:\/\/hotelmanzoni.com\/de\/#\/schema\/logo\/image\/\"}}]}<\/script>\r\n<!-- \/ Yoast SEO plugin. -->","yoast_head_json":{"title":"Entdecken Sie das exklusivste Mailand | Hotel Manzoni Zentrum-Mailand","description":"Entdecken Sie das exklusivste Mailand rund um das Hotel Manzoni: Museen, Kunst- und Luxusgesch\u00e4fte, in einer schicken und exklusiven Gegend, bequem f\u00fcr die U-Bahn.","robots":{"index":"index","follow":"follow","max-snippet":"max-snippet:-1","max-image-preview":"max-image-preview:large","max-video-preview":"max-video-preview:-1"},"canonical":"https:\/\/hotelmanzoni.com\/de\/exklusives-mailand-entdecken\/","og_locale":"de_DE","og_type":"article","og_title":"Entdecken Sie das exklusivste Mailand | Hotel Manzoni Zentrum-Mailand","og_description":"Entdecken Sie das exklusivste Mailand rund um das Hotel Manzoni: Museen, Kunst- und Luxusgesch\u00e4fte, in einer schicken und exklusiven Gegend, bequem f\u00fcr die U-Bahn.","og_url":"https:\/\/hotelmanzoni.com\/de\/exklusives-mailand-entdecken\/","og_site_name":"Hotel Manzoni","article_modified_time":"2018-04-20T09:06:07+00:00","twitter_card":"summary_large_image","schema":{"@context":"https:\/\/schema.org","@graph":[{"@type":"WebPage","@id":"https:\/\/hotelmanzoni.com\/de\/exklusives-mailand-entdecken\/","url":"https:\/\/hotelmanzoni.com\/de\/exklusives-mailand-entdecken\/","name":"Entdecken Sie das exklusivste Mailand | Hotel Manzoni Zentrum-Mailand","isPartOf":{"@id":"https:\/\/hotelmanzoni.com\/de\/#website"},"datePublished":"2018-03-08T14:03:22+00:00","dateModified":"2018-04-20T09:06:07+00:00","description":"Entdecken Sie das exklusivste Mailand rund um das Hotel Manzoni: Museen, Kunst- und Luxusgesch\u00e4fte, in einer schicken und exklusiven Gegend, bequem f\u00fcr die U-Bahn.","breadcrumb":{"@id":"https:\/\/hotelmanzoni.com\/de\/exklusives-mailand-entdecken\/#breadcrumb"},"inLanguage":"de","potentialAction":[{"@type":"ReadAction","target":["https:\/\/hotelmanzoni.com\/de\/exklusives-mailand-entdecken\/"]}]},{"@type":"BreadcrumbList","@id":"https:\/\/hotelmanzoni.com\/de\/exklusives-mailand-entdecken\/#breadcrumb","itemListElement":[{"@type":"ListItem","position":1,"name":"Home","item":"https:\/\/hotelmanzoni.com\/de\/"},{"@type":"ListItem","position":2,"name":"Dintorni DE"}]},{"@type":"WebSite","@id":"https:\/\/hotelmanzoni.com\/de\/#website","url":"https:\/\/hotelmanzoni.com\/de\/","name":"Hotel Manzoni Milano","description":"Hotel vicino a Via Monte Napoleone Milano","publisher":{"@id":"https:\/\/hotelmanzoni.com\/de\/#organization"},"potentialAction":[{"@type":"SearchAction","target":{"@type":"EntryPoint","urlTemplate":"https:\/\/hotelmanzoni.com\/de\/?s={search_term_string}"},"query-input":{"@type":"PropertyValueSpecification","valueRequired":true,"valueName":"search_term_string"}}],"inLanguage":"de"},{"@type":"Organization","@id":"https:\/\/hotelmanzoni.com\/de\/#organization","name":"Hotel Manzoni Milano","url":"https:\/\/hotelmanzoni.com\/de\/","logo":{"@type":"ImageObject","inLanguage":"de","@id":"https:\/\/hotelmanzoni.com\/de\/#\/schema\/logo\/image\/","url":"https:\/\/hotelmanzoni.com\/wp-content\/uploads\/2021\/06\/logomanzoni-1.png","contentUrl":"https:\/\/hotelmanzoni.com\/wp-content\/uploads\/2021\/06\/logomanzoni-1.png","width":594,"height":498,"caption":"Hotel Manzoni Milano"},"image":{"@id":"https:\/\/hotelmanzoni.com\/de\/#\/schema\/logo\/image\/"}}]}},"_links":{"self":[{"href":"https:\/\/hotelmanzoni.com\/de\/wp-json\/wp\/v2\/pages\/1039","targetHints":{"allow":["GET"]}}],"collection":[{"href":"https:\/\/hotelmanzoni.com\/de\/wp-json\/wp\/v2\/pages"}],"about":[{"href":"https:\/\/hotelmanzoni.com\/de\/wp-json\/wp\/v2\/types\/page"}],"author":[{"embeddable":true,"href":"https:\/\/hotelmanzoni.com\/de\/wp-json\/wp\/v2\/users\/4"}],"replies":[{"embeddable":true,"href":"https:\/\/hotelmanzoni.com\/de\/wp-json\/wp\/v2\/comments?post=1039"}],"version-history":[{"count":6,"href":"https:\/\/hotelmanzoni.com\/de\/wp-json\/wp\/v2\/pages\/1039\/revisions"}],"predecessor-version":[{"id":1428,"href":"https:\/\/hotelmanzoni.com\/de\/wp-json\/wp\/v2\/pages\/1039\/revisions\/1428"}],"wp:attachment":[{"href":"https:\/\/hotelmanzoni.com\/de\/wp-json\/wp\/v2\/media?parent=1039"}],"curies":[{"name":"wp","href":"https:\/\/api.w.org\/{rel}","templated":true}]}}