{"id":1035,"date":"2018-03-08T14:56:58","date_gmt":"2018-03-08T13:56:58","guid":{"rendered":"https:\/\/hotelmanzoni.com\/?page_id=1035"},"modified":"2018-04-20T10:57:04","modified_gmt":"2018-04-20T08:57:04","slug":"zimmer-suiten-luxus-mailand-zentrum","status":"publish","type":"page","link":"https:\/\/hotelmanzoni.com\/de\/zimmer-suiten-luxus-mailand-zentrum\/","title":{"rendered":"Camere DE"},"content":{"rendered":"<p>Schlafen Sie mitten in Mailands Geschichte und mitten in der Mode, in einem stilvollen Kontext, zwischen Stoffen, Boiserie und Einrichtungsgegenst\u00e4nden Made in Italy. Gem\u00fctliche und komfortable Unterkunftsl\u00f6sungen, in denen Sie sich wie zu Hause f\u00fchlen, vom Classic-Zimmer bis zur Suite, in der Innenstadt von Mailand.<\/p>\n","protected":false},"excerpt":{"rendered":"<p>Schlafen Sie mitten in Mailands Geschichte und mitten in der Mode, in einem stilvollen Kontext, zwischen Stoffen, Boiserie und Einrichtungsgegenst\u00e4nden Made in Italy. Gem\u00fctliche und komfortable Unterkunftsl\u00f6sungen, in denen Sie sich wie zu Hause f\u00fchlen, vom Classic-Zimmer bis zur Suite, in der Innenstadt von Mailand.<\/p>\n","protected":false},"author":4,"featured_media":314,"parent":0,"menu_order":0,"comment_status":"closed","ping_status":"closed","template":"page-rooms.php","meta":{"_acf_changed":false,"footnotes":""},"class_list":["post-1035","page","type-page","status-publish","has-post-thumbnail","hentry"],"acf":{"slider_visual":[{"ID":3228,"id":3228,"title":"suite milan downtown","filename":"js.jpg","filesize":311385,"url":"https:\/\/hotelmanzoni.com\/wp-content\/uploads\/2018\/02\/js.jpg","link":"https:\/\/hotelmanzoni.com\/de\/homepage-de\/js-2\/","alt":"","author":"4","description":"","caption":"","name":"js-2","status":"inherit","uploaded_to":1046,"date":"2018-02-20 14:19:39","modified":"2018-02-20 14:19:39","menu_order":0,"mime_type":"image\/jpeg","type":"image","subtype":"jpeg","icon":"https:\/\/hotelmanzoni.com\/wp-includes\/images\/media\/default.png","width":1600,"height":1061,"sizes":{"thumbnail":"https:\/\/hotelmanzoni.com\/wp-content\/uploads\/2018\/02\/js-150x150.jpg","thumbnail-width":150,"thumbnail-height":150,"medium":"https:\/\/hotelmanzoni.com\/wp-content\/uploads\/2018\/02\/js-300x199.jpg","medium-width":300,"medium-height":199,"medium_large":"https:\/\/hotelmanzoni.com\/wp-content\/uploads\/2018\/02\/js-768x509.jpg","medium_large-width":640,"medium_large-height":424,"large":"https:\/\/hotelmanzoni.com\/wp-content\/uploads\/2018\/02\/js-1024x679.jpg","large-width":640,"large-height":424,"1536x1536":"https:\/\/hotelmanzoni.com\/wp-content\/uploads\/2018\/02\/js.jpg","1536x1536-width":1536,"1536x1536-height":1019,"2048x2048":"https:\/\/hotelmanzoni.com\/wp-content\/uploads\/2018\/02\/js.jpg","2048x2048-width":1600,"2048x2048-height":1061}},{"ID":3403,"id":3403,"title":"suite hotel manzoni","filename":"BM3A0575.jpg","filesize":301862,"url":"https:\/\/hotelmanzoni.com\/wp-content\/uploads\/2018\/02\/BM3A0575.jpg","link":"https:\/\/hotelmanzoni.com\/de\/zimmer-suiten-luxus-mailand-zentrum\/bm3a0575-3\/","alt":"","author":"4","description":"","caption":"","name":"bm3a0575-3","status":"inherit","uploaded_to":1035,"date":"2018-02-21 08:10:32","modified":"2018-02-21 08:10:32","menu_order":0,"mime_type":"image\/jpeg","type":"image","subtype":"jpeg","icon":"https:\/\/hotelmanzoni.com\/wp-includes\/images\/media\/default.png","width":1600,"height":1058,"sizes":{"thumbnail":"https:\/\/hotelmanzoni.com\/wp-content\/uploads\/2018\/02\/BM3A0575-150x150.jpg","thumbnail-width":150,"thumbnail-height":150,"medium":"https:\/\/hotelmanzoni.com\/wp-content\/uploads\/2018\/02\/BM3A0575-300x198.jpg","medium-width":300,"medium-height":198,"medium_large":"https:\/\/hotelmanzoni.com\/wp-content\/uploads\/2018\/02\/BM3A0575-768x508.jpg","medium_large-width":640,"medium_large-height":423,"large":"https:\/\/hotelmanzoni.com\/wp-content\/uploads\/2018\/02\/BM3A0575-1024x677.jpg","large-width":640,"large-height":423,"1536x1536":"https:\/\/hotelmanzoni.com\/wp-content\/uploads\/2018\/02\/BM3A0575.jpg","1536x1536-width":1536,"1536x1536-height":1016,"2048x2048":"https:\/\/hotelmanzoni.com\/wp-content\/uploads\/2018\/02\/BM3A0575.jpg","2048x2048-width":1600,"2048x2048-height":1058}},{"ID":3410,"id":3410,"title":"suite & rooms hotel in milan","filename":"BM3A8771.jpg","filesize":281016,"url":"https:\/\/hotelmanzoni.com\/wp-content\/uploads\/2018\/02\/BM3A8771.jpg","link":"https:\/\/hotelmanzoni.com\/de\/zimmer-suiten-luxus-mailand-zentrum\/bm3a8771-3\/","alt":"","author":"4","description":"","caption":"","name":"bm3a8771-3","status":"inherit","uploaded_to":1035,"date":"2018-02-21 08:11:53","modified":"2018-02-21 08:11:53","menu_order":0,"mime_type":"image\/jpeg","type":"image","subtype":"jpeg","icon":"https:\/\/hotelmanzoni.com\/wp-includes\/images\/media\/default.png","width":1600,"height":1022,"sizes":{"thumbnail":"https:\/\/hotelmanzoni.com\/wp-content\/uploads\/2018\/02\/BM3A8771-150x150.jpg","thumbnail-width":150,"thumbnail-height":150,"medium":"https:\/\/hotelmanzoni.com\/wp-content\/uploads\/2018\/02\/BM3A8771-300x192.jpg","medium-width":300,"medium-height":192,"medium_large":"https:\/\/hotelmanzoni.com\/wp-content\/uploads\/2018\/02\/BM3A8771-768x491.jpg","medium_large-width":640,"medium_large-height":409,"large":"https:\/\/hotelmanzoni.com\/wp-content\/uploads\/2018\/02\/BM3A8771-1024x654.jpg","large-width":640,"large-height":409,"1536x1536":"https:\/\/hotelmanzoni.com\/wp-content\/uploads\/2018\/02\/BM3A8771.jpg","1536x1536-width":1536,"1536x1536-height":981,"2048x2048":"https:\/\/hotelmanzoni.com\/wp-content\/uploads\/2018\/02\/BM3A8771.jpg","2048x2048-width":1600,"2048x2048-height":1022}},{"ID":3942,"id":3942,"title":"Hotel manzoni milano suites","filename":"Manzoni-slider-camere-3.jpg","filesize":204156,"url":"https:\/\/hotelmanzoni.com\/wp-content\/uploads\/2018\/03\/Manzoni-slider-camere-3.jpg","link":"https:\/\/hotelmanzoni.com\/de\/zimmer-suiten-luxus-mailand-zentrum\/manzoni-slider-camere-3-2\/","alt":"","author":"4","description":"","caption":"","name":"manzoni-slider-camere-3-2","status":"inherit","uploaded_to":1035,"date":"2018-03-06 15:19:06","modified":"2018-03-06 15:19:06","menu_order":0,"mime_type":"image\/jpeg","type":"image","subtype":"jpeg","icon":"https:\/\/hotelmanzoni.com\/wp-includes\/images\/media\/default.png","width":1600,"height":1067,"sizes":{"thumbnail":"https:\/\/hotelmanzoni.com\/wp-content\/uploads\/2018\/03\/Manzoni-slider-camere-3-150x150.jpg","thumbnail-width":150,"thumbnail-height":150,"medium":"https:\/\/hotelmanzoni.com\/wp-content\/uploads\/2018\/03\/Manzoni-slider-camere-3-300x200.jpg","medium-width":300,"medium-height":200,"medium_large":"https:\/\/hotelmanzoni.com\/wp-content\/uploads\/2018\/03\/Manzoni-slider-camere-3-768x512.jpg","medium_large-width":640,"medium_large-height":427,"large":"https:\/\/hotelmanzoni.com\/wp-content\/uploads\/2018\/03\/Manzoni-slider-camere-3-1024x683.jpg","large-width":640,"large-height":427,"1536x1536":"https:\/\/hotelmanzoni.com\/wp-content\/uploads\/2018\/03\/Manzoni-slider-camere-3.jpg","1536x1536-width":1536,"1536x1536-height":1024,"2048x2048":"https:\/\/hotelmanzoni.com\/wp-content\/uploads\/2018\/03\/Manzoni-slider-camere-3.jpg","2048x2048-width":1600,"2048x2048-height":1067}}],"testo_visual":" Zimmer und Suiten","immagine_prima_sezione":"https:\/\/hotelmanzoni.com\/wp-content\/uploads\/2018\/02\/BM3A8771.jpg","titolo_h1":"Suiten und Luxuszimmer im Zentrum von Mailand ","testo_principale":"<p>Schlafen Sie mitten in Mailands Geschichte und mitten in der Mode, in einem stilvollen Kontext, zwischen Stoffen, Boiserie und Einrichtungsgegenst\u00e4nden Made in Italy. Gem\u00fctliche und komfortable Unterkunftsl\u00f6sungen, in denen Sie sich wie zu Hause f\u00fchlen, vom Classic-Zimmer bis zur Suite, in der Innenstadt von Mailand.<\/p>\n","titolo_servizi_camere":"Die Dienstleistungen unserer Zimmer","lista_servizi_camere":[{"immagine":"https:\/\/hotelmanzoni.com\/wp-content\/uploads\/2018\/02\/wifi.png","testo":"Schnelles WLAN"},{"immagine":"https:\/\/hotelmanzoni.com\/wp-content\/uploads\/2018\/02\/courtseykit.png","testo":"H\u00f6flichkeitslinie"},{"immagine":"https:\/\/hotelmanzoni.com\/wp-content\/uploads\/2018\/02\/riasettocamera.png","testo":"Couverture"},{"immagine":"https:\/\/hotelmanzoni.com\/wp-content\/uploads\/2018\/02\/bottleofwater.png","testo":"Mineralwasser"},{"immagine":"https:\/\/hotelmanzoni.com\/wp-content\/uploads\/2018\/02\/cassaforte.png","testo":"Safe"},{"immagine":"https:\/\/hotelmanzoni.com\/wp-content\/uploads\/2018\/02\/Ironingboard.png","testo":"B\u00fcgelbrett"}]},"yoast_head":"<!-- This site is optimized with the Yoast SEO plugin v24.9 - https:\/\/yoast.com\/wordpress\/plugins\/seo\/ -->\r\n<title>Suiten und Luxuszimmer im Zentrum von Mailand| Hotel Manzoni<\/title>\r\n<meta name=\"description\" content=\"Das Hotel Manzoni bietet raffinierte Suiten und luxuri\u00f6se Zimmer im Zentrum von Mailand f\u00fcr einen stilvollen Aufenthalt in einer intimen und komfortablen Umgebung.\" \/>\r\n<meta name=\"robots\" content=\"index, follow, max-snippet:-1, max-image-preview:large, max-video-preview:-1\" \/>\r\n<link rel=\"canonical\" href=\"https:\/\/hotelmanzoni.com\/de\/zimmer-suiten-luxus-mailand-zentrum\/\" \/>\r\n<meta property=\"og:locale\" content=\"de_DE\" \/>\r\n<meta property=\"og:type\" content=\"article\" \/>\r\n<meta property=\"og:title\" content=\"Suiten und Luxuszimmer im Zentrum von Mailand| Hotel Manzoni\" \/>\r\n<meta property=\"og:description\" content=\"Das Hotel Manzoni bietet raffinierte Suiten und luxuri\u00f6se Zimmer im Zentrum von Mailand f\u00fcr einen stilvollen Aufenthalt in einer intimen und komfortablen Umgebung.\" \/>\r\n<meta property=\"og:url\" content=\"https:\/\/hotelmanzoni.com\/de\/zimmer-suiten-luxus-mailand-zentrum\/\" \/>\r\n<meta property=\"og:site_name\" content=\"Hotel Manzoni\" \/>\r\n<meta property=\"article:modified_time\" content=\"2018-04-20T08:57:04+00:00\" \/>\r\n<meta property=\"og:image\" content=\"https:\/\/hotelmanzoni.com\/wp-content\/uploads\/2018\/02\/BM3A0575.jpg\" \/>\r\n\t<meta property=\"og:image:width\" content=\"1600\" \/>\r\n\t<meta property=\"og:image:height\" content=\"1058\" \/>\r\n\t<meta property=\"og:image:type\" content=\"image\/jpeg\" \/>\r\n<meta name=\"twitter:card\" content=\"summary_large_image\" \/>\r\n<script type=\"application\/ld+json\" class=\"yoast-schema-graph\">{\"@context\":\"https:\/\/schema.org\",\"@graph\":[{\"@type\":\"WebPage\",\"@id\":\"https:\/\/hotelmanzoni.com\/de\/zimmer-suiten-luxus-mailand-zentrum\/\",\"url\":\"https:\/\/hotelmanzoni.com\/de\/zimmer-suiten-luxus-mailand-zentrum\/\",\"name\":\"Suiten und Luxuszimmer im Zentrum von Mailand| Hotel Manzoni\",\"isPartOf\":{\"@id\":\"https:\/\/hotelmanzoni.com\/de\/#website\"},\"primaryImageOfPage\":{\"@id\":\"https:\/\/hotelmanzoni.com\/de\/zimmer-suiten-luxus-mailand-zentrum\/#primaryimage\"},\"image\":{\"@id\":\"https:\/\/hotelmanzoni.com\/de\/zimmer-suiten-luxus-mailand-zentrum\/#primaryimage\"},\"thumbnailUrl\":\"https:\/\/hotelmanzoni.com\/wp-content\/uploads\/2018\/02\/BM3A0575.jpg\",\"datePublished\":\"2018-03-08T13:56:58+00:00\",\"dateModified\":\"2018-04-20T08:57:04+00:00\",\"description\":\"Das Hotel Manzoni bietet raffinierte Suiten und luxuri\u00f6se Zimmer im Zentrum von Mailand f\u00fcr einen stilvollen Aufenthalt in einer intimen und komfortablen Umgebung.\",\"breadcrumb\":{\"@id\":\"https:\/\/hotelmanzoni.com\/de\/zimmer-suiten-luxus-mailand-zentrum\/#breadcrumb\"},\"inLanguage\":\"de\",\"potentialAction\":[{\"@type\":\"ReadAction\",\"target\":[\"https:\/\/hotelmanzoni.com\/de\/zimmer-suiten-luxus-mailand-zentrum\/\"]}]},{\"@type\":\"ImageObject\",\"inLanguage\":\"de\",\"@id\":\"https:\/\/hotelmanzoni.com\/de\/zimmer-suiten-luxus-mailand-zentrum\/#primaryimage\",\"url\":\"https:\/\/hotelmanzoni.com\/wp-content\/uploads\/2018\/02\/BM3A0575.jpg\",\"contentUrl\":\"https:\/\/hotelmanzoni.com\/wp-content\/uploads\/2018\/02\/BM3A0575.jpg\",\"width\":1600,\"height\":1058,\"caption\":\"suite di lusso milano centro\"},{\"@type\":\"BreadcrumbList\",\"@id\":\"https:\/\/hotelmanzoni.com\/de\/zimmer-suiten-luxus-mailand-zentrum\/#breadcrumb\",\"itemListElement\":[{\"@type\":\"ListItem\",\"position\":1,\"name\":\"Home\",\"item\":\"https:\/\/hotelmanzoni.com\/de\/\"},{\"@type\":\"ListItem\",\"position\":2,\"name\":\"Camere DE\"}]},{\"@type\":\"WebSite\",\"@id\":\"https:\/\/hotelmanzoni.com\/de\/#website\",\"url\":\"https:\/\/hotelmanzoni.com\/de\/\",\"name\":\"Hotel Manzoni Milano\",\"description\":\"Hotel vicino a Via Monte Napoleone Milano\",\"publisher\":{\"@id\":\"https:\/\/hotelmanzoni.com\/de\/#organization\"},\"potentialAction\":[{\"@type\":\"SearchAction\",\"target\":{\"@type\":\"EntryPoint\",\"urlTemplate\":\"https:\/\/hotelmanzoni.com\/de\/?s={search_term_string}\"},\"query-input\":{\"@type\":\"PropertyValueSpecification\",\"valueRequired\":true,\"valueName\":\"search_term_string\"}}],\"inLanguage\":\"de\"},{\"@type\":\"Organization\",\"@id\":\"https:\/\/hotelmanzoni.com\/de\/#organization\",\"name\":\"Hotel Manzoni Milano\",\"url\":\"https:\/\/hotelmanzoni.com\/de\/\",\"logo\":{\"@type\":\"ImageObject\",\"inLanguage\":\"de\",\"@id\":\"https:\/\/hotelmanzoni.com\/de\/#\/schema\/logo\/image\/\",\"url\":\"https:\/\/hotelmanzoni.com\/wp-content\/uploads\/2021\/06\/logomanzoni-1.png\",\"contentUrl\":\"https:\/\/hotelmanzoni.com\/wp-content\/uploads\/2021\/06\/logomanzoni-1.png\",\"width\":594,\"height\":498,\"caption\":\"Hotel Manzoni Milano\"},\"image\":{\"@id\":\"https:\/\/hotelmanzoni.com\/de\/#\/schema\/logo\/image\/\"}}]}<\/script>\r\n<!-- \/ Yoast SEO plugin. -->","yoast_head_json":{"title":"Suiten und Luxuszimmer im Zentrum von Mailand| Hotel Manzoni","description":"Das Hotel Manzoni bietet raffinierte Suiten und luxuri\u00f6se Zimmer im Zentrum von Mailand f\u00fcr einen stilvollen Aufenthalt in einer intimen und komfortablen Umgebung.","robots":{"index":"index","follow":"follow","max-snippet":"max-snippet:-1","max-image-preview":"max-image-preview:large","max-video-preview":"max-video-preview:-1"},"canonical":"https:\/\/hotelmanzoni.com\/de\/zimmer-suiten-luxus-mailand-zentrum\/","og_locale":"de_DE","og_type":"article","og_title":"Suiten und Luxuszimmer im Zentrum von Mailand| Hotel Manzoni","og_description":"Das Hotel Manzoni bietet raffinierte Suiten und luxuri\u00f6se Zimmer im Zentrum von Mailand f\u00fcr einen stilvollen Aufenthalt in einer intimen und komfortablen Umgebung.","og_url":"https:\/\/hotelmanzoni.com\/de\/zimmer-suiten-luxus-mailand-zentrum\/","og_site_name":"Hotel Manzoni","article_modified_time":"2018-04-20T08:57:04+00:00","og_image":[{"width":1600,"height":1058,"url":"https:\/\/hotelmanzoni.com\/wp-content\/uploads\/2018\/02\/BM3A0575.jpg","type":"image\/jpeg"}],"twitter_card":"summary_large_image","schema":{"@context":"https:\/\/schema.org","@graph":[{"@type":"WebPage","@id":"https:\/\/hotelmanzoni.com\/de\/zimmer-suiten-luxus-mailand-zentrum\/","url":"https:\/\/hotelmanzoni.com\/de\/zimmer-suiten-luxus-mailand-zentrum\/","name":"Suiten und Luxuszimmer im Zentrum von Mailand| Hotel Manzoni","isPartOf":{"@id":"https:\/\/hotelmanzoni.com\/de\/#website"},"primaryImageOfPage":{"@id":"https:\/\/hotelmanzoni.com\/de\/zimmer-suiten-luxus-mailand-zentrum\/#primaryimage"},"image":{"@id":"https:\/\/hotelmanzoni.com\/de\/zimmer-suiten-luxus-mailand-zentrum\/#primaryimage"},"thumbnailUrl":"https:\/\/hotelmanzoni.com\/wp-content\/uploads\/2018\/02\/BM3A0575.jpg","datePublished":"2018-03-08T13:56:58+00:00","dateModified":"2018-04-20T08:57:04+00:00","description":"Das Hotel Manzoni bietet raffinierte Suiten und luxuri\u00f6se Zimmer im Zentrum von Mailand f\u00fcr einen stilvollen Aufenthalt in einer intimen und komfortablen Umgebung.","breadcrumb":{"@id":"https:\/\/hotelmanzoni.com\/de\/zimmer-suiten-luxus-mailand-zentrum\/#breadcrumb"},"inLanguage":"de","potentialAction":[{"@type":"ReadAction","target":["https:\/\/hotelmanzoni.com\/de\/zimmer-suiten-luxus-mailand-zentrum\/"]}]},{"@type":"ImageObject","inLanguage":"de","@id":"https:\/\/hotelmanzoni.com\/de\/zimmer-suiten-luxus-mailand-zentrum\/#primaryimage","url":"https:\/\/hotelmanzoni.com\/wp-content\/uploads\/2018\/02\/BM3A0575.jpg","contentUrl":"https:\/\/hotelmanzoni.com\/wp-content\/uploads\/2018\/02\/BM3A0575.jpg","width":1600,"height":1058,"caption":"suite di lusso milano centro"},{"@type":"BreadcrumbList","@id":"https:\/\/hotelmanzoni.com\/de\/zimmer-suiten-luxus-mailand-zentrum\/#breadcrumb","itemListElement":[{"@type":"ListItem","position":1,"name":"Home","item":"https:\/\/hotelmanzoni.com\/de\/"},{"@type":"ListItem","position":2,"name":"Camere DE"}]},{"@type":"WebSite","@id":"https:\/\/hotelmanzoni.com\/de\/#website","url":"https:\/\/hotelmanzoni.com\/de\/","name":"Hotel Manzoni Milano","description":"Hotel vicino a Via Monte Napoleone Milano","publisher":{"@id":"https:\/\/hotelmanzoni.com\/de\/#organization"},"potentialAction":[{"@type":"SearchAction","target":{"@type":"EntryPoint","urlTemplate":"https:\/\/hotelmanzoni.com\/de\/?s={search_term_string}"},"query-input":{"@type":"PropertyValueSpecification","valueRequired":true,"valueName":"search_term_string"}}],"inLanguage":"de"},{"@type":"Organization","@id":"https:\/\/hotelmanzoni.com\/de\/#organization","name":"Hotel Manzoni Milano","url":"https:\/\/hotelmanzoni.com\/de\/","logo":{"@type":"ImageObject","inLanguage":"de","@id":"https:\/\/hotelmanzoni.com\/de\/#\/schema\/logo\/image\/","url":"https:\/\/hotelmanzoni.com\/wp-content\/uploads\/2021\/06\/logomanzoni-1.png","contentUrl":"https:\/\/hotelmanzoni.com\/wp-content\/uploads\/2021\/06\/logomanzoni-1.png","width":594,"height":498,"caption":"Hotel Manzoni Milano"},"image":{"@id":"https:\/\/hotelmanzoni.com\/de\/#\/schema\/logo\/image\/"}}]}},"_links":{"self":[{"href":"https:\/\/hotelmanzoni.com\/de\/wp-json\/wp\/v2\/pages\/1035","targetHints":{"allow":["GET"]}}],"collection":[{"href":"https:\/\/hotelmanzoni.com\/de\/wp-json\/wp\/v2\/pages"}],"about":[{"href":"https:\/\/hotelmanzoni.com\/de\/wp-json\/wp\/v2\/types\/page"}],"author":[{"embeddable":true,"href":"https:\/\/hotelmanzoni.com\/de\/wp-json\/wp\/v2\/users\/4"}],"replies":[{"embeddable":true,"href":"https:\/\/hotelmanzoni.com\/de\/wp-json\/wp\/v2\/comments?post=1035"}],"version-history":[{"count":4,"href":"https:\/\/hotelmanzoni.com\/de\/wp-json\/wp\/v2\/pages\/1035\/revisions"}],"predecessor-version":[{"id":1723,"href":"https:\/\/hotelmanzoni.com\/de\/wp-json\/wp\/v2\/pages\/1035\/revisions\/1723"}],"wp:featuredmedia":[{"embeddable":true,"href":"https:\/\/hotelmanzoni.com\/de\/wp-json\/wp\/v2\/media\/314"}],"wp:attachment":[{"href":"https:\/\/hotelmanzoni.com\/de\/wp-json\/wp\/v2\/media?parent=1035"}],"curies":[{"name":"wp","href":"https:\/\/api.w.org\/{rel}","templated":true}]}}